{"id":6110,"date":"2022-11-14T14:28:40","date_gmt":"2022-11-14T13:28:40","guid":{"rendered":"https:\/\/www.camping-cevennes.info\/?page_id=6110"},"modified":"2025-12-13T10:46:39","modified_gmt":"2025-12-13T09:46:39","slug":"jeu-de-boules-in-de-cevennen","status":"publish","type":"page","link":"https:\/\/www.camping-cevennes.info\/nl\/jeu-de-boules-in-de-cevennen\/","title":{"rendered":"Bridge et petanque"},"content":{"rendered":"<section id=\"ls-section-block_24b5f316f792eaa8354da23e83ae36e6\" class=\"ls-section  page-intro has-p-t p-t-14\" >\n        <div class=\"container container--wide\">\n        \n\n<div class=\"wp-block-columns columns-parent is-layout-flex wp-container-core-columns-is-layout-9d6595d7 wp-block-columns-is-layout-flex\">\n<div class=\"wp-block-column is-vertically-aligned-center left is-layout-flow wp-block-column-is-layout-flow\">\n<h1 class=\"ls__heading wp-block-heading deco-h1 animated fadeInLeft delay-200ms\"><span class=\"small\">PETANQUE de cevennen<\/span><\/h1>\n\n\n\n<p class=\"ls-paragraph\">De natuur is prachtig in het laagseizoen, de temperatuur vaak heel aangenaam, en de rust op de camping en in de omgeving een weldaad. Tegen gunstige tarieven kunt u profiteren van vrijwel alle diensten die ook in het hoogseizoen worden aangeboden en de tennisbaan is buiten het hoogseizoen gratis. Het restaurant is open van begin juni tot 9 september, het zwembad vanaf half mei tot half september, de bar ook van begin juni   tot 9 september.<\/p>\n<\/div>\n\n\n\n<div class=\"wp-block-column right is-layout-flow wp-block-column-is-layout-flow\">\n<div class=\"wp-block-columns columns-child is-layout-flex wp-container-core-columns-is-layout-9d6595d7 wp-block-columns-is-layout-flex\">\n<div class=\"wp-block-column image-two is-layout-flow wp-block-column-is-layout-flow\">\n<figure class=\"wp-block-image size-full animated fadeInLeft delay-500ms slow\"><a href=\"https:\/\/www.camping-cevennes.info\/wp-content\/uploads\/2022\/11\/petanque-bridge.jpg\"><img decoding=\"async\" width=\"900\" height=\"600\" src=\"https:\/\/www.camping-cevennes.info\/wp-content\/uploads\/2022\/11\/petanque-bridge.jpg\" alt=\"petanque bridge\" class=\"wp-image-6431\" srcset=\"https:\/\/www.camping-cevennes.info\/wp-content\/uploads\/2022\/11\/petanque-bridge.jpg 900w, https:\/\/www.camping-cevennes.info\/wp-content\/uploads\/2022\/11\/petanque-bridge-300x200.jpg 300w, https:\/\/www.camping-cevennes.info\/wp-content\/uploads\/2022\/11\/petanque-bridge-768x512.jpg 768w\" sizes=\"(max-width: 900px) 100vw, 900px\" \/><\/a><\/figure>\n<\/div>\n<\/div>\n<\/div>\n<\/div>\n\n\n    <\/div>\n<\/section>\n\n<section id=\"ls-section-block_62c291c75924aa0c24c99efa57b4c91d\" class=\"ls-section  page-one has-p-t p-t-0\" >\n        <div class=\"container container--wide\">\n        \n\n<div class=\"wp-block-columns is-layout-flex wp-container-core-columns-is-layout-9d6595d7 wp-block-columns-is-layout-flex\">\n<div class=\"wp-block-column is-layout-flow wp-block-column-is-layout-flow\">\n<figure class=\"wp-block-image size-full animated fadeInLeft delay-500ms slow\"><a href=\"https:\/\/www.camping-cevennes.info\/wp-content\/uploads\/2022\/11\/petanque-in-cevennen.jpg\"><img decoding=\"async\" width=\"900\" height=\"600\" src=\"https:\/\/www.camping-cevennes.info\/wp-content\/uploads\/2022\/11\/petanque-in-cevennen.jpg\" alt=\"petanque in cevennen\" class=\"wp-image-6418\" srcset=\"https:\/\/www.camping-cevennes.info\/wp-content\/uploads\/2022\/11\/petanque-in-cevennen.jpg 900w, https:\/\/www.camping-cevennes.info\/wp-content\/uploads\/2022\/11\/petanque-in-cevennen-300x200.jpg 300w, https:\/\/www.camping-cevennes.info\/wp-content\/uploads\/2022\/11\/petanque-in-cevennen-768x512.jpg 768w\" sizes=\"(max-width: 900px) 100vw, 900px\" \/><\/a><\/figure>\n\n\n\n<h2 class=\"ls__heading wp-block-heading deco\">PETANQUE IN DE CEVENNEN<\/h2>\n\n\n\n<p class=\"ls-paragraph\">Dit jaar kunt u weer gezellig komen p\u00e9tanquen op camping Mas de la Cam, in de periode van 1 juni tot en met 28 juni 2025. Gerard van Brakel, leidt de toernooien, waarbij de gezelligheid voorop staat.<br>Elk toernooi bestaat uit drie partijen \u00e0 la mel\u00e9e, het is dus geen dagtaak of nachtwerk! De eerste weken zijn de toernooien vaak \u2019s middags, maar zodra de avondtemperatuur het toestaat wordt er \u2019s avonds gespeeld. Ons grote p\u00e9tanque terrein is prima verlicht. E\u00e9n keer per week is er, bij voldoende belangstelling, een extra toernooi \u00e0 la form\u00e9e, waarbij de echte cracks aan hun trekken kunnen komen. <\/p>\n\n\n\n<p class=\"ls-paragraph\">Voor meer informatie over het petanque kunt u zich wenden tot Gerard : ghvanbrakel@gmail.com<\/p>\n\n\n\n<p class=\"ls-paragraph\"><\/p>\n<\/div>\n\n\n\n<div class=\"wp-block-column is-layout-flow wp-block-column-is-layout-flow\">\n<h2 class=\"ls__heading wp-block-heading deco\">BRIDGE EN P\u00c9TANQUE IN DE GARD<\/h2>\n\n\n\n<p class=\"ls-paragraph\">In het voorjaar worden meerdere keren per week bridge avonden georganiseerd. Onder de bezielende leiding van Dorry Zwets kunt u dit voorjaar bridgen van 1 juni 2026 tot en met 21 juni 2026. Deelnemen gaat volgens het instuifprincipe : u kunt naar believen deelnemen, want elke avond is een wedstrijd op zich. Er wordt vijf avonden in de week bridge gespeeld.<\/p>\n\n\n\n<p class=\"ls-paragraph\"> Voor meer informatie over het bridgen kunt u zich wenden tot Dorry Zwets e-mail: Dorry Zwets <a href=\"mailto:dorryzwets@hotmail.com\">dorryzwets@hotmail.com<\/a><\/p>\n\n\n\n<p class=\"ls-paragraph\"><\/p>\n\n\n\n<p class=\"ls-paragraph\"><\/p>\n\n\n\n<p class=\"ls-paragraph\"><\/p>\n\n\n\n<p class=\"ls-paragraph\"><\/p>\n\n\n\n<p class=\"ls-paragraph\"><\/p>\n\n\n\n<p class=\"ls-paragraph\"><\/p>\n\n\n\n<p class=\"ls-paragraph\"><\/p>\n\n\n\n<p class=\"ls-paragraph\"><\/p>\n\n\n\n<figure class=\"wp-block-image size-full animated fadeInRight delay-500ms slow\"><a href=\"https:\/\/www.camping-cevennes.info\/wp-content\/uploads\/2022\/11\/petanque.jpg\"><img decoding=\"async\" width=\"900\" height=\"600\" src=\"https:\/\/www.camping-cevennes.info\/wp-content\/uploads\/2022\/11\/petanque.jpg\" alt=\"petanque\" class=\"wp-image-6435\" srcset=\"https:\/\/www.camping-cevennes.info\/wp-content\/uploads\/2022\/11\/petanque.jpg 900w, https:\/\/www.camping-cevennes.info\/wp-content\/uploads\/2022\/11\/petanque-300x200.jpg 300w, https:\/\/www.camping-cevennes.info\/wp-content\/uploads\/2022\/11\/petanque-768x512.jpg 768w\" sizes=\"(max-width: 900px) 100vw, 900px\" \/><\/a><\/figure>\n<\/div>\n<\/div>\n\n\n    <\/div>\n<\/section>\n\n<section id=\"ls-section-block_f8f34d50a1eece2abf0a9afd15b560b6\" class=\"ls-section  page-maillage has-background has-color-3-background-color has-p-t p-t-14 has-p-b p-b-14\" >\n        <div class=\"container container--wide\">\n        \n\n<div id=\"ls-heading ls-titre-div-block_46357297ca6a3ac1db099938c5183c5d\" class=\"ls-titre-div deco-centree aligncenter h2-like\" >\n    Ontdek de diensten en activiteiten van onze camping<\/div>\n\n\n<div id=\"ls-maillage-block_0feee984edc5d3ac9043385265c76afa\" class=\"ls-maillage cta-style-normal\" data-rows=\"3\">\n    <div class=\"wp-block-columns\"><div class=\"wp-block-column\">\n\n<a href=\"https:\/\/www.camping-cevennes.info\/nl\/dienst-4-sterrenhotel-cevennes\/\" target=\"\" rel=\"noopener\" class=\"ls-cta__link\">\n\n\t<div class=\"ls-cta__image\"><img decoding=\"async\" src=\"https:\/\/www.camping-cevennes.info\/wp-content\/uploads\/2022\/10\/restauration-pizza.jpg\" alt=\"restauration pizza\"><\/div>\n\t<div class=\"ls-cta__title\">\n\t\tDiensten\t<\/div>\n\n\t\t\n<\/a><\/div><div class=\"wp-block-column\">\n\n<a href=\"https:\/\/www.camping-cevennes.info\/nl\/activiteiten-cevennen-camping\/\" target=\"\" rel=\"noopener\" class=\"ls-cta__link\">\n\n\t<div class=\"ls-cta__image\"><img decoding=\"async\" src=\"https:\/\/www.camping-cevennes.info\/wp-content\/uploads\/2022\/10\/enfants-camping.jpg\" alt=\"enfants camping\"><\/div>\n\t<div class=\"ls-cta__title\">\n\t\tActiviteiten\t<\/div>\n\n\t\t\n<\/a><\/div><div class=\"wp-block-column\">\n\n<a href=\"https:\/\/www.camping-cevennes.info\/nl\/kamperen-cevennen-fiets\/\" target=\"\" rel=\"noopener\" class=\"ls-cta__link\">\n\n\t<div class=\"ls-cta__image\"><img decoding=\"async\" src=\"https:\/\/www.camping-cevennes.info\/wp-content\/uploads\/2022\/10\/sortie-cycle.jpg\" alt=\"sortie cycle\"><\/div>\n\t<div class=\"ls-cta__title\">\n\t\tFiets\t<\/div>\n\n\t\t\n<\/a><\/div><\/div><\/div>\n\n    <\/div>\n<\/section>","protected":false},"excerpt":{"rendered":"","protected":false},"author":1,"featured_media":6444,"parent":0,"menu_order":0,"comment_status":"closed","ping_status":"closed","template":"","meta":{"_acf_changed":false,"footnotes":""},"sujet":[],"class_list":["post-6110","page","type-page","status-publish","has-post-thumbnail","hentry"],"acf":[],"yoast_head":"<!-- This site is optimized with the Yoast SEO plugin v25.3 - https:\/\/yoast.com\/wordpress\/plugins\/seo\/ -->\n<title>Petanque en bridge op de camping Mas de la Cam<\/title>\n<meta name=\"description\" content=\"Lees meer over het petanque en bridge activiteiten op de camping Mas de la Cam in de Cevennen. In het voorjaar, u kunt kiezen tussen bridge, petanque, fiets. In Saint jean du Gard, vlakbij Anduze en de bambouseraie, kunt u in mei bridgen, zwemmen in het zwembad of in de rivier, fietsen tot de Mont Aigoual...\" \/>\n<meta name=\"robots\" content=\"index, follow, max-snippet:-1, max-image-preview:large, max-video-preview:-1\" \/>\n<link rel=\"canonical\" href=\"https:\/\/www.camping-cevennes.info\/nl\/jeu-de-boules-in-de-cevennen\/\" \/>\n<meta property=\"og:locale\" content=\"nl_NL\" \/>\n<meta property=\"og:type\" content=\"article\" \/>\n<meta property=\"og:title\" content=\"Petanque en bridge op de camping Mas de la Cam\" \/>\n<meta property=\"og:description\" content=\"Lees meer over het petanque en bridge activiteiten op de camping Mas de la Cam in de Cevennen. In het voorjaar, u kunt kiezen tussen bridge, petanque, fiets. In Saint jean du Gard, vlakbij Anduze en de bambouseraie, kunt u in mei bridgen, zwemmen in het zwembad of in de rivier, fietsen tot de Mont Aigoual...\" \/>\n<meta property=\"og:url\" content=\"https:\/\/www.camping-cevennes.info\/nl\/jeu-de-boules-in-de-cevennen\/\" \/>\n<meta property=\"og:site_name\" content=\"Camping Mas de la Cam\" \/>\n<meta property=\"article:modified_time\" content=\"2025-12-13T09:46:39+00:00\" \/>\n<meta property=\"og:image\" content=\"https:\/\/www.camping-cevennes.info\/wp-content\/uploads\/2022\/11\/bridge-petanque-mas-de-la-cam.jpg\" \/>\n\t<meta property=\"og:image:width\" content=\"1900\" \/>\n\t<meta property=\"og:image:height\" content=\"700\" \/>\n\t<meta property=\"og:image:type\" content=\"image\/jpeg\" \/>\n<meta name=\"twitter:card\" content=\"summary_large_image\" \/>\n<meta name=\"twitter:label1\" content=\"Geschatte leestijd\" \/>\n\t<meta name=\"twitter:data1\" content=\"3 minuten\" \/>\n<script type=\"application\/ld+json\" class=\"yoast-schema-graph\">{\"@context\":\"https:\/\/schema.org\",\"@graph\":[{\"@type\":\"WebPage\",\"@id\":\"https:\/\/www.camping-cevennes.info\/nl\/jeu-de-boules-in-de-cevennen\/\",\"url\":\"https:\/\/www.camping-cevennes.info\/nl\/jeu-de-boules-in-de-cevennen\/\",\"name\":\"Petanque en bridge op de camping Mas de la Cam\",\"isPartOf\":{\"@id\":\"https:\/\/www.camping-cevennes.info\/nl\/#website\"},\"primaryImageOfPage\":{\"@id\":\"https:\/\/www.camping-cevennes.info\/nl\/jeu-de-boules-in-de-cevennen\/#primaryimage\"},\"image\":{\"@id\":\"https:\/\/www.camping-cevennes.info\/nl\/jeu-de-boules-in-de-cevennen\/#primaryimage\"},\"thumbnailUrl\":\"https:\/\/www.camping-cevennes.info\/wp-content\/uploads\/2022\/11\/bridge-petanque-mas-de-la-cam.jpg\",\"datePublished\":\"2022-11-14T13:28:40+00:00\",\"dateModified\":\"2025-12-13T09:46:39+00:00\",\"description\":\"Lees meer over het petanque en bridge activiteiten op de camping Mas de la Cam in de Cevennen. In het voorjaar, u kunt kiezen tussen bridge, petanque, fiets. In Saint jean du Gard, vlakbij Anduze en de bambouseraie, kunt u in mei bridgen, zwemmen in het zwembad of in de rivier, fietsen tot de Mont Aigoual...\",\"breadcrumb\":{\"@id\":\"https:\/\/www.camping-cevennes.info\/nl\/jeu-de-boules-in-de-cevennen\/#breadcrumb\"},\"inLanguage\":\"nl-NL\",\"potentialAction\":[{\"@type\":\"ReadAction\",\"target\":[\"https:\/\/www.camping-cevennes.info\/nl\/jeu-de-boules-in-de-cevennen\/\"]}]},{\"@type\":\"ImageObject\",\"inLanguage\":\"nl-NL\",\"@id\":\"https:\/\/www.camping-cevennes.info\/nl\/jeu-de-boules-in-de-cevennen\/#primaryimage\",\"url\":\"https:\/\/www.camping-cevennes.info\/wp-content\/uploads\/2022\/11\/bridge-petanque-mas-de-la-cam.jpg\",\"contentUrl\":\"https:\/\/www.camping-cevennes.info\/wp-content\/uploads\/2022\/11\/bridge-petanque-mas-de-la-cam.jpg\",\"width\":1900,\"height\":700,\"caption\":\"bridge petanque\"},{\"@type\":\"BreadcrumbList\",\"@id\":\"https:\/\/www.camping-cevennes.info\/nl\/jeu-de-boules-in-de-cevennen\/#breadcrumb\",\"itemListElement\":[{\"@type\":\"ListItem\",\"position\":1,\"name\":\"Kamperen C\u00e9vennes\",\"item\":\"https:\/\/www.camping-cevennes.info\/nl\/\"},{\"@type\":\"ListItem\",\"position\":2,\"name\":\"Petanque en bridge in de Cevennen\"}]},{\"@type\":\"WebSite\",\"@id\":\"https:\/\/www.camping-cevennes.info\/nl\/#website\",\"url\":\"https:\/\/www.camping-cevennes.info\/nl\/\",\"name\":\"Camping Mas de la Cam\",\"description\":\"\",\"publisher\":{\"@id\":\"https:\/\/www.camping-cevennes.info\/nl\/#organization\"},\"potentialAction\":[{\"@type\":\"SearchAction\",\"target\":{\"@type\":\"EntryPoint\",\"urlTemplate\":\"https:\/\/www.camping-cevennes.info\/nl\/?s={search_term_string}\"},\"query-input\":{\"@type\":\"PropertyValueSpecification\",\"valueRequired\":true,\"valueName\":\"search_term_string\"}}],\"inLanguage\":\"nl-NL\"},{\"@type\":\"Organization\",\"@id\":\"https:\/\/www.camping-cevennes.info\/nl\/#organization\",\"name\":\"Camping Mas de la Cam\",\"url\":\"https:\/\/www.camping-cevennes.info\/nl\/\",\"logo\":{\"@type\":\"ImageObject\",\"inLanguage\":\"nl-NL\",\"@id\":\"https:\/\/www.camping-cevennes.info\/nl\/#\/schema\/logo\/image\/\",\"url\":\"https:\/\/www.camping-cevennes.info\/wp-content\/uploads\/2022\/09\/logo-camping-mas-de-la-cam-noir-1.png\",\"contentUrl\":\"https:\/\/www.camping-cevennes.info\/wp-content\/uploads\/2022\/09\/logo-camping-mas-de-la-cam-noir-1.png\",\"width\":625,\"height\":190,\"caption\":\"Camping Mas de la Cam\"},\"image\":{\"@id\":\"https:\/\/www.camping-cevennes.info\/nl\/#\/schema\/logo\/image\/\"}}]}<\/script>\n<!-- \/ Yoast SEO plugin. -->","yoast_head_json":{"title":"Petanque en bridge op de camping Mas de la Cam","description":"Lees meer over het petanque en bridge activiteiten op de camping Mas de la Cam in de Cevennen. In het voorjaar, u kunt kiezen tussen bridge, petanque, fiets. In Saint jean du Gard, vlakbij Anduze en de bambouseraie, kunt u in mei bridgen, zwemmen in het zwembad of in de rivier, fietsen tot de Mont Aigoual...","robots":{"index":"index","follow":"follow","max-snippet":"max-snippet:-1","max-image-preview":"max-image-preview:large","max-video-preview":"max-video-preview:-1"},"canonical":"https:\/\/www.camping-cevennes.info\/nl\/jeu-de-boules-in-de-cevennen\/","og_locale":"nl_NL","og_type":"article","og_title":"Petanque en bridge op de camping Mas de la Cam","og_description":"Lees meer over het petanque en bridge activiteiten op de camping Mas de la Cam in de Cevennen. In het voorjaar, u kunt kiezen tussen bridge, petanque, fiets. In Saint jean du Gard, vlakbij Anduze en de bambouseraie, kunt u in mei bridgen, zwemmen in het zwembad of in de rivier, fietsen tot de Mont Aigoual...","og_url":"https:\/\/www.camping-cevennes.info\/nl\/jeu-de-boules-in-de-cevennen\/","og_site_name":"Camping Mas de la Cam","article_modified_time":"2025-12-13T09:46:39+00:00","og_image":[{"width":1900,"height":700,"url":"https:\/\/www.camping-cevennes.info\/wp-content\/uploads\/2022\/11\/bridge-petanque-mas-de-la-cam.jpg","type":"image\/jpeg"}],"twitter_card":"summary_large_image","twitter_misc":{"Geschatte leestijd":"3 minuten"},"schema":{"@context":"https:\/\/schema.org","@graph":[{"@type":"WebPage","@id":"https:\/\/www.camping-cevennes.info\/nl\/jeu-de-boules-in-de-cevennen\/","url":"https:\/\/www.camping-cevennes.info\/nl\/jeu-de-boules-in-de-cevennen\/","name":"Petanque en bridge op de camping Mas de la Cam","isPartOf":{"@id":"https:\/\/www.camping-cevennes.info\/nl\/#website"},"primaryImageOfPage":{"@id":"https:\/\/www.camping-cevennes.info\/nl\/jeu-de-boules-in-de-cevennen\/#primaryimage"},"image":{"@id":"https:\/\/www.camping-cevennes.info\/nl\/jeu-de-boules-in-de-cevennen\/#primaryimage"},"thumbnailUrl":"https:\/\/www.camping-cevennes.info\/wp-content\/uploads\/2022\/11\/bridge-petanque-mas-de-la-cam.jpg","datePublished":"2022-11-14T13:28:40+00:00","dateModified":"2025-12-13T09:46:39+00:00","description":"Lees meer over het petanque en bridge activiteiten op de camping Mas de la Cam in de Cevennen. In het voorjaar, u kunt kiezen tussen bridge, petanque, fiets. In Saint jean du Gard, vlakbij Anduze en de bambouseraie, kunt u in mei bridgen, zwemmen in het zwembad of in de rivier, fietsen tot de Mont Aigoual...","breadcrumb":{"@id":"https:\/\/www.camping-cevennes.info\/nl\/jeu-de-boules-in-de-cevennen\/#breadcrumb"},"inLanguage":"nl-NL","potentialAction":[{"@type":"ReadAction","target":["https:\/\/www.camping-cevennes.info\/nl\/jeu-de-boules-in-de-cevennen\/"]}]},{"@type":"ImageObject","inLanguage":"nl-NL","@id":"https:\/\/www.camping-cevennes.info\/nl\/jeu-de-boules-in-de-cevennen\/#primaryimage","url":"https:\/\/www.camping-cevennes.info\/wp-content\/uploads\/2022\/11\/bridge-petanque-mas-de-la-cam.jpg","contentUrl":"https:\/\/www.camping-cevennes.info\/wp-content\/uploads\/2022\/11\/bridge-petanque-mas-de-la-cam.jpg","width":1900,"height":700,"caption":"bridge petanque"},{"@type":"BreadcrumbList","@id":"https:\/\/www.camping-cevennes.info\/nl\/jeu-de-boules-in-de-cevennen\/#breadcrumb","itemListElement":[{"@type":"ListItem","position":1,"name":"Kamperen C\u00e9vennes","item":"https:\/\/www.camping-cevennes.info\/nl\/"},{"@type":"ListItem","position":2,"name":"Petanque en bridge in de Cevennen"}]},{"@type":"WebSite","@id":"https:\/\/www.camping-cevennes.info\/nl\/#website","url":"https:\/\/www.camping-cevennes.info\/nl\/","name":"Camping Mas de la Cam","description":"","publisher":{"@id":"https:\/\/www.camping-cevennes.info\/nl\/#organization"},"potentialAction":[{"@type":"SearchAction","target":{"@type":"EntryPoint","urlTemplate":"https:\/\/www.camping-cevennes.info\/nl\/?s={search_term_string}"},"query-input":{"@type":"PropertyValueSpecification","valueRequired":true,"valueName":"search_term_string"}}],"inLanguage":"nl-NL"},{"@type":"Organization","@id":"https:\/\/www.camping-cevennes.info\/nl\/#organization","name":"Camping Mas de la Cam","url":"https:\/\/www.camping-cevennes.info\/nl\/","logo":{"@type":"ImageObject","inLanguage":"nl-NL","@id":"https:\/\/www.camping-cevennes.info\/nl\/#\/schema\/logo\/image\/","url":"https:\/\/www.camping-cevennes.info\/wp-content\/uploads\/2022\/09\/logo-camping-mas-de-la-cam-noir-1.png","contentUrl":"https:\/\/www.camping-cevennes.info\/wp-content\/uploads\/2022\/09\/logo-camping-mas-de-la-cam-noir-1.png","width":625,"height":190,"caption":"Camping Mas de la Cam"},"image":{"@id":"https:\/\/www.camping-cevennes.info\/nl\/#\/schema\/logo\/image\/"}}]}},"_links":{"self":[{"href":"https:\/\/www.camping-cevennes.info\/nl\/wp-json\/wp\/v2\/pages\/6110","targetHints":{"allow":["GET"]}}],"collection":[{"href":"https:\/\/www.camping-cevennes.info\/nl\/wp-json\/wp\/v2\/pages"}],"about":[{"href":"https:\/\/www.camping-cevennes.info\/nl\/wp-json\/wp\/v2\/types\/page"}],"author":[{"embeddable":true,"href":"https:\/\/www.camping-cevennes.info\/nl\/wp-json\/wp\/v2\/users\/1"}],"replies":[{"embeddable":true,"href":"https:\/\/www.camping-cevennes.info\/nl\/wp-json\/wp\/v2\/comments?post=6110"}],"version-history":[{"count":26,"href":"https:\/\/www.camping-cevennes.info\/nl\/wp-json\/wp\/v2\/pages\/6110\/revisions"}],"predecessor-version":[{"id":8108,"href":"https:\/\/www.camping-cevennes.info\/nl\/wp-json\/wp\/v2\/pages\/6110\/revisions\/8108"}],"wp:featuredmedia":[{"embeddable":true,"href":"https:\/\/www.camping-cevennes.info\/nl\/wp-json\/wp\/v2\/media\/6444"}],"wp:attachment":[{"href":"https:\/\/www.camping-cevennes.info\/nl\/wp-json\/wp\/v2\/media?parent=6110"}],"wp:term":[{"taxonomy":"sujet","embeddable":true,"href":"https:\/\/www.camping-cevennes.info\/nl\/wp-json\/wp\/v2\/sujet?post=6110"}],"curies":[{"name":"wp","href":"https:\/\/api.w.org\/{rel}","templated":true}]}}