{"id":5224,"date":"2022-09-30T10:09:19","date_gmt":"2022-09-30T08:09:19","guid":{"rendered":"https:\/\/www.camping-cevennes.info\/camping-cevennes-riviere\/"},"modified":"2022-11-14T14:58:54","modified_gmt":"2022-11-14T13:58:54","slug":"camping-cevennen-rivier","status":"publish","type":"page","link":"https:\/\/www.camping-cevennes.info\/nl\/camping-cevennen-rivier\/","title":{"rendered":"Rivi\u00e8re"},"content":{"rendered":"<section id=\"ls-section-block_1a36509dccd870e59eac9fa965a137f9\" class=\"ls-section  page-intro has-p-t p-t-14 has-p-b p-b-0\" >\n        <div class=\"container container--wide\">\n        \n\n<div class=\"wp-block-columns columns-parent is-layout-flex wp-container-core-columns-is-layout-9d6595d7 wp-block-columns-is-layout-flex\">\n<div class=\"wp-block-column left is-layout-flow wp-block-column-is-layout-flow\">\n<h1 class=\"ls__heading deco-h1 animated fadeInLeft delay-200ms wp-block-heading\"><span class=\"small\">CAMPING IN DE GARD<\/span> <br><span class=\"bold\">BIJ DE RIVIER<\/span><\/h1>\n\n\n\n<p class=\"ls-paragraph\">Kom tijdens uw volgende&nbsp;<a href=\"\/nl\/\">vakantie in de Cevennen<\/a>&nbsp;naar camping Mas de la Cam, een 4-sterren kampeerterrein in Saint Jean du Gard. Onze **** camping heeft een fantastische ligging langs de rivier aan de voet van de <strong>Corniche des C\u00e9vennes<\/strong>. Tijdens uw verblijf op de camping kunt u gebruik maken van de vele faciliteiten die de camping u te bieden heeft. Groot of klein, er is voor elk wat wils : relaxen, sport, spel of ontspanning\u2026 Er is een riant speelterrein voor de kids en voor de sportievelingen veel<strong> sportfaciliteiten<\/strong> : een volleybalveld, tennisbaan, een kunstgras multi-sportveld, 4 ping-pongtafels, en natuurlijk het ruime waterpark. We doen er alles aan om u een fijne vakantie te bezorgen in de Cevennen.<\/p>\n<\/div>\n\n\n\n<div class=\"wp-block-column right is-layout-flow wp-block-column-is-layout-flow\">\n<div class=\"wp-block-columns columns-child is-layout-flex wp-container-core-columns-is-layout-9d6595d7 wp-block-columns-is-layout-flex\">\n<div class=\"wp-block-column image-one is-layout-flow wp-block-column-is-layout-flow\">\n<figure class=\"wp-block-image size-full animated fadeInRight delay-500ms slow\"><a href=\"https:\/\/www.camping-cevennes.info\/wp-content\/uploads\/2022\/11\/riviere-loisir-camping.jpg\"><img decoding=\"async\" width=\"900\" height=\"600\" src=\"https:\/\/www.camping-cevennes.info\/wp-content\/uploads\/2022\/11\/riviere-loisir-camping.jpg\" alt=\"riviere loisir camping\" class=\"wp-image-4436\" srcset=\"https:\/\/www.camping-cevennes.info\/wp-content\/uploads\/2022\/11\/riviere-loisir-camping.jpg 900w, https:\/\/www.camping-cevennes.info\/wp-content\/uploads\/2022\/11\/riviere-loisir-camping-300x200.jpg 300w, https:\/\/www.camping-cevennes.info\/wp-content\/uploads\/2022\/11\/riviere-loisir-camping-768x512.jpg 768w\" sizes=\"(max-width: 900px) 100vw, 900px\" \/><\/a><\/figure>\n<\/div>\n\n\n\n<div class=\"wp-block-column image-two is-layout-flow wp-block-column-is-layout-flow\">\n<figure class=\"wp-block-image size-full animated fadeInLeft delay-500ms slow\"><a href=\"https:\/\/www.camping-cevennes.info\/wp-content\/uploads\/2022\/11\/riviere-cevennes.jpg\"><img decoding=\"async\" width=\"900\" height=\"600\" src=\"https:\/\/www.camping-cevennes.info\/wp-content\/uploads\/2022\/11\/riviere-cevennes.jpg\" alt=\"riviere cevennes\" class=\"wp-image-4445\" srcset=\"https:\/\/www.camping-cevennes.info\/wp-content\/uploads\/2022\/11\/riviere-cevennes.jpg 900w, https:\/\/www.camping-cevennes.info\/wp-content\/uploads\/2022\/11\/riviere-cevennes-300x200.jpg 300w, https:\/\/www.camping-cevennes.info\/wp-content\/uploads\/2022\/11\/riviere-cevennes-768x512.jpg 768w\" sizes=\"(max-width: 900px) 100vw, 900px\" \/><\/a><\/figure>\n<\/div>\n<\/div>\n<\/div>\n<\/div>\n\n\n    <\/div>\n<\/section>\n\n<section id=\"ls-section-block_fd82feb9d25c034afa7866222d067917\" class=\"ls-section  page-intro has-p-t p-t-2\" >\n        <div class=\"container container--wide\">\n        \n\n<div class=\"wp-block-columns columns-parent is-layout-flex wp-container-core-columns-is-layout-9d6595d7 wp-block-columns-is-layout-flex\">\n<div class=\"wp-block-column left is-layout-flow wp-block-column-is-layout-flow\">\n<div class=\"wp-block-columns columns-child is-layout-flex wp-container-core-columns-is-layout-9d6595d7 wp-block-columns-is-layout-flex\">\n<div class=\"wp-block-column image-one is-layout-flow wp-block-column-is-layout-flow\">\n<figure class=\"wp-block-image size-full animated fadeInRight delay-500ms slow\"><a href=\"https:\/\/www.camping-cevennes.info\/wp-content\/uploads\/2022\/10\/riviere-baignade-camping.jpg\"><img decoding=\"async\" width=\"900\" height=\"600\" src=\"https:\/\/www.camping-cevennes.info\/wp-content\/uploads\/2022\/10\/riviere-baignade-camping.jpg\" alt=\"riviere baignade camping\" class=\"wp-image-1645\" srcset=\"https:\/\/www.camping-cevennes.info\/wp-content\/uploads\/2022\/10\/riviere-baignade-camping.jpg 900w, https:\/\/www.camping-cevennes.info\/wp-content\/uploads\/2022\/10\/riviere-baignade-camping-300x200.jpg 300w, https:\/\/www.camping-cevennes.info\/wp-content\/uploads\/2022\/10\/riviere-baignade-camping-768x512.jpg 768w\" sizes=\"(max-width: 900px) 100vw, 900px\" \/><\/a><\/figure>\n<\/div>\n\n\n\n<div class=\"wp-block-column image-two is-layout-flow wp-block-column-is-layout-flow\">\n<figure class=\"wp-block-image size-full animated fadeInLeft delay-500ms slow\"><a href=\"https:\/\/www.camping-cevennes.info\/wp-content\/uploads\/2022\/11\/saut-riviere.jpg\"><img decoding=\"async\" width=\"900\" height=\"600\" src=\"https:\/\/www.camping-cevennes.info\/wp-content\/uploads\/2022\/11\/saut-riviere.jpg\" alt=\"saut riviere\" class=\"wp-image-4450\" srcset=\"https:\/\/www.camping-cevennes.info\/wp-content\/uploads\/2022\/11\/saut-riviere.jpg 900w, https:\/\/www.camping-cevennes.info\/wp-content\/uploads\/2022\/11\/saut-riviere-300x200.jpg 300w, https:\/\/www.camping-cevennes.info\/wp-content\/uploads\/2022\/11\/saut-riviere-768x512.jpg 768w\" sizes=\"(max-width: 900px) 100vw, 900px\" \/><\/a><\/figure>\n<\/div>\n<\/div>\n<\/div>\n\n\n\n<div class=\"wp-block-column right is-layout-flow wp-block-column-is-layout-flow\">\n<figure class=\"wp-block-embed is-type-video is-provider-youtube wp-block-embed-youtube wp-embed-aspect-16-9 wp-has-aspect-ratio\"><div class=\"wp-block-embed__wrapper\">\n<iframe loading=\"lazy\" title=\"camping rivi\u00e8re en C\u00e9vennes\" width=\"500\" height=\"281\" src=\"https:\/\/www.youtube.com\/embed\/2aOuwcEpzZE?feature=oembed\" frameborder=\"0\" allow=\"accelerometer; autoplay; clipboard-write; encrypted-media; gyroscope; picture-in-picture; web-share\" referrerpolicy=\"strict-origin-when-cross-origin\" allowfullscreen><\/iframe>\n<\/div><\/figure>\n<\/div>\n<\/div>\n\n\n    <\/div>\n<\/section>\n\n<section id=\"ls-section-block_e9305ae455ab0dff76e0b9027994f910\" class=\"ls-section  page-one has-p-t p-t-0\" >\n        <div class=\"container container--wide\">\n        \n\n<div class=\"wp-block-columns is-layout-flex wp-container-core-columns-is-layout-9d6595d7 wp-block-columns-is-layout-flex\">\n<div class=\"wp-block-column is-layout-flow wp-block-column-is-layout-flow\">\n<figure class=\"wp-block-image size-full animated fadeInLeft delay-500ms slow\"><a href=\"https:\/\/www.camping-cevennes.info\/wp-content\/uploads\/2022\/10\/lac-riviere-activite.jpg\"><img decoding=\"async\" width=\"900\" height=\"600\" src=\"https:\/\/www.camping-cevennes.info\/wp-content\/uploads\/2022\/10\/lac-riviere-activite.jpg\" alt=\"riviere mas de la cam\" class=\"wp-image-1670\" srcset=\"https:\/\/www.camping-cevennes.info\/wp-content\/uploads\/2022\/10\/lac-riviere-activite.jpg 900w, https:\/\/www.camping-cevennes.info\/wp-content\/uploads\/2022\/10\/lac-riviere-activite-300x200.jpg 300w, https:\/\/www.camping-cevennes.info\/wp-content\/uploads\/2022\/10\/lac-riviere-activite-768x512.jpg 768w\" sizes=\"(max-width: 900px) 100vw, 900px\" \/><\/a><\/figure>\n\n\n\n<p class=\"ls-paragraph\">Ze zijn allemaal recent opgeknapt en bieden een goed alternatief voor mensen die liever niet kamperen . De g\u00eetes zijn voor 4 tot 6 personen met een oppervlakte van 28 tot 56m2. Ze hebben \u00e9\u00e9n of twee slaapkamers, en zijn volledig uitgerust zodat u er een fijne vakantie in kunt doorbrengen : moderne keuken, badkamer, tuinameublement, barbecue\u2026<\/p>\n<\/div>\n\n\n\n<div class=\"wp-block-column is-layout-flow wp-block-column-is-layout-flow\">\n<h2 class=\"ls__heading deco wp-block-heading\">4 STERREN VERHUUR VAKANTIEWONINGEN IN DE CEVENNEN AAN DE RIVIER<\/h2>\n\n\n\n<p class=\"ls-paragraph\">Camping **** Mas de la Cam heet u welkom voor een verblijf in een van onze <a href=\"https:\/\/www.camping-cevennes.info\/nl\/huisje-van-frankrijk-gard\/\">g\u00eetes<\/a> voor een lang weekend in het laagseizoen of verhuur van een vakantiewoning per week in het hoogseizoen. Op de camping verhuren we geen stacaravans, daar zijn alleen plaatsen voor een tent, camper of caravan. Maar we verhuren wel vakantieappartementen in de volledig gerestaureerde Mas (oude herenboerderij) die op het terrein ligt. Deze vakantiewoningen zijn allemaal verschillend omdat ze in de XVIIe eeuwse Mas liggen.<\/p>\n\n\n\n<figure class=\"wp-block-image size-full animated fadeInRight delay-500ms slow\"><a href=\"https:\/\/www.camping-cevennes.info\/wp-content\/uploads\/2022\/11\/activites-aquatique-cevennes.jpg\"><img decoding=\"async\" width=\"900\" height=\"600\" src=\"https:\/\/www.camping-cevennes.info\/wp-content\/uploads\/2022\/11\/activites-aquatique-cevennes.jpg\" alt=\"activites aquatiques cevennes\" class=\"wp-image-4465\" srcset=\"https:\/\/www.camping-cevennes.info\/wp-content\/uploads\/2022\/11\/activites-aquatique-cevennes.jpg 900w, https:\/\/www.camping-cevennes.info\/wp-content\/uploads\/2022\/11\/activites-aquatique-cevennes-300x200.jpg 300w, https:\/\/www.camping-cevennes.info\/wp-content\/uploads\/2022\/11\/activites-aquatique-cevennes-768x512.jpg 768w\" sizes=\"(max-width: 900px) 100vw, 900px\" \/><\/a><\/figure>\n<\/div>\n<\/div>\n\n\n    <\/div>\n<\/section>\n\n<section id=\"ls-section-block_0eb1b56065165752b019d9cbbb941bd5\" class=\"ls-section  page-two has-p-t p-t-0 has-p-b p-b-0\" >\n        <div class=\"container container--wide\">\n        \n\n<h2 class=\"ls__heading has-text-align-center deco-centree wp-block-heading\">WATERSPORT EN SPEL OP CAMPING MAS DE LA CAM<\/h2>\n\n\n\n<p class=\"ls-paragraph has-text-align-center\">Onze vier sterren camping ligt direct aan de Gardon, een rivier die in de Cevennen ontspringt, aan de voet van het massief van de <a href=\"https:\/\/www.camping-cevennes.info\/nl\/vakantie-gard\/kemperen-mont-aigoual\/\">Mont Aigoual<\/a>. Groot en klein kunnen zich prima vermaken aan het water met sport en spel, op een ruime met gras begroeide ligweide, op het <strong>kiezelstrand<\/strong>, of in de rivier : zwemmen, spelevaren, dobberen, vissen, dammen bouwen\u2026 Mogelijkheden genoeg voor zwempret voor het hele gezin of met vrienden.<\/p>\n\n\n\n<p class=\"ls-paragraph has-text-align-center\">Kijk verder voor meer zwempret :&nbsp;<a href=\"https:\/\/www.camping-cevennes.info\/nl\/camping-cevennes-zwembad\/\">camping Cevennen zwembad<\/a><\/p>\n\n\n    <\/div>\n<\/section>\n\n<section id=\"ls-section-block_e89684aeebd27cf67c16171ba314756b\" class=\"ls-section  parallax-seul has-background-image has-parallax\" >\n    <div class=\"ls-section__background-image opacity-100\"><img decoding=\"async\" src=\"https:\/\/www.camping-cevennes.info\/wp-content\/uploads\/2022\/11\/camping-peche-riviere-1.jpg\" alt=\"camping peche riviere\"><\/div>    <div class=\"container container--full\">\n        \n    <\/div>\n<\/section>\n\n<section id=\"ls-section-block_52febcc65626d6619ccbfb1487cf5124\" class=\"ls-section  page-maillage has-background has-color-3-background-color has-p-t p-t-14 has-p-b p-b-14\" >\n        <div class=\"container container--wide\">\n        \n\n<div id=\"ls-heading ls-titre-div-block_71b33c6cfd74d9a476a1f1134b180f53\" class=\"ls-titre-div deco-centree aligncenter h2-like\" >\n    Ontdek het zwembad, de diensten en de activiteiten van onze camping<\/div>\n\n\n<div id=\"ls-maillage-block_d1986dda366683b0f9188c2e82a2cc41\" class=\"ls-maillage cta-style-normal\" data-rows=\"3\">\n    <div class=\"wp-block-columns\"><div class=\"wp-block-column\">\n\n<a href=\"https:\/\/www.camping-cevennes.info\/nl\/activiteiten-cevennen-camping\/\" target=\"\" rel=\"noopener\" class=\"ls-cta__link\">\n\n\t<div class=\"ls-cta__image\"><img decoding=\"async\" src=\"https:\/\/www.camping-cevennes.info\/wp-content\/uploads\/2022\/10\/enfants-camping.jpg\" alt=\"enfants camping\"><\/div>\n\t<div class=\"ls-cta__title\">\n\t\tActiviteiten\t<\/div>\n\n\t\t\n<\/a><\/div><div class=\"wp-block-column\">\n\n<a href=\"https:\/\/www.camping-cevennes.info\/nl\/camping-cevennes-zwembad\/\" target=\"\" rel=\"noopener\" class=\"ls-cta__link\">\n\n\t<div class=\"ls-cta__image\"><img decoding=\"async\" src=\"https:\/\/www.camping-cevennes.info\/wp-content\/uploads\/2022\/09\/camping-avec-piscine-dans-le-gard.jpg\" alt=\"camping avec piscine\"><\/div>\n\t<div class=\"ls-cta__title\">\n\t\tZwembad\t<\/div>\n\n\t\t\n<\/a><\/div><div class=\"wp-block-column\">\n\n<a href=\"https:\/\/www.camping-cevennes.info\/nl\/dienst-4-sterrenhotel-cevennes\/\" target=\"\" rel=\"noopener\" class=\"ls-cta__link\">\n\n\t<div class=\"ls-cta__image\"><img decoding=\"async\" src=\"https:\/\/www.camping-cevennes.info\/wp-content\/uploads\/2022\/10\/restauration-pizza.jpg\" alt=\"restauration pizza\"><\/div>\n\t<div class=\"ls-cta__title\">\n\t\tDiensten\t<\/div>\n\n\t\t\n<\/a><\/div><\/div><\/div>\n\n    <\/div>\n<\/section>","protected":false},"excerpt":{"rendered":"","protected":false},"author":1,"featured_media":4442,"parent":0,"menu_order":0,"comment_status":"closed","ping_status":"closed","template":"","meta":{"_acf_changed":false,"footnotes":""},"sujet":[],"class_list":["post-5224","page","type-page","status-publish","has-post-thumbnail","hentry"],"acf":[],"yoast_head":"<!-- This site is optimized with the Yoast SEO plugin v25.3 - https:\/\/yoast.com\/wordpress\/plugins\/seo\/ -->\n<title>Rivierrand camping in de Gard | Camping Cevennen rivier, vissen<\/title>\n<meta name=\"description\" content=\"Alles over onze camping C\u00e8vennes aan de rivier : voor vakanties langs het water in het departement Gard.\" \/>\n<meta name=\"robots\" content=\"index, follow, max-snippet:-1, max-image-preview:large, max-video-preview:-1\" \/>\n<link rel=\"canonical\" href=\"https:\/\/www.camping-cevennes.info\/nl\/camping-cevennen-rivier\/\" \/>\n<meta property=\"og:locale\" content=\"nl_NL\" \/>\n<meta property=\"og:type\" content=\"article\" \/>\n<meta property=\"og:title\" content=\"Rivierrand camping in de Gard | Camping Cevennen rivier, vissen\" \/>\n<meta property=\"og:description\" content=\"Alles over onze camping C\u00e8vennes aan de rivier : voor vakanties langs het water in het departement Gard.\" \/>\n<meta property=\"og:url\" content=\"https:\/\/www.camping-cevennes.info\/nl\/camping-cevennen-rivier\/\" \/>\n<meta property=\"og:site_name\" content=\"Camping Mas de la Cam\" \/>\n<meta property=\"article:modified_time\" content=\"2022-11-14T13:58:54+00:00\" \/>\n<meta property=\"og:image\" content=\"https:\/\/www.camping-cevennes.info\/wp-content\/uploads\/2022\/11\/camping-bord-riviere-cevennes.jpg\" \/>\n\t<meta property=\"og:image:width\" content=\"1900\" \/>\n\t<meta property=\"og:image:height\" content=\"600\" \/>\n\t<meta property=\"og:image:type\" content=\"image\/jpeg\" \/>\n<meta name=\"twitter:card\" content=\"summary_large_image\" \/>\n<meta name=\"twitter:label1\" content=\"Geschatte leestijd\" \/>\n\t<meta name=\"twitter:data1\" content=\"4 minuten\" \/>\n<script type=\"application\/ld+json\" class=\"yoast-schema-graph\">{\"@context\":\"https:\/\/schema.org\",\"@graph\":[{\"@type\":\"WebPage\",\"@id\":\"https:\/\/www.camping-cevennes.info\/nl\/camping-cevennen-rivier\/\",\"url\":\"https:\/\/www.camping-cevennes.info\/nl\/camping-cevennen-rivier\/\",\"name\":\"Rivierrand camping in de Gard | Camping Cevennen rivier, vissen\",\"isPartOf\":{\"@id\":\"https:\/\/www.camping-cevennes.info\/nl\/#website\"},\"primaryImageOfPage\":{\"@id\":\"https:\/\/www.camping-cevennes.info\/nl\/camping-cevennen-rivier\/#primaryimage\"},\"image\":{\"@id\":\"https:\/\/www.camping-cevennes.info\/nl\/camping-cevennen-rivier\/#primaryimage\"},\"thumbnailUrl\":\"https:\/\/www.camping-cevennes.info\/wp-content\/uploads\/2022\/11\/camping-bord-riviere-cevennes.jpg\",\"datePublished\":\"2022-09-30T08:09:19+00:00\",\"dateModified\":\"2022-11-14T13:58:54+00:00\",\"description\":\"Alles over onze camping C\u00e8vennes aan de rivier : voor vakanties langs het water in het departement Gard.\",\"breadcrumb\":{\"@id\":\"https:\/\/www.camping-cevennes.info\/nl\/camping-cevennen-rivier\/#breadcrumb\"},\"inLanguage\":\"nl-NL\",\"potentialAction\":[{\"@type\":\"ReadAction\",\"target\":[\"https:\/\/www.camping-cevennes.info\/nl\/camping-cevennen-rivier\/\"]}]},{\"@type\":\"ImageObject\",\"inLanguage\":\"nl-NL\",\"@id\":\"https:\/\/www.camping-cevennes.info\/nl\/camping-cevennen-rivier\/#primaryimage\",\"url\":\"https:\/\/www.camping-cevennes.info\/wp-content\/uploads\/2022\/11\/camping-bord-riviere-cevennes.jpg\",\"contentUrl\":\"https:\/\/www.camping-cevennes.info\/wp-content\/uploads\/2022\/11\/camping-bord-riviere-cevennes.jpg\",\"width\":1900,\"height\":600,\"caption\":\"camping bord riviere cevennes\"},{\"@type\":\"BreadcrumbList\",\"@id\":\"https:\/\/www.camping-cevennes.info\/nl\/camping-cevennen-rivier\/#breadcrumb\",\"itemListElement\":[{\"@type\":\"ListItem\",\"position\":1,\"name\":\"Kamperen C\u00e9vennes\",\"item\":\"https:\/\/www.camping-cevennes.info\/nl\/\"},{\"@type\":\"ListItem\",\"position\":2,\"name\":\"Camping in de Gard bij de rivier\"}]},{\"@type\":\"WebSite\",\"@id\":\"https:\/\/www.camping-cevennes.info\/nl\/#website\",\"url\":\"https:\/\/www.camping-cevennes.info\/nl\/\",\"name\":\"Camping Mas de la Cam\",\"description\":\"\",\"publisher\":{\"@id\":\"https:\/\/www.camping-cevennes.info\/nl\/#organization\"},\"potentialAction\":[{\"@type\":\"SearchAction\",\"target\":{\"@type\":\"EntryPoint\",\"urlTemplate\":\"https:\/\/www.camping-cevennes.info\/nl\/?s={search_term_string}\"},\"query-input\":{\"@type\":\"PropertyValueSpecification\",\"valueRequired\":true,\"valueName\":\"search_term_string\"}}],\"inLanguage\":\"nl-NL\"},{\"@type\":\"Organization\",\"@id\":\"https:\/\/www.camping-cevennes.info\/nl\/#organization\",\"name\":\"Camping Mas de la Cam\",\"url\":\"https:\/\/www.camping-cevennes.info\/nl\/\",\"logo\":{\"@type\":\"ImageObject\",\"inLanguage\":\"nl-NL\",\"@id\":\"https:\/\/www.camping-cevennes.info\/nl\/#\/schema\/logo\/image\/\",\"url\":\"https:\/\/www.camping-cevennes.info\/wp-content\/uploads\/2022\/09\/logo-camping-mas-de-la-cam-noir-1.png\",\"contentUrl\":\"https:\/\/www.camping-cevennes.info\/wp-content\/uploads\/2022\/09\/logo-camping-mas-de-la-cam-noir-1.png\",\"width\":625,\"height\":190,\"caption\":\"Camping Mas de la Cam\"},\"image\":{\"@id\":\"https:\/\/www.camping-cevennes.info\/nl\/#\/schema\/logo\/image\/\"}}]}<\/script>\n<!-- \/ Yoast SEO plugin. -->","yoast_head_json":{"title":"Rivierrand camping in de Gard | Camping Cevennen rivier, vissen","description":"Alles over onze camping C\u00e8vennes aan de rivier : voor vakanties langs het water in het departement Gard.","robots":{"index":"index","follow":"follow","max-snippet":"max-snippet:-1","max-image-preview":"max-image-preview:large","max-video-preview":"max-video-preview:-1"},"canonical":"https:\/\/www.camping-cevennes.info\/nl\/camping-cevennen-rivier\/","og_locale":"nl_NL","og_type":"article","og_title":"Rivierrand camping in de Gard | Camping Cevennen rivier, vissen","og_description":"Alles over onze camping C\u00e8vennes aan de rivier : voor vakanties langs het water in het departement Gard.","og_url":"https:\/\/www.camping-cevennes.info\/nl\/camping-cevennen-rivier\/","og_site_name":"Camping Mas de la Cam","article_modified_time":"2022-11-14T13:58:54+00:00","og_image":[{"width":1900,"height":600,"url":"https:\/\/www.camping-cevennes.info\/wp-content\/uploads\/2022\/11\/camping-bord-riviere-cevennes.jpg","type":"image\/jpeg"}],"twitter_card":"summary_large_image","twitter_misc":{"Geschatte leestijd":"4 minuten"},"schema":{"@context":"https:\/\/schema.org","@graph":[{"@type":"WebPage","@id":"https:\/\/www.camping-cevennes.info\/nl\/camping-cevennen-rivier\/","url":"https:\/\/www.camping-cevennes.info\/nl\/camping-cevennen-rivier\/","name":"Rivierrand camping in de Gard | Camping Cevennen rivier, vissen","isPartOf":{"@id":"https:\/\/www.camping-cevennes.info\/nl\/#website"},"primaryImageOfPage":{"@id":"https:\/\/www.camping-cevennes.info\/nl\/camping-cevennen-rivier\/#primaryimage"},"image":{"@id":"https:\/\/www.camping-cevennes.info\/nl\/camping-cevennen-rivier\/#primaryimage"},"thumbnailUrl":"https:\/\/www.camping-cevennes.info\/wp-content\/uploads\/2022\/11\/camping-bord-riviere-cevennes.jpg","datePublished":"2022-09-30T08:09:19+00:00","dateModified":"2022-11-14T13:58:54+00:00","description":"Alles over onze camping C\u00e8vennes aan de rivier : voor vakanties langs het water in het departement Gard.","breadcrumb":{"@id":"https:\/\/www.camping-cevennes.info\/nl\/camping-cevennen-rivier\/#breadcrumb"},"inLanguage":"nl-NL","potentialAction":[{"@type":"ReadAction","target":["https:\/\/www.camping-cevennes.info\/nl\/camping-cevennen-rivier\/"]}]},{"@type":"ImageObject","inLanguage":"nl-NL","@id":"https:\/\/www.camping-cevennes.info\/nl\/camping-cevennen-rivier\/#primaryimage","url":"https:\/\/www.camping-cevennes.info\/wp-content\/uploads\/2022\/11\/camping-bord-riviere-cevennes.jpg","contentUrl":"https:\/\/www.camping-cevennes.info\/wp-content\/uploads\/2022\/11\/camping-bord-riviere-cevennes.jpg","width":1900,"height":600,"caption":"camping bord riviere cevennes"},{"@type":"BreadcrumbList","@id":"https:\/\/www.camping-cevennes.info\/nl\/camping-cevennen-rivier\/#breadcrumb","itemListElement":[{"@type":"ListItem","position":1,"name":"Kamperen C\u00e9vennes","item":"https:\/\/www.camping-cevennes.info\/nl\/"},{"@type":"ListItem","position":2,"name":"Camping in de Gard bij de rivier"}]},{"@type":"WebSite","@id":"https:\/\/www.camping-cevennes.info\/nl\/#website","url":"https:\/\/www.camping-cevennes.info\/nl\/","name":"Camping Mas de la Cam","description":"","publisher":{"@id":"https:\/\/www.camping-cevennes.info\/nl\/#organization"},"potentialAction":[{"@type":"SearchAction","target":{"@type":"EntryPoint","urlTemplate":"https:\/\/www.camping-cevennes.info\/nl\/?s={search_term_string}"},"query-input":{"@type":"PropertyValueSpecification","valueRequired":true,"valueName":"search_term_string"}}],"inLanguage":"nl-NL"},{"@type":"Organization","@id":"https:\/\/www.camping-cevennes.info\/nl\/#organization","name":"Camping Mas de la Cam","url":"https:\/\/www.camping-cevennes.info\/nl\/","logo":{"@type":"ImageObject","inLanguage":"nl-NL","@id":"https:\/\/www.camping-cevennes.info\/nl\/#\/schema\/logo\/image\/","url":"https:\/\/www.camping-cevennes.info\/wp-content\/uploads\/2022\/09\/logo-camping-mas-de-la-cam-noir-1.png","contentUrl":"https:\/\/www.camping-cevennes.info\/wp-content\/uploads\/2022\/09\/logo-camping-mas-de-la-cam-noir-1.png","width":625,"height":190,"caption":"Camping Mas de la Cam"},"image":{"@id":"https:\/\/www.camping-cevennes.info\/nl\/#\/schema\/logo\/image\/"}}]}},"_links":{"self":[{"href":"https:\/\/www.camping-cevennes.info\/nl\/wp-json\/wp\/v2\/pages\/5224","targetHints":{"allow":["GET"]}}],"collection":[{"href":"https:\/\/www.camping-cevennes.info\/nl\/wp-json\/wp\/v2\/pages"}],"about":[{"href":"https:\/\/www.camping-cevennes.info\/nl\/wp-json\/wp\/v2\/types\/page"}],"author":[{"embeddable":true,"href":"https:\/\/www.camping-cevennes.info\/nl\/wp-json\/wp\/v2\/users\/1"}],"replies":[{"embeddable":true,"href":"https:\/\/www.camping-cevennes.info\/nl\/wp-json\/wp\/v2\/comments?post=5224"}],"version-history":[{"count":10,"href":"https:\/\/www.camping-cevennes.info\/nl\/wp-json\/wp\/v2\/pages\/5224\/revisions"}],"predecessor-version":[{"id":6929,"href":"https:\/\/www.camping-cevennes.info\/nl\/wp-json\/wp\/v2\/pages\/5224\/revisions\/6929"}],"wp:featuredmedia":[{"embeddable":true,"href":"https:\/\/www.camping-cevennes.info\/nl\/wp-json\/wp\/v2\/media\/4442"}],"wp:attachment":[{"href":"https:\/\/www.camping-cevennes.info\/nl\/wp-json\/wp\/v2\/media?parent=5224"}],"wp:term":[{"taxonomy":"sujet","embeddable":true,"href":"https:\/\/www.camping-cevennes.info\/nl\/wp-json\/wp\/v2\/sujet?post=5224"}],"curies":[{"name":"wp","href":"https:\/\/api.w.org\/{rel}","templated":true}]}}