{"id":4881,"date":"2022-10-19T16:19:57","date_gmt":"2022-10-19T14:19:57","guid":{"rendered":"https:\/\/www.camping-cevennes.info\/vacances-gard\/camping-uzes\/"},"modified":"2022-11-14T14:19:13","modified_gmt":"2022-11-14T13:19:13","slug":"kamperen-uzes","status":"publish","type":"page","link":"https:\/\/www.camping-cevennes.info\/nl\/vakantie-gard\/kamperen-uzes\/","title":{"rendered":"Uzes"},"content":{"rendered":"<section id=\"ls-section-block_a0c3631de9dbb090bb6be2973dac6eab\" class=\"ls-section  page-intro has-p-t p-t-14\" >\n        <div class=\"container container--wide\">\n        \n\n<div class=\"wp-block-columns columns-parent is-layout-flex wp-container-core-columns-is-layout-9d6595d7 wp-block-columns-is-layout-flex\">\n<div class=\"wp-block-column is-vertically-aligned-center left is-layout-flow wp-block-column-is-layout-flow\">\n<h1 class=\"ls__heading animated fadeInLeft delay-200ms wp-block-heading\"><span class=\"small\">CAMPING IN DE BUURT <\/span><br>VAN UZ\u00c8S<\/h1>\n\n\n\n<p class=\"ls-paragraph\">Welkom in de regio Occitanie, aan de rand van de Cevennen, op <a href=\"\/nl\/\">camping Mas de la Cam<\/a>, een gezellige gezinscamping voor een sportieve vakantie in een natuurlijke omgeving. We bieden comfortabele<a href=\"https:\/\/www.camping-cevennes.info\/nl\/kampeerplaatsen-camping-gard\/\"> kampeerplaatsen<\/a> of <a href=\"https:\/\/www.camping-cevennes.info\/nl\/huisje-van-frankrijk-gard\/\">vakantiewoningen<\/a> bij het kampeerterrein.<\/p>\n<\/div>\n\n\n\n<div class=\"wp-block-column is-vertically-aligned-center right is-layout-flow wp-block-column-is-layout-flow\">\n<div class=\"wp-block-columns columns-child is-layout-flex wp-container-core-columns-is-layout-9d6595d7 wp-block-columns-is-layout-flex\">\n<div class=\"wp-block-column image-two is-layout-flow wp-block-column-is-layout-flow\">\n<iframe src=\"https:\/\/www.google.com\/maps\/embed?pb=!1m28!1m12!1m3!1d183561.25704804572!2d3.997363913852427!3d44.03906747613475!2m3!1f0!2f0!3f0!3m2!1i1024!2i768!4f13.1!4m13!3e0!4m5!1s0x12b47164841558ad%3A0x62d813088da27348!2sCamping%20Mas%20de%20la%20Cam%20Saint%20Jean%20du%20Gard%2C%20Saint-Jean-du-Gard!3m2!1d44.112383099999995!2d3.8543309999999997!4m5!1s0x12b5b540670db467%3A0x4078821166b33f0!2zVXrDqHM!3m2!1d44.01211!2d4.4199459999999995!5e0!3m2!1sfr!2sfr!4v1666692561902!5m2!1sfr!2sfr\" width=\"100%\" height=\"450\" style=\"border:0;\" allowfullscreen=\"\" loading=\"lazy\" referrerpolicy=\"no-referrer-when-downgrade\"><\/iframe>\n<\/div>\n<\/div>\n<\/div>\n<\/div>\n\n\n    <\/div>\n<\/section>\n\n<section id=\"ls-section-block_ee18fc136b2ac5db10913478d4dcf52a\" class=\"ls-section  page-one has-p-t p-t-0\" >\n        <div class=\"container container--wide\">\n        \n\n<div class=\"wp-block-columns is-layout-flex wp-container-core-columns-is-layout-9d6595d7 wp-block-columns-is-layout-flex\">\n<div class=\"wp-block-column is-vertically-aligned-center is-layout-flow wp-block-column-is-layout-flow\">\n<figure class=\"wp-block-image size-full animated fadeInLeft delay-500ms slow\"><a href=\"https:\/\/www.camping-cevennes.info\/wp-content\/uploads\/2022\/10\/centre-ville-uzes.jpg\"><img decoding=\"async\" width=\"900\" height=\"600\" src=\"https:\/\/www.camping-cevennes.info\/wp-content\/uploads\/2022\/10\/centre-ville-uzes.jpg\" alt=\"centre ville uzes\" class=\"wp-image-3092\" srcset=\"https:\/\/www.camping-cevennes.info\/wp-content\/uploads\/2022\/10\/centre-ville-uzes.jpg 900w, https:\/\/www.camping-cevennes.info\/wp-content\/uploads\/2022\/10\/centre-ville-uzes-300x200.jpg 300w, https:\/\/www.camping-cevennes.info\/wp-content\/uploads\/2022\/10\/centre-ville-uzes-768x512.jpg 768w\" sizes=\"(max-width: 900px) 100vw, 900px\" \/><\/a><\/figure>\n\n\n\n<p class=\"ls-paragraph\">Neem uw luchtbed of opblaasbootje mee, zodat u heerlijk kunt dobberen op de rivier, met uitzicht op de groene Cevennen. Of kom lekker relaxen op de ligbedden bij het zwembad, om bij te tanken voordat u Uz\u00e8s of andere leuke stadjes in de Gard gaat bezoeken.<\/p>\n\n\n\n<p class=\"ls-paragraph addReadMore showlesscontent\">Op camping Mas de la Cam heeft u een ruime keus aan <a href=\"https:\/\/www.camping-cevennes.info\/nl\/kampeerplaatsen-camping-gard\/\">kampeerplaatsen<\/a> voor tent, camper en caravan, de meeste met elektriciteit (6 of 10 amp\u00e8re). Wilt u liever niet camping ? Dan kunt u in de Mas een vakantieappartement huren. Ze zijn uit natuursteen opgetrokken en volledig uitgerust voor een gezellige gezinsvakantie en kunnen tot maximaal 6 personen herbergen.<\/p>\n<\/div>\n\n\n\n<div class=\"wp-block-column is-vertically-aligned-center is-layout-flow wp-block-column-is-layout-flow\">\n<h2 class=\"ls__heading deco wp-block-heading\">EEN 4 STERREN CAMPING OP 60 KM VAN UZ\u00c8S<\/h2>\n\n\n\n<p class=\"ls-paragraph\">Op onze camping kunt u genieten van het riante<a href=\"https:\/\/www.camping-cevennes.info\/nl\/camping-cevennes-zwembad\/\"> zwembad<\/a>, 500m2, met waterspeeltuin voor de kleintjes en een verwarmd bassin in het voorseizoen. Verder is er veel ruimte voor sport en spel, een groot speelterrein, een tennisbaan, een volleybalveld, jeu-de-boules-baan, speeltuin, pingpongtafels, een kunstgras sportveld.<br>Maar het grootste pluspunt van Mas de la Cam is de ligging op een bosrijk domein van 65 hectare, middenin in de natuur, aan de rivier Le Gardon die aan de voet van de <a href=\"https:\/\/www.camping-cevennes.info\/nl\/vakantie-gard\/kemperen-mont-aigoual\/\">Mont Aigoual<\/a> ontspringt.<\/p>\n\n\n\n<figure class=\"wp-block-image size-full animated fadeInRight delay-500ms slow\"><a href=\"https:\/\/www.camping-cevennes.info\/wp-content\/uploads\/2022\/10\/uzes.jpg\"><img decoding=\"async\" width=\"900\" height=\"600\" src=\"https:\/\/www.camping-cevennes.info\/wp-content\/uploads\/2022\/10\/uzes.jpg\" alt=\"uzes\" class=\"wp-image-3103\" srcset=\"https:\/\/www.camping-cevennes.info\/wp-content\/uploads\/2022\/10\/uzes.jpg 900w, https:\/\/www.camping-cevennes.info\/wp-content\/uploads\/2022\/10\/uzes-300x200.jpg 300w, https:\/\/www.camping-cevennes.info\/wp-content\/uploads\/2022\/10\/uzes-768x512.jpg 768w\" sizes=\"(max-width: 900px) 100vw, 900px\" \/><\/a><\/figure>\n<\/div>\n<\/div>\n\n\n    <\/div>\n<\/section>\n\n<section id=\"ls-section-block_3e2a7d509d5bfa9c8183f09b39ae6994\" class=\"ls-section  page-two has-m-b m-b-7 has-p-t p-t-0 has-p-b p-b-0\" >\n        <div class=\"container container--wide\">\n        \n\n<h2 class=\"ls__heading has-text-align-center deco-centree wp-block-heading\">WAT KUNT U DOEN IN UZ\u00c8S ?<\/h2>\n\n\n\n<p class=\"ls-paragraph has-text-align-center\">Er wonen zo\u2019n 8 500 inwoners in Uz\u00e8s, een mooi stadje dat veel bezoekers trekt, en niet alleen op de zaterdag als het markt is. Uz\u00e8s is een geschiedenisrijk stadje met veel kunst en kastelen, onder andere het Duch\u00e9 d\u2019Uz\u00e8s (Hertog\u2019s paleis), een oude romaanse kathedraal (Saint Th\u00e9odorit \u2013 Tour F\u00e9nestrelle), de XVIIIe eeuwse Saint Etienne kerk, een middeleeuwse tuin en sporen van de romeinse tijd met de Fontaine de l\u2019Eure.<\/p>\n\n\n\n<p class=\"ls-paragraph has-text-align-center\">In de directe nabijheid van Uz\u00e8s is een \u201cHaras\u201d, een prestigieuze paardenfokkerij, en verschillende musea, zoals het Oldtimermuseum, het Snoepmuseum, een Huifkarrenmuseum, en een museum voor Zuid-Franse keramiek. U kunt al flanerend de kleine straatjes van Uz\u00e8s ontdekken, een welverdiende pauze inlassen bij de ambachtelijke Meduz brouwerij. Vlakbij het Snoepmuseum is een attractiepark, het Dino Amusement Park.<\/p>\n\n\n    <\/div>\n<\/section>\n\n<section id=\"ls-section-block_5555462d2bc3d95d74bd8265353d60cc\" class=\"ls-section  parallax-seul has-background-image has-parallax has-m-b m-b-10\" >\n    <div class=\"ls-section__background-image opacity-100\"><img decoding=\"async\" src=\"https:\/\/www.camping-cevennes.info\/wp-content\/uploads\/2022\/11\/cathedral-uzes.jpg\" alt=\"cathedral uzes\"><\/div>    <div class=\"container container--full\">\n        \n    <\/div>\n<\/section>\n\n<section id=\"ls-section-block_828c6cf1e837620ffedbaccdf3ac28a0\" class=\"ls-section \" >\n        <div class=\"container container--wide\">\n        \n\n<div id=\"ls-heading ls-titre-div-block_e4d0e5db1d893520cebbac39bc68860c\" class=\"ls-titre-div deco-centree aligncenter h2-like\" >\n    Om de omgeving van de camping te ontdekken<\/div>\n\n\n<div id=\"ls-maillage-block_bc78890933cec649100645cd9e1bf71c\" class=\"ls-maillage cta-style-normal\" data-rows=\"3\">\n    <div class=\"wp-block-columns\"><div class=\"wp-block-column\">\n\n<a href=\"https:\/\/www.camping-cevennes.info\/nl\/vakantie-gard\/kamperen-aigues-mortes\/\" target=\"\" rel=\"noopener\" class=\"ls-cta__link\">\n\n\t<div class=\"ls-cta__image\"><img decoding=\"async\" src=\"https:\/\/www.camping-cevennes.info\/wp-content\/uploads\/2022\/10\/porte-aigues-morte-1024x480.jpg\" alt=\"porte aigues morte\"><\/div>\n\t<div class=\"ls-cta__title\">\n\t\tAigues Mortes\t<\/div>\n\n\t\t\n<\/a><\/div><div class=\"wp-block-column\">\n\n<a href=\"https:\/\/www.camping-cevennes.info\/nl\/vakantie-gard\/kamperen-mialet\/\" target=\"\" rel=\"noopener\" class=\"ls-cta__link\">\n\n\t<div class=\"ls-cta__image\"><img decoding=\"async\" src=\"https:\/\/www.camping-cevennes.info\/wp-content\/uploads\/2022\/11\/tourisme-mialet.jpg\" alt=\"tourisme mialet\"><\/div>\n\t<div class=\"ls-cta__title\">\n\t\tMialet\t<\/div>\n\n\t\t\n<\/a><\/div><div class=\"wp-block-column\">\n\n<a href=\"https:\/\/www.camping-cevennes.info\/nl\/vakantie-gard\/kamperen-nimes\/\" target=\"\" rel=\"noopener\" class=\"ls-cta__link\">\n\n\t<div class=\"ls-cta__image\"><img decoding=\"async\" src=\"https:\/\/www.camping-cevennes.info\/wp-content\/uploads\/2022\/10\/nimes-cathedrale-1024x480.jpg\" alt=\"nimes cathedrale\"><\/div>\n\t<div class=\"ls-cta__title\">\n\t\tN\u00eemes\t<\/div>\n\n\t\t\n<\/a><\/div><\/div><\/div>\n\n    <\/div>\n<\/section>","protected":false},"excerpt":{"rendered":"","protected":false},"author":1,"featured_media":3099,"parent":4786,"menu_order":0,"comment_status":"closed","ping_status":"closed","template":"","meta":{"_acf_changed":false,"footnotes":""},"sujet":[],"class_list":["post-4881","page","type-page","status-publish","has-post-thumbnail","hentry"],"acf":[],"yoast_head":"<!-- This site is optimized with the Yoast SEO plugin v25.3 - https:\/\/yoast.com\/wordpress\/plugins\/seo\/ -->\n<title>Camping Uzes | Vakantiewoning Uz\u00e8s | Vakantie in Uzes in de Gard<\/title>\n<meta name=\"description\" content=\"Toeristische activiteiten in Uzes, plaatsen die niet te missen zijn, wat te zien, wat te doen tijdens zijn vakantie in Uzes\" \/>\n<meta name=\"robots\" content=\"index, follow, max-snippet:-1, max-image-preview:large, max-video-preview:-1\" \/>\n<link rel=\"canonical\" href=\"https:\/\/www.camping-cevennes.info\/nl\/vakantie-gard\/kamperen-uzes\/\" \/>\n<meta property=\"og:locale\" content=\"nl_NL\" \/>\n<meta property=\"og:type\" content=\"article\" \/>\n<meta property=\"og:title\" content=\"Camping Uzes | Vakantiewoning Uz\u00e8s | Vakantie in Uzes in de Gard\" \/>\n<meta property=\"og:description\" content=\"Toeristische activiteiten in Uzes, plaatsen die niet te missen zijn, wat te zien, wat te doen tijdens zijn vakantie in Uzes\" \/>\n<meta property=\"og:url\" content=\"https:\/\/www.camping-cevennes.info\/nl\/vakantie-gard\/kamperen-uzes\/\" \/>\n<meta property=\"og:site_name\" content=\"Camping Mas de la Cam\" \/>\n<meta property=\"article:modified_time\" content=\"2022-11-14T13:19:13+00:00\" \/>\n<meta property=\"og:image\" content=\"https:\/\/www.camping-cevennes.info\/wp-content\/uploads\/2022\/10\/uzes-ville-gard.jpg\" \/>\n\t<meta property=\"og:image:width\" content=\"1920\" \/>\n\t<meta property=\"og:image:height\" content=\"900\" \/>\n\t<meta property=\"og:image:type\" content=\"image\/jpeg\" \/>\n<meta name=\"twitter:card\" content=\"summary_large_image\" \/>\n<meta name=\"twitter:label1\" content=\"Geschatte leestijd\" \/>\n\t<meta name=\"twitter:data1\" content=\"3 minuten\" \/>\n<script type=\"application\/ld+json\" class=\"yoast-schema-graph\">{\"@context\":\"https:\/\/schema.org\",\"@graph\":[{\"@type\":\"WebPage\",\"@id\":\"https:\/\/www.camping-cevennes.info\/nl\/vakantie-gard\/kamperen-uzes\/\",\"url\":\"https:\/\/www.camping-cevennes.info\/nl\/vakantie-gard\/kamperen-uzes\/\",\"name\":\"Camping Uzes | Vakantiewoning Uz\u00e8s | Vakantie in Uzes in de Gard\",\"isPartOf\":{\"@id\":\"https:\/\/www.camping-cevennes.info\/nl\/#website\"},\"primaryImageOfPage\":{\"@id\":\"https:\/\/www.camping-cevennes.info\/nl\/vakantie-gard\/kamperen-uzes\/#primaryimage\"},\"image\":{\"@id\":\"https:\/\/www.camping-cevennes.info\/nl\/vakantie-gard\/kamperen-uzes\/#primaryimage\"},\"thumbnailUrl\":\"https:\/\/www.camping-cevennes.info\/wp-content\/uploads\/2022\/10\/uzes-ville-gard.jpg\",\"datePublished\":\"2022-10-19T14:19:57+00:00\",\"dateModified\":\"2022-11-14T13:19:13+00:00\",\"description\":\"Toeristische activiteiten in Uzes, plaatsen die niet te missen zijn, wat te zien, wat te doen tijdens zijn vakantie in Uzes\",\"breadcrumb\":{\"@id\":\"https:\/\/www.camping-cevennes.info\/nl\/vakantie-gard\/kamperen-uzes\/#breadcrumb\"},\"inLanguage\":\"nl-NL\",\"potentialAction\":[{\"@type\":\"ReadAction\",\"target\":[\"https:\/\/www.camping-cevennes.info\/nl\/vakantie-gard\/kamperen-uzes\/\"]}]},{\"@type\":\"ImageObject\",\"inLanguage\":\"nl-NL\",\"@id\":\"https:\/\/www.camping-cevennes.info\/nl\/vakantie-gard\/kamperen-uzes\/#primaryimage\",\"url\":\"https:\/\/www.camping-cevennes.info\/wp-content\/uploads\/2022\/10\/uzes-ville-gard.jpg\",\"contentUrl\":\"https:\/\/www.camping-cevennes.info\/wp-content\/uploads\/2022\/10\/uzes-ville-gard.jpg\",\"width\":1920,\"height\":900,\"caption\":\"uzes ville gard\"},{\"@type\":\"BreadcrumbList\",\"@id\":\"https:\/\/www.camping-cevennes.info\/nl\/vakantie-gard\/kamperen-uzes\/#breadcrumb\",\"itemListElement\":[{\"@type\":\"ListItem\",\"position\":1,\"name\":\"Kamperen C\u00e9vennes\",\"item\":\"https:\/\/www.camping-cevennes.info\/nl\/\"},{\"@type\":\"ListItem\",\"position\":2,\"name\":\"De Gard\",\"item\":\"https:\/\/www.camping-cevennes.info\/nl\/vakantie-gard\/\"},{\"@type\":\"ListItem\",\"position\":3,\"name\":\"Camping in de buurt van Uz\u00e8s\"}]},{\"@type\":\"WebSite\",\"@id\":\"https:\/\/www.camping-cevennes.info\/nl\/#website\",\"url\":\"https:\/\/www.camping-cevennes.info\/nl\/\",\"name\":\"Camping Mas de la Cam\",\"description\":\"\",\"publisher\":{\"@id\":\"https:\/\/www.camping-cevennes.info\/nl\/#organization\"},\"potentialAction\":[{\"@type\":\"SearchAction\",\"target\":{\"@type\":\"EntryPoint\",\"urlTemplate\":\"https:\/\/www.camping-cevennes.info\/nl\/?s={search_term_string}\"},\"query-input\":{\"@type\":\"PropertyValueSpecification\",\"valueRequired\":true,\"valueName\":\"search_term_string\"}}],\"inLanguage\":\"nl-NL\"},{\"@type\":\"Organization\",\"@id\":\"https:\/\/www.camping-cevennes.info\/nl\/#organization\",\"name\":\"Camping Mas de la Cam\",\"url\":\"https:\/\/www.camping-cevennes.info\/nl\/\",\"logo\":{\"@type\":\"ImageObject\",\"inLanguage\":\"nl-NL\",\"@id\":\"https:\/\/www.camping-cevennes.info\/nl\/#\/schema\/logo\/image\/\",\"url\":\"https:\/\/www.camping-cevennes.info\/wp-content\/uploads\/2022\/09\/logo-camping-mas-de-la-cam-noir-1.png\",\"contentUrl\":\"https:\/\/www.camping-cevennes.info\/wp-content\/uploads\/2022\/09\/logo-camping-mas-de-la-cam-noir-1.png\",\"width\":625,\"height\":190,\"caption\":\"Camping Mas de la Cam\"},\"image\":{\"@id\":\"https:\/\/www.camping-cevennes.info\/nl\/#\/schema\/logo\/image\/\"}}]}<\/script>\n<!-- \/ Yoast SEO plugin. -->","yoast_head_json":{"title":"Camping Uzes | Vakantiewoning Uz\u00e8s | Vakantie in Uzes in de Gard","description":"Toeristische activiteiten in Uzes, plaatsen die niet te missen zijn, wat te zien, wat te doen tijdens zijn vakantie in Uzes","robots":{"index":"index","follow":"follow","max-snippet":"max-snippet:-1","max-image-preview":"max-image-preview:large","max-video-preview":"max-video-preview:-1"},"canonical":"https:\/\/www.camping-cevennes.info\/nl\/vakantie-gard\/kamperen-uzes\/","og_locale":"nl_NL","og_type":"article","og_title":"Camping Uzes | Vakantiewoning Uz\u00e8s | Vakantie in Uzes in de Gard","og_description":"Toeristische activiteiten in Uzes, plaatsen die niet te missen zijn, wat te zien, wat te doen tijdens zijn vakantie in Uzes","og_url":"https:\/\/www.camping-cevennes.info\/nl\/vakantie-gard\/kamperen-uzes\/","og_site_name":"Camping Mas de la Cam","article_modified_time":"2022-11-14T13:19:13+00:00","og_image":[{"width":1920,"height":900,"url":"https:\/\/www.camping-cevennes.info\/wp-content\/uploads\/2022\/10\/uzes-ville-gard.jpg","type":"image\/jpeg"}],"twitter_card":"summary_large_image","twitter_misc":{"Geschatte leestijd":"3 minuten"},"schema":{"@context":"https:\/\/schema.org","@graph":[{"@type":"WebPage","@id":"https:\/\/www.camping-cevennes.info\/nl\/vakantie-gard\/kamperen-uzes\/","url":"https:\/\/www.camping-cevennes.info\/nl\/vakantie-gard\/kamperen-uzes\/","name":"Camping Uzes | Vakantiewoning Uz\u00e8s | Vakantie in Uzes in de Gard","isPartOf":{"@id":"https:\/\/www.camping-cevennes.info\/nl\/#website"},"primaryImageOfPage":{"@id":"https:\/\/www.camping-cevennes.info\/nl\/vakantie-gard\/kamperen-uzes\/#primaryimage"},"image":{"@id":"https:\/\/www.camping-cevennes.info\/nl\/vakantie-gard\/kamperen-uzes\/#primaryimage"},"thumbnailUrl":"https:\/\/www.camping-cevennes.info\/wp-content\/uploads\/2022\/10\/uzes-ville-gard.jpg","datePublished":"2022-10-19T14:19:57+00:00","dateModified":"2022-11-14T13:19:13+00:00","description":"Toeristische activiteiten in Uzes, plaatsen die niet te missen zijn, wat te zien, wat te doen tijdens zijn vakantie in Uzes","breadcrumb":{"@id":"https:\/\/www.camping-cevennes.info\/nl\/vakantie-gard\/kamperen-uzes\/#breadcrumb"},"inLanguage":"nl-NL","potentialAction":[{"@type":"ReadAction","target":["https:\/\/www.camping-cevennes.info\/nl\/vakantie-gard\/kamperen-uzes\/"]}]},{"@type":"ImageObject","inLanguage":"nl-NL","@id":"https:\/\/www.camping-cevennes.info\/nl\/vakantie-gard\/kamperen-uzes\/#primaryimage","url":"https:\/\/www.camping-cevennes.info\/wp-content\/uploads\/2022\/10\/uzes-ville-gard.jpg","contentUrl":"https:\/\/www.camping-cevennes.info\/wp-content\/uploads\/2022\/10\/uzes-ville-gard.jpg","width":1920,"height":900,"caption":"uzes ville gard"},{"@type":"BreadcrumbList","@id":"https:\/\/www.camping-cevennes.info\/nl\/vakantie-gard\/kamperen-uzes\/#breadcrumb","itemListElement":[{"@type":"ListItem","position":1,"name":"Kamperen C\u00e9vennes","item":"https:\/\/www.camping-cevennes.info\/nl\/"},{"@type":"ListItem","position":2,"name":"De Gard","item":"https:\/\/www.camping-cevennes.info\/nl\/vakantie-gard\/"},{"@type":"ListItem","position":3,"name":"Camping in de buurt van Uz\u00e8s"}]},{"@type":"WebSite","@id":"https:\/\/www.camping-cevennes.info\/nl\/#website","url":"https:\/\/www.camping-cevennes.info\/nl\/","name":"Camping Mas de la Cam","description":"","publisher":{"@id":"https:\/\/www.camping-cevennes.info\/nl\/#organization"},"potentialAction":[{"@type":"SearchAction","target":{"@type":"EntryPoint","urlTemplate":"https:\/\/www.camping-cevennes.info\/nl\/?s={search_term_string}"},"query-input":{"@type":"PropertyValueSpecification","valueRequired":true,"valueName":"search_term_string"}}],"inLanguage":"nl-NL"},{"@type":"Organization","@id":"https:\/\/www.camping-cevennes.info\/nl\/#organization","name":"Camping Mas de la Cam","url":"https:\/\/www.camping-cevennes.info\/nl\/","logo":{"@type":"ImageObject","inLanguage":"nl-NL","@id":"https:\/\/www.camping-cevennes.info\/nl\/#\/schema\/logo\/image\/","url":"https:\/\/www.camping-cevennes.info\/wp-content\/uploads\/2022\/09\/logo-camping-mas-de-la-cam-noir-1.png","contentUrl":"https:\/\/www.camping-cevennes.info\/wp-content\/uploads\/2022\/09\/logo-camping-mas-de-la-cam-noir-1.png","width":625,"height":190,"caption":"Camping Mas de la Cam"},"image":{"@id":"https:\/\/www.camping-cevennes.info\/nl\/#\/schema\/logo\/image\/"}}]}},"_links":{"self":[{"href":"https:\/\/www.camping-cevennes.info\/nl\/wp-json\/wp\/v2\/pages\/4881","targetHints":{"allow":["GET"]}}],"collection":[{"href":"https:\/\/www.camping-cevennes.info\/nl\/wp-json\/wp\/v2\/pages"}],"about":[{"href":"https:\/\/www.camping-cevennes.info\/nl\/wp-json\/wp\/v2\/types\/page"}],"author":[{"embeddable":true,"href":"https:\/\/www.camping-cevennes.info\/nl\/wp-json\/wp\/v2\/users\/1"}],"replies":[{"embeddable":true,"href":"https:\/\/www.camping-cevennes.info\/nl\/wp-json\/wp\/v2\/comments?post=4881"}],"version-history":[{"count":8,"href":"https:\/\/www.camping-cevennes.info\/nl\/wp-json\/wp\/v2\/pages\/4881\/revisions"}],"predecessor-version":[{"id":6106,"href":"https:\/\/www.camping-cevennes.info\/nl\/wp-json\/wp\/v2\/pages\/4881\/revisions\/6106"}],"up":[{"embeddable":true,"href":"https:\/\/www.camping-cevennes.info\/nl\/wp-json\/wp\/v2\/pages\/4786"}],"wp:featuredmedia":[{"embeddable":true,"href":"https:\/\/www.camping-cevennes.info\/nl\/wp-json\/wp\/v2\/media\/3099"}],"wp:attachment":[{"href":"https:\/\/www.camping-cevennes.info\/nl\/wp-json\/wp\/v2\/media?parent=4881"}],"wp:term":[{"taxonomy":"sujet","embeddable":true,"href":"https:\/\/www.camping-cevennes.info\/nl\/wp-json\/wp\/v2\/sujet?post=4881"}],"curies":[{"name":"wp","href":"https:\/\/api.w.org\/{rel}","templated":true}]}}