{"id":4857,"date":"2022-10-19T16:50:32","date_gmt":"2022-10-19T14:50:32","guid":{"rendered":"https:\/\/www.camping-cevennes.info\/vacances-gard\/camping-gorges-du-tarn\/"},"modified":"2022-11-14T16:41:06","modified_gmt":"2022-11-14T15:41:06","slug":"kamperen-gorges-du-tarn","status":"publish","type":"page","link":"https:\/\/www.camping-cevennes.info\/nl\/vakantie-gard\/kamperen-gorges-du-tarn\/","title":{"rendered":"Gorges du Tarn"},"content":{"rendered":"<section id=\"ls-section-block_e141a709638773e0d5d574028c4bbfa4\" class=\"ls-section  page-intro has-p-t p-t-14\" >\n        <div class=\"container container--wide\">\n        \n\n<div class=\"wp-block-columns columns-parent is-layout-flex wp-container-core-columns-is-layout-9d6595d7 wp-block-columns-is-layout-flex\">\n<div class=\"wp-block-column is-vertically-aligned-center left is-layout-flow wp-block-column-is-layout-flow\">\n<h1 class=\"ls__heading animated fadeInLeft delay-200ms wp-block-heading\"><span class=\"small\">CAMPING IN DE <\/span><br><span class=\"bold\">KLOVEN IN DE TARN<\/span><\/h1>\n\n\n\n<p class=\"ls-paragraph\">In het hart van de Cevennen, in de buurt van de Kloven in de Tarn, ligt <a href=\"\/nl\/\">4 sterren camping Mas de la Cam<\/a> in een schitterende natuurlijke omgeving aan de rivier Le Gardon. Of u nu op zoek bent naar een schaduwrijke kampeerplaats, of naar een comfortabele vakantiewoning, deze gezinscamping is een ideale vakantiebestemming voor natuurliefhebbers op zoek naar ontspanning in de regio Occitanie.<\/p>\n<\/div>\n\n\n\n<div class=\"wp-block-column is-vertically-aligned-center right is-layout-flow wp-block-column-is-layout-flow\">\n<iframe src=\"https:\/\/www.google.com\/maps\/embed?pb=!1m28!1m12!1m3!1d188380.08358297992!2d3.532055049951304!3d44.214380782148744!2m3!1f0!2f0!3f0!3m2!1i1024!2i768!4f13.1!4m13!3e0!4m5!1s0x12b471649f944325%3A0x75353720ffe2581!2sMas%20de%20la%20Cam%2C%20Saint-Jean-du-Gard!3m2!1d44.112027999999995!2d3.8540129999999997!4m5!1s0x12b3afbcb6d7121d%3A0x72266d9dc5024a5c!2sGorges%20du%20Tarn%2C%2048150%20Saint-Pierre-des-Tripiers!3m2!1d44.230241899999996!2d3.2342!5e0!3m2!1sfr!2sfr!4v1666621692253!5m2!1sfr!2sfr\" width=\"600\" height=\"100%\" style=\"border:0;\" allowfullscreen=\"\" loading=\"lazy\" referrerpolicy=\"no-referrer-when-downgrade\"><\/iframe>\n<\/div>\n<\/div>\n\n\n    <\/div>\n<\/section>\n\n<section id=\"ls-section-block_d972ca3128e6380df2d727b5ba4971b5\" class=\"ls-section  has-p-t p-t-0 has-p-b p-b-0\" >\n        <div class=\"container \">\n        \n    <\/div>\n<\/section>\n\n<section id=\"ls-section-block_bcf1e35d1e0fd97a73fd36c582275307\" class=\"ls-section  page-one has-m-t m-t-6 has-p-t p-t-0\" >\n        <div class=\"container container--wide\">\n        \n\n<div class=\"wp-block-columns is-layout-flex wp-container-core-columns-is-layout-9d6595d7 wp-block-columns-is-layout-flex\">\n<div class=\"wp-block-column is-vertically-aligned-center is-layout-flow wp-block-column-is-layout-flow\">\n<figure class=\"wp-block-embed is-type-video is-provider-youtube wp-block-embed-youtube wp-embed-aspect-16-9 wp-has-aspect-ratio\"><div class=\"wp-block-embed__wrapper\">\n<iframe loading=\"lazy\" title=\"GORGES DU TARN \/ Loz\u00e8re - [4K drone footage]\" width=\"500\" height=\"281\" src=\"https:\/\/www.youtube.com\/embed\/NefcwAX5zkk?feature=oembed\" frameborder=\"0\" allow=\"accelerometer; autoplay; clipboard-write; encrypted-media; gyroscope; picture-in-picture; web-share\" referrerpolicy=\"strict-origin-when-cross-origin\" allowfullscreen><\/iframe>\n<\/div><\/figure>\n\n\n\n<p class=\"ls-paragraph\">Er worden ook vakantiewoningen verhuurd in de Mas, de uit natuursteen opgetrokken herenboerderij op de camping, die maximaal 6 personen kunnen herbergen. Sommige van deze vakantieappartementen hebben een eigen tuin, waar u heerlijk in de Zuid-Franse zon kunt ontbijten, of gezellig kunt barbecue\u00ebn.<\/p>\n\n\n\n<p class=\"ls-paragraph\">Camping Mas de la Cam in Saint Jean du Gard heeft een riant zwembad, waarvan \u00e9\u00e9n bassin verwarmd wordt in het laagseizoen, een kunstgras multi-sportveld, jeu-de-boules banen, een tennisbaan, een volleybalveld, 4 pingpong tafels en een speeltuin voor de kleintjes. Bovendien ligt de camping direct aan de rivier Le Gardon, met een ruime met gras begroeide ligweide en kiezelstrand : lekker zwemmen in de natuur, of ontspannen dobberen op een luchtbed met uitzicht over de Cevennen.<\/p>\n<\/div>\n\n\n\n<div class=\"wp-block-column is-vertically-aligned-center is-layout-flow wp-block-column-is-layout-flow\">\n<h2 class=\"ls__heading deco wp-block-heading\">EEN 4-STERREN CAMPING IN HET HART VAN DE KLOVEN IN DE TARN<\/h2>\n\n\n\n<p class=\"ls-paragraph\">Welkom op camping Mas de la Cam, een zeer comfortabele camping, met als bijzonderheid dat er geen stacaravans of mobilhomes te vinden zijn op het kampeerterrein. In een bebost domein van 65 hectare, met een schitterend uitzicht over de bergen van de Cevennen, kunt u op Mas de la Cam ontspannen en genieten van de natuurschatten en cultuur van het occitaanse binnenland.<\/p>\n\n\n\n<p class=\"ls-paragraph\">Onze camping heeft ruime staanplaatsen van 100 \u2013 120M2 groot voor tenten, caravans en campers, de meeste plaatsen met elektriciteit. <\/p>\n\n\n\n<figure class=\"wp-block-image size-full animated fadeInRight delay-500ms slow\"><a href=\"https:\/\/www.camping-cevennes.info\/wp-content\/uploads\/2022\/10\/gites-cevennes.jpg\"><img decoding=\"async\" width=\"900\" height=\"600\" src=\"https:\/\/www.camping-cevennes.info\/wp-content\/uploads\/2022\/10\/gites-cevennes.jpg\" alt=\"gite camping gore tarnaise\" class=\"wp-image-1862\" srcset=\"https:\/\/www.camping-cevennes.info\/wp-content\/uploads\/2022\/10\/gites-cevennes.jpg 900w, https:\/\/www.camping-cevennes.info\/wp-content\/uploads\/2022\/10\/gites-cevennes-300x200.jpg 300w, https:\/\/www.camping-cevennes.info\/wp-content\/uploads\/2022\/10\/gites-cevennes-768x512.jpg 768w\" sizes=\"(max-width: 900px) 100vw, 900px\" \/><\/a><\/figure>\n<\/div>\n<\/div>\n\n\n    <\/div>\n<\/section>\n\n<section id=\"ls-section-block_c8163da0228b0036b74c02b40943202c\" class=\"ls-section  page-two has-m-b m-b-7 has-p-t p-t-0 has-p-b p-b-0\" >\n        <div class=\"container container--wide\">\n        \n\n<h2 class=\"ls__heading has-text-align-center deco-centree wp-block-heading\">WAT KUNT U DOEN IN DE KLOVEN IN DE TARN ?<\/h2>\n\n\n\n<p class=\"ls-paragraph has-text-align-center\">De Kloven in de Tarn zijn wereldwijd bekend : de kloof die door de rivier de Tarn in de rotspartijen tussen Rozier en Qu\u00e9zac zijn uitgeslepen zijn prachtig. Ze liggen in de Loz\u00e8re, maar kunnen ook vanuit de Aveyron gezien worden. Het is een fantastisch natuurgebied dat uitermate geschikt is voor wandelen, kano\u00ebn en kajakken, bergklimmen, zwemmen en speleologie. Vanaf het Point Sublime heeft u een schitterend uitzicht over de kloof die de klim er naar toe absoluut de moeite waard maakt. Verschillende andere mooie stekjes en pittoreske plekken zijn de moeite waard zoals Les D\u00e9troits, le Cirque de St. Ch\u00e9ly-du-Tarn, le Cirque des Baumes en le Cirque de Pougnadoires. In de Loz\u00e8re zijn veel uitstapjes te maken zoals de Aven Armand, de Dargilangrot, en de verschillende musea en parken zoals het Maison des Vautours (Huis van de Gieren), het \u00e9comuseum van de Mont Loz\u00e8re, het archeologische museum in Banassac.<\/p>\n\n\n\n<p class=\"ls-paragraph has-text-align-center\">De Kloven in de Tarn zijn zowel qua natuur als cultureel erfgoed de moeite waard. Langs de route kunt u hoger gelegen prachtige kastelen zien liggen, die aan de dorpjes van de Grands Causses, zoals Sainte Enimie (chateau de Castelbouc), La Mal\u00e8ne en Hauteruves, hun pittoreske charme verlenen.<\/p>\n\n\n    <\/div>\n<\/section>\n\n<section id=\"ls-section-block_651b745c56b83e490f8bdc7963c41768\" class=\"ls-section  parallax-seul has-background-image has-parallax has-m-b m-b-10\" >\n    <div class=\"ls-section__background-image opacity-100\"><img decoding=\"async\" src=\"https:\/\/www.camping-cevennes.info\/wp-content\/uploads\/2022\/10\/gorge-du-tarn.jpg\" alt=\"gorge du tarn\"><\/div>    <div class=\"container container--full\">\n        \n    <\/div>\n<\/section>\n\n<section id=\"ls-section-block_aaa8aaa3ae02aaee79deaaefde743cfc\" class=\"ls-section \" >\n        <div class=\"container container--wide\">\n        \n\n<div id=\"ls-heading ls-titre-div-block_62155a72edadb09401a4525c8645210d\" class=\"ls-titre-div deco-centree aligncenter h2-like\" >\n    Ook te ontdekken<\/div>\n\n\n<div id=\"ls-maillage-block_00c8185c4d3d8e69c5142cfb9308f883\" class=\"ls-maillage cta-style-normal\" data-rows=\"3\">\n    <div class=\"wp-block-columns\"><div class=\"wp-block-column\">\n\n<a href=\"https:\/\/www.camping-cevennes.info\/nl\/vakantie-gard\/bamboebos-cevennen\/\" target=\"\" rel=\"noopener\" class=\"ls-cta__link\">\n\n\t<div class=\"ls-cta__image\"><img decoding=\"async\" src=\"https:\/\/www.camping-cevennes.info\/wp-content\/uploads\/2022\/10\/bamboo-1024x480.jpg\" alt=\"bamboo\"><\/div>\n\t<div class=\"ls-cta__title\">\n\t\tBambouseraie\t<\/div>\n\n\t\t\n<\/a><\/div><div class=\"wp-block-column\">\n\n<a href=\"https:\/\/www.camping-cevennes.info\/nl\/vakantie-gard\/kamperen-gorge-de-lardeche\/\" target=\"\" rel=\"noopener\" class=\"ls-cta__link\">\n\n\t<div class=\"ls-cta__image\"><img decoding=\"async\" src=\"https:\/\/www.camping-cevennes.info\/wp-content\/uploads\/2022\/10\/gorges-ardeche.jpg\" alt=\"gorge ardeche kayak\"><\/div>\n\t<div class=\"ls-cta__title\">\n\t\tGorges de l&#8217;Ard\u00e8che\t<\/div>\n\n\t\t\n<\/a><\/div><div class=\"wp-block-column\">\n\n<a href=\"https:\/\/www.camping-cevennes.info\/nl\/vakantie-gard\/kemperen-mont-aigoual\/\" target=\"\" rel=\"noopener\" class=\"ls-cta__link\">\n\n\t<div class=\"ls-cta__image\"><img decoding=\"async\" src=\"https:\/\/www.camping-cevennes.info\/wp-content\/uploads\/2022\/10\/mont-aigoual-gard.jpg\" alt=\"mont aigoual gard\"><\/div>\n\t<div class=\"ls-cta__title\">\n\t\tMont aigoual\t<\/div>\n\n\t\t\n<\/a><\/div><\/div><\/div>\n\n    <\/div>\n<\/section>","protected":false},"excerpt":{"rendered":"","protected":false},"author":1,"featured_media":4203,"parent":4786,"menu_order":0,"comment_status":"closed","ping_status":"closed","template":"","meta":{"_acf_changed":false,"footnotes":""},"sujet":[],"class_list":["post-4857","page","type-page","status-publish","has-post-thumbnail","hentry"],"acf":[],"yoast_head":"<!-- This site is optimized with the Yoast SEO plugin v25.3 - https:\/\/yoast.com\/wordpress\/plugins\/seo\/ -->\n<title>Camping Kloven in de Tarn | Vakantiewoning G\u00eete Kloven in de Tarn<\/title>\n<meta name=\"description\" content=\"Laat u verleiden door de Kloven in de Tarn voor uw volgende kampeervakantie in de Gard\" \/>\n<meta name=\"robots\" content=\"index, follow, max-snippet:-1, max-image-preview:large, max-video-preview:-1\" \/>\n<link rel=\"canonical\" href=\"https:\/\/www.camping-cevennes.info\/nl\/vakantie-gard\/kamperen-gorges-du-tarn\/\" \/>\n<meta property=\"og:locale\" content=\"nl_NL\" \/>\n<meta property=\"og:type\" content=\"article\" \/>\n<meta property=\"og:title\" content=\"Camping Kloven in de Tarn | Vakantiewoning G\u00eete Kloven in de Tarn\" \/>\n<meta property=\"og:description\" content=\"Laat u verleiden door de Kloven in de Tarn voor uw volgende kampeervakantie in de Gard\" \/>\n<meta property=\"og:url\" content=\"https:\/\/www.camping-cevennes.info\/nl\/vakantie-gard\/kamperen-gorges-du-tarn\/\" \/>\n<meta property=\"og:site_name\" content=\"Camping Mas de la Cam\" \/>\n<meta property=\"article:modified_time\" content=\"2022-11-14T15:41:06+00:00\" \/>\n<meta property=\"og:image\" content=\"https:\/\/www.camping-cevennes.info\/wp-content\/uploads\/2022\/11\/gorge-du-tarn.jpg\" \/>\n\t<meta property=\"og:image:width\" content=\"1920\" \/>\n\t<meta property=\"og:image:height\" content=\"900\" \/>\n\t<meta property=\"og:image:type\" content=\"image\/jpeg\" \/>\n<meta name=\"twitter:card\" content=\"summary_large_image\" \/>\n<meta name=\"twitter:label1\" content=\"Geschatte leestijd\" \/>\n\t<meta name=\"twitter:data1\" content=\"3 minuten\" \/>\n<script type=\"application\/ld+json\" class=\"yoast-schema-graph\">{\"@context\":\"https:\/\/schema.org\",\"@graph\":[{\"@type\":\"WebPage\",\"@id\":\"https:\/\/www.camping-cevennes.info\/nl\/vakantie-gard\/kamperen-gorges-du-tarn\/\",\"url\":\"https:\/\/www.camping-cevennes.info\/nl\/vakantie-gard\/kamperen-gorges-du-tarn\/\",\"name\":\"Camping Kloven in de Tarn | Vakantiewoning G\u00eete Kloven in de Tarn\",\"isPartOf\":{\"@id\":\"https:\/\/www.camping-cevennes.info\/nl\/#website\"},\"primaryImageOfPage\":{\"@id\":\"https:\/\/www.camping-cevennes.info\/nl\/vakantie-gard\/kamperen-gorges-du-tarn\/#primaryimage\"},\"image\":{\"@id\":\"https:\/\/www.camping-cevennes.info\/nl\/vakantie-gard\/kamperen-gorges-du-tarn\/#primaryimage\"},\"thumbnailUrl\":\"https:\/\/www.camping-cevennes.info\/wp-content\/uploads\/2022\/11\/gorge-du-tarn.jpg\",\"datePublished\":\"2022-10-19T14:50:32+00:00\",\"dateModified\":\"2022-11-14T15:41:06+00:00\",\"description\":\"Laat u verleiden door de Kloven in de Tarn voor uw volgende kampeervakantie in de Gard\",\"breadcrumb\":{\"@id\":\"https:\/\/www.camping-cevennes.info\/nl\/vakantie-gard\/kamperen-gorges-du-tarn\/#breadcrumb\"},\"inLanguage\":\"nl-NL\",\"potentialAction\":[{\"@type\":\"ReadAction\",\"target\":[\"https:\/\/www.camping-cevennes.info\/nl\/vakantie-gard\/kamperen-gorges-du-tarn\/\"]}]},{\"@type\":\"ImageObject\",\"inLanguage\":\"nl-NL\",\"@id\":\"https:\/\/www.camping-cevennes.info\/nl\/vakantie-gard\/kamperen-gorges-du-tarn\/#primaryimage\",\"url\":\"https:\/\/www.camping-cevennes.info\/wp-content\/uploads\/2022\/11\/gorge-du-tarn.jpg\",\"contentUrl\":\"https:\/\/www.camping-cevennes.info\/wp-content\/uploads\/2022\/11\/gorge-du-tarn.jpg\",\"width\":1920,\"height\":900,\"caption\":\"gorge du tarn\"},{\"@type\":\"BreadcrumbList\",\"@id\":\"https:\/\/www.camping-cevennes.info\/nl\/vakantie-gard\/kamperen-gorges-du-tarn\/#breadcrumb\",\"itemListElement\":[{\"@type\":\"ListItem\",\"position\":1,\"name\":\"Kamperen C\u00e9vennes\",\"item\":\"https:\/\/www.camping-cevennes.info\/nl\/\"},{\"@type\":\"ListItem\",\"position\":2,\"name\":\"De Gard\",\"item\":\"https:\/\/www.camping-cevennes.info\/nl\/vakantie-gard\/\"},{\"@type\":\"ListItem\",\"position\":3,\"name\":\"Camping in de Kloven in de Tarn\"}]},{\"@type\":\"WebSite\",\"@id\":\"https:\/\/www.camping-cevennes.info\/nl\/#website\",\"url\":\"https:\/\/www.camping-cevennes.info\/nl\/\",\"name\":\"Camping Mas de la Cam\",\"description\":\"\",\"publisher\":{\"@id\":\"https:\/\/www.camping-cevennes.info\/nl\/#organization\"},\"potentialAction\":[{\"@type\":\"SearchAction\",\"target\":{\"@type\":\"EntryPoint\",\"urlTemplate\":\"https:\/\/www.camping-cevennes.info\/nl\/?s={search_term_string}\"},\"query-input\":{\"@type\":\"PropertyValueSpecification\",\"valueRequired\":true,\"valueName\":\"search_term_string\"}}],\"inLanguage\":\"nl-NL\"},{\"@type\":\"Organization\",\"@id\":\"https:\/\/www.camping-cevennes.info\/nl\/#organization\",\"name\":\"Camping Mas de la Cam\",\"url\":\"https:\/\/www.camping-cevennes.info\/nl\/\",\"logo\":{\"@type\":\"ImageObject\",\"inLanguage\":\"nl-NL\",\"@id\":\"https:\/\/www.camping-cevennes.info\/nl\/#\/schema\/logo\/image\/\",\"url\":\"https:\/\/www.camping-cevennes.info\/wp-content\/uploads\/2022\/09\/logo-camping-mas-de-la-cam-noir-1.png\",\"contentUrl\":\"https:\/\/www.camping-cevennes.info\/wp-content\/uploads\/2022\/09\/logo-camping-mas-de-la-cam-noir-1.png\",\"width\":625,\"height\":190,\"caption\":\"Camping Mas de la Cam\"},\"image\":{\"@id\":\"https:\/\/www.camping-cevennes.info\/nl\/#\/schema\/logo\/image\/\"}}]}<\/script>\n<!-- \/ Yoast SEO plugin. -->","yoast_head_json":{"title":"Camping Kloven in de Tarn | Vakantiewoning G\u00eete Kloven in de Tarn","description":"Laat u verleiden door de Kloven in de Tarn voor uw volgende kampeervakantie in de Gard","robots":{"index":"index","follow":"follow","max-snippet":"max-snippet:-1","max-image-preview":"max-image-preview:large","max-video-preview":"max-video-preview:-1"},"canonical":"https:\/\/www.camping-cevennes.info\/nl\/vakantie-gard\/kamperen-gorges-du-tarn\/","og_locale":"nl_NL","og_type":"article","og_title":"Camping Kloven in de Tarn | Vakantiewoning G\u00eete Kloven in de Tarn","og_description":"Laat u verleiden door de Kloven in de Tarn voor uw volgende kampeervakantie in de Gard","og_url":"https:\/\/www.camping-cevennes.info\/nl\/vakantie-gard\/kamperen-gorges-du-tarn\/","og_site_name":"Camping Mas de la Cam","article_modified_time":"2022-11-14T15:41:06+00:00","og_image":[{"width":1920,"height":900,"url":"https:\/\/www.camping-cevennes.info\/wp-content\/uploads\/2022\/11\/gorge-du-tarn.jpg","type":"image\/jpeg"}],"twitter_card":"summary_large_image","twitter_misc":{"Geschatte leestijd":"3 minuten"},"schema":{"@context":"https:\/\/schema.org","@graph":[{"@type":"WebPage","@id":"https:\/\/www.camping-cevennes.info\/nl\/vakantie-gard\/kamperen-gorges-du-tarn\/","url":"https:\/\/www.camping-cevennes.info\/nl\/vakantie-gard\/kamperen-gorges-du-tarn\/","name":"Camping Kloven in de Tarn | Vakantiewoning G\u00eete Kloven in de Tarn","isPartOf":{"@id":"https:\/\/www.camping-cevennes.info\/nl\/#website"},"primaryImageOfPage":{"@id":"https:\/\/www.camping-cevennes.info\/nl\/vakantie-gard\/kamperen-gorges-du-tarn\/#primaryimage"},"image":{"@id":"https:\/\/www.camping-cevennes.info\/nl\/vakantie-gard\/kamperen-gorges-du-tarn\/#primaryimage"},"thumbnailUrl":"https:\/\/www.camping-cevennes.info\/wp-content\/uploads\/2022\/11\/gorge-du-tarn.jpg","datePublished":"2022-10-19T14:50:32+00:00","dateModified":"2022-11-14T15:41:06+00:00","description":"Laat u verleiden door de Kloven in de Tarn voor uw volgende kampeervakantie in de Gard","breadcrumb":{"@id":"https:\/\/www.camping-cevennes.info\/nl\/vakantie-gard\/kamperen-gorges-du-tarn\/#breadcrumb"},"inLanguage":"nl-NL","potentialAction":[{"@type":"ReadAction","target":["https:\/\/www.camping-cevennes.info\/nl\/vakantie-gard\/kamperen-gorges-du-tarn\/"]}]},{"@type":"ImageObject","inLanguage":"nl-NL","@id":"https:\/\/www.camping-cevennes.info\/nl\/vakantie-gard\/kamperen-gorges-du-tarn\/#primaryimage","url":"https:\/\/www.camping-cevennes.info\/wp-content\/uploads\/2022\/11\/gorge-du-tarn.jpg","contentUrl":"https:\/\/www.camping-cevennes.info\/wp-content\/uploads\/2022\/11\/gorge-du-tarn.jpg","width":1920,"height":900,"caption":"gorge du tarn"},{"@type":"BreadcrumbList","@id":"https:\/\/www.camping-cevennes.info\/nl\/vakantie-gard\/kamperen-gorges-du-tarn\/#breadcrumb","itemListElement":[{"@type":"ListItem","position":1,"name":"Kamperen C\u00e9vennes","item":"https:\/\/www.camping-cevennes.info\/nl\/"},{"@type":"ListItem","position":2,"name":"De Gard","item":"https:\/\/www.camping-cevennes.info\/nl\/vakantie-gard\/"},{"@type":"ListItem","position":3,"name":"Camping in de Kloven in de Tarn"}]},{"@type":"WebSite","@id":"https:\/\/www.camping-cevennes.info\/nl\/#website","url":"https:\/\/www.camping-cevennes.info\/nl\/","name":"Camping Mas de la Cam","description":"","publisher":{"@id":"https:\/\/www.camping-cevennes.info\/nl\/#organization"},"potentialAction":[{"@type":"SearchAction","target":{"@type":"EntryPoint","urlTemplate":"https:\/\/www.camping-cevennes.info\/nl\/?s={search_term_string}"},"query-input":{"@type":"PropertyValueSpecification","valueRequired":true,"valueName":"search_term_string"}}],"inLanguage":"nl-NL"},{"@type":"Organization","@id":"https:\/\/www.camping-cevennes.info\/nl\/#organization","name":"Camping Mas de la Cam","url":"https:\/\/www.camping-cevennes.info\/nl\/","logo":{"@type":"ImageObject","inLanguage":"nl-NL","@id":"https:\/\/www.camping-cevennes.info\/nl\/#\/schema\/logo\/image\/","url":"https:\/\/www.camping-cevennes.info\/wp-content\/uploads\/2022\/09\/logo-camping-mas-de-la-cam-noir-1.png","contentUrl":"https:\/\/www.camping-cevennes.info\/wp-content\/uploads\/2022\/09\/logo-camping-mas-de-la-cam-noir-1.png","width":625,"height":190,"caption":"Camping Mas de la Cam"},"image":{"@id":"https:\/\/www.camping-cevennes.info\/nl\/#\/schema\/logo\/image\/"}}]}},"_links":{"self":[{"href":"https:\/\/www.camping-cevennes.info\/nl\/wp-json\/wp\/v2\/pages\/4857","targetHints":{"allow":["GET"]}}],"collection":[{"href":"https:\/\/www.camping-cevennes.info\/nl\/wp-json\/wp\/v2\/pages"}],"about":[{"href":"https:\/\/www.camping-cevennes.info\/nl\/wp-json\/wp\/v2\/types\/page"}],"author":[{"embeddable":true,"href":"https:\/\/www.camping-cevennes.info\/nl\/wp-json\/wp\/v2\/users\/1"}],"replies":[{"embeddable":true,"href":"https:\/\/www.camping-cevennes.info\/nl\/wp-json\/wp\/v2\/comments?post=4857"}],"version-history":[{"count":15,"href":"https:\/\/www.camping-cevennes.info\/nl\/wp-json\/wp\/v2\/pages\/4857\/revisions"}],"predecessor-version":[{"id":6162,"href":"https:\/\/www.camping-cevennes.info\/nl\/wp-json\/wp\/v2\/pages\/4857\/revisions\/6162"}],"up":[{"embeddable":true,"href":"https:\/\/www.camping-cevennes.info\/nl\/wp-json\/wp\/v2\/pages\/4786"}],"wp:featuredmedia":[{"embeddable":true,"href":"https:\/\/www.camping-cevennes.info\/nl\/wp-json\/wp\/v2\/media\/4203"}],"wp:attachment":[{"href":"https:\/\/www.camping-cevennes.info\/nl\/wp-json\/wp\/v2\/media?parent=4857"}],"wp:term":[{"taxonomy":"sujet","embeddable":true,"href":"https:\/\/www.camping-cevennes.info\/nl\/wp-json\/wp\/v2\/sujet?post=4857"}],"curies":[{"name":"wp","href":"https:\/\/api.w.org\/{rel}","templated":true}]}}