{"id":4778,"date":"2022-09-26T12:24:44","date_gmt":"2022-09-26T10:24:44","guid":{"rendered":"https:\/\/www.camping-cevennes.info\/infos-pratiques\/"},"modified":"2025-05-26T12:24:59","modified_gmt":"2025-05-26T10:24:59","slug":"praktische-informatie","status":"publish","type":"page","link":"https:\/\/www.camping-cevennes.info\/nl\/praktische-informatie\/","title":{"rendered":"Contact &#038; Acc\u00e8s"},"content":{"rendered":"<section id=\"ls-section-block_8ec3605f2edf95e39f6cde9292ef5db3\" class=\"ls-section  page-intro has-p-t p-t-14\" >\n        <div class=\"container container--wide\">\n        \n\n<div class=\"wp-block-columns columns-parent is-layout-flex wp-container-core-columns-is-layout-9d6595d7 wp-block-columns-is-layout-flex\">\n<div class=\"wp-block-column left is-layout-flow wp-block-column-is-layout-flow\">\n<h1 class=\"ls__heading wp-block-heading deco-h1 animated fadeInLeft delay-200ms\"><span class=\"small\">CONTACT EN LOCATIE<\/span> <\/h1>\n\n\n\n<div class=\"wpcf7 no-js\" id=\"wpcf7-f4758-o1\" lang=\"fr-FR\" dir=\"ltr\">\n<div class=\"screen-reader-response\"><p role=\"status\" aria-live=\"polite\" aria-atomic=\"true\"><\/p> <ul><\/ul><\/div>\n<form action=\"\/nl\/wp-json\/wp\/v2\/pages\/4778#wpcf7-f4758-o1\" method=\"post\" class=\"wpcf7-form init\" aria-label=\"Formulaire de contact\" novalidate=\"novalidate\" data-status=\"init\">\n<div style=\"display: none;\">\n<input type=\"hidden\" name=\"_wpcf7\" value=\"4758\" \/>\n<input type=\"hidden\" name=\"_wpcf7_version\" value=\"5.9.8\" \/>\n<input type=\"hidden\" name=\"_wpcf7_locale\" value=\"fr_FR\" \/>\n<input type=\"hidden\" name=\"_wpcf7_unit_tag\" value=\"wpcf7-f4758-o1\" \/>\n<input type=\"hidden\" name=\"_wpcf7_container_post\" value=\"0\" \/>\n<input type=\"hidden\" name=\"_wpcf7_posted_data_hash\" value=\"\" \/>\n<input type=\"hidden\" name=\"_wpcf7_recaptcha_response\" value=\"\" \/>\n<\/div>\n<p><label> Uw naam<br \/>\n<span class=\"wpcf7-form-control-wrap\" data-name=\"your-name\"><input size=\"40\" maxlength=\"400\" class=\"wpcf7-form-control wpcf7-text wpcf7-validates-as-required\" aria-required=\"true\" aria-invalid=\"false\" value=\"\" type=\"text\" name=\"your-name\" \/><\/span> <\/label>\n<\/p>\n<p><label> Uw e-mail<br \/>\n<span class=\"wpcf7-form-control-wrap\" data-name=\"your-email\"><input size=\"40\" maxlength=\"400\" class=\"wpcf7-form-control wpcf7-email wpcf7-validates-as-required wpcf7-text wpcf7-validates-as-email\" aria-required=\"true\" aria-invalid=\"false\" value=\"\" type=\"email\" name=\"your-email\" \/><\/span> <\/label>\n<\/p>\n<p><label> Onderwerp<br \/>\n<span class=\"wpcf7-form-control-wrap\" data-name=\"your-subject\"><input size=\"40\" maxlength=\"400\" class=\"wpcf7-form-control wpcf7-text wpcf7-validates-as-required\" aria-required=\"true\" aria-invalid=\"false\" value=\"\" type=\"text\" name=\"your-subject\" \/><\/span> <\/label>\n<\/p>\n<p><label> Uw bericht<br \/>\n<span class=\"wpcf7-form-control-wrap\" data-name=\"your-message\"><textarea cols=\"40\" rows=\"10\" maxlength=\"2000\" class=\"wpcf7-form-control wpcf7-textarea\" aria-invalid=\"false\" name=\"your-message\"><\/textarea><\/span> <\/label><br \/>\n<label class=\"case-a-cocher\"><span class=\"wpcf7-form-control-wrap\" data-name=\"acceptance-553\"><span class=\"wpcf7-form-control wpcf7-acceptance\"><span class=\"wpcf7-list-item\"><input type=\"checkbox\" name=\"acceptance-553\" value=\"1\" aria-invalid=\"false\" \/><\/span><\/span><\/span> <span>Door dit vakje aan te vinken, accepteer ik het<a href=\"\/nl\/privacybeleid\/\" rel=\"nofollow\">privacybeleid<\/a> van deze site.<\/span><\/label>\n<\/p>\n<p><input class=\"wpcf7-form-control wpcf7-submit has-spinner\" type=\"submit\" value=\"stuur\" \/>\n<\/p><div class=\"wpcf7-response-output\" aria-hidden=\"true\"><\/div>\n<\/form>\n<\/div>\n\n<\/div>\n\n\n\n<div class=\"wp-block-column is-vertically-aligned-center is-layout-flow wp-block-column-is-layout-flow\">\n<h2 class=\"ls__heading wp-block-heading deco\">Toegang Saint Jean du Gard<\/h2>\n\n\n\n<p class=\"ls-paragraph\">GPS co\u00f6rdinaten :&nbsp;<strong>Long : 3.85347<\/strong> \u2013<strong> Lat : 44.11239<\/strong><\/p>\n\n\n\n<p class=\"ls-paragraph\"><strong>VANAF LYON<\/strong><\/p>\n\n\n\n<p class=\"ls-paragraph\">Autoroute A7 afslag Boll\u00e8ne, Pont St Esprit, Bagnols-sur-C\u00e8ze, Al\u00e8s, richting Montpellier, Anduze, St Jean du Gard, richting St Andr\u00e9 de Valborgne via de D907. Op 3km van St Jean du Gard links af, de camping ligt links aan de rivier.<\/p>\n\n\n\n<p class=\"ls-paragraph\">Autoroute A9 afslag Lunel, Sommi\u00e8res, Anduze, St Jean du Gard, richting St Andr\u00e9 de Valborgne via de D907. Op 3km van St Jean du Gard links af, de camping ligt links aan de rivier.<\/p>\n\n\n\n<p class=\"ls-paragraph\"><strong>VANAF CLERMONT-FERRAND<\/strong><\/p>\n\n\n\n<p class=\"ls-paragraph\">Autoroute A75, afslag Marv\u00e9jols, richting Florac, Saint Jean du Gard via de Corniche des C\u00e9vennes. Op de T-kruising aan de voet van de Corniche rechts af, richting Saint Andr\u00e9 de Valborgne op de D907. Na 500 m links af, de camping ligt links aan de rivier.<\/p>\n<\/div>\n<\/div>\n\n\n    <\/div>\n<\/section>\n\n<section id=\"ls-section-block_3b74af24e541bb5fed1aaa4de1d54444\" class=\"ls-section  page-one has-p-t p-t-0\" >\n        <div class=\"container container--wide\">\n        \n\n<div class=\"wp-block-columns is-layout-flex wp-container-core-columns-is-layout-9d6595d7 wp-block-columns-is-layout-flex\">\n<div class=\"wp-block-column is-vertically-aligned-center is-layout-flow wp-block-column-is-layout-flow\">\n<h2 class=\"ls__heading wp-block-heading deco\">Hoe de Cevennen te bereiken<\/h2>\n\n\n\n<p class=\"ls-paragraph\"><strong>PER VLIEGTUIG :<\/strong><\/p>\n\n\n\n<p class=\"ls-paragraph\">De vliegveld van N\u00eemes, Montpellier en Marseille worden bediend door budget luchtvaartmaatschappijen<\/p>\n\n\n\n<p class=\"ls-paragraph\"><strong>PER TREIN :<\/strong><\/p>\n\n\n\n<p class=\"ls-paragraph\">TGV tot aan N\u00eemes (of Avignon). Vanaf N\u00eemes kunt u de camping bereiken met een huurauto, of de Lio lijnbus nemen (A112) (lio) naar het centrum van Saint Jean du Gard<\/p>\n\n\n\n<p class=\"ls-paragraph\"><strong>TE VOET<\/strong> <strong>:<\/strong><\/p>\n\n\n\n<p class=\"ls-paragraph\">Via de GR 70, de Stevenson route, de eerste brug oversteken na de afdaling van de Col St Pierre.<\/p>\n<\/div>\n\n\n\n<div class=\"wp-block-column is-layout-flow wp-block-column-is-layout-flow\">\n<iframe src=\"https:\/\/www.google.com\/maps\/embed?pb=!1m14!1m8!1m3!1d11458.37321828544!2d3.854331!3d44.1123831!3m2!1i1024!2i768!4f13.1!3m3!1m2!1s0x0%3A0x62d813088da27348!2sCamping%20Mas%20de%20la%20Cam%20Saint%20Jean%20du%20Gard!5e0!3m2!1sfr!2sfr!4v1666170145942!5m2!1sfr!2sfr\" width=\"100%\" height=\"450\" style=\"border:0;\" allowfullscreen=\"\" loading=\"lazy\" referrerpolicy=\"no-referrer-when-downgrade\"><\/iframe>\n<\/div>\n<\/div>\n\n\n    <\/div>\n<\/section>","protected":false},"excerpt":{"rendered":"","protected":false},"author":1,"featured_media":2293,"parent":0,"menu_order":0,"comment_status":"closed","ping_status":"closed","template":"","meta":{"_acf_changed":false,"footnotes":""},"sujet":[],"class_list":["post-4778","page","type-page","status-publish","has-post-thumbnail","hentry"],"acf":[],"yoast_head":"<!-- This site is optimized with the Yoast SEO plugin v25.3 - https:\/\/yoast.com\/wordpress\/plugins\/seo\/ -->\n<title>Contact en toegang tot de Camping Mas de la Cam<\/title>\n<meta name=\"description\" content=\"U vindt hier alle informatie om naar de Camping in Guars te gaan\" \/>\n<meta name=\"robots\" content=\"index, follow, max-snippet:-1, max-image-preview:large, max-video-preview:-1\" \/>\n<link rel=\"canonical\" href=\"https:\/\/www.camping-cevennes.info\/nl\/praktische-informatie\/\" \/>\n<meta property=\"og:locale\" content=\"nl_NL\" \/>\n<meta property=\"og:type\" content=\"article\" \/>\n<meta property=\"og:title\" content=\"Contact en toegang tot de Camping Mas de la Cam\" \/>\n<meta property=\"og:description\" content=\"U vindt hier alle informatie om naar de Camping in Guars te gaan\" \/>\n<meta property=\"og:url\" content=\"https:\/\/www.camping-cevennes.info\/nl\/praktische-informatie\/\" \/>\n<meta property=\"og:site_name\" content=\"Camping Mas de la Cam\" \/>\n<meta property=\"article:modified_time\" content=\"2025-05-26T10:24:59+00:00\" \/>\n<meta property=\"og:image\" content=\"https:\/\/www.camping-cevennes.info\/wp-content\/uploads\/2022\/10\/contact-mas-de-la-cam.jpg\" \/>\n\t<meta property=\"og:image:width\" content=\"1900\" \/>\n\t<meta property=\"og:image:height\" content=\"700\" \/>\n\t<meta property=\"og:image:type\" content=\"image\/jpeg\" \/>\n<meta name=\"twitter:card\" content=\"summary_large_image\" \/>\n<meta name=\"twitter:label1\" content=\"Geschatte leestijd\" \/>\n\t<meta name=\"twitter:data1\" content=\"2 minuten\" \/>\n<script type=\"application\/ld+json\" class=\"yoast-schema-graph\">{\"@context\":\"https:\/\/schema.org\",\"@graph\":[{\"@type\":\"WebPage\",\"@id\":\"https:\/\/www.camping-cevennes.info\/nl\/praktische-informatie\/\",\"url\":\"https:\/\/www.camping-cevennes.info\/nl\/praktische-informatie\/\",\"name\":\"Contact en toegang tot de Camping Mas de la Cam\",\"isPartOf\":{\"@id\":\"https:\/\/www.camping-cevennes.info\/nl\/#website\"},\"primaryImageOfPage\":{\"@id\":\"https:\/\/www.camping-cevennes.info\/nl\/praktische-informatie\/#primaryimage\"},\"image\":{\"@id\":\"https:\/\/www.camping-cevennes.info\/nl\/praktische-informatie\/#primaryimage\"},\"thumbnailUrl\":\"https:\/\/www.camping-cevennes.info\/wp-content\/uploads\/2022\/10\/contact-mas-de-la-cam.jpg\",\"datePublished\":\"2022-09-26T10:24:44+00:00\",\"dateModified\":\"2025-05-26T10:24:59+00:00\",\"description\":\"U vindt hier alle informatie om naar de Camping in Guars te gaan\",\"breadcrumb\":{\"@id\":\"https:\/\/www.camping-cevennes.info\/nl\/praktische-informatie\/#breadcrumb\"},\"inLanguage\":\"nl-NL\",\"potentialAction\":[{\"@type\":\"ReadAction\",\"target\":[\"https:\/\/www.camping-cevennes.info\/nl\/praktische-informatie\/\"]}]},{\"@type\":\"ImageObject\",\"inLanguage\":\"nl-NL\",\"@id\":\"https:\/\/www.camping-cevennes.info\/nl\/praktische-informatie\/#primaryimage\",\"url\":\"https:\/\/www.camping-cevennes.info\/wp-content\/uploads\/2022\/10\/contact-mas-de-la-cam.jpg\",\"contentUrl\":\"https:\/\/www.camping-cevennes.info\/wp-content\/uploads\/2022\/10\/contact-mas-de-la-cam.jpg\",\"width\":1900,\"height\":700,\"caption\":\"contact mas de la cam\"},{\"@type\":\"BreadcrumbList\",\"@id\":\"https:\/\/www.camping-cevennes.info\/nl\/praktische-informatie\/#breadcrumb\",\"itemListElement\":[{\"@type\":\"ListItem\",\"position\":1,\"name\":\"Kamperen C\u00e9vennes\",\"item\":\"https:\/\/www.camping-cevennes.info\/nl\/\"},{\"@type\":\"ListItem\",\"position\":2,\"name\":\"Contact + Ligging\"}]},{\"@type\":\"WebSite\",\"@id\":\"https:\/\/www.camping-cevennes.info\/nl\/#website\",\"url\":\"https:\/\/www.camping-cevennes.info\/nl\/\",\"name\":\"Camping Mas de la Cam\",\"description\":\"\",\"publisher\":{\"@id\":\"https:\/\/www.camping-cevennes.info\/nl\/#organization\"},\"potentialAction\":[{\"@type\":\"SearchAction\",\"target\":{\"@type\":\"EntryPoint\",\"urlTemplate\":\"https:\/\/www.camping-cevennes.info\/nl\/?s={search_term_string}\"},\"query-input\":{\"@type\":\"PropertyValueSpecification\",\"valueRequired\":true,\"valueName\":\"search_term_string\"}}],\"inLanguage\":\"nl-NL\"},{\"@type\":\"Organization\",\"@id\":\"https:\/\/www.camping-cevennes.info\/nl\/#organization\",\"name\":\"Camping Mas de la Cam\",\"url\":\"https:\/\/www.camping-cevennes.info\/nl\/\",\"logo\":{\"@type\":\"ImageObject\",\"inLanguage\":\"nl-NL\",\"@id\":\"https:\/\/www.camping-cevennes.info\/nl\/#\/schema\/logo\/image\/\",\"url\":\"https:\/\/www.camping-cevennes.info\/wp-content\/uploads\/2022\/09\/logo-camping-mas-de-la-cam-noir-1.png\",\"contentUrl\":\"https:\/\/www.camping-cevennes.info\/wp-content\/uploads\/2022\/09\/logo-camping-mas-de-la-cam-noir-1.png\",\"width\":625,\"height\":190,\"caption\":\"Camping Mas de la Cam\"},\"image\":{\"@id\":\"https:\/\/www.camping-cevennes.info\/nl\/#\/schema\/logo\/image\/\"}}]}<\/script>\n<!-- \/ Yoast SEO plugin. -->","yoast_head_json":{"title":"Contact en toegang tot de Camping Mas de la Cam","description":"U vindt hier alle informatie om naar de Camping in Guars te gaan","robots":{"index":"index","follow":"follow","max-snippet":"max-snippet:-1","max-image-preview":"max-image-preview:large","max-video-preview":"max-video-preview:-1"},"canonical":"https:\/\/www.camping-cevennes.info\/nl\/praktische-informatie\/","og_locale":"nl_NL","og_type":"article","og_title":"Contact en toegang tot de Camping Mas de la Cam","og_description":"U vindt hier alle informatie om naar de Camping in Guars te gaan","og_url":"https:\/\/www.camping-cevennes.info\/nl\/praktische-informatie\/","og_site_name":"Camping Mas de la Cam","article_modified_time":"2025-05-26T10:24:59+00:00","og_image":[{"width":1900,"height":700,"url":"https:\/\/www.camping-cevennes.info\/wp-content\/uploads\/2022\/10\/contact-mas-de-la-cam.jpg","type":"image\/jpeg"}],"twitter_card":"summary_large_image","twitter_misc":{"Geschatte leestijd":"2 minuten"},"schema":{"@context":"https:\/\/schema.org","@graph":[{"@type":"WebPage","@id":"https:\/\/www.camping-cevennes.info\/nl\/praktische-informatie\/","url":"https:\/\/www.camping-cevennes.info\/nl\/praktische-informatie\/","name":"Contact en toegang tot de Camping Mas de la Cam","isPartOf":{"@id":"https:\/\/www.camping-cevennes.info\/nl\/#website"},"primaryImageOfPage":{"@id":"https:\/\/www.camping-cevennes.info\/nl\/praktische-informatie\/#primaryimage"},"image":{"@id":"https:\/\/www.camping-cevennes.info\/nl\/praktische-informatie\/#primaryimage"},"thumbnailUrl":"https:\/\/www.camping-cevennes.info\/wp-content\/uploads\/2022\/10\/contact-mas-de-la-cam.jpg","datePublished":"2022-09-26T10:24:44+00:00","dateModified":"2025-05-26T10:24:59+00:00","description":"U vindt hier alle informatie om naar de Camping in Guars te gaan","breadcrumb":{"@id":"https:\/\/www.camping-cevennes.info\/nl\/praktische-informatie\/#breadcrumb"},"inLanguage":"nl-NL","potentialAction":[{"@type":"ReadAction","target":["https:\/\/www.camping-cevennes.info\/nl\/praktische-informatie\/"]}]},{"@type":"ImageObject","inLanguage":"nl-NL","@id":"https:\/\/www.camping-cevennes.info\/nl\/praktische-informatie\/#primaryimage","url":"https:\/\/www.camping-cevennes.info\/wp-content\/uploads\/2022\/10\/contact-mas-de-la-cam.jpg","contentUrl":"https:\/\/www.camping-cevennes.info\/wp-content\/uploads\/2022\/10\/contact-mas-de-la-cam.jpg","width":1900,"height":700,"caption":"contact mas de la cam"},{"@type":"BreadcrumbList","@id":"https:\/\/www.camping-cevennes.info\/nl\/praktische-informatie\/#breadcrumb","itemListElement":[{"@type":"ListItem","position":1,"name":"Kamperen C\u00e9vennes","item":"https:\/\/www.camping-cevennes.info\/nl\/"},{"@type":"ListItem","position":2,"name":"Contact + Ligging"}]},{"@type":"WebSite","@id":"https:\/\/www.camping-cevennes.info\/nl\/#website","url":"https:\/\/www.camping-cevennes.info\/nl\/","name":"Camping Mas de la Cam","description":"","publisher":{"@id":"https:\/\/www.camping-cevennes.info\/nl\/#organization"},"potentialAction":[{"@type":"SearchAction","target":{"@type":"EntryPoint","urlTemplate":"https:\/\/www.camping-cevennes.info\/nl\/?s={search_term_string}"},"query-input":{"@type":"PropertyValueSpecification","valueRequired":true,"valueName":"search_term_string"}}],"inLanguage":"nl-NL"},{"@type":"Organization","@id":"https:\/\/www.camping-cevennes.info\/nl\/#organization","name":"Camping Mas de la Cam","url":"https:\/\/www.camping-cevennes.info\/nl\/","logo":{"@type":"ImageObject","inLanguage":"nl-NL","@id":"https:\/\/www.camping-cevennes.info\/nl\/#\/schema\/logo\/image\/","url":"https:\/\/www.camping-cevennes.info\/wp-content\/uploads\/2022\/09\/logo-camping-mas-de-la-cam-noir-1.png","contentUrl":"https:\/\/www.camping-cevennes.info\/wp-content\/uploads\/2022\/09\/logo-camping-mas-de-la-cam-noir-1.png","width":625,"height":190,"caption":"Camping Mas de la Cam"},"image":{"@id":"https:\/\/www.camping-cevennes.info\/nl\/#\/schema\/logo\/image\/"}}]}},"_links":{"self":[{"href":"https:\/\/www.camping-cevennes.info\/nl\/wp-json\/wp\/v2\/pages\/4778","targetHints":{"allow":["GET"]}}],"collection":[{"href":"https:\/\/www.camping-cevennes.info\/nl\/wp-json\/wp\/v2\/pages"}],"about":[{"href":"https:\/\/www.camping-cevennes.info\/nl\/wp-json\/wp\/v2\/types\/page"}],"author":[{"embeddable":true,"href":"https:\/\/www.camping-cevennes.info\/nl\/wp-json\/wp\/v2\/users\/1"}],"replies":[{"embeddable":true,"href":"https:\/\/www.camping-cevennes.info\/nl\/wp-json\/wp\/v2\/comments?post=4778"}],"version-history":[{"count":6,"href":"https:\/\/www.camping-cevennes.info\/nl\/wp-json\/wp\/v2\/pages\/4778\/revisions"}],"predecessor-version":[{"id":7895,"href":"https:\/\/www.camping-cevennes.info\/nl\/wp-json\/wp\/v2\/pages\/4778\/revisions\/7895"}],"wp:featuredmedia":[{"embeddable":true,"href":"https:\/\/www.camping-cevennes.info\/nl\/wp-json\/wp\/v2\/media\/2293"}],"wp:attachment":[{"href":"https:\/\/www.camping-cevennes.info\/nl\/wp-json\/wp\/v2\/media?parent=4778"}],"wp:term":[{"taxonomy":"sujet","embeddable":true,"href":"https:\/\/www.camping-cevennes.info\/nl\/wp-json\/wp\/v2\/sujet?post=4778"}],"curies":[{"name":"wp","href":"https:\/\/api.w.org\/{rel}","templated":true}]}}