{"id":4879,"date":"2022-10-19T16:34:40","date_gmt":"2022-10-19T14:34:40","guid":{"rendered":"https:\/\/www.camping-cevennes.info\/holidays-in-the-gard\/saint-jean-du-gard\/"},"modified":"2022-11-14T11:02:13","modified_gmt":"2022-11-14T10:02:13","slug":"holidays-in-saint-jean-du-gard","status":"publish","type":"page","link":"https:\/\/www.camping-cevennes.info\/en\/holidays-in-the-gard\/holidays-in-saint-jean-du-gard\/","title":{"rendered":"Saint-Jean-Du-Gard"},"content":{"rendered":"<section id=\"ls-section-block_864c673888cbc344a58d1e26d8be1125\" class=\"ls-section  page-intro has-p-t p-t-14\" >\n        <div class=\"container container--wide\">\n        \n\n<div class=\"wp-block-columns columns-parent is-layout-flex wp-container-core-columns-is-layout-9d6595d7 wp-block-columns-is-layout-flex\">\n<div class=\"wp-block-column is-vertically-aligned-center left is-layout-flow wp-block-column-is-layout-flow\">\n<h1 class=\"ls__heading animated fadeInLeft delay-200ms wp-block-heading\"><span class=\"small\">Holidays in <\/span><br><span class=\"bold\">Saint-Jean-du-Gard<\/span><\/h1>\n\n\n\n<p class=\"ls-paragraph\">Take time out with your family or friends for a holiday at <a href=\"\/en\/\">Mas de la Cam 4* campsite<\/a>, at the gateway to the C\u00e9vennes in Saint-Jean-du-Gard. Join us in our 65-hectares of wooded grounds on the banks of the Gardon river for an unforgettable holiday with places for relaxation, sports activities, cultural visits and activities organised by our team.<\/p>\n\n\n\n<p class=\"ls-paragraph\">Historically known for silk worm farming and mulberry trees, the town of Saint-Jean-du-Gard is also home to many monuments for day trips with your children or friends. Whilst you are wandering around, visit the clock tower and the Vieux bridge, both listed historical monuments, <strong>the United Protestant church of France<\/strong>, the Evangelical Pentecost church and the house of the Algues knight. The town also has an immense reception facility, the Espace Paulhan, with a 350m2 terrace and a capacity for 1,100.<\/p>\n\n\n\n<p class=\"ls-paragraph\">And if you are looking for <strong>culture<\/strong> and <strong>history<\/strong>, try the narrow streets and<strong> museums<\/strong> in the town (D\u00e9sert and Vall\u00e9es C\u00e9venoles museum), and gaze in wonder at the<strong> castles<\/strong> in the area: ch\u00e2teau de Cabri\u00e8res, ch\u00e2teau du Maylet, ch\u00e2teau de Marcassargues, ch\u00e2teau de Sueilhes\u2026 And if you are tempted by a guided tour, contact the Sentiers Vagabonds association.<\/p>\n\n\n\n<p class=\"ls-paragraph addReadMore showlesscontent\">We have put at your disposal several other modern infrastructures to liven up the stay of all our visitors, including children: playground, ping-pong tables, multisports ground, volleyball court, petanque, tennis court \u2026 Book from now on your stay and come to spend active holidays in a haven of peace which invites to the <strong>relaxation<\/strong> and the <strong>meditation<\/strong>.<\/p>\n<\/div>\n\n\n\n<div class=\"wp-block-column is-vertically-aligned-center right is-layout-flow wp-block-column-is-layout-flow\">\n<div class=\"wp-block-columns columns-child is-layout-flex wp-container-core-columns-is-layout-9d6595d7 wp-block-columns-is-layout-flex\">\n<div class=\"wp-block-column is-vertically-aligned-center image-two is-layout-flow wp-block-column-is-layout-flow\">\n<iframe src=\"https:\/\/www.google.com\/maps\/embed?pb=!1m28!1m12!1m3!1d5729.709292359167!2d3.8767559573623656!3d44.106991129702074!2m3!1f0!2f0!3f0!3m2!1i1024!2i768!4f13.1!4m13!3e0!4m5!1s0x12b47164841558ad%3A0x62d813088da27348!2sCamping%20Mas%20de%20la%20Cam%20Saint%20Jean%20du%20Gard%2C%20Saint-Jean-du-Gard!3m2!1d44.112383099999995!2d3.8543309999999997!4m5!1s0x12b4718941d5a91d%3A0x4078821166b3800!2sSaint-Jean-du-Gard!3m2!1d44.10525!2d3.885144!5e0!3m2!1sfr!2sfr!4v1666691522707!5m2!1sfr!2sfr\" width=\"100%\" height=\"450\" style=\"border:0;\" allowfullscreen=\"\" loading=\"lazy\" referrerpolicy=\"no-referrer-when-downgrade\"><\/iframe>\n<\/div>\n<\/div>\n<\/div>\n<\/div>\n\n\n    <\/div>\n<\/section>\n\n<section id=\"ls-section-block_4d09daeefabf46896cf4c54e178340e0\" class=\"ls-section  page-one has-p-t p-t-0\" >\n        <div class=\"container container--wide\">\n        \n\n<div class=\"wp-block-columns is-layout-flex wp-container-core-columns-is-layout-9d6595d7 wp-block-columns-is-layout-flex\">\n<div class=\"wp-block-column is-vertically-aligned-center video is-layout-flow wp-block-column-is-layout-flow\">\n<figure class=\"wp-block-embed is-type-video is-provider-youtube wp-block-embed-youtube wp-embed-aspect-16-9 wp-has-aspect-ratio\"><div class=\"wp-block-embed__wrapper\">\n<iframe loading=\"lazy\" title=\"PHANTOM 4 CEVENNES SAINT JEAN DU GARD\" width=\"500\" height=\"281\" src=\"https:\/\/www.youtube.com\/embed\/fDOB4Td0CYg?feature=oembed\" frameborder=\"0\" allow=\"accelerometer; autoplay; clipboard-write; encrypted-media; gyroscope; picture-in-picture; web-share\" referrerpolicy=\"strict-origin-when-cross-origin\" allowfullscreen><\/iframe>\n<\/div><\/figure>\n<\/div>\n\n\n\n<div class=\"wp-block-column is-layout-flow wp-block-column-is-layout-flow\">\n<h2 class=\"ls__heading deco wp-block-heading\">WHAT TO DO IN SAINT-JEAN-DU-GARD<\/h2>\n\n\n\n<p class=\"ls-paragraph\">Welcome to the Gard, in one of the many villages of character that Occitanie has. Saint-Jean-du-Gard, starting point of the famous C\u00e9vennes <strong>steam train<\/strong>, is rightly called \u201cthe pearl of the Cevennes\u201d. And for good reason, this town of 2,800 inhabitants was built in an exceptional setting, at the foot of the mountains and on the edge of the Gardon de Saint Jean. Many marked trails, from 4 to 8 hours, you will discover<strong> beautiful views<\/strong> including the St Peter\u2019s Pass, the peak of Arbousse, Mount Brion. The GR70 or Stevenson trail passes a few meters from the campsite.<\/p>\n<\/div>\n<\/div>\n\n\n    <\/div>\n<\/section>\n\n<section id=\"ls-section-block_4d09daeefabf46896cf4c54e178340e0\" class=\"ls-section  page-one has-p-t p-t-0\" >\n        <div class=\"container container--wide\">\n        \n\n<div class=\"wp-block-columns is-layout-flex wp-container-core-columns-is-layout-9d6595d7 wp-block-columns-is-layout-flex\">\n<div class=\"wp-block-column is-vertically-aligned-center is-layout-flow wp-block-column-is-layout-flow\">\n<h2 class=\"ls__heading deco wp-block-heading\">A 4-STAR CAMPSITE IN SAINT-JEAN-DU-GARD<\/h2>\n\n\n\n<p class=\"ls-paragraph\">Traditional campsite or luxury accommodation? Feel free to choose the way you want to spend your holidays at Mas de la Cam. Our establishment offers clearly defined <a href=\"https:\/\/www.camping-cevennes.info\/en\/pitches-camping-gard\/\">spacious pitches<\/a> of 100 to 120 m2 suitable for caravans and motorhomes (with access to electricity), as well as <a href=\"https:\/\/www.camping-cevennes.info\/en\/rent-cottage-gard-cevennes\/\">beautiful lodges<\/a> in renovated stone buildings and fully equipped.<\/p>\n\n\n\n<p class=\"ls-paragraph\">Enjoy the exceptional location of our campsite gard to relax in your garden while admiring the Cevennes mountains before cooling off in the river or swim a few lengths in our large pool of 500 m2, part of which is heated in low season.<\/p>\n<\/div>\n\n\n\n<div class=\"wp-block-column is-vertically-aligned-center is-layout-flow wp-block-column-is-layout-flow\">\n<figure class=\"wp-block-image size-full animated fadeInLeft delay-500ms slow\"><a href=\"https:\/\/www.camping-cevennes.info\/wp-content\/uploads\/2022\/11\/que-faire-a-st-jean-du-gard.jpg\"><img decoding=\"async\" width=\"900\" height=\"600\" src=\"https:\/\/www.camping-cevennes.info\/wp-content\/uploads\/2022\/11\/que-faire-a-st-jean-du-gard.jpg\" alt=\"que faire a st jean du gard\" class=\"wp-image-4541\" srcset=\"https:\/\/www.camping-cevennes.info\/wp-content\/uploads\/2022\/11\/que-faire-a-st-jean-du-gard.jpg 900w, https:\/\/www.camping-cevennes.info\/wp-content\/uploads\/2022\/11\/que-faire-a-st-jean-du-gard-300x200.jpg 300w, https:\/\/www.camping-cevennes.info\/wp-content\/uploads\/2022\/11\/que-faire-a-st-jean-du-gard-768x512.jpg 768w\" sizes=\"(max-width: 900px) 100vw, 900px\" \/><\/a><\/figure>\n<\/div>\n<\/div>\n\n\n    <\/div>\n<\/section>\n\n<section id=\"ls-section-block_b412eaba3f76ade374d8e20e8b50aaec\" class=\"ls-section \" >\n        <div class=\"container container--wide\">\n        \n\n<div id=\"ls-heading ls-titre-div-block_e4214fbb3cb440d5c4d8d57fc98b658e\" class=\"ls-titre-div deco-centree aligncenter h2-like\" >\n    Discover the towns around the campsite<\/div>\n\n\n<div id=\"ls-maillage-block_bd5310f754732f1af700d6a66a876f8e\" class=\"ls-maillage cta-style-normal\" data-rows=\"3\">\n    <div class=\"wp-block-columns\"><div class=\"wp-block-column\">\n\n<a href=\"https:\/\/www.camping-cevennes.info\/en\/holidays-in-the-gard\/camping-near-to-mialet\/\" target=\"\" rel=\"noopener\" class=\"ls-cta__link\">\n\n\t<div class=\"ls-cta__image\"><img decoding=\"async\" src=\"https:\/\/www.camping-cevennes.info\/wp-content\/uploads\/2022\/11\/tourisme-mialet.jpg\" alt=\"tourisme mialet\"><\/div>\n\t<div class=\"ls-cta__title\">\n\t\tMialet\t<\/div>\n\n\t\t\n<\/a><\/div><div class=\"wp-block-column\">\n\n<a href=\"https:\/\/www.camping-cevennes.info\/en\/holidays-in-the-gard\/camping-near-nimes\/\" target=\"\" rel=\"noopener\" class=\"ls-cta__link\">\n\n\t<div class=\"ls-cta__image\"><img decoding=\"async\" src=\"https:\/\/www.camping-cevennes.info\/wp-content\/uploads\/2022\/10\/nimes-cathedrale-1024x480.jpg\" alt=\"nimes cathedrale\"><\/div>\n\t<div class=\"ls-cta__title\">\n\t\tN\u00eemes\t<\/div>\n\n\t\t\n<\/a><\/div><div class=\"wp-block-column\">\n\n<a href=\"https:\/\/www.camping-cevennes.info\/en\/holidays-in-the-gard\/camping-near-uzes\/\" target=\"\" rel=\"noopener\" class=\"ls-cta__link\">\n\n\t<div class=\"ls-cta__image\"><img decoding=\"async\" src=\"https:\/\/www.camping-cevennes.info\/wp-content\/uploads\/2022\/11\/cathedral-uzes-1024x480.jpg\" alt=\"cathedral uzes\"><\/div>\n\t<div class=\"ls-cta__title\">\n\t\tUzes\t<\/div>\n\n\t\t\n<\/a><\/div><\/div><\/div>\n\n    <\/div>\n<\/section>","protected":false},"excerpt":{"rendered":"","protected":false},"author":1,"featured_media":3079,"parent":4787,"menu_order":0,"comment_status":"closed","ping_status":"closed","template":"","meta":{"_acf_changed":false,"footnotes":""},"sujet":[],"class_list":["post-4879","page","type-page","status-publish","has-post-thumbnail","hentry"],"acf":[],"yoast_head":"<!-- This site is optimized with the Yoast SEO plugin v25.3 - https:\/\/yoast.com\/wordpress\/plugins\/seo\/ -->\n<title>Saint Jean du Gard Holidays | Tourist Activities in Saint Jean du Gard<\/title>\n<meta name=\"description\" content=\"Tourist activities in Saint Jean du Gard, places not to miss, what to see, what to do during his holidays in Saint Jean du Gard\" \/>\n<meta name=\"robots\" content=\"index, follow, max-snippet:-1, max-image-preview:large, max-video-preview:-1\" \/>\n<link rel=\"canonical\" href=\"https:\/\/www.camping-cevennes.info\/en\/holidays-in-the-gard\/holidays-in-saint-jean-du-gard\/\" \/>\n<meta property=\"og:locale\" content=\"en_US\" \/>\n<meta property=\"og:type\" content=\"article\" \/>\n<meta property=\"og:title\" content=\"Saint Jean du Gard Holidays | Tourist Activities in Saint Jean du Gard\" \/>\n<meta property=\"og:description\" content=\"Tourist activities in Saint Jean du Gard, places not to miss, what to see, what to do during his holidays in Saint Jean du Gard\" \/>\n<meta property=\"og:url\" content=\"https:\/\/www.camping-cevennes.info\/en\/holidays-in-the-gard\/holidays-in-saint-jean-du-gard\/\" \/>\n<meta property=\"og:site_name\" content=\"Camping Mas de la Cam\" \/>\n<meta property=\"article:modified_time\" content=\"2022-11-14T10:02:13+00:00\" \/>\n<meta property=\"og:image\" content=\"https:\/\/www.camping-cevennes.info\/wp-content\/uploads\/2022\/10\/pont-saint-jean-du-gard.jpg\" \/>\n\t<meta property=\"og:image:width\" content=\"1920\" \/>\n\t<meta property=\"og:image:height\" content=\"900\" \/>\n\t<meta property=\"og:image:type\" content=\"image\/jpeg\" \/>\n<meta name=\"twitter:card\" content=\"summary_large_image\" \/>\n<meta name=\"twitter:label1\" content=\"Est. reading time\" \/>\n\t<meta name=\"twitter:data1\" content=\"3 minutes\" \/>\n<script type=\"application\/ld+json\" class=\"yoast-schema-graph\">{\"@context\":\"https:\/\/schema.org\",\"@graph\":[{\"@type\":\"WebPage\",\"@id\":\"https:\/\/www.camping-cevennes.info\/en\/holidays-in-the-gard\/holidays-in-saint-jean-du-gard\/\",\"url\":\"https:\/\/www.camping-cevennes.info\/en\/holidays-in-the-gard\/holidays-in-saint-jean-du-gard\/\",\"name\":\"Saint Jean du Gard Holidays | Tourist Activities in Saint Jean du Gard\",\"isPartOf\":{\"@id\":\"https:\/\/www.camping-cevennes.info\/en\/#website\"},\"primaryImageOfPage\":{\"@id\":\"https:\/\/www.camping-cevennes.info\/en\/holidays-in-the-gard\/holidays-in-saint-jean-du-gard\/#primaryimage\"},\"image\":{\"@id\":\"https:\/\/www.camping-cevennes.info\/en\/holidays-in-the-gard\/holidays-in-saint-jean-du-gard\/#primaryimage\"},\"thumbnailUrl\":\"https:\/\/www.camping-cevennes.info\/wp-content\/uploads\/2022\/10\/pont-saint-jean-du-gard.jpg\",\"datePublished\":\"2022-10-19T14:34:40+00:00\",\"dateModified\":\"2022-11-14T10:02:13+00:00\",\"description\":\"Tourist activities in Saint Jean du Gard, places not to miss, what to see, what to do during his holidays in Saint Jean du Gard\",\"breadcrumb\":{\"@id\":\"https:\/\/www.camping-cevennes.info\/en\/holidays-in-the-gard\/holidays-in-saint-jean-du-gard\/#breadcrumb\"},\"inLanguage\":\"en-US\",\"potentialAction\":[{\"@type\":\"ReadAction\",\"target\":[\"https:\/\/www.camping-cevennes.info\/en\/holidays-in-the-gard\/holidays-in-saint-jean-du-gard\/\"]}]},{\"@type\":\"ImageObject\",\"inLanguage\":\"en-US\",\"@id\":\"https:\/\/www.camping-cevennes.info\/en\/holidays-in-the-gard\/holidays-in-saint-jean-du-gard\/#primaryimage\",\"url\":\"https:\/\/www.camping-cevennes.info\/wp-content\/uploads\/2022\/10\/pont-saint-jean-du-gard.jpg\",\"contentUrl\":\"https:\/\/www.camping-cevennes.info\/wp-content\/uploads\/2022\/10\/pont-saint-jean-du-gard.jpg\",\"width\":1920,\"height\":900,\"caption\":\"pont saint jean du gard\"},{\"@type\":\"BreadcrumbList\",\"@id\":\"https:\/\/www.camping-cevennes.info\/en\/holidays-in-the-gard\/holidays-in-saint-jean-du-gard\/#breadcrumb\",\"itemListElement\":[{\"@type\":\"ListItem\",\"position\":1,\"name\":\"Campsite C\u00e9vennes\",\"item\":\"https:\/\/www.camping-cevennes.info\/en\/\"},{\"@type\":\"ListItem\",\"position\":2,\"name\":\"The Gard\",\"item\":\"https:\/\/www.camping-cevennes.info\/en\/holidays-in-the-gard\/\"},{\"@type\":\"ListItem\",\"position\":3,\"name\":\"Holidays in Saint-Jean-du-Gard\"}]},{\"@type\":\"WebSite\",\"@id\":\"https:\/\/www.camping-cevennes.info\/en\/#website\",\"url\":\"https:\/\/www.camping-cevennes.info\/en\/\",\"name\":\"Camping Mas de la Cam\",\"description\":\"\",\"publisher\":{\"@id\":\"https:\/\/www.camping-cevennes.info\/en\/#organization\"},\"potentialAction\":[{\"@type\":\"SearchAction\",\"target\":{\"@type\":\"EntryPoint\",\"urlTemplate\":\"https:\/\/www.camping-cevennes.info\/en\/?s={search_term_string}\"},\"query-input\":{\"@type\":\"PropertyValueSpecification\",\"valueRequired\":true,\"valueName\":\"search_term_string\"}}],\"inLanguage\":\"en-US\"},{\"@type\":\"Organization\",\"@id\":\"https:\/\/www.camping-cevennes.info\/en\/#organization\",\"name\":\"Camping Mas de la Cam\",\"url\":\"https:\/\/www.camping-cevennes.info\/en\/\",\"logo\":{\"@type\":\"ImageObject\",\"inLanguage\":\"en-US\",\"@id\":\"https:\/\/www.camping-cevennes.info\/en\/#\/schema\/logo\/image\/\",\"url\":\"https:\/\/www.camping-cevennes.info\/wp-content\/uploads\/2022\/09\/logo-camping-mas-de-la-cam-noir-1.png\",\"contentUrl\":\"https:\/\/www.camping-cevennes.info\/wp-content\/uploads\/2022\/09\/logo-camping-mas-de-la-cam-noir-1.png\",\"width\":625,\"height\":190,\"caption\":\"Camping Mas de la Cam\"},\"image\":{\"@id\":\"https:\/\/www.camping-cevennes.info\/en\/#\/schema\/logo\/image\/\"}}]}<\/script>\n<!-- \/ Yoast SEO plugin. -->","yoast_head_json":{"title":"Saint Jean du Gard Holidays | Tourist Activities in Saint Jean du Gard","description":"Tourist activities in Saint Jean du Gard, places not to miss, what to see, what to do during his holidays in Saint Jean du Gard","robots":{"index":"index","follow":"follow","max-snippet":"max-snippet:-1","max-image-preview":"max-image-preview:large","max-video-preview":"max-video-preview:-1"},"canonical":"https:\/\/www.camping-cevennes.info\/en\/holidays-in-the-gard\/holidays-in-saint-jean-du-gard\/","og_locale":"en_US","og_type":"article","og_title":"Saint Jean du Gard Holidays | Tourist Activities in Saint Jean du Gard","og_description":"Tourist activities in Saint Jean du Gard, places not to miss, what to see, what to do during his holidays in Saint Jean du Gard","og_url":"https:\/\/www.camping-cevennes.info\/en\/holidays-in-the-gard\/holidays-in-saint-jean-du-gard\/","og_site_name":"Camping Mas de la Cam","article_modified_time":"2022-11-14T10:02:13+00:00","og_image":[{"width":1920,"height":900,"url":"https:\/\/www.camping-cevennes.info\/wp-content\/uploads\/2022\/10\/pont-saint-jean-du-gard.jpg","type":"image\/jpeg"}],"twitter_card":"summary_large_image","twitter_misc":{"Est. reading time":"3 minutes"},"schema":{"@context":"https:\/\/schema.org","@graph":[{"@type":"WebPage","@id":"https:\/\/www.camping-cevennes.info\/en\/holidays-in-the-gard\/holidays-in-saint-jean-du-gard\/","url":"https:\/\/www.camping-cevennes.info\/en\/holidays-in-the-gard\/holidays-in-saint-jean-du-gard\/","name":"Saint Jean du Gard Holidays | Tourist Activities in Saint Jean du Gard","isPartOf":{"@id":"https:\/\/www.camping-cevennes.info\/en\/#website"},"primaryImageOfPage":{"@id":"https:\/\/www.camping-cevennes.info\/en\/holidays-in-the-gard\/holidays-in-saint-jean-du-gard\/#primaryimage"},"image":{"@id":"https:\/\/www.camping-cevennes.info\/en\/holidays-in-the-gard\/holidays-in-saint-jean-du-gard\/#primaryimage"},"thumbnailUrl":"https:\/\/www.camping-cevennes.info\/wp-content\/uploads\/2022\/10\/pont-saint-jean-du-gard.jpg","datePublished":"2022-10-19T14:34:40+00:00","dateModified":"2022-11-14T10:02:13+00:00","description":"Tourist activities in Saint Jean du Gard, places not to miss, what to see, what to do during his holidays in Saint Jean du Gard","breadcrumb":{"@id":"https:\/\/www.camping-cevennes.info\/en\/holidays-in-the-gard\/holidays-in-saint-jean-du-gard\/#breadcrumb"},"inLanguage":"en-US","potentialAction":[{"@type":"ReadAction","target":["https:\/\/www.camping-cevennes.info\/en\/holidays-in-the-gard\/holidays-in-saint-jean-du-gard\/"]}]},{"@type":"ImageObject","inLanguage":"en-US","@id":"https:\/\/www.camping-cevennes.info\/en\/holidays-in-the-gard\/holidays-in-saint-jean-du-gard\/#primaryimage","url":"https:\/\/www.camping-cevennes.info\/wp-content\/uploads\/2022\/10\/pont-saint-jean-du-gard.jpg","contentUrl":"https:\/\/www.camping-cevennes.info\/wp-content\/uploads\/2022\/10\/pont-saint-jean-du-gard.jpg","width":1920,"height":900,"caption":"pont saint jean du gard"},{"@type":"BreadcrumbList","@id":"https:\/\/www.camping-cevennes.info\/en\/holidays-in-the-gard\/holidays-in-saint-jean-du-gard\/#breadcrumb","itemListElement":[{"@type":"ListItem","position":1,"name":"Campsite C\u00e9vennes","item":"https:\/\/www.camping-cevennes.info\/en\/"},{"@type":"ListItem","position":2,"name":"The Gard","item":"https:\/\/www.camping-cevennes.info\/en\/holidays-in-the-gard\/"},{"@type":"ListItem","position":3,"name":"Holidays in Saint-Jean-du-Gard"}]},{"@type":"WebSite","@id":"https:\/\/www.camping-cevennes.info\/en\/#website","url":"https:\/\/www.camping-cevennes.info\/en\/","name":"Camping Mas de la Cam","description":"","publisher":{"@id":"https:\/\/www.camping-cevennes.info\/en\/#organization"},"potentialAction":[{"@type":"SearchAction","target":{"@type":"EntryPoint","urlTemplate":"https:\/\/www.camping-cevennes.info\/en\/?s={search_term_string}"},"query-input":{"@type":"PropertyValueSpecification","valueRequired":true,"valueName":"search_term_string"}}],"inLanguage":"en-US"},{"@type":"Organization","@id":"https:\/\/www.camping-cevennes.info\/en\/#organization","name":"Camping Mas de la Cam","url":"https:\/\/www.camping-cevennes.info\/en\/","logo":{"@type":"ImageObject","inLanguage":"en-US","@id":"https:\/\/www.camping-cevennes.info\/en\/#\/schema\/logo\/image\/","url":"https:\/\/www.camping-cevennes.info\/wp-content\/uploads\/2022\/09\/logo-camping-mas-de-la-cam-noir-1.png","contentUrl":"https:\/\/www.camping-cevennes.info\/wp-content\/uploads\/2022\/09\/logo-camping-mas-de-la-cam-noir-1.png","width":625,"height":190,"caption":"Camping Mas de la Cam"},"image":{"@id":"https:\/\/www.camping-cevennes.info\/en\/#\/schema\/logo\/image\/"}}]}},"_links":{"self":[{"href":"https:\/\/www.camping-cevennes.info\/en\/wp-json\/wp\/v2\/pages\/4879","targetHints":{"allow":["GET"]}}],"collection":[{"href":"https:\/\/www.camping-cevennes.info\/en\/wp-json\/wp\/v2\/pages"}],"about":[{"href":"https:\/\/www.camping-cevennes.info\/en\/wp-json\/wp\/v2\/types\/page"}],"author":[{"embeddable":true,"href":"https:\/\/www.camping-cevennes.info\/en\/wp-json\/wp\/v2\/users\/1"}],"replies":[{"embeddable":true,"href":"https:\/\/www.camping-cevennes.info\/en\/wp-json\/wp\/v2\/comments?post=4879"}],"version-history":[{"count":9,"href":"https:\/\/www.camping-cevennes.info\/en\/wp-json\/wp\/v2\/pages\/4879\/revisions"}],"predecessor-version":[{"id":6017,"href":"https:\/\/www.camping-cevennes.info\/en\/wp-json\/wp\/v2\/pages\/4879\/revisions\/6017"}],"up":[{"embeddable":true,"href":"https:\/\/www.camping-cevennes.info\/en\/wp-json\/wp\/v2\/pages\/4787"}],"wp:featuredmedia":[{"embeddable":true,"href":"https:\/\/www.camping-cevennes.info\/en\/wp-json\/wp\/v2\/media\/3079"}],"wp:attachment":[{"href":"https:\/\/www.camping-cevennes.info\/en\/wp-json\/wp\/v2\/media?parent=4879"}],"wp:term":[{"taxonomy":"sujet","embeddable":true,"href":"https:\/\/www.camping-cevennes.info\/en\/wp-json\/wp\/v2\/sujet?post=4879"}],"curies":[{"name":"wp","href":"https:\/\/api.w.org\/{rel}","templated":true}]}}