{"id":4870,"date":"2022-10-24T11:45:53","date_gmt":"2022-10-24T09:45:53","guid":{"rendered":"https:\/\/www.camping-cevennes.info\/holidays-in-the-gard\/camping-mont-aigoual\/"},"modified":"2022-11-14T11:01:19","modified_gmt":"2022-11-14T10:01:19","slug":"camping-near-mont-aigoual","status":"publish","type":"page","link":"https:\/\/www.camping-cevennes.info\/en\/holidays-in-the-gard\/camping-near-mont-aigoual\/","title":{"rendered":"Mont aigoual"},"content":{"rendered":"<section id=\"ls-section-block_70f9e87dcf5fee6e2d95ad118cd84b65\" class=\"ls-section  page-intro has-p-t p-t-14\" >\n        <div class=\"container container--wide\">\n        \n\n<div class=\"wp-block-columns are-vertically-aligned-center columns-parent is-layout-flex wp-container-core-columns-is-layout-9d6595d7 wp-block-columns-is-layout-flex\">\n<div class=\"wp-block-column is-vertically-aligned-center left is-layout-flow wp-block-column-is-layout-flow\">\n<h1 class=\"ls__heading animated fadeInLeft delay-200ms wp-block-heading\"><span class=\"small\">Campsite near <\/span><br><span class=\"bold\">Mont-Aigoual<\/span><\/h1>\n\n\n\n<p class=\"ls-paragraph\">Occitanie is a region steeped in history and home to many<strong> remarkable natural and cultural sites<\/strong>. Discover an authentic fragment of this beautiful region at the Mas de la Cam campsite, a magnificent <a href=\"https:\/\/www.camping-cevennes.info\/en\/\">4* campsite<\/a> on the banks of the Gardon river (Saint-Jean-du-Gard), in a 65-hectare woodland.<\/p>\n<\/div>\n\n\n\n<div class=\"wp-block-column is-vertically-aligned-center right is-layout-flow wp-block-column-is-layout-flow\">\n<iframe src=\"https:\/\/www.google.com\/maps\/embed?pb=!1m28!1m12!1m3!1d2815500.5994393956!2d0.19011642745417742!3d46.4385452783661!2m3!1f0!2f0!3f0!3m2!1i1024!2i768!4f13.1!4m13!3e0!4m5!1s0x12b47164841558ad%3A0x62d813088da27348!2sCamping%20Mas%20de%20la%20Cam%20Saint%20Jean%20du%20Gard%2C%20Saint-Jean-du-Gard!3m2!1d44.112383099999995!2d3.8543309999999997!4m5!1s0x12b38c59674b14b7%3A0x1579bbffa8a5c9ea!2sObservatoire%20du%20Mont%20Aigoual%2C%20Mont%20Aigoual%2C%2030570%20Val-d'Aigoual!3m2!1d44.121448799999996!2d3.5818228999999997!5e0!3m2!1sfr!2sfr!4v1666686441231!5m2!1sfr!2sfr\" width=\"100%\" height=\"450\" style=\"border:0;\" allowfullscreen=\"\" loading=\"lazy\" referrerpolicy=\"no-referrer-when-downgrade\"><\/iframe>\n<\/div>\n<\/div>\n\n\n    <\/div>\n<\/section>\n\n<section id=\"ls-section-block_5a9422d462961e6dc15d7a5448d82211\" class=\"ls-section \" >\n        <div class=\"container container--wide\">\n        \n\n<div class=\"wp-block-columns is-layout-flex wp-container-core-columns-is-layout-9d6595d7 wp-block-columns-is-layout-flex\">\n<div class=\"wp-block-column is-vertically-aligned-center is-layout-flow wp-block-column-is-layout-flow\">\n<figure class=\"wp-block-image size-full animated fadeInLeft delay-500ms slow\"><a href=\"https:\/\/www.camping-cevennes.info\/wp-content\/uploads\/2022\/10\/randonnee-cevennes.jpg\"><img decoding=\"async\" width=\"900\" height=\"600\" src=\"https:\/\/www.camping-cevennes.info\/wp-content\/uploads\/2022\/10\/randonnee-cevennes.jpg\" alt=\"randonn\u00e9e cevennes\" class=\"wp-image-2056\" srcset=\"https:\/\/www.camping-cevennes.info\/wp-content\/uploads\/2022\/10\/randonnee-cevennes.jpg 900w, https:\/\/www.camping-cevennes.info\/wp-content\/uploads\/2022\/10\/randonnee-cevennes-300x200.jpg 300w, https:\/\/www.camping-cevennes.info\/wp-content\/uploads\/2022\/10\/randonnee-cevennes-768x512.jpg 768w\" sizes=\"(max-width: 900px) 100vw, 900px\" \/><\/a><\/figure>\n\n\n\n<p class=\"ls-paragraph\">The 4,000-step climb is the <strong>most popular hike<\/strong>. The climb from Valleraugue is the steepest for reaching the peak. From on high you have an amazing view over the valley, Grands Causses, C\u00e9vennes national park, and in the distance, the peaks of the Pyr\u00e9n\u00e9es.<\/p>\n\n\n\n<p class=\"ls-paragraph\">If you are traveling with young children, just go for a walk in this wooded space. If you are looking for a unique place to celebrate a wedding or anniversary, the <strong>Ch\u00e2teau des Pauses<\/strong> specializes in organizing group events.<\/p>\n\n\n\n<p class=\"ls-paragraph\"><strong>Ideal for family walks<\/strong> and cycling (Col de Perjuret, Col de la Lusette) during sunny days, Mount Aigoual turns into a ski resort in winter. Prat Peyrot is the largest ski resort in the Cevennes. Most accommodations are in Esperou. If you plan to visit Mount Aigoual in the winter, ask about the Aigoual recreation center\u2019s weather conditions (especially snow storms, gusts of wind and fog) before taking trails.<\/p>\n<\/div>\n\n\n\n<div class=\"wp-block-column is-vertically-aligned-center is-layout-flow wp-block-column-is-layout-flow\">\n<h2 class=\"ls__heading deco wp-block-heading\">THINGS TO DO NEAR MONT AIGOUAL<\/h2>\n\n\n\n<p class=\"ls-paragraph\">Welcome to the border between Gard and Loz\u00e8re, in the south of the Massif Central. Peaking at 1,565 metres, mont Aigoual is the <strong>second-highest peak in the C\u00e9vennes<\/strong>, after mont Loz\u00e8re (1,699 metres). It is the ideal destination for nature lovers, hiking and cycling enthusiasts and visitors searching for exceptional scenery. The panoramic view from the summit is so magnificent that it is now the site of a <strong>meteorological observatory<\/strong>: the mont Aiguoual observatory.<\/p>\n\n\n\n<p class=\"ls-paragraph\">Start out from the villages of Bassurels and Valleraugue on the plateau, and discover the trails crisscrossing the forests\u2026 well known to local Huguenots and members of the Resistance. You will also see the pic de la Fageolle, the Hort de Dieu and Aigoual signals.<\/p>\n\n\n\n<figure class=\"wp-block-image size-full animated fadeInRight delay-500ms slow\"><a href=\"https:\/\/www.camping-cevennes.info\/wp-content\/uploads\/2022\/10\/cevennes-montagne.jpg\"><img decoding=\"async\" width=\"900\" height=\"600\" src=\"https:\/\/www.camping-cevennes.info\/wp-content\/uploads\/2022\/10\/cevennes-montagne.jpg\" alt=\"cevennes montagne\" class=\"wp-image-2929\" srcset=\"https:\/\/www.camping-cevennes.info\/wp-content\/uploads\/2022\/10\/cevennes-montagne.jpg 900w, https:\/\/www.camping-cevennes.info\/wp-content\/uploads\/2022\/10\/cevennes-montagne-300x200.jpg 300w, https:\/\/www.camping-cevennes.info\/wp-content\/uploads\/2022\/10\/cevennes-montagne-768x512.jpg 768w\" sizes=\"(max-width: 900px) 100vw, 900px\" \/><\/a><\/figure>\n<\/div>\n<\/div>\n\n\n    <\/div>\n<\/section>\n\n<section id=\"ls-section-block_5a9422d462961e6dc15d7a5448d82211\" class=\"ls-section \" >\n        <div class=\"container container--wide\">\n        \n\n<div id=\"ls-heading ls-titre-div-block_927596ef655cbb68b8573de431a2fd27\" class=\"ls-titre-div deco-centree aligncenter h2-like\" >\n    Discover activities near the campsite<\/div>\n\n\n<div id=\"ls-maillage-block_c0291fce5a1a556ac94a20d1d2f1258e\" class=\"ls-maillage cta-style-normal\" data-rows=\"3\">\n    <div class=\"wp-block-columns\"><div class=\"wp-block-column\">\n\n<a href=\"https:\/\/www.camping-cevennes.info\/en\/holidays-in-the-gard\/bamboo-gardens-cevennes\/\" target=\"\" rel=\"noopener\" class=\"ls-cta__link\">\n\n\t<div class=\"ls-cta__image\"><img decoding=\"async\" src=\"https:\/\/www.camping-cevennes.info\/wp-content\/uploads\/2022\/10\/bamboo-1024x480.jpg\" alt=\"bamboo\"><\/div>\n\t<div class=\"ls-cta__title\">\n\t\tBambouseraie\t<\/div>\n\n\t\t\n<\/a><\/div><div class=\"wp-block-column\">\n\n<a href=\"https:\/\/www.camping-cevennes.info\/en\/holidays-in-the-gard\/national-park-cevennes\/\" target=\"\" rel=\"noopener\" class=\"ls-cta__link\">\n\n\t<div class=\"ls-cta__image\"><img decoding=\"async\" src=\"https:\/\/www.camping-cevennes.info\/wp-content\/uploads\/2022\/10\/village-cevennes.jpg\" alt=\"village cevennes\"><\/div>\n\t<div class=\"ls-cta__title\">\n\t\tCevennes National Park\t<\/div>\n\n\t\t\n<\/a><\/div><div class=\"wp-block-column\">\n\n<a href=\"https:\/\/www.camping-cevennes.info\/en\/holidays-in-the-gard\/camping-near-pont-du-gard\/\" target=\"\" rel=\"noopener\" class=\"ls-cta__link\">\n\n\t<div class=\"ls-cta__image\"><img decoding=\"async\" src=\"https:\/\/www.camping-cevennes.info\/wp-content\/uploads\/2022\/10\/pont-du-gard-1.jpg\" alt=\"pont du gard\"><\/div>\n\t<div class=\"ls-cta__title\">\n\t\tPont du Gard\t<\/div>\n\n\t\t\n<\/a><\/div><\/div><\/div>\n\n    <\/div>\n<\/section>","protected":false},"excerpt":{"rendered":"","protected":false},"author":1,"featured_media":2990,"parent":4787,"menu_order":0,"comment_status":"closed","ping_status":"closed","template":"","meta":{"_acf_changed":false,"footnotes":""},"sujet":[],"class_list":["post-4870","page","type-page","status-publish","has-post-thumbnail","hentry"],"acf":[],"yoast_head":"<!-- This site is optimized with the Yoast SEO plugin v25.3 - https:\/\/yoast.com\/wordpress\/plugins\/seo\/ -->\n<title>Campsite Mont Aigoual | Discover Mont Aigoual in the Cevennes<\/title>\n<meta name=\"description\" content=\"Tourist activities at Mont Aigoual, places not to be missed, what to see, what to do during his holidays at Mont Aigual\" \/>\n<meta name=\"robots\" content=\"index, follow, max-snippet:-1, max-image-preview:large, max-video-preview:-1\" \/>\n<link rel=\"canonical\" href=\"https:\/\/www.camping-cevennes.info\/en\/holidays-in-the-gard\/camping-near-mont-aigoual\/\" \/>\n<meta property=\"og:locale\" content=\"en_US\" \/>\n<meta property=\"og:type\" content=\"article\" \/>\n<meta property=\"og:title\" content=\"Campsite Mont Aigoual | Discover Mont Aigoual in the Cevennes\" \/>\n<meta property=\"og:description\" content=\"Tourist activities at Mont Aigoual, places not to be missed, what to see, what to do during his holidays at Mont Aigual\" \/>\n<meta property=\"og:url\" content=\"https:\/\/www.camping-cevennes.info\/en\/holidays-in-the-gard\/camping-near-mont-aigoual\/\" \/>\n<meta property=\"og:site_name\" content=\"Camping Mas de la Cam\" \/>\n<meta property=\"article:modified_time\" content=\"2022-11-14T10:01:19+00:00\" \/>\n<meta property=\"og:image\" content=\"https:\/\/www.camping-cevennes.info\/wp-content\/uploads\/2022\/10\/mont-aigoual-paysage.jpg\" \/>\n\t<meta property=\"og:image:width\" content=\"1920\" \/>\n\t<meta property=\"og:image:height\" content=\"720\" \/>\n\t<meta property=\"og:image:type\" content=\"image\/jpeg\" \/>\n<meta name=\"twitter:card\" content=\"summary_large_image\" \/>\n<meta name=\"twitter:label1\" content=\"Est. reading time\" \/>\n\t<meta name=\"twitter:data1\" content=\"3 minutes\" \/>\n<script type=\"application\/ld+json\" class=\"yoast-schema-graph\">{\"@context\":\"https:\/\/schema.org\",\"@graph\":[{\"@type\":\"WebPage\",\"@id\":\"https:\/\/www.camping-cevennes.info\/en\/holidays-in-the-gard\/camping-near-mont-aigoual\/\",\"url\":\"https:\/\/www.camping-cevennes.info\/en\/holidays-in-the-gard\/camping-near-mont-aigoual\/\",\"name\":\"Campsite Mont Aigoual | Discover Mont Aigoual in the Cevennes\",\"isPartOf\":{\"@id\":\"https:\/\/www.camping-cevennes.info\/en\/#website\"},\"primaryImageOfPage\":{\"@id\":\"https:\/\/www.camping-cevennes.info\/en\/holidays-in-the-gard\/camping-near-mont-aigoual\/#primaryimage\"},\"image\":{\"@id\":\"https:\/\/www.camping-cevennes.info\/en\/holidays-in-the-gard\/camping-near-mont-aigoual\/#primaryimage\"},\"thumbnailUrl\":\"https:\/\/www.camping-cevennes.info\/wp-content\/uploads\/2022\/10\/mont-aigoual-paysage.jpg\",\"datePublished\":\"2022-10-24T09:45:53+00:00\",\"dateModified\":\"2022-11-14T10:01:19+00:00\",\"description\":\"Tourist activities at Mont Aigoual, places not to be missed, what to see, what to do during his holidays at Mont Aigual\",\"breadcrumb\":{\"@id\":\"https:\/\/www.camping-cevennes.info\/en\/holidays-in-the-gard\/camping-near-mont-aigoual\/#breadcrumb\"},\"inLanguage\":\"en-US\",\"potentialAction\":[{\"@type\":\"ReadAction\",\"target\":[\"https:\/\/www.camping-cevennes.info\/en\/holidays-in-the-gard\/camping-near-mont-aigoual\/\"]}]},{\"@type\":\"ImageObject\",\"inLanguage\":\"en-US\",\"@id\":\"https:\/\/www.camping-cevennes.info\/en\/holidays-in-the-gard\/camping-near-mont-aigoual\/#primaryimage\",\"url\":\"https:\/\/www.camping-cevennes.info\/wp-content\/uploads\/2022\/10\/mont-aigoual-paysage.jpg\",\"contentUrl\":\"https:\/\/www.camping-cevennes.info\/wp-content\/uploads\/2022\/10\/mont-aigoual-paysage.jpg\",\"width\":1920,\"height\":720,\"caption\":\"mont aigoual paysage\"},{\"@type\":\"BreadcrumbList\",\"@id\":\"https:\/\/www.camping-cevennes.info\/en\/holidays-in-the-gard\/camping-near-mont-aigoual\/#breadcrumb\",\"itemListElement\":[{\"@type\":\"ListItem\",\"position\":1,\"name\":\"Campsite C\u00e9vennes\",\"item\":\"https:\/\/www.camping-cevennes.info\/en\/\"},{\"@type\":\"ListItem\",\"position\":2,\"name\":\"The Gard\",\"item\":\"https:\/\/www.camping-cevennes.info\/en\/holidays-in-the-gard\/\"},{\"@type\":\"ListItem\",\"position\":3,\"name\":\"Campsite near Mont Aigoual\"}]},{\"@type\":\"WebSite\",\"@id\":\"https:\/\/www.camping-cevennes.info\/en\/#website\",\"url\":\"https:\/\/www.camping-cevennes.info\/en\/\",\"name\":\"Camping Mas de la Cam\",\"description\":\"\",\"publisher\":{\"@id\":\"https:\/\/www.camping-cevennes.info\/en\/#organization\"},\"potentialAction\":[{\"@type\":\"SearchAction\",\"target\":{\"@type\":\"EntryPoint\",\"urlTemplate\":\"https:\/\/www.camping-cevennes.info\/en\/?s={search_term_string}\"},\"query-input\":{\"@type\":\"PropertyValueSpecification\",\"valueRequired\":true,\"valueName\":\"search_term_string\"}}],\"inLanguage\":\"en-US\"},{\"@type\":\"Organization\",\"@id\":\"https:\/\/www.camping-cevennes.info\/en\/#organization\",\"name\":\"Camping Mas de la Cam\",\"url\":\"https:\/\/www.camping-cevennes.info\/en\/\",\"logo\":{\"@type\":\"ImageObject\",\"inLanguage\":\"en-US\",\"@id\":\"https:\/\/www.camping-cevennes.info\/en\/#\/schema\/logo\/image\/\",\"url\":\"https:\/\/www.camping-cevennes.info\/wp-content\/uploads\/2022\/09\/logo-camping-mas-de-la-cam-noir-1.png\",\"contentUrl\":\"https:\/\/www.camping-cevennes.info\/wp-content\/uploads\/2022\/09\/logo-camping-mas-de-la-cam-noir-1.png\",\"width\":625,\"height\":190,\"caption\":\"Camping Mas de la Cam\"},\"image\":{\"@id\":\"https:\/\/www.camping-cevennes.info\/en\/#\/schema\/logo\/image\/\"}}]}<\/script>\n<!-- \/ Yoast SEO plugin. -->","yoast_head_json":{"title":"Campsite Mont Aigoual | Discover Mont Aigoual in the Cevennes","description":"Tourist activities at Mont Aigoual, places not to be missed, what to see, what to do during his holidays at Mont Aigual","robots":{"index":"index","follow":"follow","max-snippet":"max-snippet:-1","max-image-preview":"max-image-preview:large","max-video-preview":"max-video-preview:-1"},"canonical":"https:\/\/www.camping-cevennes.info\/en\/holidays-in-the-gard\/camping-near-mont-aigoual\/","og_locale":"en_US","og_type":"article","og_title":"Campsite Mont Aigoual | Discover Mont Aigoual in the Cevennes","og_description":"Tourist activities at Mont Aigoual, places not to be missed, what to see, what to do during his holidays at Mont Aigual","og_url":"https:\/\/www.camping-cevennes.info\/en\/holidays-in-the-gard\/camping-near-mont-aigoual\/","og_site_name":"Camping Mas de la Cam","article_modified_time":"2022-11-14T10:01:19+00:00","og_image":[{"width":1920,"height":720,"url":"https:\/\/www.camping-cevennes.info\/wp-content\/uploads\/2022\/10\/mont-aigoual-paysage.jpg","type":"image\/jpeg"}],"twitter_card":"summary_large_image","twitter_misc":{"Est. reading time":"3 minutes"},"schema":{"@context":"https:\/\/schema.org","@graph":[{"@type":"WebPage","@id":"https:\/\/www.camping-cevennes.info\/en\/holidays-in-the-gard\/camping-near-mont-aigoual\/","url":"https:\/\/www.camping-cevennes.info\/en\/holidays-in-the-gard\/camping-near-mont-aigoual\/","name":"Campsite Mont Aigoual | Discover Mont Aigoual in the Cevennes","isPartOf":{"@id":"https:\/\/www.camping-cevennes.info\/en\/#website"},"primaryImageOfPage":{"@id":"https:\/\/www.camping-cevennes.info\/en\/holidays-in-the-gard\/camping-near-mont-aigoual\/#primaryimage"},"image":{"@id":"https:\/\/www.camping-cevennes.info\/en\/holidays-in-the-gard\/camping-near-mont-aigoual\/#primaryimage"},"thumbnailUrl":"https:\/\/www.camping-cevennes.info\/wp-content\/uploads\/2022\/10\/mont-aigoual-paysage.jpg","datePublished":"2022-10-24T09:45:53+00:00","dateModified":"2022-11-14T10:01:19+00:00","description":"Tourist activities at Mont Aigoual, places not to be missed, what to see, what to do during his holidays at Mont Aigual","breadcrumb":{"@id":"https:\/\/www.camping-cevennes.info\/en\/holidays-in-the-gard\/camping-near-mont-aigoual\/#breadcrumb"},"inLanguage":"en-US","potentialAction":[{"@type":"ReadAction","target":["https:\/\/www.camping-cevennes.info\/en\/holidays-in-the-gard\/camping-near-mont-aigoual\/"]}]},{"@type":"ImageObject","inLanguage":"en-US","@id":"https:\/\/www.camping-cevennes.info\/en\/holidays-in-the-gard\/camping-near-mont-aigoual\/#primaryimage","url":"https:\/\/www.camping-cevennes.info\/wp-content\/uploads\/2022\/10\/mont-aigoual-paysage.jpg","contentUrl":"https:\/\/www.camping-cevennes.info\/wp-content\/uploads\/2022\/10\/mont-aigoual-paysage.jpg","width":1920,"height":720,"caption":"mont aigoual paysage"},{"@type":"BreadcrumbList","@id":"https:\/\/www.camping-cevennes.info\/en\/holidays-in-the-gard\/camping-near-mont-aigoual\/#breadcrumb","itemListElement":[{"@type":"ListItem","position":1,"name":"Campsite C\u00e9vennes","item":"https:\/\/www.camping-cevennes.info\/en\/"},{"@type":"ListItem","position":2,"name":"The Gard","item":"https:\/\/www.camping-cevennes.info\/en\/holidays-in-the-gard\/"},{"@type":"ListItem","position":3,"name":"Campsite near Mont Aigoual"}]},{"@type":"WebSite","@id":"https:\/\/www.camping-cevennes.info\/en\/#website","url":"https:\/\/www.camping-cevennes.info\/en\/","name":"Camping Mas de la Cam","description":"","publisher":{"@id":"https:\/\/www.camping-cevennes.info\/en\/#organization"},"potentialAction":[{"@type":"SearchAction","target":{"@type":"EntryPoint","urlTemplate":"https:\/\/www.camping-cevennes.info\/en\/?s={search_term_string}"},"query-input":{"@type":"PropertyValueSpecification","valueRequired":true,"valueName":"search_term_string"}}],"inLanguage":"en-US"},{"@type":"Organization","@id":"https:\/\/www.camping-cevennes.info\/en\/#organization","name":"Camping Mas de la Cam","url":"https:\/\/www.camping-cevennes.info\/en\/","logo":{"@type":"ImageObject","inLanguage":"en-US","@id":"https:\/\/www.camping-cevennes.info\/en\/#\/schema\/logo\/image\/","url":"https:\/\/www.camping-cevennes.info\/wp-content\/uploads\/2022\/09\/logo-camping-mas-de-la-cam-noir-1.png","contentUrl":"https:\/\/www.camping-cevennes.info\/wp-content\/uploads\/2022\/09\/logo-camping-mas-de-la-cam-noir-1.png","width":625,"height":190,"caption":"Camping Mas de la Cam"},"image":{"@id":"https:\/\/www.camping-cevennes.info\/en\/#\/schema\/logo\/image\/"}}]}},"_links":{"self":[{"href":"https:\/\/www.camping-cevennes.info\/en\/wp-json\/wp\/v2\/pages\/4870","targetHints":{"allow":["GET"]}}],"collection":[{"href":"https:\/\/www.camping-cevennes.info\/en\/wp-json\/wp\/v2\/pages"}],"about":[{"href":"https:\/\/www.camping-cevennes.info\/en\/wp-json\/wp\/v2\/types\/page"}],"author":[{"embeddable":true,"href":"https:\/\/www.camping-cevennes.info\/en\/wp-json\/wp\/v2\/users\/1"}],"replies":[{"embeddable":true,"href":"https:\/\/www.camping-cevennes.info\/en\/wp-json\/wp\/v2\/comments?post=4870"}],"version-history":[{"count":11,"href":"https:\/\/www.camping-cevennes.info\/en\/wp-json\/wp\/v2\/pages\/4870\/revisions"}],"predecessor-version":[{"id":4978,"href":"https:\/\/www.camping-cevennes.info\/en\/wp-json\/wp\/v2\/pages\/4870\/revisions\/4978"}],"up":[{"embeddable":true,"href":"https:\/\/www.camping-cevennes.info\/en\/wp-json\/wp\/v2\/pages\/4787"}],"wp:featuredmedia":[{"embeddable":true,"href":"https:\/\/www.camping-cevennes.info\/en\/wp-json\/wp\/v2\/media\/2990"}],"wp:attachment":[{"href":"https:\/\/www.camping-cevennes.info\/en\/wp-json\/wp\/v2\/media?parent=4870"}],"wp:term":[{"taxonomy":"sujet","embeddable":true,"href":"https:\/\/www.camping-cevennes.info\/en\/wp-json\/wp\/v2\/sujet?post=4870"}],"curies":[{"name":"wp","href":"https:\/\/api.w.org\/{rel}","templated":true}]}}