{"id":4855,"date":"2022-10-24T11:29:37","date_gmt":"2022-10-24T09:29:37","guid":{"rendered":"https:\/\/www.camping-cevennes.info\/holidays-in-the-gard\/camping-gorges-de-lardeche\/"},"modified":"2022-11-14T10:59:00","modified_gmt":"2022-11-14T09:59:00","slug":"camping-in-the-ardeches-gorges","status":"publish","type":"page","link":"https:\/\/www.camping-cevennes.info\/en\/holidays-in-the-gard\/camping-in-the-ardeches-gorges\/","title":{"rendered":"Gorges de l&#8217;Ard\u00e8che"},"content":{"rendered":"<section id=\"ls-section-block_a221b2ad6982341700ce8669405ea268\" class=\"ls-section  page-intro has-p-t p-t-14\" >\n        <div class=\"container container--wide\">\n        \n\n<div class=\"wp-block-columns columns-parent is-layout-flex wp-container-core-columns-is-layout-9d6595d7 wp-block-columns-is-layout-flex\">\n<div class=\"wp-block-column is-vertically-aligned-center left is-layout-flow wp-block-column-is-layout-flow\">\n<h1 class=\"ls__heading animated fadeInLeft delay-200ms wp-block-heading\"><span class=\"small\">CAMPSITE IN THE <\/span><br>ARD\u00c8CHE GORGES<\/h1>\n\n\n\n<p class=\"ls-paragraph\">An novel way to discover the Occitanie and C\u00e9vennes countryside. <a href=\"\/en\/\"><strong>Mas de la Cam 4* campsite<\/strong><\/a> in Saint-Jean-du-Gard offers <a href=\"https:\/\/www.camping-cevennes.info\/en\/pitches-camping-gard\/\"><strong>pitches<\/strong><\/a> and <a href=\"https:\/\/www.camping-cevennes.info\/en\/rent-cottage-gard-cevennes\/\"><strong>holiday gites<\/strong><\/a> for all tastes and all budgets. With your family, your friends, or for a romantic getaway, come and discover the hidden treasure of the Gard in this campsite just steps from a sumptuous canyon, the Ard\u00e8che gorges.<\/p>\n<\/div>\n\n\n\n<div class=\"wp-block-column is-vertically-aligned-center right is-layout-flow wp-block-column-is-layout-flow\">\n<iframe src=\"https:\/\/www.google.com\/maps\/embed?pb=!1m28!1m12!1m3!1d517782.2343000452!2d3.768052984567009!3d44.19945039518597!2m3!1f0!2f0!3f0!3m2!1i1024!2i768!4f13.1!4m13!3e0!4m5!1s0x12b471649f944325%3A0x75353720ffe2581!2sMas%20de%20la%20Cam%2C%20Saint-Jean-du-Gard!3m2!1d44.112027999999995!2d3.8540129999999997!4m5!1s0x12b5072bd12aaa75%3A0xe184468a54f82966!2sR%C3%A9serve%20Naturelle%20Nationale%20des%20Gorges%20de%20l'Ard%C3%A8che%2C%20Le%20Village%2C%2007700%20Saint-Rem%C3%A8ze!3m2!1d44.3649796!2d4.4439364999999995!5e0!3m2!1sfr!2sfr!4v1666623321176!5m2!1sfr!2sfr\" width=\"100%\" height=\"450\" style=\"border:0;\" allowfullscreen=\"\" loading=\"lazy\" referrerpolicy=\"no-referrer-when-downgrade\"><\/iframe>\n<\/div>\n<\/div>\n\n\n    <\/div>\n<\/section>\n\n<section id=\"ls-section-block_0e51295797c8fec928a1132a0b1ac6fe\" class=\"ls-section  page-one has-m-t m-t-6 has-p-t p-t-0\" >\n        <div class=\"container container--wide\">\n        \n\n<div class=\"wp-block-columns is-layout-flex wp-container-core-columns-is-layout-9d6595d7 wp-block-columns-is-layout-flex\">\n<div class=\"wp-block-column is-vertically-aligned-center is-layout-flow wp-block-column-is-layout-flow\">\n<figure class=\"wp-block-image size-full animated fadeInLeft delay-500ms slow\"><a href=\"https:\/\/www.camping-cevennes.info\/wp-content\/uploads\/2022\/10\/gorge-de-lardeche.jpg\"><img decoding=\"async\" width=\"900\" height=\"600\" src=\"https:\/\/www.camping-cevennes.info\/wp-content\/uploads\/2022\/10\/gorge-de-lardeche.jpg\" alt=\"gorge de l'ardeche\" class=\"wp-image-2901\" srcset=\"https:\/\/www.camping-cevennes.info\/wp-content\/uploads\/2022\/10\/gorge-de-lardeche.jpg 900w, https:\/\/www.camping-cevennes.info\/wp-content\/uploads\/2022\/10\/gorge-de-lardeche-300x200.jpg 300w, https:\/\/www.camping-cevennes.info\/wp-content\/uploads\/2022\/10\/gorge-de-lardeche-768x512.jpg 768w\" sizes=\"(max-width: 900px) 100vw, 900px\" \/><\/a><\/figure>\n\n\n\n<p class=\"ls-paragraph\">The Ard\u00e8che gorges natural reserve is a <strong>protected site<\/strong>. There is a superb view over the C\u00e9vennes from the peaks. Take time with your children or friends to discover the <strong>extraordinary natural sights<\/strong>, such as the Madeleine cirque, the balcon des Templiers, the pont du Diable, the Sautadet and Ray-Pic <strong>waterfalls<\/strong> and the Garn ramparts. <\/p>\n\n\n\n<p class=\"ls-paragraph\">The valley is scattered with charming villages to explore between two other activities: Salavas, Saint-Rem\u00e8ze, Bidon, Labastide-de-Virac, Saint-Marcel-d\u2019Ard\u00e8che\u2026 And don\u2019t forget to plan a visit to the <strong>prehistoric museum<\/strong>, Cit\u00e9 de la Pr\u00e9histoire d\u2019Aven d\u2019Orgnac for an <strong>unforgettable experience<\/strong> with your family.<\/p>\n<\/div>\n\n\n\n<div class=\"wp-block-column is-vertically-aligned-center is-layout-flow wp-block-column-is-layout-flow\">\n<h2 class=\"ls__heading deco wp-block-heading\">THINGS TO DO NEAR THE GORGES OF THE ARD\u00c8CHE ?<\/h2>\n\n\n\n<p class=\"ls-paragraph\">The Ard\u00e8che gorges form a <strong>magnificent canyon<\/strong>, approximately 30km long, crisscrossed by a winding river, under the <strong>Arc bridge<\/strong> (Vallon-Pont-d\u2019Arc), the most famous which has an amazing limestone arch. <\/p>\n\n\n\n<p class=\"ls-paragraph\">This natural site, not far from the pont du Gard, between Chames (Sauze) and Saint-Martin-d\u2019Ard\u00e8che shelters <strong>several grottoes<\/strong>: Chauvet, Saint-Marcel, Madeleine, La Cocali\u00e8re grottoes. Every year hikers, bungee jumpers, climbers and potholers are drawn to the site, not to mention the <strong>canoying and kayaking<\/strong> enthusiasts who come to brave the <strong>fast rapids<\/strong>.<\/p>\n\n\n\n<figure class=\"wp-block-image size-full animated fadeInRight delay-500ms slow\"><a href=\"https:\/\/www.camping-cevennes.info\/wp-content\/uploads\/2022\/10\/gorges-ardeche.jpg\"><img decoding=\"async\" width=\"900\" height=\"600\" src=\"https:\/\/www.camping-cevennes.info\/wp-content\/uploads\/2022\/10\/gorges-ardeche.jpg\" alt=\"gorge ardeche kayak\" class=\"wp-image-2906\" srcset=\"https:\/\/www.camping-cevennes.info\/wp-content\/uploads\/2022\/10\/gorges-ardeche.jpg 900w, https:\/\/www.camping-cevennes.info\/wp-content\/uploads\/2022\/10\/gorges-ardeche-300x200.jpg 300w, https:\/\/www.camping-cevennes.info\/wp-content\/uploads\/2022\/10\/gorges-ardeche-768x512.jpg 768w\" sizes=\"(max-width: 900px) 100vw, 900px\" \/><\/a><\/figure>\n<\/div>\n<\/div>\n\n\n    <\/div>\n<\/section>\n\n<section id=\"ls-section-block_6d760325a3957a5fc61911140406e7b3\" class=\"ls-section \" >\n        <div class=\"container container--wide\">\n        \n\n<div id=\"ls-heading ls-titre-div-block_181de539edf3cf937fe48cd4328fa249\" class=\"ls-titre-div deco-centree aligncenter h2-like\" >\n    Discover the activities around the campsite<\/div>\n\n\n<div id=\"ls-maillage-block_4d01f41b16db2f5c34df96c33534394e\" class=\"ls-maillage cta-style-normal\" data-rows=\"3\">\n    <div class=\"wp-block-columns\"><div class=\"wp-block-column\">\n\n<a href=\"https:\/\/www.camping-cevennes.info\/en\/holidays-in-the-gard\/bamboo-gardens-cevennes\/\" target=\"\" rel=\"noopener\" class=\"ls-cta__link\">\n\n\t<div class=\"ls-cta__image\"><img decoding=\"async\" src=\"https:\/\/www.camping-cevennes.info\/wp-content\/uploads\/2022\/10\/bamboo-1024x480.jpg\" alt=\"bamboo\"><\/div>\n\t<div class=\"ls-cta__title\">\n\t\tBambouseraie\t<\/div>\n\n\t\t\n<\/a><\/div><div class=\"wp-block-column\">\n\n<a href=\"https:\/\/www.camping-cevennes.info\/en\/holidays-in-the-gard\/camping-in-the-tarn-gorges\/\" target=\"\" rel=\"noopener\" class=\"ls-cta__link\">\n\n\t<div class=\"ls-cta__image\"><img decoding=\"async\" src=\"https:\/\/www.camping-cevennes.info\/wp-content\/uploads\/2022\/11\/gorge-du-tarn-1024x480.jpg\" alt=\"gorge du tarn\"><\/div>\n\t<div class=\"ls-cta__title\">\n\t\tTarn Gorges\t<\/div>\n\n\t\t\n<\/a><\/div><div class=\"wp-block-column\">\n\n<a href=\"https:\/\/www.camping-cevennes.info\/en\/holidays-in-the-gard\/camping-near-pont-du-gard\/\" target=\"\" rel=\"noopener\" class=\"ls-cta__link\">\n\n\t<div class=\"ls-cta__image\"><img decoding=\"async\" src=\"https:\/\/www.camping-cevennes.info\/wp-content\/uploads\/2022\/10\/pont-du-gard-1.jpg\" alt=\"pont du gard\"><\/div>\n\t<div class=\"ls-cta__title\">\n\t\tPont du Gard\t<\/div>\n\n\t\t\n<\/a><\/div><\/div><\/div>\n\n    <\/div>\n<\/section>","protected":false},"excerpt":{"rendered":"","protected":false},"author":1,"featured_media":3195,"parent":4787,"menu_order":0,"comment_status":"closed","ping_status":"closed","template":"","meta":{"_acf_changed":false,"footnotes":""},"sujet":[],"class_list":["post-4855","page","type-page","status-publish","has-post-thumbnail","hentry"],"acf":[],"yoast_head":"<!-- This site is optimized with the Yoast SEO plugin v25.3 - https:\/\/yoast.com\/wordpress\/plugins\/seo\/ -->\n<title>Campsite Gorges of the Ard\u00e8che | Holidays in the Gorges of the Ard\u00e8che<\/title>\n<meta name=\"description\" content=\"Tourist activities in the Gorges of the Ard\u00e8che, places not to be missed, what to see, what to do during his holidays near the Gorges of the Ard\u00e8che!\" \/>\n<meta name=\"robots\" content=\"index, follow, max-snippet:-1, max-image-preview:large, max-video-preview:-1\" \/>\n<link rel=\"canonical\" href=\"https:\/\/www.camping-cevennes.info\/en\/holidays-in-the-gard\/camping-in-the-ardeches-gorges\/\" \/>\n<meta property=\"og:locale\" content=\"en_US\" \/>\n<meta property=\"og:type\" content=\"article\" \/>\n<meta property=\"og:title\" content=\"Campsite Gorges of the Ard\u00e8che | Holidays in the Gorges of the Ard\u00e8che\" \/>\n<meta property=\"og:description\" content=\"Tourist activities in the Gorges of the Ard\u00e8che, places not to be missed, what to see, what to do during his holidays near the Gorges of the Ard\u00e8che!\" \/>\n<meta property=\"og:url\" content=\"https:\/\/www.camping-cevennes.info\/en\/holidays-in-the-gard\/camping-in-the-ardeches-gorges\/\" \/>\n<meta property=\"og:site_name\" content=\"Camping Mas de la Cam\" \/>\n<meta property=\"article:modified_time\" content=\"2022-11-14T09:59:00+00:00\" \/>\n<meta property=\"og:image\" content=\"https:\/\/www.camping-cevennes.info\/wp-content\/uploads\/2022\/11\/gorge-de-lardeche.jpg\" \/>\n\t<meta property=\"og:image:width\" content=\"1920\" \/>\n\t<meta property=\"og:image:height\" content=\"900\" \/>\n\t<meta property=\"og:image:type\" content=\"image\/jpeg\" \/>\n<meta name=\"twitter:card\" content=\"summary_large_image\" \/>\n<meta name=\"twitter:label1\" content=\"Est. reading time\" \/>\n\t<meta name=\"twitter:data1\" content=\"2 minutes\" \/>\n<script type=\"application\/ld+json\" class=\"yoast-schema-graph\">{\"@context\":\"https:\/\/schema.org\",\"@graph\":[{\"@type\":\"WebPage\",\"@id\":\"https:\/\/www.camping-cevennes.info\/en\/holidays-in-the-gard\/camping-in-the-ardeches-gorges\/\",\"url\":\"https:\/\/www.camping-cevennes.info\/en\/holidays-in-the-gard\/camping-in-the-ardeches-gorges\/\",\"name\":\"Campsite Gorges of the Ard\u00e8che | Holidays in the Gorges of the Ard\u00e8che\",\"isPartOf\":{\"@id\":\"https:\/\/www.camping-cevennes.info\/en\/#website\"},\"primaryImageOfPage\":{\"@id\":\"https:\/\/www.camping-cevennes.info\/en\/holidays-in-the-gard\/camping-in-the-ardeches-gorges\/#primaryimage\"},\"image\":{\"@id\":\"https:\/\/www.camping-cevennes.info\/en\/holidays-in-the-gard\/camping-in-the-ardeches-gorges\/#primaryimage\"},\"thumbnailUrl\":\"https:\/\/www.camping-cevennes.info\/wp-content\/uploads\/2022\/10\/gorges-du-gardon.jpg\",\"datePublished\":\"2022-10-24T09:29:37+00:00\",\"dateModified\":\"2022-11-14T09:59:00+00:00\",\"description\":\"Tourist activities in the Gorges of the Ard\u00e8che, places not to be missed, what to see, what to do during his holidays near the Gorges of the Ard\u00e8che!\",\"breadcrumb\":{\"@id\":\"https:\/\/www.camping-cevennes.info\/en\/holidays-in-the-gard\/camping-in-the-ardeches-gorges\/#breadcrumb\"},\"inLanguage\":\"en-US\",\"potentialAction\":[{\"@type\":\"ReadAction\",\"target\":[\"https:\/\/www.camping-cevennes.info\/en\/holidays-in-the-gard\/camping-in-the-ardeches-gorges\/\"]}]},{\"@type\":\"ImageObject\",\"inLanguage\":\"en-US\",\"@id\":\"https:\/\/www.camping-cevennes.info\/en\/holidays-in-the-gard\/camping-in-the-ardeches-gorges\/#primaryimage\",\"url\":\"https:\/\/www.camping-cevennes.info\/wp-content\/uploads\/2022\/10\/gorges-du-gardon.jpg\",\"contentUrl\":\"https:\/\/www.camping-cevennes.info\/wp-content\/uploads\/2022\/10\/gorges-du-gardon.jpg\",\"width\":900,\"height\":600,\"caption\":\"gorges du gardon\"},{\"@type\":\"BreadcrumbList\",\"@id\":\"https:\/\/www.camping-cevennes.info\/en\/holidays-in-the-gard\/camping-in-the-ardeches-gorges\/#breadcrumb\",\"itemListElement\":[{\"@type\":\"ListItem\",\"position\":1,\"name\":\"Campsite C\u00e9vennes\",\"item\":\"https:\/\/www.camping-cevennes.info\/en\/\"},{\"@type\":\"ListItem\",\"position\":2,\"name\":\"The Gard\",\"item\":\"https:\/\/www.camping-cevennes.info\/en\/holidays-in-the-gard\/\"},{\"@type\":\"ListItem\",\"position\":3,\"name\":\"Campsite in the Ard\u00e8che gorges\"}]},{\"@type\":\"WebSite\",\"@id\":\"https:\/\/www.camping-cevennes.info\/en\/#website\",\"url\":\"https:\/\/www.camping-cevennes.info\/en\/\",\"name\":\"Camping Mas de la Cam\",\"description\":\"\",\"publisher\":{\"@id\":\"https:\/\/www.camping-cevennes.info\/en\/#organization\"},\"potentialAction\":[{\"@type\":\"SearchAction\",\"target\":{\"@type\":\"EntryPoint\",\"urlTemplate\":\"https:\/\/www.camping-cevennes.info\/en\/?s={search_term_string}\"},\"query-input\":{\"@type\":\"PropertyValueSpecification\",\"valueRequired\":true,\"valueName\":\"search_term_string\"}}],\"inLanguage\":\"en-US\"},{\"@type\":\"Organization\",\"@id\":\"https:\/\/www.camping-cevennes.info\/en\/#organization\",\"name\":\"Camping Mas de la Cam\",\"url\":\"https:\/\/www.camping-cevennes.info\/en\/\",\"logo\":{\"@type\":\"ImageObject\",\"inLanguage\":\"en-US\",\"@id\":\"https:\/\/www.camping-cevennes.info\/en\/#\/schema\/logo\/image\/\",\"url\":\"https:\/\/www.camping-cevennes.info\/wp-content\/uploads\/2022\/09\/logo-camping-mas-de-la-cam-noir-1.png\",\"contentUrl\":\"https:\/\/www.camping-cevennes.info\/wp-content\/uploads\/2022\/09\/logo-camping-mas-de-la-cam-noir-1.png\",\"width\":625,\"height\":190,\"caption\":\"Camping Mas de la Cam\"},\"image\":{\"@id\":\"https:\/\/www.camping-cevennes.info\/en\/#\/schema\/logo\/image\/\"}}]}<\/script>\n<!-- \/ Yoast SEO plugin. -->","yoast_head_json":{"title":"Campsite Gorges of the Ard\u00e8che | Holidays in the Gorges of the Ard\u00e8che","description":"Tourist activities in the Gorges of the Ard\u00e8che, places not to be missed, what to see, what to do during his holidays near the Gorges of the Ard\u00e8che!","robots":{"index":"index","follow":"follow","max-snippet":"max-snippet:-1","max-image-preview":"max-image-preview:large","max-video-preview":"max-video-preview:-1"},"canonical":"https:\/\/www.camping-cevennes.info\/en\/holidays-in-the-gard\/camping-in-the-ardeches-gorges\/","og_locale":"en_US","og_type":"article","og_title":"Campsite Gorges of the Ard\u00e8che | Holidays in the Gorges of the Ard\u00e8che","og_description":"Tourist activities in the Gorges of the Ard\u00e8che, places not to be missed, what to see, what to do during his holidays near the Gorges of the Ard\u00e8che!","og_url":"https:\/\/www.camping-cevennes.info\/en\/holidays-in-the-gard\/camping-in-the-ardeches-gorges\/","og_site_name":"Camping Mas de la Cam","article_modified_time":"2022-11-14T09:59:00+00:00","og_image":[{"width":1920,"height":900,"url":"https:\/\/www.camping-cevennes.info\/wp-content\/uploads\/2022\/11\/gorge-de-lardeche.jpg","type":"image\/jpeg"}],"twitter_card":"summary_large_image","twitter_misc":{"Est. reading time":"2 minutes"},"schema":{"@context":"https:\/\/schema.org","@graph":[{"@type":"WebPage","@id":"https:\/\/www.camping-cevennes.info\/en\/holidays-in-the-gard\/camping-in-the-ardeches-gorges\/","url":"https:\/\/www.camping-cevennes.info\/en\/holidays-in-the-gard\/camping-in-the-ardeches-gorges\/","name":"Campsite Gorges of the Ard\u00e8che | Holidays in the Gorges of the Ard\u00e8che","isPartOf":{"@id":"https:\/\/www.camping-cevennes.info\/en\/#website"},"primaryImageOfPage":{"@id":"https:\/\/www.camping-cevennes.info\/en\/holidays-in-the-gard\/camping-in-the-ardeches-gorges\/#primaryimage"},"image":{"@id":"https:\/\/www.camping-cevennes.info\/en\/holidays-in-the-gard\/camping-in-the-ardeches-gorges\/#primaryimage"},"thumbnailUrl":"https:\/\/www.camping-cevennes.info\/wp-content\/uploads\/2022\/10\/gorges-du-gardon.jpg","datePublished":"2022-10-24T09:29:37+00:00","dateModified":"2022-11-14T09:59:00+00:00","description":"Tourist activities in the Gorges of the Ard\u00e8che, places not to be missed, what to see, what to do during his holidays near the Gorges of the Ard\u00e8che!","breadcrumb":{"@id":"https:\/\/www.camping-cevennes.info\/en\/holidays-in-the-gard\/camping-in-the-ardeches-gorges\/#breadcrumb"},"inLanguage":"en-US","potentialAction":[{"@type":"ReadAction","target":["https:\/\/www.camping-cevennes.info\/en\/holidays-in-the-gard\/camping-in-the-ardeches-gorges\/"]}]},{"@type":"ImageObject","inLanguage":"en-US","@id":"https:\/\/www.camping-cevennes.info\/en\/holidays-in-the-gard\/camping-in-the-ardeches-gorges\/#primaryimage","url":"https:\/\/www.camping-cevennes.info\/wp-content\/uploads\/2022\/10\/gorges-du-gardon.jpg","contentUrl":"https:\/\/www.camping-cevennes.info\/wp-content\/uploads\/2022\/10\/gorges-du-gardon.jpg","width":900,"height":600,"caption":"gorges du gardon"},{"@type":"BreadcrumbList","@id":"https:\/\/www.camping-cevennes.info\/en\/holidays-in-the-gard\/camping-in-the-ardeches-gorges\/#breadcrumb","itemListElement":[{"@type":"ListItem","position":1,"name":"Campsite C\u00e9vennes","item":"https:\/\/www.camping-cevennes.info\/en\/"},{"@type":"ListItem","position":2,"name":"The Gard","item":"https:\/\/www.camping-cevennes.info\/en\/holidays-in-the-gard\/"},{"@type":"ListItem","position":3,"name":"Campsite in the Ard\u00e8che gorges"}]},{"@type":"WebSite","@id":"https:\/\/www.camping-cevennes.info\/en\/#website","url":"https:\/\/www.camping-cevennes.info\/en\/","name":"Camping Mas de la Cam","description":"","publisher":{"@id":"https:\/\/www.camping-cevennes.info\/en\/#organization"},"potentialAction":[{"@type":"SearchAction","target":{"@type":"EntryPoint","urlTemplate":"https:\/\/www.camping-cevennes.info\/en\/?s={search_term_string}"},"query-input":{"@type":"PropertyValueSpecification","valueRequired":true,"valueName":"search_term_string"}}],"inLanguage":"en-US"},{"@type":"Organization","@id":"https:\/\/www.camping-cevennes.info\/en\/#organization","name":"Camping Mas de la Cam","url":"https:\/\/www.camping-cevennes.info\/en\/","logo":{"@type":"ImageObject","inLanguage":"en-US","@id":"https:\/\/www.camping-cevennes.info\/en\/#\/schema\/logo\/image\/","url":"https:\/\/www.camping-cevennes.info\/wp-content\/uploads\/2022\/09\/logo-camping-mas-de-la-cam-noir-1.png","contentUrl":"https:\/\/www.camping-cevennes.info\/wp-content\/uploads\/2022\/09\/logo-camping-mas-de-la-cam-noir-1.png","width":625,"height":190,"caption":"Camping Mas de la Cam"},"image":{"@id":"https:\/\/www.camping-cevennes.info\/en\/#\/schema\/logo\/image\/"}}]}},"_links":{"self":[{"href":"https:\/\/www.camping-cevennes.info\/en\/wp-json\/wp\/v2\/pages\/4855","targetHints":{"allow":["GET"]}}],"collection":[{"href":"https:\/\/www.camping-cevennes.info\/en\/wp-json\/wp\/v2\/pages"}],"about":[{"href":"https:\/\/www.camping-cevennes.info\/en\/wp-json\/wp\/v2\/types\/page"}],"author":[{"embeddable":true,"href":"https:\/\/www.camping-cevennes.info\/en\/wp-json\/wp\/v2\/users\/1"}],"replies":[{"embeddable":true,"href":"https:\/\/www.camping-cevennes.info\/en\/wp-json\/wp\/v2\/comments?post=4855"}],"version-history":[{"count":9,"href":"https:\/\/www.camping-cevennes.info\/en\/wp-json\/wp\/v2\/pages\/4855\/revisions"}],"predecessor-version":[{"id":6013,"href":"https:\/\/www.camping-cevennes.info\/en\/wp-json\/wp\/v2\/pages\/4855\/revisions\/6013"}],"up":[{"embeddable":true,"href":"https:\/\/www.camping-cevennes.info\/en\/wp-json\/wp\/v2\/pages\/4787"}],"wp:featuredmedia":[{"embeddable":true,"href":"https:\/\/www.camping-cevennes.info\/en\/wp-json\/wp\/v2\/media\/3195"}],"wp:attachment":[{"href":"https:\/\/www.camping-cevennes.info\/en\/wp-json\/wp\/v2\/media?parent=4855"}],"wp:term":[{"taxonomy":"sujet","embeddable":true,"href":"https:\/\/www.camping-cevennes.info\/en\/wp-json\/wp\/v2\/sujet?post=4855"}],"curies":[{"name":"wp","href":"https:\/\/api.w.org\/{rel}","templated":true}]}}