{"id":4846,"date":"2022-10-19T16:43:45","date_gmt":"2022-10-19T14:43:45","guid":{"rendered":"https:\/\/www.camping-cevennes.info\/holidays-in-the-gard\/camping-ales\/"},"modified":"2022-11-14T10:57:55","modified_gmt":"2022-11-14T09:57:55","slug":"camping-near-ales","status":"publish","type":"page","link":"https:\/\/www.camping-cevennes.info\/en\/holidays-in-the-gard\/camping-near-ales\/","title":{"rendered":"Al\u00e8s"},"content":{"rendered":"<section id=\"ls-section-block_37644ef76ecad2870993902f6e400f73\" class=\"ls-section  page-intro has-m-b m-b-0 has-p-t p-t-14\" >\n        <div class=\"container container--wide\">\n        \n\n<div class=\"wp-block-columns is-layout-flex wp-container-core-columns-is-layout-9d6595d7 wp-block-columns-is-layout-flex\">\n<div class=\"wp-block-column is-vertically-aligned-center is-layout-flow wp-block-column-is-layout-flow\">\n<h1 class=\"ls__heading animated fadeInLeft delay-200ms wp-block-heading\"><span class=\"small\">CAMPSITE <\/span><br>near <span class=\"bold\">al\u00e8s<\/span><\/h1>\n\n\n\n<p class=\"ls-paragraph\">Are you looking for a luxurious campsite in the C\u00e9vennes? Welcome to <strong><a href=\"\/en\/\">Mas de la Cam, a 4* campsite<\/a> <\/strong>at the gateway to the C\u00e9vennes on the banks of the Gardon river in the town of Saint-Jean-du-Gard. Our campsite offers <strong><a href=\"https:\/\/www.camping-cevennes.info\/en\/pitches-camping-gard\/\">campsite pitches<\/a><\/strong> for caravans and campers, as well as <strong><a href=\"https:\/\/www.camping-cevennes.info\/en\/rent-cottage-gard-cevennes\/\">holiday cottages<\/a><\/strong>.<\/p>\n<\/div>\n\n\n\n<div class=\"wp-block-column is-vertically-aligned-center is-layout-flow wp-block-column-is-layout-flow\">\n<figure class=\"wp-block-embed is-type-video is-provider-youtube wp-block-embed-youtube wp-embed-aspect-16-9 wp-has-aspect-ratio\"><div class=\"wp-block-embed__wrapper\">\n<iframe loading=\"lazy\" title=\"Bienvenue \u00e0 Al\u00e8s 2019 [HD]\" width=\"500\" height=\"281\" src=\"https:\/\/www.youtube.com\/embed\/EGv-wfNSwOs?feature=oembed\" frameborder=\"0\" allow=\"accelerometer; autoplay; clipboard-write; encrypted-media; gyroscope; picture-in-picture; web-share\" referrerpolicy=\"strict-origin-when-cross-origin\" allowfullscreen><\/iframe>\n<\/div><\/figure>\n<\/div>\n<\/div>\n\n\n    <\/div>\n<\/section>\n\n<section id=\"ls-section-block_94cca1e90ae3c6f929da21930ae5e864\" class=\"ls-section \" >\n        <div class=\"container container--wide\">\n        \n\n<div class=\"wp-block-columns is-layout-flex wp-container-core-columns-is-layout-9d6595d7 wp-block-columns-is-layout-flex\">\n<div class=\"wp-block-column is-vertically-aligned-center is-layout-flow wp-block-column-is-layout-flow\">\n<iframe src=\"https:\/\/www.google.com\/maps\/embed?pb=!1m28!1m12!1m3!1d368347.2004402409!2d3.818568692850127!3d43.84105875941318!2m3!1f0!2f0!3f0!3m2!1i1024!2i768!4f13.1!4m13!3e0!4m5!1s0x12b47164841558ad%3A0x62d813088da27348!2sCamping%20Mas%20de%20la%20Cam%20Saint%20Jean%20du%20Gard%2C%20Saint-Jean-du-Gard!3m2!1d44.112383099999995!2d3.8543309999999997!4m5!1s0x12b4424287b7d8e3%3A0x4078821166b4830!2zQWzDqHMsIDMwMTAw!3m2!1d44.127204!2d4.083352!5e0!3m2!1sfr!2sfr!4v1666617811228!5m2!1sfr!2sfr\" width=\"100%\" height=\"450\" style=\"border:0;\" allowfullscreen=\"\" loading=\"lazy\" referrerpolicy=\"no-referrer-when-downgrade\"><\/iframe>\n<\/div>\n\n\n\n<div class=\"wp-block-column is-vertically-aligned-center is-layout-flow wp-block-column-is-layout-flow\">\n<h2 class=\"ls__heading deco wp-block-heading\">THINGS TO DO IN AL\u00c8S<\/h2>\n\n\n\n<p class=\"ls-paragraph\">Known as the capital of the C\u00e9vennes, Al\u00e8s is the <strong>second biggest town in the Gard<\/strong> area with 40,000 residents. Once Gaulle, once Roman, once a major Protestant site, then a mining town, Al\u00e8s has served as a <strong>backdrop for many of the major episodes of the history of France<\/strong>. Just wander around the village and you will immediately see the traces left by time. The Protestant temple contrasts with the Saint-Jean-Baptiste d\u2019Al\u00e8s cathedral and the town\u2019s churches: Tamaris and Saint-Julien-des-Causses. Walk past the Temp\u00e9ras arena and the Vauban fort, then climb to the top of the Ermitage hill for a <strong>superb view over the C\u00e9vennes<\/strong>.<\/p>\n\n\n\n<p class=\"ls-paragraph\">Visit the former mining site and travel back in time to the 19th and 20th centuries when Al\u00e8s was a coal mining town. Don\u2019t forget to visit the <strong>archaeology museum<\/strong>, mus\u00e9e du Colombier, and the <strong>modern art museum<\/strong> and library named Pierre-Andr\u00e9-Benoit.<\/p>\n\n\n\n<p class=\"ls-paragraph addReadMore showlesscontent\">Al\u00e8s is very dynamic in terms of culture and sports. The city has a free Midi agency and a car complex (Al\u00e8s-C\u00e9vennes mechanical center), a stadium (Pierre-Pibarot stadium), an ice rink, an equestrian center, a leisure park (Parc de la Tour Vieille), a rollerblading room and a nautical center where you can book a boat rental with your family. Several festivals are organized every year, including the famous Al\u00e8s Feria and the Meuh Folle Festival.<br><br>Around the city, you will find several remarkable buildings (Rousson castle, Portes castle, B\u00e9camel tower of Salindres, Cheylard d\u2019Aujac) as well as exceptional natural sites such as the Trabuc cave (Mialet) and the Prafrance bamboo plantation ( G\u00e9n\u00e9rargues).<\/p>\n<\/div>\n<\/div>\n\n\n    <\/div>\n<\/section>\n\n<section id=\"ls-section-block_94cca1e90ae3c6f929da21930ae5e864\" class=\"ls-section \" >\n        <div class=\"container container--wide\">\n        \n\n<div id=\"ls-heading ls-titre-div-block_c1e3dd63f4714bba3b2c405948b06910\" class=\"ls-titre-div deco-centree aligncenter h2-like\" >\n    Discover other cities in the area<\/div>\n\n\n<div id=\"ls-maillage-block_7108a1748ef7399e085297632f4336dd\" class=\"ls-maillage cta-style-normal\" data-rows=\"3\">\n    <div class=\"wp-block-columns\"><div class=\"wp-block-column\">\n\n<a href=\"https:\/\/www.camping-cevennes.info\/en\/holidays-in-the-gard\/camping-near-aigues-mortes\/\" target=\"\" rel=\"noopener\" class=\"ls-cta__link\">\n\n\t<div class=\"ls-cta__image\"><img decoding=\"async\" src=\"https:\/\/www.camping-cevennes.info\/wp-content\/uploads\/2022\/10\/porte-aigues-morte-1024x480.jpg\" alt=\"porte aigues morte\"><\/div>\n\t<div class=\"ls-cta__title\">\n\t\tAigues Mortes\t<\/div>\n\n\t\t\n<\/a><\/div><div class=\"wp-block-column\">\n\n<a href=\"https:\/\/www.camping-cevennes.info\/en\/holidays-in-the-gard\/camping-near-nimes\/\" target=\"\" rel=\"noopener\" class=\"ls-cta__link\">\n\n\t<div class=\"ls-cta__image\"><img decoding=\"async\" src=\"https:\/\/www.camping-cevennes.info\/wp-content\/uploads\/2022\/10\/nimes-cathedrale-1024x480.jpg\" alt=\"nimes cathedrale\"><\/div>\n\t<div class=\"ls-cta__title\">\n\t\tN\u00eemes\t<\/div>\n\n\t\t\n<\/a><\/div><div class=\"wp-block-column\">\n\n<a href=\"https:\/\/www.camping-cevennes.info\/en\/holidays-in-the-gard\/camping-near-uzes\/\" target=\"\" rel=\"noopener\" class=\"ls-cta__link\">\n\n\t<div class=\"ls-cta__image\"><img decoding=\"async\" src=\"https:\/\/www.camping-cevennes.info\/wp-content\/uploads\/2022\/11\/cathedral-uzes-1024x480.jpg\" alt=\"cathedral uzes\"><\/div>\n\t<div class=\"ls-cta__title\">\n\t\tUzes\t<\/div>\n\n\t\t\n<\/a><\/div><\/div><\/div>\n\n    <\/div>\n<\/section>","protected":false},"excerpt":{"rendered":"","protected":false},"author":1,"featured_media":3154,"parent":4787,"menu_order":0,"comment_status":"closed","ping_status":"closed","template":"","meta":{"_acf_changed":false,"footnotes":""},"sujet":[],"class_list":["post-4846","page","type-page","status-publish","has-post-thumbnail","hentry"],"acf":[],"yoast_head":"<!-- This site is optimized with the Yoast SEO plugin v25.3 - https:\/\/yoast.com\/wordpress\/plugins\/seo\/ -->\n<title>Campsite Al\u00e8s | Ales Holiday Cottage | Holidays in Ales in the Gard<\/title>\n<meta name=\"description\" content=\"Tourist activities in Ales, places not to miss, what to see, what to do during his holidays in Ales\" \/>\n<meta name=\"robots\" content=\"index, follow, max-snippet:-1, max-image-preview:large, max-video-preview:-1\" \/>\n<link rel=\"canonical\" href=\"https:\/\/www.camping-cevennes.info\/en\/holidays-in-the-gard\/camping-near-ales\/\" \/>\n<meta property=\"og:locale\" content=\"en_US\" \/>\n<meta property=\"og:type\" content=\"article\" \/>\n<meta property=\"og:title\" content=\"Campsite Al\u00e8s | Ales Holiday Cottage | Holidays in Ales in the Gard\" \/>\n<meta property=\"og:description\" content=\"Tourist activities in Ales, places not to miss, what to see, what to do during his holidays in Ales\" \/>\n<meta property=\"og:url\" content=\"https:\/\/www.camping-cevennes.info\/en\/holidays-in-the-gard\/camping-near-ales\/\" \/>\n<meta property=\"og:site_name\" content=\"Camping Mas de la Cam\" \/>\n<meta property=\"article:modified_time\" content=\"2022-11-14T09:57:55+00:00\" \/>\n<meta property=\"og:image\" content=\"https:\/\/www.camping-cevennes.info\/wp-content\/uploads\/2022\/10\/ales.jpg\" \/>\n\t<meta property=\"og:image:width\" content=\"1920\" \/>\n\t<meta property=\"og:image:height\" content=\"900\" \/>\n\t<meta property=\"og:image:type\" content=\"image\/jpeg\" \/>\n<meta name=\"twitter:card\" content=\"summary_large_image\" \/>\n<meta name=\"twitter:label1\" content=\"Est. reading time\" \/>\n\t<meta name=\"twitter:data1\" content=\"2 minutes\" \/>\n<script type=\"application\/ld+json\" class=\"yoast-schema-graph\">{\"@context\":\"https:\/\/schema.org\",\"@graph\":[{\"@type\":\"WebPage\",\"@id\":\"https:\/\/www.camping-cevennes.info\/en\/holidays-in-the-gard\/camping-near-ales\/\",\"url\":\"https:\/\/www.camping-cevennes.info\/en\/holidays-in-the-gard\/camping-near-ales\/\",\"name\":\"Campsite Al\u00e8s | Ales Holiday Cottage | Holidays in Ales in the Gard\",\"isPartOf\":{\"@id\":\"https:\/\/www.camping-cevennes.info\/en\/#website\"},\"primaryImageOfPage\":{\"@id\":\"https:\/\/www.camping-cevennes.info\/en\/holidays-in-the-gard\/camping-near-ales\/#primaryimage\"},\"image\":{\"@id\":\"https:\/\/www.camping-cevennes.info\/en\/holidays-in-the-gard\/camping-near-ales\/#primaryimage\"},\"thumbnailUrl\":\"https:\/\/www.camping-cevennes.info\/wp-content\/uploads\/2022\/10\/ales.jpg\",\"datePublished\":\"2022-10-19T14:43:45+00:00\",\"dateModified\":\"2022-11-14T09:57:55+00:00\",\"description\":\"Tourist activities in Ales, places not to miss, what to see, what to do during his holidays in Ales\",\"breadcrumb\":{\"@id\":\"https:\/\/www.camping-cevennes.info\/en\/holidays-in-the-gard\/camping-near-ales\/#breadcrumb\"},\"inLanguage\":\"en-US\",\"potentialAction\":[{\"@type\":\"ReadAction\",\"target\":[\"https:\/\/www.camping-cevennes.info\/en\/holidays-in-the-gard\/camping-near-ales\/\"]}]},{\"@type\":\"ImageObject\",\"inLanguage\":\"en-US\",\"@id\":\"https:\/\/www.camping-cevennes.info\/en\/holidays-in-the-gard\/camping-near-ales\/#primaryimage\",\"url\":\"https:\/\/www.camping-cevennes.info\/wp-content\/uploads\/2022\/10\/ales.jpg\",\"contentUrl\":\"https:\/\/www.camping-cevennes.info\/wp-content\/uploads\/2022\/10\/ales.jpg\",\"width\":1920,\"height\":900,\"caption\":\"al\u00e8s\"},{\"@type\":\"BreadcrumbList\",\"@id\":\"https:\/\/www.camping-cevennes.info\/en\/holidays-in-the-gard\/camping-near-ales\/#breadcrumb\",\"itemListElement\":[{\"@type\":\"ListItem\",\"position\":1,\"name\":\"Campsite C\u00e9vennes\",\"item\":\"https:\/\/www.camping-cevennes.info\/en\/\"},{\"@type\":\"ListItem\",\"position\":2,\"name\":\"The Gard\",\"item\":\"https:\/\/www.camping-cevennes.info\/en\/holidays-in-the-gard\/\"},{\"@type\":\"ListItem\",\"position\":3,\"name\":\"Campsite near Al\u00e8s\"}]},{\"@type\":\"WebSite\",\"@id\":\"https:\/\/www.camping-cevennes.info\/en\/#website\",\"url\":\"https:\/\/www.camping-cevennes.info\/en\/\",\"name\":\"Camping Mas de la Cam\",\"description\":\"\",\"publisher\":{\"@id\":\"https:\/\/www.camping-cevennes.info\/en\/#organization\"},\"potentialAction\":[{\"@type\":\"SearchAction\",\"target\":{\"@type\":\"EntryPoint\",\"urlTemplate\":\"https:\/\/www.camping-cevennes.info\/en\/?s={search_term_string}\"},\"query-input\":{\"@type\":\"PropertyValueSpecification\",\"valueRequired\":true,\"valueName\":\"search_term_string\"}}],\"inLanguage\":\"en-US\"},{\"@type\":\"Organization\",\"@id\":\"https:\/\/www.camping-cevennes.info\/en\/#organization\",\"name\":\"Camping Mas de la Cam\",\"url\":\"https:\/\/www.camping-cevennes.info\/en\/\",\"logo\":{\"@type\":\"ImageObject\",\"inLanguage\":\"en-US\",\"@id\":\"https:\/\/www.camping-cevennes.info\/en\/#\/schema\/logo\/image\/\",\"url\":\"https:\/\/www.camping-cevennes.info\/wp-content\/uploads\/2022\/09\/logo-camping-mas-de-la-cam-noir-1.png\",\"contentUrl\":\"https:\/\/www.camping-cevennes.info\/wp-content\/uploads\/2022\/09\/logo-camping-mas-de-la-cam-noir-1.png\",\"width\":625,\"height\":190,\"caption\":\"Camping Mas de la Cam\"},\"image\":{\"@id\":\"https:\/\/www.camping-cevennes.info\/en\/#\/schema\/logo\/image\/\"}}]}<\/script>\n<!-- \/ Yoast SEO plugin. -->","yoast_head_json":{"title":"Campsite Al\u00e8s | Ales Holiday Cottage | Holidays in Ales in the Gard","description":"Tourist activities in Ales, places not to miss, what to see, what to do during his holidays in Ales","robots":{"index":"index","follow":"follow","max-snippet":"max-snippet:-1","max-image-preview":"max-image-preview:large","max-video-preview":"max-video-preview:-1"},"canonical":"https:\/\/www.camping-cevennes.info\/en\/holidays-in-the-gard\/camping-near-ales\/","og_locale":"en_US","og_type":"article","og_title":"Campsite Al\u00e8s | Ales Holiday Cottage | Holidays in Ales in the Gard","og_description":"Tourist activities in Ales, places not to miss, what to see, what to do during his holidays in Ales","og_url":"https:\/\/www.camping-cevennes.info\/en\/holidays-in-the-gard\/camping-near-ales\/","og_site_name":"Camping Mas de la Cam","article_modified_time":"2022-11-14T09:57:55+00:00","og_image":[{"width":1920,"height":900,"url":"https:\/\/www.camping-cevennes.info\/wp-content\/uploads\/2022\/10\/ales.jpg","type":"image\/jpeg"}],"twitter_card":"summary_large_image","twitter_misc":{"Est. reading time":"2 minutes"},"schema":{"@context":"https:\/\/schema.org","@graph":[{"@type":"WebPage","@id":"https:\/\/www.camping-cevennes.info\/en\/holidays-in-the-gard\/camping-near-ales\/","url":"https:\/\/www.camping-cevennes.info\/en\/holidays-in-the-gard\/camping-near-ales\/","name":"Campsite Al\u00e8s | Ales Holiday Cottage | Holidays in Ales in the Gard","isPartOf":{"@id":"https:\/\/www.camping-cevennes.info\/en\/#website"},"primaryImageOfPage":{"@id":"https:\/\/www.camping-cevennes.info\/en\/holidays-in-the-gard\/camping-near-ales\/#primaryimage"},"image":{"@id":"https:\/\/www.camping-cevennes.info\/en\/holidays-in-the-gard\/camping-near-ales\/#primaryimage"},"thumbnailUrl":"https:\/\/www.camping-cevennes.info\/wp-content\/uploads\/2022\/10\/ales.jpg","datePublished":"2022-10-19T14:43:45+00:00","dateModified":"2022-11-14T09:57:55+00:00","description":"Tourist activities in Ales, places not to miss, what to see, what to do during his holidays in Ales","breadcrumb":{"@id":"https:\/\/www.camping-cevennes.info\/en\/holidays-in-the-gard\/camping-near-ales\/#breadcrumb"},"inLanguage":"en-US","potentialAction":[{"@type":"ReadAction","target":["https:\/\/www.camping-cevennes.info\/en\/holidays-in-the-gard\/camping-near-ales\/"]}]},{"@type":"ImageObject","inLanguage":"en-US","@id":"https:\/\/www.camping-cevennes.info\/en\/holidays-in-the-gard\/camping-near-ales\/#primaryimage","url":"https:\/\/www.camping-cevennes.info\/wp-content\/uploads\/2022\/10\/ales.jpg","contentUrl":"https:\/\/www.camping-cevennes.info\/wp-content\/uploads\/2022\/10\/ales.jpg","width":1920,"height":900,"caption":"al\u00e8s"},{"@type":"BreadcrumbList","@id":"https:\/\/www.camping-cevennes.info\/en\/holidays-in-the-gard\/camping-near-ales\/#breadcrumb","itemListElement":[{"@type":"ListItem","position":1,"name":"Campsite C\u00e9vennes","item":"https:\/\/www.camping-cevennes.info\/en\/"},{"@type":"ListItem","position":2,"name":"The Gard","item":"https:\/\/www.camping-cevennes.info\/en\/holidays-in-the-gard\/"},{"@type":"ListItem","position":3,"name":"Campsite near Al\u00e8s"}]},{"@type":"WebSite","@id":"https:\/\/www.camping-cevennes.info\/en\/#website","url":"https:\/\/www.camping-cevennes.info\/en\/","name":"Camping Mas de la Cam","description":"","publisher":{"@id":"https:\/\/www.camping-cevennes.info\/en\/#organization"},"potentialAction":[{"@type":"SearchAction","target":{"@type":"EntryPoint","urlTemplate":"https:\/\/www.camping-cevennes.info\/en\/?s={search_term_string}"},"query-input":{"@type":"PropertyValueSpecification","valueRequired":true,"valueName":"search_term_string"}}],"inLanguage":"en-US"},{"@type":"Organization","@id":"https:\/\/www.camping-cevennes.info\/en\/#organization","name":"Camping Mas de la Cam","url":"https:\/\/www.camping-cevennes.info\/en\/","logo":{"@type":"ImageObject","inLanguage":"en-US","@id":"https:\/\/www.camping-cevennes.info\/en\/#\/schema\/logo\/image\/","url":"https:\/\/www.camping-cevennes.info\/wp-content\/uploads\/2022\/09\/logo-camping-mas-de-la-cam-noir-1.png","contentUrl":"https:\/\/www.camping-cevennes.info\/wp-content\/uploads\/2022\/09\/logo-camping-mas-de-la-cam-noir-1.png","width":625,"height":190,"caption":"Camping Mas de la Cam"},"image":{"@id":"https:\/\/www.camping-cevennes.info\/en\/#\/schema\/logo\/image\/"}}]}},"_links":{"self":[{"href":"https:\/\/www.camping-cevennes.info\/en\/wp-json\/wp\/v2\/pages\/4846","targetHints":{"allow":["GET"]}}],"collection":[{"href":"https:\/\/www.camping-cevennes.info\/en\/wp-json\/wp\/v2\/pages"}],"about":[{"href":"https:\/\/www.camping-cevennes.info\/en\/wp-json\/wp\/v2\/types\/page"}],"author":[{"embeddable":true,"href":"https:\/\/www.camping-cevennes.info\/en\/wp-json\/wp\/v2\/users\/1"}],"replies":[{"embeddable":true,"href":"https:\/\/www.camping-cevennes.info\/en\/wp-json\/wp\/v2\/comments?post=4846"}],"version-history":[{"count":7,"href":"https:\/\/www.camping-cevennes.info\/en\/wp-json\/wp\/v2\/pages\/4846\/revisions"}],"predecessor-version":[{"id":5932,"href":"https:\/\/www.camping-cevennes.info\/en\/wp-json\/wp\/v2\/pages\/4846\/revisions\/5932"}],"up":[{"embeddable":true,"href":"https:\/\/www.camping-cevennes.info\/en\/wp-json\/wp\/v2\/pages\/4787"}],"wp:featuredmedia":[{"embeddable":true,"href":"https:\/\/www.camping-cevennes.info\/en\/wp-json\/wp\/v2\/media\/3154"}],"wp:attachment":[{"href":"https:\/\/www.camping-cevennes.info\/en\/wp-json\/wp\/v2\/media?parent=4846"}],"wp:term":[{"taxonomy":"sujet","embeddable":true,"href":"https:\/\/www.camping-cevennes.info\/en\/wp-json\/wp\/v2\/sujet?post=4846"}],"curies":[{"name":"wp","href":"https:\/\/api.w.org\/{rel}","templated":true}]}}