{"id":4792,"date":"2022-10-19T15:33:41","date_gmt":"2022-10-19T13:33:41","guid":{"rendered":"https:\/\/www.camping-cevennes.info\/holidays-in-the-gard\/camping-aigues-mortes\/"},"modified":"2023-04-11T11:57:35","modified_gmt":"2023-04-11T09:57:35","slug":"camping-near-aigues-mortes","status":"publish","type":"page","link":"https:\/\/www.camping-cevennes.info\/en\/holidays-in-the-gard\/camping-near-aigues-mortes\/","title":{"rendered":"Aigues Mortes"},"content":{"rendered":"<section id=\"ls-section-block_ce9b87384d68e97b1a6b4e4f845d075e\" class=\"ls-section  page-intro has-p-t p-t-14\" >\n        <div class=\"container container--wide\">\n        \n\n<div class=\"wp-block-columns columns-parent is-layout-flex wp-container-core-columns-is-layout-9d6595d7 wp-block-columns-is-layout-flex\">\n<div class=\"wp-block-column is-vertically-aligned-center left is-layout-flow wp-block-column-is-layout-flow\">\n<h1 class=\"ls__heading wp-block-heading animated fadeInLeft delay-200ms\"><span class=\"small\">CAMPSITE NEAR <\/span><br><span class=\"bold\">AIGUES-MORTES<\/span><\/h1>\n\n\n\n<p class=\"ls-paragraph\">Situated in the Gard, near Loz\u00e8re and the C\u00e9vennes national park, the <a href=\"\/en\/\">Mas de la Cam campsite<\/a> is happy to welcome you in a<strong> remarkable natural setting<\/strong>. Book a pitch for your camper or caravan now, or a holiday cottage and enjoy an unforgettable holiday with your family, with friends or your loved one in the <strong>Occitanie countryside<\/strong>, a tranquil <strong>paradise<\/strong> in the Languedoc-Roussillon.<\/p>\n<\/div>\n\n\n\n<div class=\"wp-block-column right is-layout-flow wp-block-column-is-layout-flow\">\n<iframe src=\"https:\/\/www.google.com\/maps\/embed?pb=!1m28!1m12!1m3!1d368347.2004402409!2d3.818568692850127!3d43.84105875941318!2m3!1f0!2f0!3f0!3m2!1i1024!2i768!4f13.1!4m13!3e0!4m5!1s0x12b47164841558ad%3A0x62d813088da27348!2sCamping%20Mas%20de%20la%20Cam%20Saint%20Jean%20du%20Gard%2C%20Saint-Jean-du-Gard!3m2!1d44.112383099999995!2d3.8543309999999997!4m5!1s0x12b690b7992e6105%3A0x4078821166b4870!2s30220%20Aigues-Mortes!3m2!1d43.567172!2d4.1925869!5e0!3m2!1sfr!2sfr!4v1666612419197!5m2!1sfr!2sfr\" width=\"600\" height=\"450\" style=\"border:0;\" allowfullscreen=\"\" loading=\"lazy\" referrerpolicy=\"no-referrer-when-downgrade\"><\/iframe>\n<\/div>\n<\/div>\n\n\n    <\/div>\n<\/section>\n\n<section id=\"ls-section-block_1cf2fddaba2fc55187232e7c7349cd78\" class=\"ls-section  page-two has-m-b m-b-10 has-p-t p-t-0 has-p-b p-b-0\" >\n        <div class=\"container container--wide\">\n        \n\n<h2 class=\"ls__heading wp-block-heading has-text-align-center deco-centree\">THINGS TO DO IN AIGUES-MORTES<\/h2>\n\n\n\n<p class=\"ls-paragraph has-text-align-center\"><strong>Aigues-Mortes<\/strong>, a town of 8,400 residents situated in the Petite Camargue on the Mediterranean, boasts remarkable ramparts that are well preserved and listed as world heritage by UNESCO, serving as a testament to the area&#8217;s turbulent past. To enter the heart of the town, visitors can pass through one of the monumental gates in the ramparts, such as the porte des Cordeliers, porte Saint-Antoine, porte des Galions, porte de la Reine, porte de la Gardette, or porte de l\u2019Organeau. Some of the noteworthy landmarks to explore in the area include the Notre-Dame-des-Sablons church, the P\u00e9nitents Gris and P\u00e9nitents Blancs chapels, and the Marine, Constance, and Carbonni\u00e8re towers.<\/p>\n\n\n\n<p class=\"ls-paragraph has-text-align-center\">You can also take a leisurely stroll in the footsteps of Lou Drap\u00e9, the mythical horse, and savor a delicious &#8220;fougasse&#8221; on Saint-Louis square. The salt marshes of Aigues-Mortes, the only ones of their kind in Europe, offer a unique opportunity to learn about salt production. The village is home to various museums, such as the ecomuseum, Maison Grand Site de France, and the Trains du Colorado, an educational and fun attraction where children can marvel at steam trains.<\/p>\n\n\n    <\/div>\n<\/section>\n\n<section id=\"ls-section-block_0445ab2ae11e8b3aed6c07fc80779861\" class=\"ls-section  parallax-seul has-background-image has-parallax\" >\n    <div class=\"ls-section__background-image opacity-100\"><img decoding=\"async\" src=\"https:\/\/www.camping-cevennes.info\/wp-content\/uploads\/2022\/10\/camague-aigues-mortes.jpg\" alt=\"camargue aigues mortes\"><\/div>    <div class=\"container container--full\">\n        \n\n<p class=\"ls-paragraph\"><\/p>\n\n\n    <\/div>\n<\/section>\n\n<section id=\"ls-section-block_d11347eee0de5aed80046c6f84d914dc\" class=\"ls-section \" >\n        <div class=\"container container--wide\">\n        \n\n<div id=\"ls-heading ls-titre-div-block_9d7d9041b24a1495134f2ed23c60893f\" class=\"ls-titre-div deco-centree aligncenter h2-like\" >\n    Discover other cities in the area<\/div>\n\n\n<div id=\"ls-maillage-block_3daa0bfd826cff96d438e9f9ac4a9cf2\" class=\"ls-maillage cta-style-normal\" data-rows=\"3\">\n    <div class=\"wp-block-columns\"><div class=\"wp-block-column\">\n\n<a href=\"https:\/\/www.camping-cevennes.info\/en\/holidays-in-the-gard\/camping-near-ales\/\" target=\"\" rel=\"noopener\" class=\"ls-cta__link\">\n\n\t<div class=\"ls-cta__image\"><img decoding=\"async\" src=\"https:\/\/www.camping-cevennes.info\/wp-content\/uploads\/2022\/10\/ales-1024x480.jpg\" alt=\"al\u00e8s\"><\/div>\n\t<div class=\"ls-cta__title\">\n\t\tAl\u00e8s\t<\/div>\n\n\t\t\n<\/a><\/div><div class=\"wp-block-column\">\n\n<a href=\"https:\/\/www.camping-cevennes.info\/en\/holidays-in-the-gard\/camping-near-anduze\/\" target=\"\" rel=\"noopener\" class=\"ls-cta__link\">\n\n\t<div class=\"ls-cta__image\"><img decoding=\"async\" src=\"https:\/\/www.camping-cevennes.info\/wp-content\/uploads\/2022\/10\/anduze-1024x480.jpg\" alt=\"anduze\"><\/div>\n\t<div class=\"ls-cta__title\">\n\t\tAnduze\t<\/div>\n\n\t\t\n<\/a><\/div><div class=\"wp-block-column\">\n\n<a href=\"https:\/\/www.camping-cevennes.info\/en\/holidays-in-the-gard\/camping-near-to-mialet\/\" target=\"\" rel=\"noopener\" class=\"ls-cta__link\">\n\n\t<div class=\"ls-cta__image\"><img decoding=\"async\" src=\"https:\/\/www.camping-cevennes.info\/wp-content\/uploads\/2022\/11\/tourisme-mialet.jpg\" alt=\"tourisme mialet\"><\/div>\n\t<div class=\"ls-cta__title\">\n\t\tMialet\t<\/div>\n\n\t\t\n<\/a><\/div><\/div><\/div>\n\n    <\/div>\n<\/section>","protected":false},"excerpt":{"rendered":"","protected":false},"author":1,"featured_media":3752,"parent":4787,"menu_order":0,"comment_status":"closed","ping_status":"closed","template":"","meta":{"_acf_changed":false,"footnotes":""},"sujet":[],"class_list":["post-4792","page","type-page","status-publish","has-post-thumbnail","hentry"],"acf":[],"yoast_head":"<!-- This site is optimized with the Yoast SEO plugin v25.3 - https:\/\/yoast.com\/wordpress\/plugins\/seo\/ -->\n<title>Campsite Aigues Mortes | Holiday rental Aigues Mortes | Gard Holidays<\/title>\n<meta name=\"description\" content=\"Tourist activities in Aigues Mortes, places not to miss, what to see, what to do during his holidays in Aigues Mortes\" \/>\n<meta name=\"robots\" content=\"index, follow, max-snippet:-1, max-image-preview:large, max-video-preview:-1\" \/>\n<link rel=\"canonical\" href=\"https:\/\/www.camping-cevennes.info\/en\/holidays-in-the-gard\/camping-near-aigues-mortes\/\" \/>\n<meta property=\"og:locale\" content=\"en_US\" \/>\n<meta property=\"og:type\" content=\"article\" \/>\n<meta property=\"og:title\" content=\"Campsite Aigues Mortes | Holiday rental Aigues Mortes | Gard Holidays\" \/>\n<meta property=\"og:description\" content=\"Tourist activities in Aigues Mortes, places not to miss, what to see, what to do during his holidays in Aigues Mortes\" \/>\n<meta property=\"og:url\" content=\"https:\/\/www.camping-cevennes.info\/en\/holidays-in-the-gard\/camping-near-aigues-mortes\/\" \/>\n<meta property=\"og:site_name\" content=\"Camping Mas de la Cam\" \/>\n<meta property=\"article:modified_time\" content=\"2023-04-11T09:57:35+00:00\" \/>\n<meta property=\"og:image\" content=\"https:\/\/www.camping-cevennes.info\/wp-content\/uploads\/2022\/10\/camping-aigues-mortes.jpg\" \/>\n\t<meta property=\"og:image:width\" content=\"1920\" \/>\n\t<meta property=\"og:image:height\" content=\"600\" \/>\n\t<meta property=\"og:image:type\" content=\"image\/jpeg\" \/>\n<meta name=\"twitter:card\" content=\"summary_large_image\" \/>\n<meta name=\"twitter:label1\" content=\"Est. reading time\" \/>\n\t<meta name=\"twitter:data1\" content=\"2 minutes\" \/>\n<script type=\"application\/ld+json\" class=\"yoast-schema-graph\">{\"@context\":\"https:\/\/schema.org\",\"@graph\":[{\"@type\":\"WebPage\",\"@id\":\"https:\/\/www.camping-cevennes.info\/en\/holidays-in-the-gard\/camping-near-aigues-mortes\/\",\"url\":\"https:\/\/www.camping-cevennes.info\/en\/holidays-in-the-gard\/camping-near-aigues-mortes\/\",\"name\":\"Campsite Aigues Mortes | Holiday rental Aigues Mortes | Gard Holidays\",\"isPartOf\":{\"@id\":\"https:\/\/www.camping-cevennes.info\/en\/#website\"},\"primaryImageOfPage\":{\"@id\":\"https:\/\/www.camping-cevennes.info\/en\/holidays-in-the-gard\/camping-near-aigues-mortes\/#primaryimage\"},\"image\":{\"@id\":\"https:\/\/www.camping-cevennes.info\/en\/holidays-in-the-gard\/camping-near-aigues-mortes\/#primaryimage\"},\"thumbnailUrl\":\"https:\/\/www.camping-cevennes.info\/wp-content\/uploads\/2022\/10\/camping-aigues-mortes.jpg\",\"datePublished\":\"2022-10-19T13:33:41+00:00\",\"dateModified\":\"2023-04-11T09:57:35+00:00\",\"description\":\"Tourist activities in Aigues Mortes, places not to miss, what to see, what to do during his holidays in Aigues Mortes\",\"breadcrumb\":{\"@id\":\"https:\/\/www.camping-cevennes.info\/en\/holidays-in-the-gard\/camping-near-aigues-mortes\/#breadcrumb\"},\"inLanguage\":\"en-US\",\"potentialAction\":[{\"@type\":\"ReadAction\",\"target\":[\"https:\/\/www.camping-cevennes.info\/en\/holidays-in-the-gard\/camping-near-aigues-mortes\/\"]}]},{\"@type\":\"ImageObject\",\"inLanguage\":\"en-US\",\"@id\":\"https:\/\/www.camping-cevennes.info\/en\/holidays-in-the-gard\/camping-near-aigues-mortes\/#primaryimage\",\"url\":\"https:\/\/www.camping-cevennes.info\/wp-content\/uploads\/2022\/10\/camping-aigues-mortes.jpg\",\"contentUrl\":\"https:\/\/www.camping-cevennes.info\/wp-content\/uploads\/2022\/10\/camping-aigues-mortes.jpg\",\"width\":1920,\"height\":600,\"caption\":\"camping aigues mortes\"},{\"@type\":\"BreadcrumbList\",\"@id\":\"https:\/\/www.camping-cevennes.info\/en\/holidays-in-the-gard\/camping-near-aigues-mortes\/#breadcrumb\",\"itemListElement\":[{\"@type\":\"ListItem\",\"position\":1,\"name\":\"Campsite C\u00e9vennes\",\"item\":\"https:\/\/www.camping-cevennes.info\/en\/\"},{\"@type\":\"ListItem\",\"position\":2,\"name\":\"The Gard\",\"item\":\"https:\/\/www.camping-cevennes.info\/en\/holidays-in-the-gard\/\"},{\"@type\":\"ListItem\",\"position\":3,\"name\":\"Campsite near Aigues-Mortes\"}]},{\"@type\":\"WebSite\",\"@id\":\"https:\/\/www.camping-cevennes.info\/en\/#website\",\"url\":\"https:\/\/www.camping-cevennes.info\/en\/\",\"name\":\"Camping Mas de la Cam\",\"description\":\"\",\"publisher\":{\"@id\":\"https:\/\/www.camping-cevennes.info\/en\/#organization\"},\"potentialAction\":[{\"@type\":\"SearchAction\",\"target\":{\"@type\":\"EntryPoint\",\"urlTemplate\":\"https:\/\/www.camping-cevennes.info\/en\/?s={search_term_string}\"},\"query-input\":{\"@type\":\"PropertyValueSpecification\",\"valueRequired\":true,\"valueName\":\"search_term_string\"}}],\"inLanguage\":\"en-US\"},{\"@type\":\"Organization\",\"@id\":\"https:\/\/www.camping-cevennes.info\/en\/#organization\",\"name\":\"Camping Mas de la Cam\",\"url\":\"https:\/\/www.camping-cevennes.info\/en\/\",\"logo\":{\"@type\":\"ImageObject\",\"inLanguage\":\"en-US\",\"@id\":\"https:\/\/www.camping-cevennes.info\/en\/#\/schema\/logo\/image\/\",\"url\":\"https:\/\/www.camping-cevennes.info\/wp-content\/uploads\/2022\/09\/logo-camping-mas-de-la-cam-noir-1.png\",\"contentUrl\":\"https:\/\/www.camping-cevennes.info\/wp-content\/uploads\/2022\/09\/logo-camping-mas-de-la-cam-noir-1.png\",\"width\":625,\"height\":190,\"caption\":\"Camping Mas de la Cam\"},\"image\":{\"@id\":\"https:\/\/www.camping-cevennes.info\/en\/#\/schema\/logo\/image\/\"}}]}<\/script>\n<!-- \/ Yoast SEO plugin. -->","yoast_head_json":{"title":"Campsite Aigues Mortes | Holiday rental Aigues Mortes | Gard Holidays","description":"Tourist activities in Aigues Mortes, places not to miss, what to see, what to do during his holidays in Aigues Mortes","robots":{"index":"index","follow":"follow","max-snippet":"max-snippet:-1","max-image-preview":"max-image-preview:large","max-video-preview":"max-video-preview:-1"},"canonical":"https:\/\/www.camping-cevennes.info\/en\/holidays-in-the-gard\/camping-near-aigues-mortes\/","og_locale":"en_US","og_type":"article","og_title":"Campsite Aigues Mortes | Holiday rental Aigues Mortes | Gard Holidays","og_description":"Tourist activities in Aigues Mortes, places not to miss, what to see, what to do during his holidays in Aigues Mortes","og_url":"https:\/\/www.camping-cevennes.info\/en\/holidays-in-the-gard\/camping-near-aigues-mortes\/","og_site_name":"Camping Mas de la Cam","article_modified_time":"2023-04-11T09:57:35+00:00","og_image":[{"width":1920,"height":600,"url":"https:\/\/www.camping-cevennes.info\/wp-content\/uploads\/2022\/10\/camping-aigues-mortes.jpg","type":"image\/jpeg"}],"twitter_card":"summary_large_image","twitter_misc":{"Est. reading time":"2 minutes"},"schema":{"@context":"https:\/\/schema.org","@graph":[{"@type":"WebPage","@id":"https:\/\/www.camping-cevennes.info\/en\/holidays-in-the-gard\/camping-near-aigues-mortes\/","url":"https:\/\/www.camping-cevennes.info\/en\/holidays-in-the-gard\/camping-near-aigues-mortes\/","name":"Campsite Aigues Mortes | Holiday rental Aigues Mortes | Gard Holidays","isPartOf":{"@id":"https:\/\/www.camping-cevennes.info\/en\/#website"},"primaryImageOfPage":{"@id":"https:\/\/www.camping-cevennes.info\/en\/holidays-in-the-gard\/camping-near-aigues-mortes\/#primaryimage"},"image":{"@id":"https:\/\/www.camping-cevennes.info\/en\/holidays-in-the-gard\/camping-near-aigues-mortes\/#primaryimage"},"thumbnailUrl":"https:\/\/www.camping-cevennes.info\/wp-content\/uploads\/2022\/10\/camping-aigues-mortes.jpg","datePublished":"2022-10-19T13:33:41+00:00","dateModified":"2023-04-11T09:57:35+00:00","description":"Tourist activities in Aigues Mortes, places not to miss, what to see, what to do during his holidays in Aigues Mortes","breadcrumb":{"@id":"https:\/\/www.camping-cevennes.info\/en\/holidays-in-the-gard\/camping-near-aigues-mortes\/#breadcrumb"},"inLanguage":"en-US","potentialAction":[{"@type":"ReadAction","target":["https:\/\/www.camping-cevennes.info\/en\/holidays-in-the-gard\/camping-near-aigues-mortes\/"]}]},{"@type":"ImageObject","inLanguage":"en-US","@id":"https:\/\/www.camping-cevennes.info\/en\/holidays-in-the-gard\/camping-near-aigues-mortes\/#primaryimage","url":"https:\/\/www.camping-cevennes.info\/wp-content\/uploads\/2022\/10\/camping-aigues-mortes.jpg","contentUrl":"https:\/\/www.camping-cevennes.info\/wp-content\/uploads\/2022\/10\/camping-aigues-mortes.jpg","width":1920,"height":600,"caption":"camping aigues mortes"},{"@type":"BreadcrumbList","@id":"https:\/\/www.camping-cevennes.info\/en\/holidays-in-the-gard\/camping-near-aigues-mortes\/#breadcrumb","itemListElement":[{"@type":"ListItem","position":1,"name":"Campsite C\u00e9vennes","item":"https:\/\/www.camping-cevennes.info\/en\/"},{"@type":"ListItem","position":2,"name":"The Gard","item":"https:\/\/www.camping-cevennes.info\/en\/holidays-in-the-gard\/"},{"@type":"ListItem","position":3,"name":"Campsite near Aigues-Mortes"}]},{"@type":"WebSite","@id":"https:\/\/www.camping-cevennes.info\/en\/#website","url":"https:\/\/www.camping-cevennes.info\/en\/","name":"Camping Mas de la Cam","description":"","publisher":{"@id":"https:\/\/www.camping-cevennes.info\/en\/#organization"},"potentialAction":[{"@type":"SearchAction","target":{"@type":"EntryPoint","urlTemplate":"https:\/\/www.camping-cevennes.info\/en\/?s={search_term_string}"},"query-input":{"@type":"PropertyValueSpecification","valueRequired":true,"valueName":"search_term_string"}}],"inLanguage":"en-US"},{"@type":"Organization","@id":"https:\/\/www.camping-cevennes.info\/en\/#organization","name":"Camping Mas de la Cam","url":"https:\/\/www.camping-cevennes.info\/en\/","logo":{"@type":"ImageObject","inLanguage":"en-US","@id":"https:\/\/www.camping-cevennes.info\/en\/#\/schema\/logo\/image\/","url":"https:\/\/www.camping-cevennes.info\/wp-content\/uploads\/2022\/09\/logo-camping-mas-de-la-cam-noir-1.png","contentUrl":"https:\/\/www.camping-cevennes.info\/wp-content\/uploads\/2022\/09\/logo-camping-mas-de-la-cam-noir-1.png","width":625,"height":190,"caption":"Camping Mas de la Cam"},"image":{"@id":"https:\/\/www.camping-cevennes.info\/en\/#\/schema\/logo\/image\/"}}]}},"_links":{"self":[{"href":"https:\/\/www.camping-cevennes.info\/en\/wp-json\/wp\/v2\/pages\/4792","targetHints":{"allow":["GET"]}}],"collection":[{"href":"https:\/\/www.camping-cevennes.info\/en\/wp-json\/wp\/v2\/pages"}],"about":[{"href":"https:\/\/www.camping-cevennes.info\/en\/wp-json\/wp\/v2\/types\/page"}],"author":[{"embeddable":true,"href":"https:\/\/www.camping-cevennes.info\/en\/wp-json\/wp\/v2\/users\/1"}],"replies":[{"embeddable":true,"href":"https:\/\/www.camping-cevennes.info\/en\/wp-json\/wp\/v2\/comments?post=4792"}],"version-history":[{"count":16,"href":"https:\/\/www.camping-cevennes.info\/en\/wp-json\/wp\/v2\/pages\/4792\/revisions"}],"predecessor-version":[{"id":6995,"href":"https:\/\/www.camping-cevennes.info\/en\/wp-json\/wp\/v2\/pages\/4792\/revisions\/6995"}],"up":[{"embeddable":true,"href":"https:\/\/www.camping-cevennes.info\/en\/wp-json\/wp\/v2\/pages\/4787"}],"wp:featuredmedia":[{"embeddable":true,"href":"https:\/\/www.camping-cevennes.info\/en\/wp-json\/wp\/v2\/media\/3752"}],"wp:attachment":[{"href":"https:\/\/www.camping-cevennes.info\/en\/wp-json\/wp\/v2\/media?parent=4792"}],"wp:term":[{"taxonomy":"sujet","embeddable":true,"href":"https:\/\/www.camping-cevennes.info\/en\/wp-json\/wp\/v2\/sujet?post=4792"}],"curies":[{"name":"wp","href":"https:\/\/api.w.org\/{rel}","templated":true}]}}