{"id":4787,"date":"2022-10-19T14:54:51","date_gmt":"2022-10-19T12:54:51","guid":{"rendered":"https:\/\/www.camping-cevennes.info\/vacances-gard\/"},"modified":"2022-11-14T10:56:22","modified_gmt":"2022-11-14T09:56:22","slug":"holidays-in-the-gard","status":"publish","type":"page","link":"https:\/\/www.camping-cevennes.info\/en\/holidays-in-the-gard\/","title":{"rendered":"Gard"},"content":{"rendered":"<section id=\"ls-section-block_9c912efa67aaafee4d4198248702d463\" class=\"ls-section  page-intro has-p-t p-t-14\" >\n        <div class=\"container container--wide\">\n        \n\n<h1 class=\"ls__heading deco-h1 animated fadeInLeft delay-200ms wp-block-heading\"><span>HOLIDAYS IN<\/span> <br><strong>THE GARD<\/strong><\/h1>\n\n\n\n<div class=\"wp-block-columns columns-parent is-layout-flex wp-container-core-columns-is-layout-9d6595d7 wp-block-columns-is-layout-flex\">\n<div class=\"wp-block-column left is-layout-flow wp-block-column-is-layout-flow\">\n<h2 class=\"ls__heading deco wp-block-heading\">What to see, what to do in the Gard<\/h2>\n\n\n\n<p class=\"ls-paragraph\">Notice to <strong>nature lovers<\/strong>: from the mountains to the sea, the Gard contains beautiful landscapes. If you only have a few days, we advise you to visit the three sites that belong to the network of the <strong>Great Sites of France<\/strong>: the famous <a href=\"https:\/\/www.camping-cevennes.info\/en\/holidays-in-the-gard\/camping-near-pont-du-gard\/\">Pont du Gard<\/a> (the most visited antique monument in France, a UNESCO World Heritage Site). near the Gorges du Gardon, the Cirque de Navacelles (a fabulous canyon 300 m deep) and the Gard Camargue, with its marshes and heritage like the Carbonni\u00e8re Tower of <a href=\"https:\/\/www.camping-cevennes.info\/en\/holidays-in-the-gard\/camping-near-aigues-mortes\/\">Aigues-Mortes<\/a>.<\/p>\n\n\n\n<p class=\"ls-paragraph\">The decor is planted: it\u2019s up to you to be the actor of your holidays at the campsite Mas de la Cam in Saint-Jean-du-Gard. From the ascent of Mount Aigoual to walks on the sandy beaches, many <strong>hiking<\/strong> and <strong>horseback riding <\/strong>await you in the Gard. Go down the Gorges du Tarn river <strong>canoeing or canyoning<\/strong>, rent a boat at Grau-du-Roi for a trip to the sea, explore the C\u00e9vennes caves and join a 4\u00d74 safari in the Camargue. Near the campsite, you can do many other outdoor activities: <strong>climbing<\/strong>, canoeing, microlight, mountain biking, <strong>fishing<\/strong> \u2026<\/p>\n<\/div>\n\n\n\n<div class=\"wp-block-column is-vertically-aligned-center right is-layout-flow wp-block-column-is-layout-flow\">\n<figure class=\"wp-block-embed is-type-video is-provider-youtube wp-block-embed-youtube wp-embed-aspect-16-9 wp-has-aspect-ratio\"><div class=\"wp-block-embed__wrapper\">\n<iframe loading=\"lazy\" title=\"Bienvenue dans le Gard!\" width=\"500\" height=\"281\" src=\"https:\/\/www.youtube.com\/embed\/skHeZKWf_vc?feature=oembed\" frameborder=\"0\" allow=\"accelerometer; autoplay; clipboard-write; encrypted-media; gyroscope; picture-in-picture; web-share\" referrerpolicy=\"strict-origin-when-cross-origin\" allowfullscreen><\/iframe>\n<\/div><\/figure>\n<\/div>\n<\/div>\n\n\n    <\/div>\n<\/section>\n\n<section id=\"ls-section-block_f18f835235d12629f8651aab39cd1b74\" class=\"ls-section  has-p-t p-t-0\" >\n        <div class=\"container container--wide\">\n        \n<div id=\"ls-maillage-block_b93547fa2dfce19910ecf50c036f1f50\" class=\"ls-maillage cta-style-normal\" data-rows=\"4\">\n    <div class=\"wp-block-columns\"><div class=\"wp-block-column\">\n\n<a href=\"https:\/\/www.camping-cevennes.info\/en\/holidays-in-the-gard\/camping-near-aigues-mortes\/\" target=\"\" rel=\"noopener\" class=\"ls-cta__link\">\n\n\t<div class=\"ls-cta__image\"><img decoding=\"async\" src=\"https:\/\/www.camping-cevennes.info\/wp-content\/uploads\/2022\/10\/porte-aigues-morte-1024x480.jpg\" alt=\"porte aigues morte\"><\/div>\n\t<div class=\"ls-cta__title\">\n\t\tAigues Mortes\t<\/div>\n\n\t\t\n<\/a><\/div><div class=\"wp-block-column\">\n\n<a href=\"https:\/\/www.camping-cevennes.info\/en\/holidays-in-the-gard\/camping-near-ales\/\" target=\"\" rel=\"noopener\" class=\"ls-cta__link\">\n\n\t<div class=\"ls-cta__image\"><img decoding=\"async\" src=\"https:\/\/www.camping-cevennes.info\/wp-content\/uploads\/2022\/10\/ales-1024x480.jpg\" alt=\"al\u00e8s\"><\/div>\n\t<div class=\"ls-cta__title\">\n\t\tAl\u00e8s\t<\/div>\n\n\t\t\n<\/a><\/div><div class=\"wp-block-column\">\n\n<a href=\"https:\/\/www.camping-cevennes.info\/en\/holidays-in-the-gard\/camping-near-anduze\/\" target=\"\" rel=\"noopener\" class=\"ls-cta__link\">\n\n\t<div class=\"ls-cta__image\"><img decoding=\"async\" src=\"https:\/\/www.camping-cevennes.info\/wp-content\/uploads\/2022\/10\/anduze-1024x480.jpg\" alt=\"anduze\"><\/div>\n\t<div class=\"ls-cta__title\">\n\t\tAnduze\t<\/div>\n\n\t\t\n<\/a><\/div><div class=\"wp-block-column\">\n\n<a href=\"https:\/\/www.camping-cevennes.info\/en\/holidays-in-the-gard\/camping-near-to-mialet\/\" target=\"\" rel=\"noopener\" class=\"ls-cta__link\">\n\n\t<div class=\"ls-cta__image\"><img decoding=\"async\" src=\"https:\/\/www.camping-cevennes.info\/wp-content\/uploads\/2022\/11\/tourisme-mialet.jpg\" alt=\"tourisme mialet\"><\/div>\n\t<div class=\"ls-cta__title\">\n\t\tMialet\t<\/div>\n\n\t\t\n<\/a><\/div><\/div><div class=\"wp-block-columns\"><div class=\"wp-block-column\">\n\n<a href=\"https:\/\/www.camping-cevennes.info\/en\/holidays-in-the-gard\/camping-near-nimes\/\" target=\"\" rel=\"noopener\" class=\"ls-cta__link\">\n\n\t<div class=\"ls-cta__image\"><img decoding=\"async\" src=\"https:\/\/www.camping-cevennes.info\/wp-content\/uploads\/2022\/10\/nimes-cathedrale-1024x480.jpg\" alt=\"nimes cathedrale\"><\/div>\n\t<div class=\"ls-cta__title\">\n\t\tN\u00eemes\t<\/div>\n\n\t\t\n<\/a><\/div><div class=\"wp-block-column\">\n\n<a href=\"https:\/\/www.camping-cevennes.info\/en\/holidays-in-the-gard\/holidays-in-saint-jean-du-gard\/\" target=\"\" rel=\"noopener\" class=\"ls-cta__link\">\n\n\t<div class=\"ls-cta__image\"><img decoding=\"async\" src=\"https:\/\/www.camping-cevennes.info\/wp-content\/uploads\/2022\/10\/pont-saint-jean-du-gard-1-1024x480.jpg\" alt=\"pont saint jean du gard\"><\/div>\n\t<div class=\"ls-cta__title\">\n\t\tSaint-Jean-Du-Gard\t<\/div>\n\n\t\t\n<\/a><\/div><div class=\"wp-block-column\">\n\n<a href=\"https:\/\/www.camping-cevennes.info\/en\/holidays-in-the-gard\/camping-near-uzes\/\" target=\"\" rel=\"noopener\" class=\"ls-cta__link\">\n\n\t<div class=\"ls-cta__image\"><img decoding=\"async\" src=\"https:\/\/www.camping-cevennes.info\/wp-content\/uploads\/2022\/11\/cathedral-uzes-1024x480.jpg\" alt=\"cathedral uzes\"><\/div>\n\t<div class=\"ls-cta__title\">\n\t\tUzes\t<\/div>\n\n\t\t\n<\/a><\/div><\/div>\n\n    <\/div>\n<\/section>\n\n<section id=\"ls-section-block_9c912efa67aaafee4d4198248702d463\" class=\"ls-section  page-intro has-p-t p-t-14\" >\n        <div class=\"container container--wide\">\n        \n\n<div class=\"wp-block-columns columns-parent is-layout-flex wp-container-core-columns-is-layout-9d6595d7 wp-block-columns-is-layout-flex\">\n<div class=\"wp-block-column left is-layout-flow wp-block-column-is-layout-flow\">\n<h2 class=\"ls__heading deco wp-block-heading\">Visit the Gard<\/h2>\n\n\n\n<p class=\"ls-paragraph\">There are many ways to discover the Gard. If you are passionate about <strong>cultural heritage<\/strong>, your journey will probably start in N\u00eemes, a bimillennial city. You can admire the architecture of its bullring, the Magne Tower, the Square house and the temple of Diane. You will then stop at the mythical Pont du Gard and the Abbey Saint-Gilles, another Unesco World Heritage site.<\/p>\n\n\n\n<p class=\"ls-paragraph\">Did you take a lot of your eyes? Continue your journey through time by visiting C\u00e8ze, La Roque-sur-C\u00e8ze, Lussan and Aigu\u00e8ze, 4 communes which are among the most beautiful villages in France. The department is dotted with ancient medieval cities very well preserved like Barjac and V\u00e9z\u00e9nobres, and sumptuous castles (Uz\u00e8s, Sommi\u00e8res).<\/p>\n\n\n\n<p class=\"ls-paragraph\">Finally, take the time to get lost in the alleys of the <strong>Mus\u00e9e C\u00e9venol<\/strong> in Saint Jean du Gard, the museum-Library Pierre-Andr\u00e9-Benoit (Al\u00e8s), the Visiatome de Marcoule (Chusclan) and the Vinopanorama (Calvisson). If you are staying in the Gard with children, plan half a day at the <strong>Seaquarium<\/strong> of the Grau-du-Roi.<\/p>\n\n\n\n<p class=\"ls-paragraph addReadMore showlesscontent\">This land, steeped in history, abounds with peaks and dells and ridges and valleys\u2026where the rivers, deeply carved in the schist, are surrounded by chestnut trees, green oak trees and moors. The Corniche des C\u00e9vennes route, the Tarn and Jonte gorges, Aigoual mountain, Millau viaduct, M\u00e9jean limestone plateau, Barambiau chasm and the Navacelles cirque, and all the small villages with preserved <strong>traditional homes<\/strong>.<br><br>The C\u00e9vennes area is the unique home to extraordinary scenery with networks of valleys, abundant chestnut forests, and rich landscapes of schist, granite and limestone. <a href=\"https:\/\/www.camping-cevennes.info\/en\/holidays-in-the-gard\/national-park-cevennes\/\">C\u00e9vennes national park<\/a> \u2013 just 3,200km\u00b2 \u2013 is home to half of France\u2019s flora and wildlife!<\/p>\n<\/div>\n\n\n\n<div class=\"wp-block-column is-vertically-aligned-center right is-layout-flow wp-block-column-is-layout-flow\">\n<figure class=\"wp-block-image size-full\"><img decoding=\"async\" width=\"900\" height=\"600\" src=\"https:\/\/www.camping-cevennes.info\/wp-content\/uploads\/2022\/10\/marais-camargue.jpg\" alt=\"marais camargue\" class=\"wp-image-3544\" srcset=\"https:\/\/www.camping-cevennes.info\/wp-content\/uploads\/2022\/10\/marais-camargue.jpg 900w, https:\/\/www.camping-cevennes.info\/wp-content\/uploads\/2022\/10\/marais-camargue-300x200.jpg 300w, https:\/\/www.camping-cevennes.info\/wp-content\/uploads\/2022\/10\/marais-camargue-768x512.jpg 768w\" sizes=\"(max-width: 900px) 100vw, 900px\" \/><\/figure>\n<\/div>\n<\/div>\n\n\n    <\/div>\n<\/section>\n\n<section id=\"ls-section-block_efd6d646f17c8cf92f0d3294c73f3da2\" class=\"ls-section \" >\n        <div class=\"container container--wide\">\n        \n<div id=\"ls-maillage-block_9676898d81230e2bf78cc71695a717de\" class=\"ls-maillage cta-style-normal\" data-rows=\"4\">\n    <div class=\"wp-block-columns\"><div class=\"wp-block-column\">\n\n<a href=\"https:\/\/www.camping-cevennes.info\/en\/holidays-in-the-gard\/bamboo-gardens-cevennes\/\" target=\"\" rel=\"noopener\" class=\"ls-cta__link\">\n\n\t<div class=\"ls-cta__image\"><img decoding=\"async\" src=\"https:\/\/www.camping-cevennes.info\/wp-content\/uploads\/2022\/10\/bamboo-1024x480.jpg\" alt=\"bamboo\"><\/div>\n\t<div class=\"ls-cta__title\">\n\t\tBambouseraie\t<\/div>\n\n\t\t\n<\/a><\/div><div class=\"wp-block-column\">\n\n<a href=\"https:\/\/www.camping-cevennes.info\/en\/holidays-in-the-gard\/camping-in-the-ardeches-gorges\/\" target=\"\" rel=\"noopener\" class=\"ls-cta__link\">\n\n\t<div class=\"ls-cta__image\"><img decoding=\"async\" src=\"https:\/\/www.camping-cevennes.info\/wp-content\/uploads\/2022\/10\/gorges-ardeche.jpg\" alt=\"gorge ardeche kayak\"><\/div>\n\t<div class=\"ls-cta__title\">\n\t\tArd\u00e8che gorges\t<\/div>\n\n\t\t\n<\/a><\/div><div class=\"wp-block-column\">\n\n<a href=\"https:\/\/www.camping-cevennes.info\/en\/holidays-in-the-gard\/camping-in-the-tarn-gorges\/\" target=\"\" rel=\"noopener\" class=\"ls-cta__link\">\n\n\t<div class=\"ls-cta__image\"><img decoding=\"async\" src=\"https:\/\/www.camping-cevennes.info\/wp-content\/uploads\/2022\/11\/gorge-du-tarn-1024x480.jpg\" alt=\"gorge du tarn\"><\/div>\n\t<div class=\"ls-cta__title\">\n\t\tTarn Gorges\t<\/div>\n\n\t\t\n<\/a><\/div><div class=\"wp-block-column\">\n\n<a href=\"https:\/\/www.camping-cevennes.info\/en\/holidays-in-the-gard\/national-park-cevennes\/\" target=\"\" rel=\"noopener\" class=\"ls-cta__link\">\n\n\t<div class=\"ls-cta__image\"><img decoding=\"async\" src=\"https:\/\/www.camping-cevennes.info\/wp-content\/uploads\/2022\/10\/village-cevennes.jpg\" alt=\"village cevennes\"><\/div>\n\t<div class=\"ls-cta__title\">\n\t\tCevennes National Park\t<\/div>\n\n\t\t\n<\/a><\/div><\/div><div class=\"wp-block-columns\"><div class=\"wp-block-column\">\n\n<a href=\"https:\/\/www.camping-cevennes.info\/en\/holidays-in-the-gard\/holidays-cevennes\/\" target=\"\" rel=\"noopener\" class=\"ls-cta__link\">\n\n\t<div class=\"ls-cta__image\"><img decoding=\"async\" src=\"https:\/\/www.camping-cevennes.info\/wp-content\/uploads\/2022\/10\/cevennes-montagne.jpg\" alt=\"cevennes montagne\"><\/div>\n\t<div class=\"ls-cta__title\">\n\t\tLes C\u00e9vennes\t<\/div>\n\n\t\t\n<\/a><\/div><div class=\"wp-block-column\">\n\n<a href=\"https:\/\/www.camping-cevennes.info\/en\/holidays-in-the-gard\/camping-near-mont-aigoual\/\" target=\"\" rel=\"noopener\" class=\"ls-cta__link\">\n\n\t<div class=\"ls-cta__image\"><img decoding=\"async\" src=\"https:\/\/www.camping-cevennes.info\/wp-content\/uploads\/2022\/10\/mont-aigoual-gard.jpg\" alt=\"mont aigoual gard\"><\/div>\n\t<div class=\"ls-cta__title\">\n\t\tMont aigoual\t<\/div>\n\n\t\t\n<\/a><\/div><div class=\"wp-block-column\">\n\n<a href=\"https:\/\/www.camping-cevennes.info\/en\/holidays-in-the-gard\/camping-near-pont-du-gard\/\" target=\"\" rel=\"noopener\" class=\"ls-cta__link\">\n\n\t<div class=\"ls-cta__image\"><img decoding=\"async\" src=\"https:\/\/www.camping-cevennes.info\/wp-content\/uploads\/2022\/10\/pont-du-gard-1.jpg\" alt=\"pont du gard\"><\/div>\n\t<div class=\"ls-cta__title\">\n\t\tPont du Gard\t<\/div>\n\n\t\t\n<\/a><\/div><\/div>\n\n    <\/div>\n<\/section>","protected":false},"excerpt":{"rendered":"","protected":false},"author":1,"featured_media":3027,"parent":0,"menu_order":0,"comment_status":"closed","ping_status":"closed","template":"","meta":{"_acf_changed":false,"footnotes":""},"sujet":[],"class_list":["post-4787","page","type-page","status-publish","has-post-thumbnail","hentry"],"acf":[],"yoast_head":"<!-- This site is optimized with the Yoast SEO plugin v25.3 - https:\/\/yoast.com\/wordpress\/plugins\/seo\/ -->\n<title>Holidays in the Gard| Things to see and do in the Gard<\/title>\n<meta name=\"description\" content=\"Visit the Gard during your next stay at the C\u00e9vennes Infos campsite.\" \/>\n<meta name=\"robots\" content=\"index, follow, max-snippet:-1, max-image-preview:large, max-video-preview:-1\" \/>\n<link rel=\"canonical\" href=\"https:\/\/www.camping-cevennes.info\/en\/holidays-in-the-gard\/\" \/>\n<meta property=\"og:locale\" content=\"en_US\" \/>\n<meta property=\"og:type\" content=\"article\" \/>\n<meta property=\"og:title\" content=\"Holidays in the Gard| Things to see and do in the Gard\" \/>\n<meta property=\"og:description\" content=\"Visit the Gard during your next stay at the C\u00e9vennes Infos campsite.\" \/>\n<meta property=\"og:url\" content=\"https:\/\/www.camping-cevennes.info\/en\/holidays-in-the-gard\/\" \/>\n<meta property=\"og:site_name\" content=\"Camping Mas de la Cam\" \/>\n<meta property=\"article:modified_time\" content=\"2022-11-14T09:56:22+00:00\" \/>\n<meta property=\"og:image\" content=\"https:\/\/www.camping-cevennes.info\/wp-content\/uploads\/2022\/10\/pont-du-gard.jpg\" \/>\n\t<meta property=\"og:image:width\" content=\"1920\" \/>\n\t<meta property=\"og:image:height\" content=\"900\" \/>\n\t<meta property=\"og:image:type\" content=\"image\/jpeg\" \/>\n<meta name=\"twitter:card\" content=\"summary_large_image\" \/>\n<meta name=\"twitter:label1\" content=\"Est. reading time\" \/>\n\t<meta name=\"twitter:data1\" content=\"3 minutes\" \/>\n<script type=\"application\/ld+json\" class=\"yoast-schema-graph\">{\"@context\":\"https:\/\/schema.org\",\"@graph\":[{\"@type\":\"WebPage\",\"@id\":\"https:\/\/www.camping-cevennes.info\/en\/holidays-in-the-gard\/\",\"url\":\"https:\/\/www.camping-cevennes.info\/en\/holidays-in-the-gard\/\",\"name\":\"Holidays in the Gard| Things to see and do in the Gard\",\"isPartOf\":{\"@id\":\"https:\/\/www.camping-cevennes.info\/en\/#website\"},\"primaryImageOfPage\":{\"@id\":\"https:\/\/www.camping-cevennes.info\/en\/holidays-in-the-gard\/#primaryimage\"},\"image\":{\"@id\":\"https:\/\/www.camping-cevennes.info\/en\/holidays-in-the-gard\/#primaryimage\"},\"thumbnailUrl\":\"https:\/\/www.camping-cevennes.info\/wp-content\/uploads\/2022\/10\/pont-du-gard.jpg\",\"datePublished\":\"2022-10-19T12:54:51+00:00\",\"dateModified\":\"2022-11-14T09:56:22+00:00\",\"description\":\"Visit the Gard during your next stay at the C\u00e9vennes Infos campsite.\",\"breadcrumb\":{\"@id\":\"https:\/\/www.camping-cevennes.info\/en\/holidays-in-the-gard\/#breadcrumb\"},\"inLanguage\":\"en-US\",\"potentialAction\":[{\"@type\":\"ReadAction\",\"target\":[\"https:\/\/www.camping-cevennes.info\/en\/holidays-in-the-gard\/\"]}]},{\"@type\":\"ImageObject\",\"inLanguage\":\"en-US\",\"@id\":\"https:\/\/www.camping-cevennes.info\/en\/holidays-in-the-gard\/#primaryimage\",\"url\":\"https:\/\/www.camping-cevennes.info\/wp-content\/uploads\/2022\/10\/pont-du-gard.jpg\",\"contentUrl\":\"https:\/\/www.camping-cevennes.info\/wp-content\/uploads\/2022\/10\/pont-du-gard.jpg\",\"width\":1920,\"height\":900,\"caption\":\"pont du gard\"},{\"@type\":\"BreadcrumbList\",\"@id\":\"https:\/\/www.camping-cevennes.info\/en\/holidays-in-the-gard\/#breadcrumb\",\"itemListElement\":[{\"@type\":\"ListItem\",\"position\":1,\"name\":\"Campsite C\u00e9vennes\",\"item\":\"https:\/\/www.camping-cevennes.info\/en\/\"},{\"@type\":\"ListItem\",\"position\":2,\"name\":\"The Gard\"}]},{\"@type\":\"WebSite\",\"@id\":\"https:\/\/www.camping-cevennes.info\/en\/#website\",\"url\":\"https:\/\/www.camping-cevennes.info\/en\/\",\"name\":\"Camping Mas de la Cam\",\"description\":\"\",\"publisher\":{\"@id\":\"https:\/\/www.camping-cevennes.info\/en\/#organization\"},\"potentialAction\":[{\"@type\":\"SearchAction\",\"target\":{\"@type\":\"EntryPoint\",\"urlTemplate\":\"https:\/\/www.camping-cevennes.info\/en\/?s={search_term_string}\"},\"query-input\":{\"@type\":\"PropertyValueSpecification\",\"valueRequired\":true,\"valueName\":\"search_term_string\"}}],\"inLanguage\":\"en-US\"},{\"@type\":\"Organization\",\"@id\":\"https:\/\/www.camping-cevennes.info\/en\/#organization\",\"name\":\"Camping Mas de la Cam\",\"url\":\"https:\/\/www.camping-cevennes.info\/en\/\",\"logo\":{\"@type\":\"ImageObject\",\"inLanguage\":\"en-US\",\"@id\":\"https:\/\/www.camping-cevennes.info\/en\/#\/schema\/logo\/image\/\",\"url\":\"https:\/\/www.camping-cevennes.info\/wp-content\/uploads\/2022\/09\/logo-camping-mas-de-la-cam-noir-1.png\",\"contentUrl\":\"https:\/\/www.camping-cevennes.info\/wp-content\/uploads\/2022\/09\/logo-camping-mas-de-la-cam-noir-1.png\",\"width\":625,\"height\":190,\"caption\":\"Camping Mas de la Cam\"},\"image\":{\"@id\":\"https:\/\/www.camping-cevennes.info\/en\/#\/schema\/logo\/image\/\"}}]}<\/script>\n<!-- \/ Yoast SEO plugin. -->","yoast_head_json":{"title":"Holidays in the Gard| Things to see and do in the Gard","description":"Visit the Gard during your next stay at the C\u00e9vennes Infos campsite.","robots":{"index":"index","follow":"follow","max-snippet":"max-snippet:-1","max-image-preview":"max-image-preview:large","max-video-preview":"max-video-preview:-1"},"canonical":"https:\/\/www.camping-cevennes.info\/en\/holidays-in-the-gard\/","og_locale":"en_US","og_type":"article","og_title":"Holidays in the Gard| Things to see and do in the Gard","og_description":"Visit the Gard during your next stay at the C\u00e9vennes Infos campsite.","og_url":"https:\/\/www.camping-cevennes.info\/en\/holidays-in-the-gard\/","og_site_name":"Camping Mas de la Cam","article_modified_time":"2022-11-14T09:56:22+00:00","og_image":[{"width":1920,"height":900,"url":"https:\/\/www.camping-cevennes.info\/wp-content\/uploads\/2022\/10\/pont-du-gard.jpg","type":"image\/jpeg"}],"twitter_card":"summary_large_image","twitter_misc":{"Est. reading time":"3 minutes"},"schema":{"@context":"https:\/\/schema.org","@graph":[{"@type":"WebPage","@id":"https:\/\/www.camping-cevennes.info\/en\/holidays-in-the-gard\/","url":"https:\/\/www.camping-cevennes.info\/en\/holidays-in-the-gard\/","name":"Holidays in the Gard| Things to see and do in the Gard","isPartOf":{"@id":"https:\/\/www.camping-cevennes.info\/en\/#website"},"primaryImageOfPage":{"@id":"https:\/\/www.camping-cevennes.info\/en\/holidays-in-the-gard\/#primaryimage"},"image":{"@id":"https:\/\/www.camping-cevennes.info\/en\/holidays-in-the-gard\/#primaryimage"},"thumbnailUrl":"https:\/\/www.camping-cevennes.info\/wp-content\/uploads\/2022\/10\/pont-du-gard.jpg","datePublished":"2022-10-19T12:54:51+00:00","dateModified":"2022-11-14T09:56:22+00:00","description":"Visit the Gard during your next stay at the C\u00e9vennes Infos campsite.","breadcrumb":{"@id":"https:\/\/www.camping-cevennes.info\/en\/holidays-in-the-gard\/#breadcrumb"},"inLanguage":"en-US","potentialAction":[{"@type":"ReadAction","target":["https:\/\/www.camping-cevennes.info\/en\/holidays-in-the-gard\/"]}]},{"@type":"ImageObject","inLanguage":"en-US","@id":"https:\/\/www.camping-cevennes.info\/en\/holidays-in-the-gard\/#primaryimage","url":"https:\/\/www.camping-cevennes.info\/wp-content\/uploads\/2022\/10\/pont-du-gard.jpg","contentUrl":"https:\/\/www.camping-cevennes.info\/wp-content\/uploads\/2022\/10\/pont-du-gard.jpg","width":1920,"height":900,"caption":"pont du gard"},{"@type":"BreadcrumbList","@id":"https:\/\/www.camping-cevennes.info\/en\/holidays-in-the-gard\/#breadcrumb","itemListElement":[{"@type":"ListItem","position":1,"name":"Campsite C\u00e9vennes","item":"https:\/\/www.camping-cevennes.info\/en\/"},{"@type":"ListItem","position":2,"name":"The Gard"}]},{"@type":"WebSite","@id":"https:\/\/www.camping-cevennes.info\/en\/#website","url":"https:\/\/www.camping-cevennes.info\/en\/","name":"Camping Mas de la Cam","description":"","publisher":{"@id":"https:\/\/www.camping-cevennes.info\/en\/#organization"},"potentialAction":[{"@type":"SearchAction","target":{"@type":"EntryPoint","urlTemplate":"https:\/\/www.camping-cevennes.info\/en\/?s={search_term_string}"},"query-input":{"@type":"PropertyValueSpecification","valueRequired":true,"valueName":"search_term_string"}}],"inLanguage":"en-US"},{"@type":"Organization","@id":"https:\/\/www.camping-cevennes.info\/en\/#organization","name":"Camping Mas de la Cam","url":"https:\/\/www.camping-cevennes.info\/en\/","logo":{"@type":"ImageObject","inLanguage":"en-US","@id":"https:\/\/www.camping-cevennes.info\/en\/#\/schema\/logo\/image\/","url":"https:\/\/www.camping-cevennes.info\/wp-content\/uploads\/2022\/09\/logo-camping-mas-de-la-cam-noir-1.png","contentUrl":"https:\/\/www.camping-cevennes.info\/wp-content\/uploads\/2022\/09\/logo-camping-mas-de-la-cam-noir-1.png","width":625,"height":190,"caption":"Camping Mas de la Cam"},"image":{"@id":"https:\/\/www.camping-cevennes.info\/en\/#\/schema\/logo\/image\/"}}]}},"_links":{"self":[{"href":"https:\/\/www.camping-cevennes.info\/en\/wp-json\/wp\/v2\/pages\/4787","targetHints":{"allow":["GET"]}}],"collection":[{"href":"https:\/\/www.camping-cevennes.info\/en\/wp-json\/wp\/v2\/pages"}],"about":[{"href":"https:\/\/www.camping-cevennes.info\/en\/wp-json\/wp\/v2\/types\/page"}],"author":[{"embeddable":true,"href":"https:\/\/www.camping-cevennes.info\/en\/wp-json\/wp\/v2\/users\/1"}],"replies":[{"embeddable":true,"href":"https:\/\/www.camping-cevennes.info\/en\/wp-json\/wp\/v2\/comments?post=4787"}],"version-history":[{"count":2,"href":"https:\/\/www.camping-cevennes.info\/en\/wp-json\/wp\/v2\/pages\/4787\/revisions"}],"predecessor-version":[{"id":4828,"href":"https:\/\/www.camping-cevennes.info\/en\/wp-json\/wp\/v2\/pages\/4787\/revisions\/4828"}],"wp:featuredmedia":[{"embeddable":true,"href":"https:\/\/www.camping-cevennes.info\/en\/wp-json\/wp\/v2\/media\/3027"}],"wp:attachment":[{"href":"https:\/\/www.camping-cevennes.info\/en\/wp-json\/wp\/v2\/media?parent=4787"}],"wp:term":[{"taxonomy":"sujet","embeddable":true,"href":"https:\/\/www.camping-cevennes.info\/en\/wp-json\/wp\/v2\/sujet?post=4787"}],"curies":[{"name":"wp","href":"https:\/\/api.w.org\/{rel}","templated":true}]}}