{"id":5227,"date":"2022-09-30T10:08:23","date_gmt":"2022-09-30T08:08:23","guid":{"rendered":"https:\/\/www.camping-cevennes.info\/services-4-etoiles-cevennes\/"},"modified":"2022-11-15T14:22:58","modified_gmt":"2022-11-15T13:22:58","slug":"service-4-sterne-cevennes","status":"publish","type":"page","link":"https:\/\/www.camping-cevennes.info\/de\/service-4-sterne-cevennes\/","title":{"rendered":"Services"},"content":{"rendered":"<section id=\"ls-section-block_8cc04643ede460abbc8afcfeb7ac6da7\" class=\"ls-section  page-intro has-p-t p-t-14 has-p-b p-b-0\" >\n        <div class=\"container container--wide\">\n        \n\n<div class=\"wp-block-columns columns-parent is-layout-flex wp-container-core-columns-is-layout-9d6595d7 wp-block-columns-is-layout-flex\">\n<div class=\"wp-block-column left is-layout-flow wp-block-column-is-layout-flow\">\n<h1 class=\"ls__heading deco-h1 animated fadeInLeft delay-200ms wp-block-heading\"><span class=\"bold small\">4-STERNE-SERVICE AUF <\/span><br>DEM CAMPINGPLATZ IN GARD&nbsp;<\/h1>\n\n\n\n<p class=\"ls-paragraph\">Unser 4-Sterne-Campingplatz Cevennes im Herzen des Naturparks C\u00e9vennes am Gard bietet hochwertige Dienstleistungen und verschiedene High-End-Services, mit denen Sie Ihren Urlaub voll und ganz genie\u00dfen k\u00f6nnen, ohne sich um den Alltag k\u00fcmmern zu m\u00fcssen.<\/p>\n\n\n\n<h2 class=\"ls__heading deco wp-block-heading\">High-End-Services und-Services<\/h2>\n\n\n\n<p class=\"ls-paragraph\">F\u00fcr die Gelassenheit Ihres Urlaubs verf\u00fcgt der Campingplatz \u00fcber einen Lebensmittelladen, in dem Bedarfsgegenst\u00e4nde sowie Brot und Geb\u00e4ck auf Bestellung angeboten werden.<br>Sie k\u00f6nnen Fr\u00fchst\u00fcck mit frischen Produkten einnehmen.<br>Dieses Lebensmittelgesch\u00e4ft ist im Juli und August t\u00e4glich ge\u00f6ffnet. In der Nebensaison ist es morgens ge\u00f6ffnet. Au\u00dferhalb dieser Zeitr\u00e4ume k\u00f6nnen Sie an der Rezeption Brot, Croissants und Presse kaufen.<\/p>\n\n\n\n<p class=\"ls-paragraph\">Ein Waschsalon mit Waschmaschine und Trockner steht Ihnen ebenfalls zur Verf\u00fcgung, um Ihnen das Leben in Ihrem Urlaub zu erleichtern.<\/p>\n<\/div>\n\n\n\n<div class=\"wp-block-column right is-layout-flow wp-block-column-is-layout-flow\">\n<div class=\"wp-block-columns columns-child is-layout-flex wp-container-core-columns-is-layout-9d6595d7 wp-block-columns-is-layout-flex\">\n<div class=\"wp-block-column image-one is-layout-flow wp-block-column-is-layout-flow\">\n<figure class=\"wp-block-image size-full animated fadeInRight delay-500ms slow\"><a href=\"https:\/\/www.camping-cevennes.info\/wp-content\/uploads\/2022\/11\/bar-restaurant.jpg\"><img decoding=\"async\" width=\"900\" height=\"600\" src=\"https:\/\/www.camping-cevennes.info\/wp-content\/uploads\/2022\/11\/bar-restaurant.jpg\" alt=\"bar restaurant\" class=\"wp-image-4328\" srcset=\"https:\/\/www.camping-cevennes.info\/wp-content\/uploads\/2022\/11\/bar-restaurant.jpg 900w, https:\/\/www.camping-cevennes.info\/wp-content\/uploads\/2022\/11\/bar-restaurant-300x200.jpg 300w, https:\/\/www.camping-cevennes.info\/wp-content\/uploads\/2022\/11\/bar-restaurant-768x512.jpg 768w\" sizes=\"(max-width: 900px) 100vw, 900px\" \/><\/a><\/figure>\n<\/div>\n\n\n\n<div class=\"wp-block-column image-two is-layout-flow wp-block-column-is-layout-flow\">\n<figure class=\"wp-block-image size-full animated fadeInLeft delay-500ms slow\"><a href=\"https:\/\/www.camping-cevennes.info\/wp-content\/uploads\/2022\/10\/pain-viennoiserie.jpg\"><img decoding=\"async\" width=\"900\" height=\"600\" src=\"https:\/\/www.camping-cevennes.info\/wp-content\/uploads\/2022\/10\/pain-viennoiserie.jpg\" alt=\"depot de pain et de viennoiserie\" class=\"wp-image-1510\" srcset=\"https:\/\/www.camping-cevennes.info\/wp-content\/uploads\/2022\/10\/pain-viennoiserie.jpg 900w, https:\/\/www.camping-cevennes.info\/wp-content\/uploads\/2022\/10\/pain-viennoiserie-300x200.jpg 300w, https:\/\/www.camping-cevennes.info\/wp-content\/uploads\/2022\/10\/pain-viennoiserie-768x512.jpg 768w\" sizes=\"(max-width: 900px) 100vw, 900px\" \/><\/a><\/figure>\n<\/div>\n<\/div>\n<\/div>\n<\/div>\n\n\n    <\/div>\n<\/section>\n\n<section id=\"ls-section-block_94c25cac30255b5576dddff68ae84176\" class=\"ls-section  page-intro has-p-t p-t-1\" >\n        <div class=\"container container--wide\">\n        \n\n<div class=\"wp-block-columns columns-parent is-layout-flex wp-container-core-columns-is-layout-9d6595d7 wp-block-columns-is-layout-flex\">\n<div class=\"wp-block-column left is-layout-flow wp-block-column-is-layout-flow\">\n<div class=\"wp-block-columns columns-child is-layout-flex wp-container-core-columns-is-layout-9d6595d7 wp-block-columns-is-layout-flex\">\n<div class=\"wp-block-column image-one is-layout-flow wp-block-column-is-layout-flow\">\n<figure class=\"wp-block-image size-full animated fadeInRight delay-500ms slow\"><a href=\"https:\/\/www.camping-cevennes.info\/wp-content\/uploads\/2022\/10\/restaurant-terrasse-camping.jpg\"><img decoding=\"async\" width=\"900\" height=\"600\" src=\"https:\/\/www.camping-cevennes.info\/wp-content\/uploads\/2022\/10\/restaurant-terrasse-camping.jpg\" alt=\"restaurant-terrasse-camping\" class=\"wp-image-1501\" srcset=\"https:\/\/www.camping-cevennes.info\/wp-content\/uploads\/2022\/10\/restaurant-terrasse-camping.jpg 900w, https:\/\/www.camping-cevennes.info\/wp-content\/uploads\/2022\/10\/restaurant-terrasse-camping-300x200.jpg 300w, https:\/\/www.camping-cevennes.info\/wp-content\/uploads\/2022\/10\/restaurant-terrasse-camping-768x512.jpg 768w\" sizes=\"(max-width: 900px) 100vw, 900px\" \/><\/a><\/figure>\n<\/div>\n\n\n\n<div class=\"wp-block-column image-two is-layout-flow wp-block-column-is-layout-flow\">\n<figure class=\"wp-block-image size-full animated fadeInLeft delay-500ms slow\"><a href=\"https:\/\/www.camping-cevennes.info\/wp-content\/uploads\/2022\/11\/sanitaires-camping.jpg\"><img decoding=\"async\" width=\"900\" height=\"600\" src=\"https:\/\/www.camping-cevennes.info\/wp-content\/uploads\/2022\/11\/sanitaires-camping.jpg\" alt=\"sanitaires camping\" class=\"wp-image-4619\" srcset=\"https:\/\/www.camping-cevennes.info\/wp-content\/uploads\/2022\/11\/sanitaires-camping.jpg 900w, https:\/\/www.camping-cevennes.info\/wp-content\/uploads\/2022\/11\/sanitaires-camping-300x200.jpg 300w, https:\/\/www.camping-cevennes.info\/wp-content\/uploads\/2022\/11\/sanitaires-camping-768x512.jpg 768w\" sizes=\"(max-width: 900px) 100vw, 900px\" \/><\/a><\/figure>\n<\/div>\n<\/div>\n<\/div>\n\n\n\n<div class=\"wp-block-column right is-layout-flow wp-block-column-is-layout-flow\">\n<figure class=\"wp-block-image size-full\"><img decoding=\"async\" width=\"720\" height=\"480\" src=\"https:\/\/www.camping-cevennes.info\/wp-content\/uploads\/2022\/10\/bar-snack-restaurant.jpg\" alt=\"bar snack restaurant\n\" class=\"wp-image-2195\" srcset=\"https:\/\/www.camping-cevennes.info\/wp-content\/uploads\/2022\/10\/bar-snack-restaurant.jpg 720w, https:\/\/www.camping-cevennes.info\/wp-content\/uploads\/2022\/10\/bar-snack-restaurant-300x200.jpg 300w\" sizes=\"(max-width: 720px) 100vw, 720px\" \/><\/figure>\n<\/div>\n<\/div>\n\n\n    <\/div>\n<\/section>\n\n<section id=\"ls-section-block_59398400db11b5858cf9ae69cb0e5d5f\" class=\"ls-section  page-one has-p-t p-t-0\" >\n        <div class=\"container container--wide\">\n        \n\n<h2 class=\"ls__heading deco wp-block-heading\">Essen auf dem Campingplatz der Cevennen<\/h2>\n\n\n\n<div class=\"wp-block-columns is-layout-flex wp-container-core-columns-is-layout-9d6595d7 wp-block-columns-is-layout-flex\">\n<div class=\"wp-block-column is-layout-flow wp-block-column-is-layout-flow\">\n<figure class=\"wp-block-image size-full animated fadeInLeft delay-500ms slow\"><a href=\"https:\/\/www.camping-cevennes.info\/wp-content\/uploads\/2022\/11\/terrasse-restaurant.jpg\"><img decoding=\"async\" width=\"900\" height=\"600\" src=\"https:\/\/www.camping-cevennes.info\/wp-content\/uploads\/2022\/11\/terrasse-restaurant.jpg\" alt=\"terrasse restaurant\" class=\"wp-image-4333\" srcset=\"https:\/\/www.camping-cevennes.info\/wp-content\/uploads\/2022\/11\/terrasse-restaurant.jpg 900w, https:\/\/www.camping-cevennes.info\/wp-content\/uploads\/2022\/11\/terrasse-restaurant-300x200.jpg 300w, https:\/\/www.camping-cevennes.info\/wp-content\/uploads\/2022\/11\/terrasse-restaurant-768x512.jpg 768w\" sizes=\"(max-width: 900px) 100vw, 900px\" \/><\/a><\/figure>\n\n\n\n<p class=\"ls-paragraph\">Der Campingplatz Gard en Provence bietet Aktivit\u00e4ten f\u00fcr Kinder und Erwachsene.<\/p>\n\n\n\n<p class=\"ls-paragraph\"><br>Die j\u00fcngeren G\u00e4ste k\u00f6nnen einen gro\u00dfen Spielplatz und viele Wassersportaktivit\u00e4ten genie\u00dfen, um einen unvergesslichen Urlaub in den Cevennen zu verbringen.<\/p>\n<\/div>\n\n\n\n<div class=\"wp-block-column is-layout-flow wp-block-column-is-layout-flow\">\n<p class=\"ls-paragraph\">Ein Restaurant \/ Bar wird Sie mit Pizza und Pommes Frites begeistern, aber Sie werden auch Produkte entdecken, die auf lokalen Spezialit\u00e4ten wie Ziegenk\u00e4se P\u00e9lardon basieren.<br>Auf der schattigen Terrasse der Bar ist ein Gro\u00dfbildfernseher f\u00fcr Sport\u00fcbertragungen installiert. Die Tour de France ist auch Teil der Urlaubsatmosph\u00e4re.<br>Die Teenager treffen sich, wenn sie k\u00f6nnen, im Spielzimmer, um Fu\u00dfball zu spielen und Kontakte zu kn\u00fcpfen.<\/p>\n\n\n\n<figure class=\"wp-block-image size-full animated fadeInRight delay-500ms slow\"><a href=\"https:\/\/www.camping-cevennes.info\/wp-content\/uploads\/2022\/10\/air-de-jeux-enfant-camping.jpg\"><img decoding=\"async\" width=\"900\" height=\"600\" src=\"https:\/\/www.camping-cevennes.info\/wp-content\/uploads\/2022\/10\/air-de-jeux-enfant-camping.jpg\" alt=\"camping avec air de jeux pour enfants\" class=\"wp-image-1480\" srcset=\"https:\/\/www.camping-cevennes.info\/wp-content\/uploads\/2022\/10\/air-de-jeux-enfant-camping.jpg 900w, https:\/\/www.camping-cevennes.info\/wp-content\/uploads\/2022\/10\/air-de-jeux-enfant-camping-300x200.jpg 300w, https:\/\/www.camping-cevennes.info\/wp-content\/uploads\/2022\/10\/air-de-jeux-enfant-camping-768x512.jpg 768w\" sizes=\"(max-width: 900px) 100vw, 900px\" \/><\/a><\/figure>\n<\/div>\n<\/div>\n\n\n    <\/div>\n<\/section>\n\n<section id=\"ls-section-block_2fc94ad4857dab9999aebe3bbf08b171\" class=\"ls-section  page-two has-p-t p-t-0 has-p-b p-b-0\" >\n        <div class=\"container container--wide\">\n        \n    <\/div>\n<\/section>\n\n<section id=\"ls-section-block_f68e5305e80b517b554efa2aaf8178a8\" class=\"ls-section  page-maillage has-background has-color-3-background-color has-p-t p-t-14 has-p-b p-b-14\" >\n        <div class=\"container container--wide\">\n        \n\n<div id=\"ls-heading ls-titre-div-block_03379e1589b97747864427defe3acc5c\" class=\"ls-titre-div deco-centree aligncenter h2-like\" >\n    Entdecken Sie den Fluss, das Schwimmbad und die Aktivit\u00e4ten auf unserem Campingplatz<\/div>\n\n\n<div id=\"ls-maillage-block_feb9e06371d45c86d9345289cc6b0533\" class=\"ls-maillage cta-style-normal\" data-rows=\"3\">\n    <div class=\"wp-block-columns\"><div class=\"wp-block-column\">\n\n<a href=\"https:\/\/www.camping-cevennes.info\/de\/aktivitaten-auf-dem-campingplatz-cevennes-cevennes\/\" target=\"\" rel=\"noopener\" class=\"ls-cta__link\">\n\n\t<div class=\"ls-cta__image\"><img decoding=\"async\" src=\"https:\/\/www.camping-cevennes.info\/wp-content\/uploads\/2022\/10\/enfants-camping.jpg\" alt=\"enfants camping\"><\/div>\n\t<div class=\"ls-cta__title\">\n\t\tAktivit\u00e4ten\t<\/div>\n\n\t\t\n<\/a><\/div><div class=\"wp-block-column\">\n\n<a href=\"https:\/\/www.camping-cevennes.info\/de\/campingplatz-mit-swimmingpool-in-den-cevennes\/\" target=\"\" rel=\"noopener\" class=\"ls-cta__link\">\n\n\t<div class=\"ls-cta__image\"><img decoding=\"async\" src=\"https:\/\/www.camping-cevennes.info\/wp-content\/uploads\/2022\/09\/camping-avec-piscine-dans-le-gard.jpg\" alt=\"camping avec piscine\"><\/div>\n\t<div class=\"ls-cta__title\">\n\t\tSchwimmbad\t<\/div>\n\n\t\t\n<\/a><\/div><div class=\"wp-block-column\">\n\n<a href=\"https:\/\/www.camping-cevennes.info\/de\/camping-am-flussufer-im-gard\/\" target=\"\" rel=\"noopener\" class=\"ls-cta__link\">\n\n\t<div class=\"ls-cta__image\"><img decoding=\"async\" src=\"https:\/\/www.camping-cevennes.info\/wp-content\/uploads\/2022\/11\/camping-bord-de-riviere.jpg\" alt=\"camping bord de riviere\"><\/div>\n\t<div class=\"ls-cta__title\">\n\t\tFluss\t<\/div>\n\n\t\t\n<\/a><\/div><\/div><\/div>\n\n    <\/div>\n<\/section>","protected":false},"excerpt":{"rendered":"","protected":false},"author":1,"featured_media":4192,"parent":0,"menu_order":0,"comment_status":"closed","ping_status":"closed","template":"","meta":{"_acf_changed":false,"footnotes":""},"sujet":[],"class_list":["post-5227","page","type-page","status-publish","has-post-thumbnail","hentry"],"acf":[],"yoast_head":"<!-- This site is optimized with the Yoast SEO plugin v25.3 - https:\/\/yoast.com\/wordpress\/plugins\/seo\/ -->\n<title>Campingplatz Mas de la Cam | 4-Sterne-Dienste in den Cevennen<\/title>\n<meta name=\"description\" content=\"Erfahren Sie mehr \u00fcber den 4-Sterne-Service des Campingplatzes Mas de la Cam in den Cevennen: High-End-Service f\u00fcr noch mehr Komfort.\" \/>\n<meta name=\"robots\" content=\"index, follow, max-snippet:-1, max-image-preview:large, max-video-preview:-1\" \/>\n<link rel=\"canonical\" href=\"https:\/\/www.camping-cevennes.info\/de\/service-4-sterne-cevennes\/\" \/>\n<meta property=\"og:locale\" content=\"de_DE\" \/>\n<meta property=\"og:type\" content=\"article\" \/>\n<meta property=\"og:title\" content=\"Campingplatz Mas de la Cam | 4-Sterne-Dienste in den Cevennen\" \/>\n<meta property=\"og:description\" content=\"Erfahren Sie mehr \u00fcber den 4-Sterne-Service des Campingplatzes Mas de la Cam in den Cevennen: High-End-Service f\u00fcr noch mehr Komfort.\" \/>\n<meta property=\"og:url\" content=\"https:\/\/www.camping-cevennes.info\/de\/service-4-sterne-cevennes\/\" \/>\n<meta property=\"og:site_name\" content=\"Camping Mas de la Cam\" \/>\n<meta property=\"article:modified_time\" content=\"2022-11-15T13:22:58+00:00\" \/>\n<meta property=\"og:image\" content=\"https:\/\/www.camping-cevennes.info\/wp-content\/uploads\/2022\/11\/service-mas-de-la-cam.jpg\" \/>\n\t<meta property=\"og:image:width\" content=\"1920\" \/>\n\t<meta property=\"og:image:height\" content=\"900\" \/>\n\t<meta property=\"og:image:type\" content=\"image\/jpeg\" \/>\n<meta name=\"twitter:card\" content=\"summary_large_image\" \/>\n<meta name=\"twitter:label1\" content=\"Gesch\u00e4tzte Lesezeit\" \/>\n\t<meta name=\"twitter:data1\" content=\"3\u00a0Minuten\" \/>\n<script type=\"application\/ld+json\" class=\"yoast-schema-graph\">{\"@context\":\"https:\/\/schema.org\",\"@graph\":[{\"@type\":\"WebPage\",\"@id\":\"https:\/\/www.camping-cevennes.info\/de\/service-4-sterne-cevennes\/\",\"url\":\"https:\/\/www.camping-cevennes.info\/de\/service-4-sterne-cevennes\/\",\"name\":\"Campingplatz Mas de la Cam | 4-Sterne-Dienste in den Cevennen\",\"isPartOf\":{\"@id\":\"https:\/\/www.camping-cevennes.info\/de\/#website\"},\"primaryImageOfPage\":{\"@id\":\"https:\/\/www.camping-cevennes.info\/de\/service-4-sterne-cevennes\/#primaryimage\"},\"image\":{\"@id\":\"https:\/\/www.camping-cevennes.info\/de\/service-4-sterne-cevennes\/#primaryimage\"},\"thumbnailUrl\":\"https:\/\/www.camping-cevennes.info\/wp-content\/uploads\/2022\/11\/service-mas-de-la-cam.jpg\",\"datePublished\":\"2022-09-30T08:08:23+00:00\",\"dateModified\":\"2022-11-15T13:22:58+00:00\",\"description\":\"Erfahren Sie mehr \u00fcber den 4-Sterne-Service des Campingplatzes Mas de la Cam in den Cevennen: High-End-Service f\u00fcr noch mehr Komfort.\",\"breadcrumb\":{\"@id\":\"https:\/\/www.camping-cevennes.info\/de\/service-4-sterne-cevennes\/#breadcrumb\"},\"inLanguage\":\"de\",\"potentialAction\":[{\"@type\":\"ReadAction\",\"target\":[\"https:\/\/www.camping-cevennes.info\/de\/service-4-sterne-cevennes\/\"]}]},{\"@type\":\"ImageObject\",\"inLanguage\":\"de\",\"@id\":\"https:\/\/www.camping-cevennes.info\/de\/service-4-sterne-cevennes\/#primaryimage\",\"url\":\"https:\/\/www.camping-cevennes.info\/wp-content\/uploads\/2022\/11\/service-mas-de-la-cam.jpg\",\"contentUrl\":\"https:\/\/www.camping-cevennes.info\/wp-content\/uploads\/2022\/11\/service-mas-de-la-cam.jpg\",\"width\":1920,\"height\":900,\"caption\":\"service mas de la cam\"},{\"@type\":\"BreadcrumbList\",\"@id\":\"https:\/\/www.camping-cevennes.info\/de\/service-4-sterne-cevennes\/#breadcrumb\",\"itemListElement\":[{\"@type\":\"ListItem\",\"position\":1,\"name\":\"Campingplatz C\u00e9vennes\",\"item\":\"https:\/\/www.camping-cevennes.info\/de\/\"},{\"@type\":\"ListItem\",\"position\":2,\"name\":\"4 Sterne Hotel Gard\"}]},{\"@type\":\"WebSite\",\"@id\":\"https:\/\/www.camping-cevennes.info\/de\/#website\",\"url\":\"https:\/\/www.camping-cevennes.info\/de\/\",\"name\":\"Camping Mas de la Cam\",\"description\":\"\",\"publisher\":{\"@id\":\"https:\/\/www.camping-cevennes.info\/de\/#organization\"},\"potentialAction\":[{\"@type\":\"SearchAction\",\"target\":{\"@type\":\"EntryPoint\",\"urlTemplate\":\"https:\/\/www.camping-cevennes.info\/de\/?s={search_term_string}\"},\"query-input\":{\"@type\":\"PropertyValueSpecification\",\"valueRequired\":true,\"valueName\":\"search_term_string\"}}],\"inLanguage\":\"de\"},{\"@type\":\"Organization\",\"@id\":\"https:\/\/www.camping-cevennes.info\/de\/#organization\",\"name\":\"Camping Mas de la Cam\",\"url\":\"https:\/\/www.camping-cevennes.info\/de\/\",\"logo\":{\"@type\":\"ImageObject\",\"inLanguage\":\"de\",\"@id\":\"https:\/\/www.camping-cevennes.info\/de\/#\/schema\/logo\/image\/\",\"url\":\"https:\/\/www.camping-cevennes.info\/wp-content\/uploads\/2022\/09\/logo-camping-mas-de-la-cam-noir-1.png\",\"contentUrl\":\"https:\/\/www.camping-cevennes.info\/wp-content\/uploads\/2022\/09\/logo-camping-mas-de-la-cam-noir-1.png\",\"width\":625,\"height\":190,\"caption\":\"Camping Mas de la Cam\"},\"image\":{\"@id\":\"https:\/\/www.camping-cevennes.info\/de\/#\/schema\/logo\/image\/\"}}]}<\/script>\n<!-- \/ Yoast SEO plugin. -->","yoast_head_json":{"title":"Campingplatz Mas de la Cam | 4-Sterne-Dienste in den Cevennen","description":"Erfahren Sie mehr \u00fcber den 4-Sterne-Service des Campingplatzes Mas de la Cam in den Cevennen: High-End-Service f\u00fcr noch mehr Komfort.","robots":{"index":"index","follow":"follow","max-snippet":"max-snippet:-1","max-image-preview":"max-image-preview:large","max-video-preview":"max-video-preview:-1"},"canonical":"https:\/\/www.camping-cevennes.info\/de\/service-4-sterne-cevennes\/","og_locale":"de_DE","og_type":"article","og_title":"Campingplatz Mas de la Cam | 4-Sterne-Dienste in den Cevennen","og_description":"Erfahren Sie mehr \u00fcber den 4-Sterne-Service des Campingplatzes Mas de la Cam in den Cevennen: High-End-Service f\u00fcr noch mehr Komfort.","og_url":"https:\/\/www.camping-cevennes.info\/de\/service-4-sterne-cevennes\/","og_site_name":"Camping Mas de la Cam","article_modified_time":"2022-11-15T13:22:58+00:00","og_image":[{"width":1920,"height":900,"url":"https:\/\/www.camping-cevennes.info\/wp-content\/uploads\/2022\/11\/service-mas-de-la-cam.jpg","type":"image\/jpeg"}],"twitter_card":"summary_large_image","twitter_misc":{"Gesch\u00e4tzte Lesezeit":"3\u00a0Minuten"},"schema":{"@context":"https:\/\/schema.org","@graph":[{"@type":"WebPage","@id":"https:\/\/www.camping-cevennes.info\/de\/service-4-sterne-cevennes\/","url":"https:\/\/www.camping-cevennes.info\/de\/service-4-sterne-cevennes\/","name":"Campingplatz Mas de la Cam | 4-Sterne-Dienste in den Cevennen","isPartOf":{"@id":"https:\/\/www.camping-cevennes.info\/de\/#website"},"primaryImageOfPage":{"@id":"https:\/\/www.camping-cevennes.info\/de\/service-4-sterne-cevennes\/#primaryimage"},"image":{"@id":"https:\/\/www.camping-cevennes.info\/de\/service-4-sterne-cevennes\/#primaryimage"},"thumbnailUrl":"https:\/\/www.camping-cevennes.info\/wp-content\/uploads\/2022\/11\/service-mas-de-la-cam.jpg","datePublished":"2022-09-30T08:08:23+00:00","dateModified":"2022-11-15T13:22:58+00:00","description":"Erfahren Sie mehr \u00fcber den 4-Sterne-Service des Campingplatzes Mas de la Cam in den Cevennen: High-End-Service f\u00fcr noch mehr Komfort.","breadcrumb":{"@id":"https:\/\/www.camping-cevennes.info\/de\/service-4-sterne-cevennes\/#breadcrumb"},"inLanguage":"de","potentialAction":[{"@type":"ReadAction","target":["https:\/\/www.camping-cevennes.info\/de\/service-4-sterne-cevennes\/"]}]},{"@type":"ImageObject","inLanguage":"de","@id":"https:\/\/www.camping-cevennes.info\/de\/service-4-sterne-cevennes\/#primaryimage","url":"https:\/\/www.camping-cevennes.info\/wp-content\/uploads\/2022\/11\/service-mas-de-la-cam.jpg","contentUrl":"https:\/\/www.camping-cevennes.info\/wp-content\/uploads\/2022\/11\/service-mas-de-la-cam.jpg","width":1920,"height":900,"caption":"service mas de la cam"},{"@type":"BreadcrumbList","@id":"https:\/\/www.camping-cevennes.info\/de\/service-4-sterne-cevennes\/#breadcrumb","itemListElement":[{"@type":"ListItem","position":1,"name":"Campingplatz C\u00e9vennes","item":"https:\/\/www.camping-cevennes.info\/de\/"},{"@type":"ListItem","position":2,"name":"4 Sterne Hotel Gard"}]},{"@type":"WebSite","@id":"https:\/\/www.camping-cevennes.info\/de\/#website","url":"https:\/\/www.camping-cevennes.info\/de\/","name":"Camping Mas de la Cam","description":"","publisher":{"@id":"https:\/\/www.camping-cevennes.info\/de\/#organization"},"potentialAction":[{"@type":"SearchAction","target":{"@type":"EntryPoint","urlTemplate":"https:\/\/www.camping-cevennes.info\/de\/?s={search_term_string}"},"query-input":{"@type":"PropertyValueSpecification","valueRequired":true,"valueName":"search_term_string"}}],"inLanguage":"de"},{"@type":"Organization","@id":"https:\/\/www.camping-cevennes.info\/de\/#organization","name":"Camping Mas de la Cam","url":"https:\/\/www.camping-cevennes.info\/de\/","logo":{"@type":"ImageObject","inLanguage":"de","@id":"https:\/\/www.camping-cevennes.info\/de\/#\/schema\/logo\/image\/","url":"https:\/\/www.camping-cevennes.info\/wp-content\/uploads\/2022\/09\/logo-camping-mas-de-la-cam-noir-1.png","contentUrl":"https:\/\/www.camping-cevennes.info\/wp-content\/uploads\/2022\/09\/logo-camping-mas-de-la-cam-noir-1.png","width":625,"height":190,"caption":"Camping Mas de la Cam"},"image":{"@id":"https:\/\/www.camping-cevennes.info\/de\/#\/schema\/logo\/image\/"}}]}},"_links":{"self":[{"href":"https:\/\/www.camping-cevennes.info\/de\/wp-json\/wp\/v2\/pages\/5227","targetHints":{"allow":["GET"]}}],"collection":[{"href":"https:\/\/www.camping-cevennes.info\/de\/wp-json\/wp\/v2\/pages"}],"about":[{"href":"https:\/\/www.camping-cevennes.info\/de\/wp-json\/wp\/v2\/types\/page"}],"author":[{"embeddable":true,"href":"https:\/\/www.camping-cevennes.info\/de\/wp-json\/wp\/v2\/users\/1"}],"replies":[{"embeddable":true,"href":"https:\/\/www.camping-cevennes.info\/de\/wp-json\/wp\/v2\/comments?post=5227"}],"version-history":[{"count":7,"href":"https:\/\/www.camping-cevennes.info\/de\/wp-json\/wp\/v2\/pages\/5227\/revisions"}],"predecessor-version":[{"id":6286,"href":"https:\/\/www.camping-cevennes.info\/de\/wp-json\/wp\/v2\/pages\/5227\/revisions\/6286"}],"wp:featuredmedia":[{"embeddable":true,"href":"https:\/\/www.camping-cevennes.info\/de\/wp-json\/wp\/v2\/media\/4192"}],"wp:attachment":[{"href":"https:\/\/www.camping-cevennes.info\/de\/wp-json\/wp\/v2\/media?parent=5227"}],"wp:term":[{"taxonomy":"sujet","embeddable":true,"href":"https:\/\/www.camping-cevennes.info\/de\/wp-json\/wp\/v2\/sujet?post=5227"}],"curies":[{"name":"wp","href":"https:\/\/api.w.org\/{rel}","templated":true}]}}