{"id":5225,"date":"2022-09-30T10:09:19","date_gmt":"2022-09-30T08:09:19","guid":{"rendered":"https:\/\/www.camping-cevennes.info\/camping-cevennes-riviere\/"},"modified":"2022-11-14T15:01:22","modified_gmt":"2022-11-14T14:01:22","slug":"camping-am-flussufer-im-gard","status":"publish","type":"page","link":"https:\/\/www.camping-cevennes.info\/de\/camping-am-flussufer-im-gard\/","title":{"rendered":"Rivi\u00e8re"},"content":{"rendered":"<section id=\"ls-section-block_018a6f5fcd85c93231a75fe1fd1b5257\" class=\"ls-section  page-intro has-p-t p-t-14 has-p-b p-b-0\" >\n        <div class=\"container container--wide\">\n        \n\n<h1 class=\"ls__heading deco-h1 animated fadeInLeft delay-200ms wp-block-heading\"><span class=\"small\">CAMPINGPLATZ AM<\/span> <br>FLUSSUFER IM GARD<\/h1>\n\n\n\n<div class=\"wp-block-columns columns-parent is-layout-flex wp-container-core-columns-is-layout-9d6595d7 wp-block-columns-is-layout-flex\">\n<div class=\"wp-block-column left is-layout-flow wp-block-column-is-layout-flow\">\n<p class=\"ls-paragraph\">Kommen Sie in Ihren n\u00e4chsten&nbsp;<a href=\"\/de\/\">Ferien in den C\u00e9vennes<\/a>&nbsp;im Mas de la Cam, einem 4-Sterne-Freilufthotel in Saint Jean du Gard campen. Unser Campingplatz **** liegt ideal am Fu\u00dfe der Panoramastra\u00dfe Corniche des C\u00e9vennes am Ufer eines Flusses. Profitieren Sie w\u00e4hrend ihres Aufenthaltes von den von uns angebotenen Serviceleistungen. Ob Klein oder Gro\u00df, jeder findet hier etwas, was ihm gef\u00e4llt: Relax, Sport, Entspannung \u2026 F\u00fcr die ganz Kleinen gibt es einen Spielplatz und die Gro\u00dfen k\u00f6nnen sich mit Volleyball, Tennis, auf einem Sportplatz, an 4 Tischtennisplatten und selbstverst\u00e4ndlich auch in unserem gro\u00dfen Schwimmbad am\u00fcsieren. Wir tun alles daf\u00fcr, damit Sie einen sch\u00f6ne Ferien im Gard verbringen k\u00f6nnen.<\/p>\n\n\n\n<h2 class=\"ls__heading deco wp-block-heading\">Campingplatz entlang des Flusses in den Cevennen<\/h2>\n\n\n\n<p class=\"ls-paragraph\">Unser Campingplatz C\u00e9vennes 4 Sterne grenzt an den Fluss Gardon de Saint Jean. Sie entspringt in den Cevennen am Fu\u00dfe des ber\u00fchmten Aigoual-Massivs.<\/p>\n\n\n\n<p class=\"ls-paragraph\">Aufgrund des Reichtums seines nat\u00fcrlichen Erbes sind das Gardon de Saint Jean und das Saint Jean-Tal als Natura-2000-Gebiete f\u00fcr den Erhalt der biologischen Vielfalt und f\u00fcr die Umsetzung nachhaltiger Ma\u00dfnahmen in diesem Gebiet klassifiziert.<\/p>\n\n\n\n<p class=\"ls-paragraph\">Der Campingplatz Saint Jean du Gard ist der ideale Ort, um das au\u00dfergew\u00f6hnliche Erbe dieses Flusses zu entdecken, der in der N\u00e4he flie\u00dft und Sie werden von der authentischen Sch\u00f6nheit dieses Flusses begeistert sein.<\/p>\n\n\n\n<p class=\"ls-paragraph\">Viel Spa\u00df beim Schwimmen mit der Familie, Freunden oder auf einer Luftmatratze.<\/p>\n<\/div>\n\n\n\n<div class=\"wp-block-column right is-layout-flow wp-block-column-is-layout-flow\">\n<div class=\"wp-block-columns columns-child is-layout-flex wp-container-core-columns-is-layout-9d6595d7 wp-block-columns-is-layout-flex\">\n<div class=\"wp-block-column image-one is-layout-flow wp-block-column-is-layout-flow\">\n<figure class=\"wp-block-image size-full animated fadeInRight delay-500ms slow\"><a href=\"https:\/\/www.camping-cevennes.info\/wp-content\/uploads\/2022\/11\/riviere-loisir-camping.jpg\"><img decoding=\"async\" width=\"900\" height=\"600\" src=\"https:\/\/www.camping-cevennes.info\/wp-content\/uploads\/2022\/11\/riviere-loisir-camping.jpg\" alt=\"riviere loisir camping\" class=\"wp-image-4436\" srcset=\"https:\/\/www.camping-cevennes.info\/wp-content\/uploads\/2022\/11\/riviere-loisir-camping.jpg 900w, https:\/\/www.camping-cevennes.info\/wp-content\/uploads\/2022\/11\/riviere-loisir-camping-300x200.jpg 300w, https:\/\/www.camping-cevennes.info\/wp-content\/uploads\/2022\/11\/riviere-loisir-camping-768x512.jpg 768w\" sizes=\"(max-width: 900px) 100vw, 900px\" \/><\/a><\/figure>\n<\/div>\n\n\n\n<div class=\"wp-block-column image-two is-layout-flow wp-block-column-is-layout-flow\">\n<figure class=\"wp-block-image size-full animated fadeInLeft delay-500ms slow\"><a href=\"https:\/\/www.camping-cevennes.info\/wp-content\/uploads\/2022\/11\/riviere-cevennes.jpg\"><img decoding=\"async\" width=\"900\" height=\"600\" src=\"https:\/\/www.camping-cevennes.info\/wp-content\/uploads\/2022\/11\/riviere-cevennes.jpg\" alt=\"riviere cevennes\" class=\"wp-image-4445\" srcset=\"https:\/\/www.camping-cevennes.info\/wp-content\/uploads\/2022\/11\/riviere-cevennes.jpg 900w, https:\/\/www.camping-cevennes.info\/wp-content\/uploads\/2022\/11\/riviere-cevennes-300x200.jpg 300w, https:\/\/www.camping-cevennes.info\/wp-content\/uploads\/2022\/11\/riviere-cevennes-768x512.jpg 768w\" sizes=\"(max-width: 900px) 100vw, 900px\" \/><\/a><\/figure>\n<\/div>\n<\/div>\n<\/div>\n<\/div>\n\n\n    <\/div>\n<\/section>\n\n<section id=\"ls-section-block_648fe48c1f3b2b4d355a2b8326eb3710\" class=\"ls-section  page-intro has-p-t p-t-2\" >\n        <div class=\"container container--wide\">\n        \n\n<div class=\"wp-block-columns columns-parent is-layout-flex wp-container-core-columns-is-layout-9d6595d7 wp-block-columns-is-layout-flex\">\n<div class=\"wp-block-column left is-layout-flow wp-block-column-is-layout-flow\">\n<div class=\"wp-block-columns columns-child is-layout-flex wp-container-core-columns-is-layout-9d6595d7 wp-block-columns-is-layout-flex\">\n<div class=\"wp-block-column image-one is-layout-flow wp-block-column-is-layout-flow\">\n<figure class=\"wp-block-image size-full animated fadeInRight delay-500ms slow\"><a href=\"https:\/\/www.camping-cevennes.info\/wp-content\/uploads\/2022\/10\/riviere-baignade-camping.jpg\"><img decoding=\"async\" width=\"900\" height=\"600\" src=\"https:\/\/www.camping-cevennes.info\/wp-content\/uploads\/2022\/10\/riviere-baignade-camping.jpg\" alt=\"riviere baignade camping\" class=\"wp-image-1645\" srcset=\"https:\/\/www.camping-cevennes.info\/wp-content\/uploads\/2022\/10\/riviere-baignade-camping.jpg 900w, https:\/\/www.camping-cevennes.info\/wp-content\/uploads\/2022\/10\/riviere-baignade-camping-300x200.jpg 300w, https:\/\/www.camping-cevennes.info\/wp-content\/uploads\/2022\/10\/riviere-baignade-camping-768x512.jpg 768w\" sizes=\"(max-width: 900px) 100vw, 900px\" \/><\/a><\/figure>\n<\/div>\n\n\n\n<div class=\"wp-block-column image-two is-layout-flow wp-block-column-is-layout-flow\">\n<figure class=\"wp-block-image size-full animated fadeInLeft delay-500ms slow\"><a href=\"https:\/\/www.camping-cevennes.info\/wp-content\/uploads\/2022\/11\/saut-riviere.jpg\"><img decoding=\"async\" width=\"900\" height=\"600\" src=\"https:\/\/www.camping-cevennes.info\/wp-content\/uploads\/2022\/11\/saut-riviere.jpg\" alt=\"saut riviere\" class=\"wp-image-4450\" srcset=\"https:\/\/www.camping-cevennes.info\/wp-content\/uploads\/2022\/11\/saut-riviere.jpg 900w, https:\/\/www.camping-cevennes.info\/wp-content\/uploads\/2022\/11\/saut-riviere-300x200.jpg 300w, https:\/\/www.camping-cevennes.info\/wp-content\/uploads\/2022\/11\/saut-riviere-768x512.jpg 768w\" sizes=\"(max-width: 900px) 100vw, 900px\" \/><\/a><\/figure>\n<\/div>\n<\/div>\n<\/div>\n\n\n\n<div class=\"wp-block-column right is-layout-flow wp-block-column-is-layout-flow\">\n<figure class=\"wp-block-embed is-type-video is-provider-youtube wp-block-embed-youtube wp-embed-aspect-16-9 wp-has-aspect-ratio\"><div class=\"wp-block-embed__wrapper\">\n<iframe loading=\"lazy\" title=\"camping rivi\u00e8re en C\u00e9vennes\" width=\"500\" height=\"281\" src=\"https:\/\/www.youtube.com\/embed\/2aOuwcEpzZE?feature=oembed\" frameborder=\"0\" allow=\"accelerometer; autoplay; clipboard-write; encrypted-media; gyroscope; picture-in-picture; web-share\" referrerpolicy=\"strict-origin-when-cross-origin\" allowfullscreen><\/iframe>\n<\/div><\/figure>\n<\/div>\n<\/div>\n\n\n    <\/div>\n<\/section>\n\n<section id=\"ls-section-block_111e90feb26ca5d84743eeca905cb57f\" class=\"ls-section  page-one has-p-t p-t-0\" >\n        <div class=\"container container--wide\">\n        \n\n<div class=\"wp-block-columns is-layout-flex wp-container-core-columns-is-layout-9d6595d7 wp-block-columns-is-layout-flex\">\n<div class=\"wp-block-column is-layout-flow wp-block-column-is-layout-flow\">\n<figure class=\"wp-block-image size-full animated fadeInLeft delay-500ms slow\"><a href=\"https:\/\/www.camping-cevennes.info\/wp-content\/uploads\/2022\/10\/lac-riviere-activite.jpg\"><img decoding=\"async\" width=\"900\" height=\"600\" src=\"https:\/\/www.camping-cevennes.info\/wp-content\/uploads\/2022\/10\/lac-riviere-activite.jpg\" alt=\"riviere mas de la cam\" class=\"wp-image-1670\" srcset=\"https:\/\/www.camping-cevennes.info\/wp-content\/uploads\/2022\/10\/lac-riviere-activite.jpg 900w, https:\/\/www.camping-cevennes.info\/wp-content\/uploads\/2022\/10\/lac-riviere-activite-300x200.jpg 300w, https:\/\/www.camping-cevennes.info\/wp-content\/uploads\/2022\/10\/lac-riviere-activite-768x512.jpg 768w\" sizes=\"(max-width: 900px) 100vw, 900px\" \/><\/a><\/figure>\n\n\n\n<h2 class=\"ls__heading deco wp-block-heading\">Forellenangeln im Gardon River<\/h2>\n\n\n\n<p class=\"ls-paragraph\">Der Campingplatz Le Mas de Cam am Ufer des Gardon ist der ideale Ausgangspunkt f\u00fcr Ihre Angelfreunde: Forellenangeln.<\/p>\n\n\n\n<p class=\"ls-paragraph\">In der Tat sind der Gardon (Fluss der 2. Kategorie) und die Nebenfl\u00fcsse sehr ber\u00fchmt f\u00fcr den Reichtum seiner Gew\u00e4sser, die reich an wilden Forellen und Pl\u00f6tzen sind.<\/p>\n\n\n\n<p class=\"ls-paragraph\">Mit Ihrer Angelkarte und w\u00e4hrend der \u00d6ffnungszeit (erkundigen Sie sich beim \u00f6rtlichen Fischereiverband) k\u00f6nnen Forellenangler ihren Urlaub genie\u00dfen, um in einem nat\u00fcrlichen und gesch\u00fctzten Fischfang zu fischen.<\/p>\n\n\n\n<p class=\"ls-paragraph\">Zu deinen Angelruten!<\/p>\n<\/div>\n\n\n\n<div class=\"wp-block-column is-layout-flow wp-block-column-is-layout-flow\">\n<h2 class=\"ls__heading deco wp-block-heading\">Nautische aktivit\u00e4ten auf dem campigplatz in der Gard<\/h2>\n\n\n\n<p class=\"ls-paragraph\">Es gibt viele Aktivit\u00e4ten am Ufer eines Flusses. Roach Saint ist ein unber\u00fchrter Ort, an dem Jung und Alt die Wasseraktivit\u00e4ten genie\u00dfen k\u00f6nnen, die an diesem Fluss m\u00f6glich sind.<\/p>\n\n\n\n<p class=\"ls-paragraph\">So k\u00f6nnen Sie das ber\u00fchmte Canyoning in den Soucy-Schluchten entdecken. Der Strom ist auch im Kanu schiffbar.<\/p>\n\n\n\n<p class=\"ls-paragraph\">Und f\u00fcr faule Aktivit\u00e4ten k\u00f6nnen Sie Ihr Handtuch auf den grasbewachsenen Str\u00e4nden von Gardon und unter der s\u00fcdlichen Sonne sonnen.<\/p>\n\n\n\n<p class=\"ls-paragraph\">Siehe auch: Campingplatz Cevennen mit Schwimmbad<\/p>\n\n\n\n<figure class=\"wp-block-image size-full animated fadeInRight delay-500ms slow\"><a href=\"https:\/\/www.camping-cevennes.info\/wp-content\/uploads\/2022\/11\/activites-aquatique-cevennes.jpg\"><img decoding=\"async\" width=\"900\" height=\"600\" src=\"https:\/\/www.camping-cevennes.info\/wp-content\/uploads\/2022\/11\/activites-aquatique-cevennes.jpg\" alt=\"activites aquatiques cevennes\" class=\"wp-image-4465\" srcset=\"https:\/\/www.camping-cevennes.info\/wp-content\/uploads\/2022\/11\/activites-aquatique-cevennes.jpg 900w, https:\/\/www.camping-cevennes.info\/wp-content\/uploads\/2022\/11\/activites-aquatique-cevennes-300x200.jpg 300w, https:\/\/www.camping-cevennes.info\/wp-content\/uploads\/2022\/11\/activites-aquatique-cevennes-768x512.jpg 768w\" sizes=\"(max-width: 900px) 100vw, 900px\" \/><\/a><\/figure>\n<\/div>\n<\/div>\n\n\n    <\/div>\n<\/section>\n\n<section id=\"ls-section-block_93a1f75e5d9cb69c794934519a58afb9\" class=\"ls-section  page-maillage has-background has-color-3-background-color has-p-t p-t-14 has-p-b p-b-14\" >\n        <div class=\"container container--wide\">\n        \n\n<div id=\"ls-heading ls-titre-div-block_a9fc36169c978eb3238d72e063732d02\" class=\"ls-titre-div deco-centree aligncenter h2-like\" >\n    Entdecken Sie den Pool, die Dienstleistungen und die Aktivit\u00e4ten unseres Campingplatzes<\/div>\n\n\n<div id=\"ls-maillage-block_9029270aa097b33fe52209f04421493b\" class=\"ls-maillage cta-style-normal\" data-rows=\"3\">\n    <div class=\"wp-block-columns\"><div class=\"wp-block-column\">\n\n<a href=\"https:\/\/www.camping-cevennes.info\/de\/aktivitaten-auf-dem-campingplatz-cevennes-cevennes\/\" target=\"\" rel=\"noopener\" class=\"ls-cta__link\">\n\n\t<div class=\"ls-cta__image\"><img decoding=\"async\" src=\"https:\/\/www.camping-cevennes.info\/wp-content\/uploads\/2022\/10\/enfants-camping.jpg\" alt=\"enfants camping\"><\/div>\n\t<div class=\"ls-cta__title\">\n\t\tAktivit\u00e4ten\t<\/div>\n\n\t\t\n<\/a><\/div><div class=\"wp-block-column\">\n\n<a href=\"https:\/\/www.camping-cevennes.info\/de\/campingplatz-mit-swimmingpool-in-den-cevennes\/\" target=\"\" rel=\"noopener\" class=\"ls-cta__link\">\n\n\t<div class=\"ls-cta__image\"><img decoding=\"async\" src=\"https:\/\/www.camping-cevennes.info\/wp-content\/uploads\/2022\/09\/camping-avec-piscine-dans-le-gard.jpg\" alt=\"camping avec piscine\"><\/div>\n\t<div class=\"ls-cta__title\">\n\t\tSchwimmbad\t<\/div>\n\n\t\t\n<\/a><\/div><div class=\"wp-block-column\">\n\n<a href=\"https:\/\/www.camping-cevennes.info\/de\/service-4-sterne-cevennes\/\" target=\"\" rel=\"noopener\" class=\"ls-cta__link\">\n\n\t<div class=\"ls-cta__image\"><img decoding=\"async\" src=\"https:\/\/www.camping-cevennes.info\/wp-content\/uploads\/2022\/10\/restauration-pizza.jpg\" alt=\"restauration pizza\"><\/div>\n\t<div class=\"ls-cta__title\">\n\t\tDienste\t<\/div>\n\n\t\t\n<\/a><\/div><\/div><\/div>\n\n    <\/div>\n<\/section>","protected":false},"excerpt":{"rendered":"","protected":false},"author":1,"featured_media":4444,"parent":0,"menu_order":0,"comment_status":"closed","ping_status":"closed","template":"","meta":{"_acf_changed":false,"footnotes":""},"sujet":[],"class_list":["post-5225","page","type-page","status-publish","has-post-thumbnail","hentry"],"acf":[],"yoast_head":"<!-- This site is optimized with the Yoast SEO plugin v25.3 - https:\/\/yoast.com\/wordpress\/plugins\/seo\/ -->\n<title>Flussrandcamping im Gard | Campingplatz Cevennen, Angeln<\/title>\n<meta name=\"description\" content=\"Alles \u00fcber unseren Campingplatz C\u00e8vennes am Fluss: f\u00fcr Ferien am Wasser im Departement Gard.\" \/>\n<meta name=\"robots\" content=\"index, follow, max-snippet:-1, max-image-preview:large, max-video-preview:-1\" \/>\n<link rel=\"canonical\" href=\"https:\/\/www.camping-cevennes.info\/de\/camping-am-flussufer-im-gard\/\" \/>\n<meta property=\"og:locale\" content=\"de_DE\" \/>\n<meta property=\"og:type\" content=\"article\" \/>\n<meta property=\"og:title\" content=\"Flussrandcamping im Gard | Campingplatz Cevennen, Angeln\" \/>\n<meta property=\"og:description\" content=\"Alles \u00fcber unseren Campingplatz C\u00e8vennes am Fluss: f\u00fcr Ferien am Wasser im Departement Gard.\" \/>\n<meta property=\"og:url\" content=\"https:\/\/www.camping-cevennes.info\/de\/camping-am-flussufer-im-gard\/\" \/>\n<meta property=\"og:site_name\" content=\"Camping Mas de la Cam\" \/>\n<meta property=\"article:modified_time\" content=\"2022-11-14T14:01:22+00:00\" \/>\n<meta property=\"og:image\" content=\"https:\/\/www.camping-cevennes.info\/wp-content\/uploads\/2022\/11\/camping-bord-riviere-cevennes.jpg\" \/>\n\t<meta property=\"og:image:width\" content=\"1900\" \/>\n\t<meta property=\"og:image:height\" content=\"600\" \/>\n\t<meta property=\"og:image:type\" content=\"image\/jpeg\" \/>\n<meta name=\"twitter:card\" content=\"summary_large_image\" \/>\n<meta name=\"twitter:label1\" content=\"Gesch\u00e4tzte Lesezeit\" \/>\n\t<meta name=\"twitter:data1\" content=\"4\u00a0Minuten\" \/>\n<script type=\"application\/ld+json\" class=\"yoast-schema-graph\">{\"@context\":\"https:\/\/schema.org\",\"@graph\":[{\"@type\":\"WebPage\",\"@id\":\"https:\/\/www.camping-cevennes.info\/de\/camping-am-flussufer-im-gard\/\",\"url\":\"https:\/\/www.camping-cevennes.info\/de\/camping-am-flussufer-im-gard\/\",\"name\":\"Flussrandcamping im Gard | Campingplatz Cevennen, Angeln\",\"isPartOf\":{\"@id\":\"https:\/\/www.camping-cevennes.info\/de\/#website\"},\"primaryImageOfPage\":{\"@id\":\"https:\/\/www.camping-cevennes.info\/de\/camping-am-flussufer-im-gard\/#primaryimage\"},\"image\":{\"@id\":\"https:\/\/www.camping-cevennes.info\/de\/camping-am-flussufer-im-gard\/#primaryimage\"},\"thumbnailUrl\":\"https:\/\/www.camping-cevennes.info\/wp-content\/uploads\/2022\/11\/camping-bord-riviere-cevennes.jpg\",\"datePublished\":\"2022-09-30T08:09:19+00:00\",\"dateModified\":\"2022-11-14T14:01:22+00:00\",\"description\":\"Alles \u00fcber unseren Campingplatz C\u00e8vennes am Fluss: f\u00fcr Ferien am Wasser im Departement Gard.\",\"breadcrumb\":{\"@id\":\"https:\/\/www.camping-cevennes.info\/de\/camping-am-flussufer-im-gard\/#breadcrumb\"},\"inLanguage\":\"de\",\"potentialAction\":[{\"@type\":\"ReadAction\",\"target\":[\"https:\/\/www.camping-cevennes.info\/de\/camping-am-flussufer-im-gard\/\"]}]},{\"@type\":\"ImageObject\",\"inLanguage\":\"de\",\"@id\":\"https:\/\/www.camping-cevennes.info\/de\/camping-am-flussufer-im-gard\/#primaryimage\",\"url\":\"https:\/\/www.camping-cevennes.info\/wp-content\/uploads\/2022\/11\/camping-bord-riviere-cevennes.jpg\",\"contentUrl\":\"https:\/\/www.camping-cevennes.info\/wp-content\/uploads\/2022\/11\/camping-bord-riviere-cevennes.jpg\",\"width\":1900,\"height\":600,\"caption\":\"camping bord riviere cevennes\"},{\"@type\":\"BreadcrumbList\",\"@id\":\"https:\/\/www.camping-cevennes.info\/de\/camping-am-flussufer-im-gard\/#breadcrumb\",\"itemListElement\":[{\"@type\":\"ListItem\",\"position\":1,\"name\":\"Campingplatz C\u00e9vennes\",\"item\":\"https:\/\/www.camping-cevennes.info\/de\/\"},{\"@type\":\"ListItem\",\"position\":2,\"name\":\"Campingplatz am Flussufer im Gard\"}]},{\"@type\":\"WebSite\",\"@id\":\"https:\/\/www.camping-cevennes.info\/de\/#website\",\"url\":\"https:\/\/www.camping-cevennes.info\/de\/\",\"name\":\"Camping Mas de la Cam\",\"description\":\"\",\"publisher\":{\"@id\":\"https:\/\/www.camping-cevennes.info\/de\/#organization\"},\"potentialAction\":[{\"@type\":\"SearchAction\",\"target\":{\"@type\":\"EntryPoint\",\"urlTemplate\":\"https:\/\/www.camping-cevennes.info\/de\/?s={search_term_string}\"},\"query-input\":{\"@type\":\"PropertyValueSpecification\",\"valueRequired\":true,\"valueName\":\"search_term_string\"}}],\"inLanguage\":\"de\"},{\"@type\":\"Organization\",\"@id\":\"https:\/\/www.camping-cevennes.info\/de\/#organization\",\"name\":\"Camping Mas de la Cam\",\"url\":\"https:\/\/www.camping-cevennes.info\/de\/\",\"logo\":{\"@type\":\"ImageObject\",\"inLanguage\":\"de\",\"@id\":\"https:\/\/www.camping-cevennes.info\/de\/#\/schema\/logo\/image\/\",\"url\":\"https:\/\/www.camping-cevennes.info\/wp-content\/uploads\/2022\/09\/logo-camping-mas-de-la-cam-noir-1.png\",\"contentUrl\":\"https:\/\/www.camping-cevennes.info\/wp-content\/uploads\/2022\/09\/logo-camping-mas-de-la-cam-noir-1.png\",\"width\":625,\"height\":190,\"caption\":\"Camping Mas de la Cam\"},\"image\":{\"@id\":\"https:\/\/www.camping-cevennes.info\/de\/#\/schema\/logo\/image\/\"}}]}<\/script>\n<!-- \/ Yoast SEO plugin. -->","yoast_head_json":{"title":"Flussrandcamping im Gard | Campingplatz Cevennen, Angeln","description":"Alles \u00fcber unseren Campingplatz C\u00e8vennes am Fluss: f\u00fcr Ferien am Wasser im Departement Gard.","robots":{"index":"index","follow":"follow","max-snippet":"max-snippet:-1","max-image-preview":"max-image-preview:large","max-video-preview":"max-video-preview:-1"},"canonical":"https:\/\/www.camping-cevennes.info\/de\/camping-am-flussufer-im-gard\/","og_locale":"de_DE","og_type":"article","og_title":"Flussrandcamping im Gard | Campingplatz Cevennen, Angeln","og_description":"Alles \u00fcber unseren Campingplatz C\u00e8vennes am Fluss: f\u00fcr Ferien am Wasser im Departement Gard.","og_url":"https:\/\/www.camping-cevennes.info\/de\/camping-am-flussufer-im-gard\/","og_site_name":"Camping Mas de la Cam","article_modified_time":"2022-11-14T14:01:22+00:00","og_image":[{"width":1900,"height":600,"url":"https:\/\/www.camping-cevennes.info\/wp-content\/uploads\/2022\/11\/camping-bord-riviere-cevennes.jpg","type":"image\/jpeg"}],"twitter_card":"summary_large_image","twitter_misc":{"Gesch\u00e4tzte Lesezeit":"4\u00a0Minuten"},"schema":{"@context":"https:\/\/schema.org","@graph":[{"@type":"WebPage","@id":"https:\/\/www.camping-cevennes.info\/de\/camping-am-flussufer-im-gard\/","url":"https:\/\/www.camping-cevennes.info\/de\/camping-am-flussufer-im-gard\/","name":"Flussrandcamping im Gard | Campingplatz Cevennen, Angeln","isPartOf":{"@id":"https:\/\/www.camping-cevennes.info\/de\/#website"},"primaryImageOfPage":{"@id":"https:\/\/www.camping-cevennes.info\/de\/camping-am-flussufer-im-gard\/#primaryimage"},"image":{"@id":"https:\/\/www.camping-cevennes.info\/de\/camping-am-flussufer-im-gard\/#primaryimage"},"thumbnailUrl":"https:\/\/www.camping-cevennes.info\/wp-content\/uploads\/2022\/11\/camping-bord-riviere-cevennes.jpg","datePublished":"2022-09-30T08:09:19+00:00","dateModified":"2022-11-14T14:01:22+00:00","description":"Alles \u00fcber unseren Campingplatz C\u00e8vennes am Fluss: f\u00fcr Ferien am Wasser im Departement Gard.","breadcrumb":{"@id":"https:\/\/www.camping-cevennes.info\/de\/camping-am-flussufer-im-gard\/#breadcrumb"},"inLanguage":"de","potentialAction":[{"@type":"ReadAction","target":["https:\/\/www.camping-cevennes.info\/de\/camping-am-flussufer-im-gard\/"]}]},{"@type":"ImageObject","inLanguage":"de","@id":"https:\/\/www.camping-cevennes.info\/de\/camping-am-flussufer-im-gard\/#primaryimage","url":"https:\/\/www.camping-cevennes.info\/wp-content\/uploads\/2022\/11\/camping-bord-riviere-cevennes.jpg","contentUrl":"https:\/\/www.camping-cevennes.info\/wp-content\/uploads\/2022\/11\/camping-bord-riviere-cevennes.jpg","width":1900,"height":600,"caption":"camping bord riviere cevennes"},{"@type":"BreadcrumbList","@id":"https:\/\/www.camping-cevennes.info\/de\/camping-am-flussufer-im-gard\/#breadcrumb","itemListElement":[{"@type":"ListItem","position":1,"name":"Campingplatz C\u00e9vennes","item":"https:\/\/www.camping-cevennes.info\/de\/"},{"@type":"ListItem","position":2,"name":"Campingplatz am Flussufer im Gard"}]},{"@type":"WebSite","@id":"https:\/\/www.camping-cevennes.info\/de\/#website","url":"https:\/\/www.camping-cevennes.info\/de\/","name":"Camping Mas de la Cam","description":"","publisher":{"@id":"https:\/\/www.camping-cevennes.info\/de\/#organization"},"potentialAction":[{"@type":"SearchAction","target":{"@type":"EntryPoint","urlTemplate":"https:\/\/www.camping-cevennes.info\/de\/?s={search_term_string}"},"query-input":{"@type":"PropertyValueSpecification","valueRequired":true,"valueName":"search_term_string"}}],"inLanguage":"de"},{"@type":"Organization","@id":"https:\/\/www.camping-cevennes.info\/de\/#organization","name":"Camping Mas de la Cam","url":"https:\/\/www.camping-cevennes.info\/de\/","logo":{"@type":"ImageObject","inLanguage":"de","@id":"https:\/\/www.camping-cevennes.info\/de\/#\/schema\/logo\/image\/","url":"https:\/\/www.camping-cevennes.info\/wp-content\/uploads\/2022\/09\/logo-camping-mas-de-la-cam-noir-1.png","contentUrl":"https:\/\/www.camping-cevennes.info\/wp-content\/uploads\/2022\/09\/logo-camping-mas-de-la-cam-noir-1.png","width":625,"height":190,"caption":"Camping Mas de la Cam"},"image":{"@id":"https:\/\/www.camping-cevennes.info\/de\/#\/schema\/logo\/image\/"}}]}},"_links":{"self":[{"href":"https:\/\/www.camping-cevennes.info\/de\/wp-json\/wp\/v2\/pages\/5225","targetHints":{"allow":["GET"]}}],"collection":[{"href":"https:\/\/www.camping-cevennes.info\/de\/wp-json\/wp\/v2\/pages"}],"about":[{"href":"https:\/\/www.camping-cevennes.info\/de\/wp-json\/wp\/v2\/types\/page"}],"author":[{"embeddable":true,"href":"https:\/\/www.camping-cevennes.info\/de\/wp-json\/wp\/v2\/users\/1"}],"replies":[{"embeddable":true,"href":"https:\/\/www.camping-cevennes.info\/de\/wp-json\/wp\/v2\/comments?post=5225"}],"version-history":[{"count":5,"href":"https:\/\/www.camping-cevennes.info\/de\/wp-json\/wp\/v2\/pages\/5225\/revisions"}],"predecessor-version":[{"id":6125,"href":"https:\/\/www.camping-cevennes.info\/de\/wp-json\/wp\/v2\/pages\/5225\/revisions\/6125"}],"wp:featuredmedia":[{"embeddable":true,"href":"https:\/\/www.camping-cevennes.info\/de\/wp-json\/wp\/v2\/media\/4444"}],"wp:attachment":[{"href":"https:\/\/www.camping-cevennes.info\/de\/wp-json\/wp\/v2\/media?parent=5225"}],"wp:term":[{"taxonomy":"sujet","embeddable":true,"href":"https:\/\/www.camping-cevennes.info\/de\/wp-json\/wp\/v2\/sujet?post=5225"}],"curies":[{"name":"wp","href":"https:\/\/api.w.org\/{rel}","templated":true}]}}