{"id":5217,"date":"2022-09-30T10:09:03","date_gmt":"2022-09-30T08:09:03","guid":{"rendered":"https:\/\/www.camping-cevennes.info\/activites-camping-cevennes\/"},"modified":"2026-01-04T09:03:04","modified_gmt":"2026-01-04T08:03:04","slug":"aktivitaten-auf-dem-campingplatz-cevennes-cevennes","status":"publish","type":"page","link":"https:\/\/www.camping-cevennes.info\/de\/aktivitaten-auf-dem-campingplatz-cevennes-cevennes\/","title":{"rendered":"Activit\u00e9s"},"content":{"rendered":"<section id=\"ls-section-block_0adf99e41461eef3c72692cfb5f09c12\" class=\"ls-section  page-intro has-p-t p-t-14 has-p-b p-b-0\" >\n        <div class=\"container container--wide\">\n        \n\n<div class=\"wp-block-columns columns-parent is-layout-flex wp-container-core-columns-is-layout-9d6595d7 wp-block-columns-is-layout-flex\">\n<div class=\"wp-block-column left is-layout-flow wp-block-column-is-layout-flow\">\n<h1 class=\"ls__heading wp-block-heading animated fadeInLeft delay-200ms\"><span class=\"small\">AKTIVIT\u00c4TEN AUF DEM <\/span><br><span class=\"bold\">CAMPINGPLATZ C\u00c9VENNES<\/span><\/h1>\n\n\n\n<h2 class=\"ls__heading wp-block-heading deco\">AKTIVE FERIEN AUF EINEM CAMPINGPLATZ IN DEN C\u00c9VENNES<\/h2>\n\n\n\n<p class=\"ls-paragraph\">Es ist wirklich schwierig, sich mit den Spielpl\u00e4tzen f\u00fcr die Kleinen, den Tennis- und  Padel-Platz, Volleyballpl\u00e4tzen und einem weiteren gro\u00dfen Sportplatz (800 m\u00b2) auf dem\u00a0<a href=\"\/de\/\">Campingplatz Mas de la Cam in den C\u00e9vennes<\/a>\u00a0zu langweilen. Sowohl die P\u00e9tanque-Pl\u00e4tze als auch die Tischtennisplatten werden abends beleuchtet, damit Sie auch an den lauen Sommerabenden in den C\u00e9vennes von diesen profitieren k\u00f6nnen. Angelfreunde wiederum werden bei Tagesanbruch oder Sonnenuntergang auf Forellenfang zum Gardon (Fluss 1. Kategorie) angezogen werden. Im Juli und August findet einmal pro Woche in dem sich im Restaurant mit WLAN-Zugang ein Musikabend statt.<\/p>\n<\/div>\n\n\n\n<div class=\"wp-block-column right is-layout-flow wp-block-column-is-layout-flow\">\n<div class=\"wp-block-columns columns-child is-layout-flex wp-container-core-columns-is-layout-9d6595d7 wp-block-columns-is-layout-flex\">\n<div class=\"wp-block-column image-one is-layout-flow wp-block-column-is-layout-flow\">\n<figure class=\"wp-block-image size-full animated fadeInRight delay-500ms slow\"><a href=\"https:\/\/www.camping-cevennes.info\/wp-content\/uploads\/2022\/09\/camping-famille-gard-1.jpg\"><img decoding=\"async\" width=\"900\" height=\"600\" src=\"https:\/\/www.camping-cevennes.info\/wp-content\/uploads\/2022\/09\/camping-famille-gard-1.jpg\" alt=\"\" class=\"wp-image-7158\" srcset=\"https:\/\/www.camping-cevennes.info\/wp-content\/uploads\/2022\/09\/camping-famille-gard-1.jpg 900w, https:\/\/www.camping-cevennes.info\/wp-content\/uploads\/2022\/09\/camping-famille-gard-1-300x200.jpg 300w, https:\/\/www.camping-cevennes.info\/wp-content\/uploads\/2022\/09\/camping-famille-gard-1-768x512.jpg 768w\" sizes=\"(max-width: 900px) 100vw, 900px\" \/><\/a><\/figure>\n<\/div>\n\n\n\n<div class=\"wp-block-column image-two is-layout-flow wp-block-column-is-layout-flow\">\n<figure class=\"wp-block-image size-full animated fadeInLeft delay-500ms slow\"><a href=\"https:\/\/www.camping-cevennes.info\/wp-content\/uploads\/2022\/10\/court-de-tennis-camping.jpg\"><img decoding=\"async\" width=\"900\" height=\"600\" src=\"https:\/\/www.camping-cevennes.info\/wp-content\/uploads\/2022\/10\/court-de-tennis-camping.jpg\" alt=\"terrain de tenis\" class=\"wp-image-1557\" srcset=\"https:\/\/www.camping-cevennes.info\/wp-content\/uploads\/2022\/10\/court-de-tennis-camping.jpg 900w, https:\/\/www.camping-cevennes.info\/wp-content\/uploads\/2022\/10\/court-de-tennis-camping-300x200.jpg 300w, https:\/\/www.camping-cevennes.info\/wp-content\/uploads\/2022\/10\/court-de-tennis-camping-768x512.jpg 768w\" sizes=\"(max-width: 900px) 100vw, 900px\" \/><\/a><\/figure>\n<\/div>\n<\/div>\n<\/div>\n<\/div>\n\n\n    <\/div>\n<\/section>\n\n<section id=\"ls-section-block_3d9455bb0998d4871abec6e361beaf45\" class=\"ls-section  page-intro has-p-t p-t-1\" >\n        <div class=\"container container--wide\">\n        \n\n<div class=\"wp-block-columns columns-parent is-layout-flex wp-container-core-columns-is-layout-9d6595d7 wp-block-columns-is-layout-flex\">\n<div class=\"wp-block-column left is-layout-flow wp-block-column-is-layout-flow\">\n<div class=\"wp-block-columns columns-child is-layout-flex wp-container-core-columns-is-layout-9d6595d7 wp-block-columns-is-layout-flex\">\n<div class=\"wp-block-column image-one is-layout-flow wp-block-column-is-layout-flow\">\n<figure class=\"wp-block-image size-full animated fadeInRight delay-500ms slow\"><a href=\"https:\/\/www.camping-cevennes.info\/wp-content\/uploads\/2022\/11\/terrain-de-volley.jpg\"><img decoding=\"async\" width=\"900\" height=\"600\" src=\"https:\/\/www.camping-cevennes.info\/wp-content\/uploads\/2022\/11\/terrain-de-volley.jpg\" alt=\"terrain de volley\" class=\"wp-image-4348\" srcset=\"https:\/\/www.camping-cevennes.info\/wp-content\/uploads\/2022\/11\/terrain-de-volley.jpg 900w, https:\/\/www.camping-cevennes.info\/wp-content\/uploads\/2022\/11\/terrain-de-volley-300x200.jpg 300w, https:\/\/www.camping-cevennes.info\/wp-content\/uploads\/2022\/11\/terrain-de-volley-768x512.jpg 768w\" sizes=\"(max-width: 900px) 100vw, 900px\" \/><\/a><\/figure>\n<\/div>\n\n\n\n<div class=\"wp-block-column image-two is-layout-flow wp-block-column-is-layout-flow\">\n<figure class=\"wp-block-image size-full animated fadeInLeft delay-500ms slow\"><a href=\"https:\/\/www.camping-cevennes.info\/wp-content\/uploads\/2022\/10\/acrobranche-famille-activite.jpg\"><img decoding=\"async\" width=\"900\" height=\"600\" src=\"https:\/\/www.camping-cevennes.info\/wp-content\/uploads\/2022\/10\/acrobranche-famille-activite.jpg\" alt=\"acrobranche camping activit\u00e9s\" class=\"wp-image-1763\" srcset=\"https:\/\/www.camping-cevennes.info\/wp-content\/uploads\/2022\/10\/acrobranche-famille-activite.jpg 900w, https:\/\/www.camping-cevennes.info\/wp-content\/uploads\/2022\/10\/acrobranche-famille-activite-300x200.jpg 300w, https:\/\/www.camping-cevennes.info\/wp-content\/uploads\/2022\/10\/acrobranche-famille-activite-768x512.jpg 768w\" sizes=\"(max-width: 900px) 100vw, 900px\" \/><\/a><\/figure>\n<\/div>\n<\/div>\n<\/div>\n\n\n\n<div class=\"wp-block-column right is-layout-flow wp-block-column-is-layout-flow\">\n<figure class=\"wp-block-embed is-type-video is-provider-youtube wp-block-embed-youtube wp-embed-aspect-16-9 wp-has-aspect-ratio\"><div class=\"wp-block-embed__wrapper\">\n<iframe loading=\"lazy\" title=\"Camping mas de la cam jeux enfants\" width=\"500\" height=\"281\" src=\"https:\/\/www.youtube.com\/embed\/Drv22a6IN-g?feature=oembed\" frameborder=\"0\" allow=\"accelerometer; autoplay; clipboard-write; encrypted-media; gyroscope; picture-in-picture; web-share\" referrerpolicy=\"strict-origin-when-cross-origin\" allowfullscreen><\/iframe>\n<\/div><\/figure>\n<\/div>\n<\/div>\n\n\n    <\/div>\n<\/section>\n\n<section id=\"ls-section-block_a3715be0f1baa65a98ea13b7c3d6e500\" class=\"ls-section  page-one has-p-t p-t-0\" >\n        <div class=\"container container--wide\">\n        \n\n<h2 class=\"ls__heading wp-block-heading deco\">F\u00dcR DIE KINDER<\/h2>\n\n\n\n<div class=\"wp-block-columns is-layout-flex wp-container-core-columns-is-layout-9d6595d7 wp-block-columns-is-layout-flex\">\n<div class=\"wp-block-column is-layout-flow wp-block-column-is-layout-flow\">\n<figure class=\"wp-block-image size-full animated fadeInLeft delay-500ms slow\"><a href=\"https:\/\/www.camping-cevennes.info\/wp-content\/uploads\/2022\/10\/actvites-pour-enfants.jpg\"><img decoding=\"async\" width=\"900\" height=\"600\" src=\"https:\/\/www.camping-cevennes.info\/wp-content\/uploads\/2022\/10\/actvites-pour-enfants.jpg\" alt=\"activit\u00e9s pour enfants\" class=\"wp-image-1592\" srcset=\"https:\/\/www.camping-cevennes.info\/wp-content\/uploads\/2022\/10\/actvites-pour-enfants.jpg 900w, https:\/\/www.camping-cevennes.info\/wp-content\/uploads\/2022\/10\/actvites-pour-enfants-300x200.jpg 300w, https:\/\/www.camping-cevennes.info\/wp-content\/uploads\/2022\/10\/actvites-pour-enfants-768x512.jpg 768w\" sizes=\"(max-width: 900px) 100vw, 900px\" \/><\/a><\/figure>\n\n\n\n<p id=\"pumptracks\" class=\"ls-paragraph\">Sportlichere Urlauber k\u00f6nnen die C\u00e9vennes auf einen der ausgezeichneten Wanderwege, darunter der unter dem Namen \u201eStevenson-Weg\u201c bekannte Fernwanderweg GR 70 erkunden.<\/p>\n<\/div>\n\n\n\n<div class=\"wp-block-column is-layout-flow wp-block-column-is-layout-flow\">\n<p class=\"ls-paragraph\">In der Hochsaison bieten wir f\u00fcr unsere j\u00fcngsten Besucher ein Veranstaltungsprogramm mit Spielen unter freiem Himmel oder Bastelstunden an. Der ideale Ort, um sich neue Freunde zu machen, mit denen man anschlie\u00dfend im Swimmingpool oder auf unserem neuen, interaktiven Spielplatz spielen gehen kann. <\/p>\n\n\n\n<figure class=\"wp-block-image size-full animated fadeInRight delay-500ms slow\"><a href=\"https:\/\/www.camping-cevennes.info\/wp-content\/uploads\/2022\/10\/sentiers-de-marche-foret.jpg\"><img decoding=\"async\" width=\"900\" height=\"600\" src=\"https:\/\/www.camping-cevennes.info\/wp-content\/uploads\/2022\/10\/sentiers-de-marche-foret.jpg\" alt=\"sentiers de marche\" class=\"wp-image-1598\" srcset=\"https:\/\/www.camping-cevennes.info\/wp-content\/uploads\/2022\/10\/sentiers-de-marche-foret.jpg 900w, https:\/\/www.camping-cevennes.info\/wp-content\/uploads\/2022\/10\/sentiers-de-marche-foret-300x200.jpg 300w, https:\/\/www.camping-cevennes.info\/wp-content\/uploads\/2022\/10\/sentiers-de-marche-foret-768x512.jpg 768w\" sizes=\"(max-width: 900px) 100vw, 900px\" \/><\/a><\/figure>\n<\/div>\n<\/div>\n\n\n    <\/div>\n<\/section>\n\n<section id=\"ls-section-block_18358af552ffdeeb73ad3b81f935d3e2\" class=\"ls-section  page-one has-p-b p-b-14\" >\n        <div class=\"container container--wide\">\n        \n\n<h2 class=\"ls__heading wp-block-heading has-text-align-center deco-centree\">DER CHARME VON CAMPINGPL\u00c4TZEN AUSSERHALB DER SAISON<\/h2>\n\n\n\n<div class=\"wp-block-columns is-layout-flex wp-container-core-columns-is-layout-9d6595d7 wp-block-columns-is-layout-flex\">\n<div class=\"wp-block-column left is-layout-flow wp-block-column-is-layout-flow\">\n<figure class=\"wp-block-image size-full animated fadeInRight delay-500ms slow\"><a href=\"https:\/\/www.camping-cevennes.info\/wp-content\/uploads\/2022\/10\/sentiers-de-randonnee-1.jpg\"><img decoding=\"async\" width=\"900\" height=\"600\" src=\"https:\/\/www.camping-cevennes.info\/wp-content\/uploads\/2022\/10\/sentiers-de-randonnee-1.jpg\" alt=\"sentiers randonn\u00e9es\" class=\"wp-image-1579\" srcset=\"https:\/\/www.camping-cevennes.info\/wp-content\/uploads\/2022\/10\/sentiers-de-randonnee-1.jpg 900w, https:\/\/www.camping-cevennes.info\/wp-content\/uploads\/2022\/10\/sentiers-de-randonnee-1-300x200.jpg 300w, https:\/\/www.camping-cevennes.info\/wp-content\/uploads\/2022\/10\/sentiers-de-randonnee-1-768x512.jpg 768w\" sizes=\"(max-width: 900px) 100vw, 900px\" \/><\/a><\/figure>\n\n\n\n<p class=\"ls-paragraph\">Der Campingplatz in den C\u00e9vennes Mas de la Cam k\u00fcmmert sich auch um die Camper, die sich daf\u00fcr entschieden haben, die C\u00e9vennes au\u00dferhalb der Saison zu besuchen. So ist in dieser Zeit der Zugang zum Tennisplatz kostenlos und ab Juni werden regelm\u00e4\u00dfig  P\u00e9tanque-Wettbewerbe ausgetragen.<\/p>\n<\/div>\n\n\n\n<div class=\"wp-block-column right is-layout-flow wp-block-column-is-layout-flow\">\n<p class=\"ls-paragraph\">Ein Aufenthalt au\u00dferhalb der Saison bietet zahlreiche Vorteile, wenn man keine schulpflichtigen Kinder hat und in Ferien fahren kann, wann man will. Die Flora zeigt sich h\u00e4ufig in ihren sch\u00f6nsten Farben und l\u00e4dt dazu ein, auf den 150 km des Wanderweges \u201eSt Jean du Gard\u201c los zu ziehen.<\/p>\n\n\n\n<figure class=\"wp-block-image size-full animated fadeInLeft delay-500ms slow\"><a href=\"https:\/\/www.camping-cevennes.info\/wp-content\/uploads\/2022\/10\/tournoi-de-petanque.jpg\"><img decoding=\"async\" width=\"900\" height=\"600\" src=\"https:\/\/www.camping-cevennes.info\/wp-content\/uploads\/2022\/10\/tournoi-de-petanque.jpg\" alt=\"tournoi de petanque\" class=\"wp-image-1584\" srcset=\"https:\/\/www.camping-cevennes.info\/wp-content\/uploads\/2022\/10\/tournoi-de-petanque.jpg 900w, https:\/\/www.camping-cevennes.info\/wp-content\/uploads\/2022\/10\/tournoi-de-petanque-300x200.jpg 300w, https:\/\/www.camping-cevennes.info\/wp-content\/uploads\/2022\/10\/tournoi-de-petanque-768x512.jpg 768w\" sizes=\"(max-width: 900px) 100vw, 900px\" \/><\/a><\/figure>\n<\/div>\n<\/div>\n\n\n    <\/div>\n<\/section>\n\n<section id=\"ls-section-block_85bf6670f8b2706a54d234353436ac6e\" class=\"ls-section  page-two has-p-t p-t-0 has-p-b p-b-0\" >\n        <div class=\"container container--wide\">\n        \n\n<h2 class=\"ls__heading wp-block-heading has-text-align-center deco-centree\">ZUR VERF\u00dcGUNG STEHENDE SERVICEANGEBOTE<\/h2>\n\n\n\n<p class=\"ls-paragraph has-text-align-center\">Um den Campern, die hier Ihren Urlaub au\u00dferhalb der Monate Juli und August verbringen, einen optimalen Empfang bieten zu k\u00f6nnen, stehen unsere Serviceleistungen von Fr\u00fchling an zur Verf\u00fcgung: Das Restaurant vom Juni bis zum 9. September, die Bar von Mitte Mai bis Mitte September oder auch unser geheiztes Schwimmbad von Mitte Mai bis Mitte September.<\/p>\n\n\n    <\/div>\n<\/section>\n\n<section id=\"ls-section-block_6cd9ab8c78236f9f72c2d98e39b35933\" class=\"ls-section  parallax-seul has-background-image has-parallax\" >\n    <div class=\"ls-section__background-image opacity-100\"><img decoding=\"async\" src=\"https:\/\/www.camping-cevennes.info\/wp-content\/uploads\/2022\/10\/camping-avec-piscine.jpg\" alt=\"camping-avec-piscine\"><\/div>    <div class=\"container container--full\">\n        \n    <\/div>\n<\/section>\n\n<section id=\"ls-section-block_5f95c9da42e6d2d7a23855e837b8ae6c\" class=\"ls-section  page-maillage has-background has-color-3-background-color has-p-t p-t-14 has-p-b p-b-14\" >\n        <div class=\"container container--wide\">\n        \n\n<div id=\"ls-heading ls-titre-div-block_c1cb423b9e40aa8d218f588ec60b6d9e\" class=\"ls-titre-div deco-centree aligncenter h2-like\" >\n    Entdecken Sie die Pumptracks, Fahrradausfl\u00fcge und die Dienstleistungen unseres Campingplatzes.<\/div>\n\n\n<div id=\"ls-maillage-block_80aba8c3d51d07eea29dde89329a9df0\" class=\"ls-maillage cta-style-normal\" data-rows=\"3\">\n    <div class=\"wp-block-columns\"><div class=\"wp-block-column\">\n\n<a href=\"https:\/\/www.camping-cevennes.info\/de\/camping-cevennen-radfahren\/\" target=\"\" rel=\"noopener\" class=\"ls-cta__link\">\n\n\t<div class=\"ls-cta__image\"><img decoding=\"async\" src=\"https:\/\/www.camping-cevennes.info\/wp-content\/uploads\/2022\/10\/sortie-cycle.jpg\" alt=\"sortie cycle\"><\/div>\n\t<div class=\"ls-cta__title\">\n\t\tFahrrad\t<\/div>\n\n\t\t\n<\/a><\/div><div class=\"wp-block-column\">\n\n<a href=\"https:\/\/www.camping-cevennes.info\/de\/pumptracks-cevennen\/\" target=\"\" rel=\"noopener\" class=\"ls-cta__link\">\n\n\t<div class=\"ls-cta__image\"><img decoding=\"async\" src=\"https:\/\/www.camping-cevennes.info\/wp-content\/uploads\/2022\/11\/pumptrack.jpg\" alt=\"pumptrack\"><\/div>\n\t<div class=\"ls-cta__title\">\n\t\tDie 2 Pumptracks\t<\/div>\n\n\t\t\n<\/a><\/div><div class=\"wp-block-column\">\n\n<a href=\"https:\/\/www.camping-cevennes.info\/de\/service-4-sterne-cevennes\/\" target=\"\" rel=\"noopener\" class=\"ls-cta__link\">\n\n\t<div class=\"ls-cta__image\"><img decoding=\"async\" src=\"https:\/\/www.camping-cevennes.info\/wp-content\/uploads\/2022\/10\/restauration-pizza.jpg\" alt=\"restauration pizza\"><\/div>\n\t<div class=\"ls-cta__title\">\n\t\tDienste\t<\/div>\n\n\t\t\n<\/a><\/div><\/div><\/div>\n\n    <\/div>\n<\/section>","protected":false},"excerpt":{"rendered":"","protected":false},"author":1,"featured_media":1771,"parent":0,"menu_order":0,"comment_status":"closed","ping_status":"closed","template":"","meta":{"_acf_changed":false,"footnotes":""},"sujet":[],"class_list":["post-5217","page","type-page","status-publish","has-post-thumbnail","hentry"],"acf":[],"yoast_head":"<!-- This site is optimized with the Yoast SEO plugin v25.3 - https:\/\/yoast.com\/wordpress\/plugins\/seo\/ -->\n<title>Campingplatz f\u00fcr Kinder in den C\u00e9vennes | Familienfreundliches<\/title>\n<meta name=\"description\" content=\"Erfahren Sie mehr \u00fcber Aktivit\u00e4ten auf 4-Sterne-Campingpl\u00e4tzen im Var: Aktivit\u00e4ten f\u00fcr jedes Alter und jeden Geschmack!\" \/>\n<meta name=\"robots\" content=\"index, follow, max-snippet:-1, max-image-preview:large, max-video-preview:-1\" \/>\n<link rel=\"canonical\" href=\"https:\/\/www.camping-cevennes.info\/de\/aktivitaten-auf-dem-campingplatz-cevennes-cevennes\/\" \/>\n<meta property=\"og:locale\" content=\"de_DE\" \/>\n<meta property=\"og:type\" content=\"article\" \/>\n<meta property=\"og:title\" content=\"Campingplatz f\u00fcr Kinder in den C\u00e9vennes | Familienfreundliches\" \/>\n<meta property=\"og:description\" content=\"Erfahren Sie mehr \u00fcber Aktivit\u00e4ten auf 4-Sterne-Campingpl\u00e4tzen im Var: Aktivit\u00e4ten f\u00fcr jedes Alter und jeden Geschmack!\" \/>\n<meta property=\"og:url\" content=\"https:\/\/www.camping-cevennes.info\/de\/aktivitaten-auf-dem-campingplatz-cevennes-cevennes\/\" \/>\n<meta property=\"og:site_name\" content=\"Camping Mas de la Cam\" \/>\n<meta property=\"article:modified_time\" content=\"2026-01-04T08:03:04+00:00\" \/>\n<meta property=\"og:image\" content=\"https:\/\/www.camping-cevennes.info\/wp-content\/uploads\/2022\/10\/activites-enfants-club.jpg\" \/>\n\t<meta property=\"og:image:width\" content=\"1900\" \/>\n\t<meta property=\"og:image:height\" content=\"700\" \/>\n\t<meta property=\"og:image:type\" content=\"image\/jpeg\" \/>\n<meta name=\"twitter:card\" content=\"summary_large_image\" \/>\n<meta name=\"twitter:label1\" content=\"Gesch\u00e4tzte Lesezeit\" \/>\n\t<meta name=\"twitter:data1\" content=\"4\u00a0Minuten\" \/>\n<script type=\"application\/ld+json\" class=\"yoast-schema-graph\">{\"@context\":\"https:\/\/schema.org\",\"@graph\":[{\"@type\":\"WebPage\",\"@id\":\"https:\/\/www.camping-cevennes.info\/de\/aktivitaten-auf-dem-campingplatz-cevennes-cevennes\/\",\"url\":\"https:\/\/www.camping-cevennes.info\/de\/aktivitaten-auf-dem-campingplatz-cevennes-cevennes\/\",\"name\":\"Campingplatz f\u00fcr Kinder in den C\u00e9vennes | Familienfreundliches\",\"isPartOf\":{\"@id\":\"https:\/\/www.camping-cevennes.info\/de\/#website\"},\"primaryImageOfPage\":{\"@id\":\"https:\/\/www.camping-cevennes.info\/de\/aktivitaten-auf-dem-campingplatz-cevennes-cevennes\/#primaryimage\"},\"image\":{\"@id\":\"https:\/\/www.camping-cevennes.info\/de\/aktivitaten-auf-dem-campingplatz-cevennes-cevennes\/#primaryimage\"},\"thumbnailUrl\":\"https:\/\/www.camping-cevennes.info\/wp-content\/uploads\/2022\/10\/activites-enfants-club.jpg\",\"datePublished\":\"2022-09-30T08:09:03+00:00\",\"dateModified\":\"2026-01-04T08:03:04+00:00\",\"description\":\"Erfahren Sie mehr \u00fcber Aktivit\u00e4ten auf 4-Sterne-Campingpl\u00e4tzen im Var: Aktivit\u00e4ten f\u00fcr jedes Alter und jeden Geschmack!\",\"breadcrumb\":{\"@id\":\"https:\/\/www.camping-cevennes.info\/de\/aktivitaten-auf-dem-campingplatz-cevennes-cevennes\/#breadcrumb\"},\"inLanguage\":\"de\",\"potentialAction\":[{\"@type\":\"ReadAction\",\"target\":[\"https:\/\/www.camping-cevennes.info\/de\/aktivitaten-auf-dem-campingplatz-cevennes-cevennes\/\"]}]},{\"@type\":\"ImageObject\",\"inLanguage\":\"de\",\"@id\":\"https:\/\/www.camping-cevennes.info\/de\/aktivitaten-auf-dem-campingplatz-cevennes-cevennes\/#primaryimage\",\"url\":\"https:\/\/www.camping-cevennes.info\/wp-content\/uploads\/2022\/10\/activites-enfants-club.jpg\",\"contentUrl\":\"https:\/\/www.camping-cevennes.info\/wp-content\/uploads\/2022\/10\/activites-enfants-club.jpg\",\"width\":1900,\"height\":700,\"caption\":\"activit\u00e9s enfants club\"},{\"@type\":\"BreadcrumbList\",\"@id\":\"https:\/\/www.camping-cevennes.info\/de\/aktivitaten-auf-dem-campingplatz-cevennes-cevennes\/#breadcrumb\",\"itemListElement\":[{\"@type\":\"ListItem\",\"position\":1,\"name\":\"Campingplatz C\u00e9vennes\",\"item\":\"https:\/\/www.camping-cevennes.info\/de\/\"},{\"@type\":\"ListItem\",\"position\":2,\"name\":\"Aktivit\u00e4ten auf dem Campingplatz C\u00e9vennes\"}]},{\"@type\":\"WebSite\",\"@id\":\"https:\/\/www.camping-cevennes.info\/de\/#website\",\"url\":\"https:\/\/www.camping-cevennes.info\/de\/\",\"name\":\"Camping Mas de la Cam\",\"description\":\"\",\"publisher\":{\"@id\":\"https:\/\/www.camping-cevennes.info\/de\/#organization\"},\"potentialAction\":[{\"@type\":\"SearchAction\",\"target\":{\"@type\":\"EntryPoint\",\"urlTemplate\":\"https:\/\/www.camping-cevennes.info\/de\/?s={search_term_string}\"},\"query-input\":{\"@type\":\"PropertyValueSpecification\",\"valueRequired\":true,\"valueName\":\"search_term_string\"}}],\"inLanguage\":\"de\"},{\"@type\":\"Organization\",\"@id\":\"https:\/\/www.camping-cevennes.info\/de\/#organization\",\"name\":\"Camping Mas de la Cam\",\"url\":\"https:\/\/www.camping-cevennes.info\/de\/\",\"logo\":{\"@type\":\"ImageObject\",\"inLanguage\":\"de\",\"@id\":\"https:\/\/www.camping-cevennes.info\/de\/#\/schema\/logo\/image\/\",\"url\":\"https:\/\/www.camping-cevennes.info\/wp-content\/uploads\/2022\/09\/logo-camping-mas-de-la-cam-noir-1.png\",\"contentUrl\":\"https:\/\/www.camping-cevennes.info\/wp-content\/uploads\/2022\/09\/logo-camping-mas-de-la-cam-noir-1.png\",\"width\":625,\"height\":190,\"caption\":\"Camping Mas de la Cam\"},\"image\":{\"@id\":\"https:\/\/www.camping-cevennes.info\/de\/#\/schema\/logo\/image\/\"}}]}<\/script>\n<!-- \/ Yoast SEO plugin. -->","yoast_head_json":{"title":"Campingplatz f\u00fcr Kinder in den C\u00e9vennes | Familienfreundliches","description":"Erfahren Sie mehr \u00fcber Aktivit\u00e4ten auf 4-Sterne-Campingpl\u00e4tzen im Var: Aktivit\u00e4ten f\u00fcr jedes Alter und jeden Geschmack!","robots":{"index":"index","follow":"follow","max-snippet":"max-snippet:-1","max-image-preview":"max-image-preview:large","max-video-preview":"max-video-preview:-1"},"canonical":"https:\/\/www.camping-cevennes.info\/de\/aktivitaten-auf-dem-campingplatz-cevennes-cevennes\/","og_locale":"de_DE","og_type":"article","og_title":"Campingplatz f\u00fcr Kinder in den C\u00e9vennes | Familienfreundliches","og_description":"Erfahren Sie mehr \u00fcber Aktivit\u00e4ten auf 4-Sterne-Campingpl\u00e4tzen im Var: Aktivit\u00e4ten f\u00fcr jedes Alter und jeden Geschmack!","og_url":"https:\/\/www.camping-cevennes.info\/de\/aktivitaten-auf-dem-campingplatz-cevennes-cevennes\/","og_site_name":"Camping Mas de la Cam","article_modified_time":"2026-01-04T08:03:04+00:00","og_image":[{"width":1900,"height":700,"url":"https:\/\/www.camping-cevennes.info\/wp-content\/uploads\/2022\/10\/activites-enfants-club.jpg","type":"image\/jpeg"}],"twitter_card":"summary_large_image","twitter_misc":{"Gesch\u00e4tzte Lesezeit":"4\u00a0Minuten"},"schema":{"@context":"https:\/\/schema.org","@graph":[{"@type":"WebPage","@id":"https:\/\/www.camping-cevennes.info\/de\/aktivitaten-auf-dem-campingplatz-cevennes-cevennes\/","url":"https:\/\/www.camping-cevennes.info\/de\/aktivitaten-auf-dem-campingplatz-cevennes-cevennes\/","name":"Campingplatz f\u00fcr Kinder in den C\u00e9vennes | Familienfreundliches","isPartOf":{"@id":"https:\/\/www.camping-cevennes.info\/de\/#website"},"primaryImageOfPage":{"@id":"https:\/\/www.camping-cevennes.info\/de\/aktivitaten-auf-dem-campingplatz-cevennes-cevennes\/#primaryimage"},"image":{"@id":"https:\/\/www.camping-cevennes.info\/de\/aktivitaten-auf-dem-campingplatz-cevennes-cevennes\/#primaryimage"},"thumbnailUrl":"https:\/\/www.camping-cevennes.info\/wp-content\/uploads\/2022\/10\/activites-enfants-club.jpg","datePublished":"2022-09-30T08:09:03+00:00","dateModified":"2026-01-04T08:03:04+00:00","description":"Erfahren Sie mehr \u00fcber Aktivit\u00e4ten auf 4-Sterne-Campingpl\u00e4tzen im Var: Aktivit\u00e4ten f\u00fcr jedes Alter und jeden Geschmack!","breadcrumb":{"@id":"https:\/\/www.camping-cevennes.info\/de\/aktivitaten-auf-dem-campingplatz-cevennes-cevennes\/#breadcrumb"},"inLanguage":"de","potentialAction":[{"@type":"ReadAction","target":["https:\/\/www.camping-cevennes.info\/de\/aktivitaten-auf-dem-campingplatz-cevennes-cevennes\/"]}]},{"@type":"ImageObject","inLanguage":"de","@id":"https:\/\/www.camping-cevennes.info\/de\/aktivitaten-auf-dem-campingplatz-cevennes-cevennes\/#primaryimage","url":"https:\/\/www.camping-cevennes.info\/wp-content\/uploads\/2022\/10\/activites-enfants-club.jpg","contentUrl":"https:\/\/www.camping-cevennes.info\/wp-content\/uploads\/2022\/10\/activites-enfants-club.jpg","width":1900,"height":700,"caption":"activit\u00e9s enfants club"},{"@type":"BreadcrumbList","@id":"https:\/\/www.camping-cevennes.info\/de\/aktivitaten-auf-dem-campingplatz-cevennes-cevennes\/#breadcrumb","itemListElement":[{"@type":"ListItem","position":1,"name":"Campingplatz C\u00e9vennes","item":"https:\/\/www.camping-cevennes.info\/de\/"},{"@type":"ListItem","position":2,"name":"Aktivit\u00e4ten auf dem Campingplatz C\u00e9vennes"}]},{"@type":"WebSite","@id":"https:\/\/www.camping-cevennes.info\/de\/#website","url":"https:\/\/www.camping-cevennes.info\/de\/","name":"Camping Mas de la Cam","description":"","publisher":{"@id":"https:\/\/www.camping-cevennes.info\/de\/#organization"},"potentialAction":[{"@type":"SearchAction","target":{"@type":"EntryPoint","urlTemplate":"https:\/\/www.camping-cevennes.info\/de\/?s={search_term_string}"},"query-input":{"@type":"PropertyValueSpecification","valueRequired":true,"valueName":"search_term_string"}}],"inLanguage":"de"},{"@type":"Organization","@id":"https:\/\/www.camping-cevennes.info\/de\/#organization","name":"Camping Mas de la Cam","url":"https:\/\/www.camping-cevennes.info\/de\/","logo":{"@type":"ImageObject","inLanguage":"de","@id":"https:\/\/www.camping-cevennes.info\/de\/#\/schema\/logo\/image\/","url":"https:\/\/www.camping-cevennes.info\/wp-content\/uploads\/2022\/09\/logo-camping-mas-de-la-cam-noir-1.png","contentUrl":"https:\/\/www.camping-cevennes.info\/wp-content\/uploads\/2022\/09\/logo-camping-mas-de-la-cam-noir-1.png","width":625,"height":190,"caption":"Camping Mas de la Cam"},"image":{"@id":"https:\/\/www.camping-cevennes.info\/de\/#\/schema\/logo\/image\/"}}]}},"_links":{"self":[{"href":"https:\/\/www.camping-cevennes.info\/de\/wp-json\/wp\/v2\/pages\/5217","targetHints":{"allow":["GET"]}}],"collection":[{"href":"https:\/\/www.camping-cevennes.info\/de\/wp-json\/wp\/v2\/pages"}],"about":[{"href":"https:\/\/www.camping-cevennes.info\/de\/wp-json\/wp\/v2\/types\/page"}],"author":[{"embeddable":true,"href":"https:\/\/www.camping-cevennes.info\/de\/wp-json\/wp\/v2\/users\/1"}],"replies":[{"embeddable":true,"href":"https:\/\/www.camping-cevennes.info\/de\/wp-json\/wp\/v2\/comments?post=5217"}],"version-history":[{"count":9,"href":"https:\/\/www.camping-cevennes.info\/de\/wp-json\/wp\/v2\/pages\/5217\/revisions"}],"predecessor-version":[{"id":8132,"href":"https:\/\/www.camping-cevennes.info\/de\/wp-json\/wp\/v2\/pages\/5217\/revisions\/8132"}],"wp:featuredmedia":[{"embeddable":true,"href":"https:\/\/www.camping-cevennes.info\/de\/wp-json\/wp\/v2\/media\/1771"}],"wp:attachment":[{"href":"https:\/\/www.camping-cevennes.info\/de\/wp-json\/wp\/v2\/media?parent=5217"}],"wp:term":[{"taxonomy":"sujet","embeddable":true,"href":"https:\/\/www.camping-cevennes.info\/de\/wp-json\/wp\/v2\/sujet?post=5217"}],"curies":[{"name":"wp","href":"https:\/\/api.w.org\/{rel}","templated":true}]}}