{"id":5182,"date":"2022-11-04T10:55:11","date_gmt":"2022-11-04T09:55:11","guid":{"rendered":"https:\/\/www.camping-cevennes.info\/pumptracks-cevennes\/"},"modified":"2026-01-15T14:48:34","modified_gmt":"2026-01-15T13:48:34","slug":"pumptracks-cevennen","status":"publish","type":"page","link":"https:\/\/www.camping-cevennes.info\/de\/pumptracks-cevennen\/","title":{"rendered":"Pumptracks"},"content":{"rendered":"<section id=\"ls-section-block_8a53447e6493c58ac11a7edf1a042f29\" class=\"ls-section  page-intro has-p-t p-t-14 has-p-b p-b-0\" >\n        <div class=\"container container--wide\">\n        \n\n<h1 class=\"ls__heading wp-block-heading deco-h1 animated fadeInLeft delay-200ms\"><span class=\"small\">Zelten mit<\/span> <br><span class=\"bold\">2 pumptracks<\/span><\/h1>\n\n\n\n<div class=\"wp-block-columns columns-parent is-layout-flex wp-container-core-columns-is-layout-9d6595d7 wp-block-columns-is-layout-flex\">\n<div class=\"wp-block-column left is-layout-flow wp-block-column-is-layout-flow\">\n<p class=\"ls-paragraph\">Der Spielplatz war bereits sehr gut ausgestattet, aber wir hatten noch Platz f\u00fcr eine neue Aktivit\u00e4t: den Pumptrack.<\/p>\n\n\n\n<p class=\"ls-paragraph\">In der N\u00e4he der Spielger\u00e4te f\u00fcr die J\u00fcngsten gibt es eine 65 m\u00b2 gro\u00dfe Piste mit drei Kurven und vielen kleinen Buckeln f\u00fcr Kinder, die sich austoben k\u00f6nnen. Ideal f\u00fcr Draisinen oder andere Ger\u00e4te mit R\u00e4dern\u2026.<\/p>\n\n\n\n<p class=\"ls-paragraph\">Und eine 370 m\u00b2 gro\u00dfe Piste zwischen dem Tennisplatz und der&nbsp;<strong>Tirolerin<\/strong>, mit mehr Relief, 1,20 m hohen Buckeln, um Jumps und Transfers aneinanderzureihen. Auf <strong>Inlineskates<\/strong>, <strong>Skateboards<\/strong>, <strong>Longboards<\/strong>, Bmx, Scootern, Fahrr\u00e4dern.., die Idee ist, sich ohne zu treten vorw\u00e4rts zu bewegen, und zwar von Runde zu Runde immer schneller. Diese 2 Strecken werden viele Kinder und Eltern \u00fcberraschen, da sie von Fachleuten vorbereitet wurden. Au\u00dferdem organisieren die&nbsp;<strong>FISE von Montpellier<\/strong>, Diese Rider, Fans von Gleitsportarten, bauen gro\u00dfartige Pumptracks, die f\u00fcr alle Altersgruppen zug\u00e4nglich sind. Zum ersten Mal wird dies auf einem Campingplatz geschehen: Le mas de la cam in Saint Jean du Gard!<\/p>\n<\/div>\n\n\n\n<div class=\"wp-block-column right is-layout-flow wp-block-column-is-layout-flow\">\n<div class=\"wp-block-columns columns-child is-layout-flex wp-container-core-columns-is-layout-9d6595d7 wp-block-columns-is-layout-flex\">\n<div class=\"wp-block-column image-one is-layout-flow wp-block-column-is-layout-flow\">\n<figure class=\"wp-block-image size-full animated fadeInRight delay-500ms slow\"><a href=\"https:\/\/www.camping-cevennes.info\/wp-content\/uploads\/2022\/11\/trotinettes-enfants.jpg\"><img decoding=\"async\" width=\"900\" height=\"600\" src=\"https:\/\/www.camping-cevennes.info\/wp-content\/uploads\/2022\/11\/trotinettes-enfants.jpg\" alt=\"trotinettes enfants\" class=\"wp-image-4403\" srcset=\"https:\/\/www.camping-cevennes.info\/wp-content\/uploads\/2022\/11\/trotinettes-enfants.jpg 900w, https:\/\/www.camping-cevennes.info\/wp-content\/uploads\/2022\/11\/trotinettes-enfants-300x200.jpg 300w, https:\/\/www.camping-cevennes.info\/wp-content\/uploads\/2022\/11\/trotinettes-enfants-768x512.jpg 768w\" sizes=\"(max-width: 900px) 100vw, 900px\" \/><\/a><\/figure>\n<\/div>\n\n\n\n<div class=\"wp-block-column image-two is-layout-flow wp-block-column-is-layout-flow\">\n<figure class=\"wp-block-image size-full animated fadeInLeft delay-500ms slow\"><a href=\"https:\/\/www.camping-cevennes.info\/wp-content\/uploads\/2022\/11\/pumptrack-saut.jpg\"><img decoding=\"async\" width=\"900\" height=\"600\" src=\"https:\/\/www.camping-cevennes.info\/wp-content\/uploads\/2022\/11\/pumptrack-saut.jpg\" alt=\"pumptrack saut\" class=\"wp-image-4423\" srcset=\"https:\/\/www.camping-cevennes.info\/wp-content\/uploads\/2022\/11\/pumptrack-saut.jpg 900w, https:\/\/www.camping-cevennes.info\/wp-content\/uploads\/2022\/11\/pumptrack-saut-300x200.jpg 300w, https:\/\/www.camping-cevennes.info\/wp-content\/uploads\/2022\/11\/pumptrack-saut-768x512.jpg 768w\" sizes=\"(max-width: 900px) 100vw, 900px\" \/><\/a><\/figure>\n<\/div>\n<\/div>\n<\/div>\n<\/div>\n\n\n    <\/div>\n<\/section>\n\n<section id=\"ls-section-block_8e42829f7af024d42d4d4be0367759b9\" class=\"ls-section  page-intro has-p-t p-t-2\" >\n        <div class=\"container container--wide\">\n        \n\n<div class=\"wp-block-columns columns-parent is-layout-flex wp-container-core-columns-is-layout-9d6595d7 wp-block-columns-is-layout-flex\">\n<div class=\"wp-block-column left is-layout-flow wp-block-column-is-layout-flow\">\n<div class=\"wp-block-columns columns-child is-layout-flex wp-container-core-columns-is-layout-9d6595d7 wp-block-columns-is-layout-flex\">\n<div class=\"wp-block-column image-one is-layout-flow wp-block-column-is-layout-flow\">\n<figure class=\"wp-block-image size-full animated fadeInRight delay-500ms slow\"><a href=\"https:\/\/www.camping-cevennes.info\/wp-content\/uploads\/2022\/11\/pumptrack-enfants.jpg\"><img decoding=\"async\" width=\"900\" height=\"600\" src=\"https:\/\/www.camping-cevennes.info\/wp-content\/uploads\/2022\/11\/pumptrack-enfants.jpg\" alt=\"pumptrack enfants\" class=\"wp-image-4415\" srcset=\"https:\/\/www.camping-cevennes.info\/wp-content\/uploads\/2022\/11\/pumptrack-enfants.jpg 900w, https:\/\/www.camping-cevennes.info\/wp-content\/uploads\/2022\/11\/pumptrack-enfants-300x200.jpg 300w, https:\/\/www.camping-cevennes.info\/wp-content\/uploads\/2022\/11\/pumptrack-enfants-768x512.jpg 768w\" sizes=\"(max-width: 900px) 100vw, 900px\" \/><\/a><\/figure>\n<\/div>\n\n\n\n<div class=\"wp-block-column image-two is-layout-flow wp-block-column-is-layout-flow\">\n<figure class=\"wp-block-image size-full animated fadeInLeft delay-500ms slow\"><a href=\"https:\/\/www.camping-cevennes.info\/wp-content\/uploads\/2022\/11\/piste-de-pumptrack.jpg\"><img decoding=\"async\" width=\"900\" height=\"600\" src=\"https:\/\/www.camping-cevennes.info\/wp-content\/uploads\/2022\/11\/piste-de-pumptrack.jpg\" alt=\"piste de pumptrack\" class=\"wp-image-4419\" srcset=\"https:\/\/www.camping-cevennes.info\/wp-content\/uploads\/2022\/11\/piste-de-pumptrack.jpg 900w, https:\/\/www.camping-cevennes.info\/wp-content\/uploads\/2022\/11\/piste-de-pumptrack-300x200.jpg 300w, https:\/\/www.camping-cevennes.info\/wp-content\/uploads\/2022\/11\/piste-de-pumptrack-768x512.jpg 768w\" sizes=\"(max-width: 900px) 100vw, 900px\" \/><\/a><\/figure>\n<\/div>\n<\/div>\n<\/div>\n\n\n\n<div class=\"wp-block-column right is-layout-flow wp-block-column-is-layout-flow\">\n<figure class=\"wp-block-embed is-type-video is-provider-youtube wp-block-embed-youtube wp-embed-aspect-16-9 wp-has-aspect-ratio\"><div class=\"wp-block-embed__wrapper\">\n<iframe loading=\"lazy\" title=\"Mas de la Cam Pumptrack by Htracks - POV\" width=\"500\" height=\"281\" src=\"https:\/\/www.youtube.com\/embed\/n6ZxLvkjnME?feature=oembed\" frameborder=\"0\" allow=\"accelerometer; autoplay; clipboard-write; encrypted-media; gyroscope; picture-in-picture; web-share\" referrerpolicy=\"strict-origin-when-cross-origin\" allowfullscreen><\/iframe>\n<\/div><\/figure>\n<\/div>\n<\/div>\n\n\n    <\/div>\n<\/section>\n\n<section id=\"ls-section-block_b50738cebcf5eb915d23246d513f5f07\" class=\"ls-section  page-one\" >\n        <div class=\"container container--wide\">\n        \n\n<div class=\"wp-block-columns is-layout-flex wp-container-core-columns-is-layout-9d6595d7 wp-block-columns-is-layout-flex\">\n<div class=\"wp-block-column is-layout-flow wp-block-column-is-layout-flow\">\n<figure class=\"wp-block-image size-full animated fadeInLeft delay-500ms slow\"><a href=\"https:\/\/www.camping-cevennes.info\/wp-content\/uploads\/2022\/11\/bmx.jpg\"><img decoding=\"async\" width=\"900\" height=\"600\" src=\"https:\/\/www.camping-cevennes.info\/wp-content\/uploads\/2022\/11\/bmx.jpg\" alt=\"bmx\" class=\"wp-image-4407\" srcset=\"https:\/\/www.camping-cevennes.info\/wp-content\/uploads\/2022\/11\/bmx.jpg 900w, https:\/\/www.camping-cevennes.info\/wp-content\/uploads\/2022\/11\/bmx-300x200.jpg 300w, https:\/\/www.camping-cevennes.info\/wp-content\/uploads\/2022\/11\/bmx-768x512.jpg 768w\" sizes=\"(max-width: 900px) 100vw, 900px\" \/><\/a><\/figure>\n\n\n\n<h2 class=\"ls__heading wp-block-heading deco\">Entdecken Sie die Pumptrack-Strecke des Campingplatzes<\/h2>\n\n\n\n<p class=\"ls-paragraph\">Die Gestaltung der Pumptrack-Strecke auf dem Campingplatz Mas de la Cam wurde von Profis erdacht: Hurricane tracks, Mitorganisator zahlreicher Sportveranstaltungen wie dem FISE in Montpellier.<\/p>\n\n\n\n<p class=\"ls-paragraph\">Die Strecke ist f\u00fcr Anf\u00e4nger, Amateure und Profis im Gleitsport zug\u00e4nglich.<br>Eine 65 m\u00b2 gro\u00dfe Piste mit 3 Kurven und vielen kleinen Buckeln wurde speziell f\u00fcr einen sicheren und spielerischen Einstieg in die Aktivit\u00e4t konzipiert.<\/p>\n\n\n\n<p class=\"ls-paragraph\">F\u00fcr Amateure und Profis steht dar\u00fcber hinaus eine 370 m\u00b2 gro\u00dfe Piste zur Verf\u00fcgung.<br>Auf der gesamten Strecke, die aus Reliefs und Buckeln mit einer H\u00f6he von bis zu 1,20 m besteht, k\u00f6nnen Sie Jumps und Transfers aneinanderreihen.<\/p>\n\n\n\n<p class=\"ls-paragraph\">Erleben Sie die besten Gef\u00fchle in Saint Jean du Gard in den Cevennen.<\/p>\n<\/div>\n\n\n\n<div class=\"wp-block-column is-layout-flow wp-block-column-is-layout-flow\">\n<h2 class=\"ls__heading wp-block-heading deco\">Was ist ein Pumptrack?<\/h2>\n\n\n\n<p class=\"ls-paragraph\">Der Pumptrack ist ein Sport, der seinen Teilnehmern extreme Gef\u00fchle vermittelt. Er vermischt Geschwindigkeit, Wellen und Kurven, die Sie auf der Asphaltpiste in den Cevennen in&nbsp;<a href=\"https:\/\/www.camping-cevennes.info\/de\/ferien-im-gard\/ferien-in-saint-jean-du-gard\/\">Saint Jean du Gard<\/a>.<\/p>\n\n\n\n<p class=\"ls-paragraph\">Der Pumptrack bietet eine spezielle Strecke f\u00fcr Sportger\u00e4te mit R\u00e4dern aller Art: Fahrr\u00e4der, Roller, Longboards, Inlineskates, Dirtbikes usw.<br>Seine Besonderheit besteht darin, dass Sie die Strecke durchfahren, ohne zu treten oder zu schieben. Sie gewinnen nur an Geschwindigkeit, indem Sie mit dem K\u00f6rper eine &#8222;Pumpaktion&#8220; durchf\u00fchren, um den Schwung aufrechtzuerhalten.<br>Diese Gewichtsverlagerungen reichen aus, um die gesamte Strecke zu umrunden. Walzen und Bermen, die die Buckel und Ecken der Strecke bezeichnen, bilden den Aufbau. Sie sind Ihre Hauptantriebsquellen.<br>Pumptrack ist eine spannende Aktivit\u00e4t, die Ihnen von oben bis unten ein Gef\u00fchl der Schwerelosigkeit vermittelt, das dem einer Achterbahn \u00e4hnelt.<\/p>\n\n\n\n<figure class=\"wp-block-image size-full animated fadeInRight delay-500ms slow\"><a href=\"https:\/\/www.camping-cevennes.info\/wp-content\/uploads\/2022\/11\/piste-enfant.jpg\"><img decoding=\"async\" width=\"900\" height=\"600\" src=\"https:\/\/www.camping-cevennes.info\/wp-content\/uploads\/2022\/11\/piste-enfant.jpg\" alt=\"piste enfant\" class=\"wp-image-4411\" srcset=\"https:\/\/www.camping-cevennes.info\/wp-content\/uploads\/2022\/11\/piste-enfant.jpg 900w, https:\/\/www.camping-cevennes.info\/wp-content\/uploads\/2022\/11\/piste-enfant-300x200.jpg 300w, https:\/\/www.camping-cevennes.info\/wp-content\/uploads\/2022\/11\/piste-enfant-768x512.jpg 768w\" sizes=\"(max-width: 900px) 100vw, 900px\" \/><\/a><\/figure>\n<\/div>\n<\/div>\n\n\n    <\/div>\n<\/section>\n\n<section id=\"ls-section-block_58c4bab301bc7c5900edb44c5816f9d5\" class=\"ls-section  page-two has-p-t p-t-0 has-p-b p-b-0\" >\n        <div class=\"container container--wide\">\n        \n\n<h2 class=\"ls__heading wp-block-heading has-text-align-center deco-centree\">Unsere Tipps f\u00fcr den Pumptrack<\/h2>\n\n\n\n<p class=\"ls-paragraph has-text-align-center\">Denken Sie an die Sicherheit. Eine angemessene Ausr\u00fcstung ist das A und O, bevor du dich auf den Pumptrack begibst: Helm, Knieschoner und Handschuhe.<br>Verwenden Sie gutes Material, um Ausf\u00e4lle und riskante St\u00fcrze zu vermeiden.<br>Lernen Sie die Grundregeln und beherrschen Sie alle wichtigen Techniken, um sich auf spielerische Weise an diesen Sport zu gew\u00f6hnen.<br>Beobachten Sie genau und arbeiten Sie an Ihrer K\u00f6rperhaltung. \u00dcberst\u00fcrzen Sie beim Lernen nichts. Nehmen Sie sich Zeit, um alle Situationen zu verinnerlichen.<br>Lassen Sie sich nicht von den anderen Pistenbenutzern irritieren. Jeder hat wahrscheinlich genauso angefangen wie Sie.<br>Haben Sie eine positive Einstellung. Dann ist die Chance gro\u00df, dass Sie einen tollen Tag haben und das Maximum an Spa\u00df aus dieser Aktivit\u00e4t herausholen.<br>Lassen Sie sich nicht vom Adrenalin \u00fcberw\u00e4ltigen. Erkennen Sie Ihre Grenzen. Machen Sie sich mit der Strecke vertraut.<br>Legen Sie ab und zu eine Pause ein. Erholen Sie sich zwischen den einzelnen Strecken. Essen Sie bei Bedarf einen Snack, um wieder zu Kr\u00e4ften zu kommen.<br>Trinken Sie den ganzen Tag \u00fcber viel Wasser, damit sich Ihre Muskeln nicht zu schnell verkrampfen.<br>Sobald Sie keine Kraft mehr haben, lassen Sie den Tag bei einem k\u00fchlen, angenehmen Getr\u00e4nk ausklingen. So k\u00f6nnen Sie auch Tipps und Tricks mit anderen Sportlern austauschen.<\/p>\n\n\n    <\/div>\n<\/section>\n\n<section id=\"ls-section-block_5a2422a055afaa49f521eea1ce0ffadc\" class=\"ls-section  parallax-seul has-background-image has-parallax\" >\n    <div class=\"ls-section__background-image opacity-100\"><img decoding=\"async\" src=\"https:\/\/www.camping-cevennes.info\/wp-content\/uploads\/2022\/10\/terrain-vtt-roller.jpg\" alt=\"terrain-vtt-roller\"><\/div>    <div class=\"container container--full\">\n        \n    <\/div>\n<\/section>\n\n<section id=\"ls-section-block_c5c7678a6b36f36286b7669f47d8e59f\" class=\"ls-section  page-maillage has-background has-color-3-background-color has-p-t p-t-14 has-p-b p-b-14\" >\n        <div class=\"container container--wide\">\n        \n\n<div id=\"ls-heading ls-titre-div-block_99945aa6f211c627d5f700082a5e0b6c\" class=\"ls-titre-div deco-centree aligncenter h2-like\" >\n    Profitieren Sie von einem umfassenden Angebot an Aktivit\u00e4ten &#038; Dienstleistungen<\/div>\n\n\n<div id=\"ls-maillage-block_26c147e6e10bb9e17dfeeb3b3aa99dc6\" class=\"ls-maillage cta-style-normal\" data-rows=\"3\">\n    <div class=\"wp-block-columns\"><div class=\"wp-block-column\">\n\n<a href=\"https:\/\/www.camping-cevennes.info\/de\/aktivitaten-auf-dem-campingplatz-cevennes-cevennes\/\" target=\"\" rel=\"noopener\" class=\"ls-cta__link\">\n\n\t<div class=\"ls-cta__image\"><img decoding=\"async\" src=\"https:\/\/www.camping-cevennes.info\/wp-content\/uploads\/2022\/10\/enfants-camping.jpg\" alt=\"enfants camping\"><\/div>\n\t<div class=\"ls-cta__title\">\n\t\tAktivit\u00e4ten\t<\/div>\n\n\t\t\n<\/a><\/div><div class=\"wp-block-column\">\n\n<a href=\"https:\/\/www.camping-cevennes.info\/de\/campingplatz-mit-swimmingpool-in-den-cevennes\/\" target=\"\" rel=\"noopener\" class=\"ls-cta__link\">\n\n\t<div class=\"ls-cta__image\"><img decoding=\"async\" src=\"https:\/\/www.camping-cevennes.info\/wp-content\/uploads\/2022\/09\/camping-avec-piscine-dans-le-gard.jpg\" alt=\"camping avec piscine\"><\/div>\n\t<div class=\"ls-cta__title\">\n\t\tSchwimmbad\t<\/div>\n\n\t\t\n<\/a><\/div><div class=\"wp-block-column\">\n\n<a href=\"https:\/\/www.camping-cevennes.info\/de\/service-4-sterne-cevennes\/\" target=\"\" rel=\"noopener\" class=\"ls-cta__link\">\n\n\t<div class=\"ls-cta__image\"><img decoding=\"async\" src=\"https:\/\/www.camping-cevennes.info\/wp-content\/uploads\/2022\/10\/restauration-pizza.jpg\" alt=\"restauration pizza\"><\/div>\n\t<div class=\"ls-cta__title\">\n\t\tDienste\t<\/div>\n\n\t\t\n<\/a><\/div><\/div><\/div>\n\n    <\/div>\n<\/section>","protected":false},"excerpt":{"rendered":"","protected":false},"author":1,"featured_media":7558,"parent":0,"menu_order":0,"comment_status":"closed","ping_status":"closed","template":"","meta":{"_acf_changed":false,"footnotes":""},"sujet":[],"class_list":["post-5182","page","type-page","status-publish","has-post-thumbnail","hentry"],"acf":[],"yoast_head":"<!-- This site is optimized with the Yoast SEO plugin v25.3 - https:\/\/yoast.com\/wordpress\/plugins\/seo\/ -->\n<title>Pumptrack in den Cevennen | Camping mit Pumptrack-Bahnen<\/title>\n<meta name=\"robots\" content=\"index, follow, max-snippet:-1, max-image-preview:large, max-video-preview:-1\" \/>\n<link rel=\"canonical\" href=\"https:\/\/www.camping-cevennes.info\/de\/pumptracks-cevennen\/\" \/>\n<meta property=\"og:locale\" content=\"de_DE\" \/>\n<meta property=\"og:type\" content=\"article\" \/>\n<meta property=\"og:title\" content=\"Pumptrack in den Cevennen | Camping mit Pumptrack-Bahnen\" \/>\n<meta property=\"og:url\" content=\"https:\/\/www.camping-cevennes.info\/de\/pumptracks-cevennen\/\" \/>\n<meta property=\"og:site_name\" content=\"Camping Mas de la Cam\" \/>\n<meta property=\"article:modified_time\" content=\"2026-01-15T13:48:34+00:00\" \/>\n<meta property=\"og:image\" content=\"https:\/\/www.camping-cevennes.info\/wp-content\/uploads\/2024\/06\/pumptrack-cevennes-4.jpg\" \/>\n\t<meta property=\"og:image:width\" content=\"1200\" \/>\n\t<meta property=\"og:image:height\" content=\"379\" \/>\n\t<meta property=\"og:image:type\" content=\"image\/jpeg\" \/>\n<meta name=\"twitter:card\" content=\"summary_large_image\" \/>\n<meta name=\"twitter:label1\" content=\"Gesch\u00e4tzte Lesezeit\" \/>\n\t<meta name=\"twitter:data1\" content=\"5\u00a0Minuten\" \/>\n<script type=\"application\/ld+json\" class=\"yoast-schema-graph\">{\"@context\":\"https:\/\/schema.org\",\"@graph\":[{\"@type\":\"WebPage\",\"@id\":\"https:\/\/www.camping-cevennes.info\/de\/pumptracks-cevennen\/\",\"url\":\"https:\/\/www.camping-cevennes.info\/de\/pumptracks-cevennen\/\",\"name\":\"Pumptrack in den Cevennen | Camping mit Pumptrack-Bahnen\",\"isPartOf\":{\"@id\":\"https:\/\/www.camping-cevennes.info\/de\/#website\"},\"primaryImageOfPage\":{\"@id\":\"https:\/\/www.camping-cevennes.info\/de\/pumptracks-cevennen\/#primaryimage\"},\"image\":{\"@id\":\"https:\/\/www.camping-cevennes.info\/de\/pumptracks-cevennen\/#primaryimage\"},\"thumbnailUrl\":\"https:\/\/www.camping-cevennes.info\/wp-content\/uploads\/2024\/06\/pumptrack-cevennes-4.jpg\",\"datePublished\":\"2022-11-04T09:55:11+00:00\",\"dateModified\":\"2026-01-15T13:48:34+00:00\",\"breadcrumb\":{\"@id\":\"https:\/\/www.camping-cevennes.info\/de\/pumptracks-cevennen\/#breadcrumb\"},\"inLanguage\":\"de\",\"potentialAction\":[{\"@type\":\"ReadAction\",\"target\":[\"https:\/\/www.camping-cevennes.info\/de\/pumptracks-cevennen\/\"]}]},{\"@type\":\"ImageObject\",\"inLanguage\":\"de\",\"@id\":\"https:\/\/www.camping-cevennes.info\/de\/pumptracks-cevennen\/#primaryimage\",\"url\":\"https:\/\/www.camping-cevennes.info\/wp-content\/uploads\/2024\/06\/pumptrack-cevennes-4.jpg\",\"contentUrl\":\"https:\/\/www.camping-cevennes.info\/wp-content\/uploads\/2024\/06\/pumptrack-cevennes-4.jpg\",\"width\":1200,\"height\":379,\"caption\":\"pumptrack cevennes\"},{\"@type\":\"BreadcrumbList\",\"@id\":\"https:\/\/www.camping-cevennes.info\/de\/pumptracks-cevennen\/#breadcrumb\",\"itemListElement\":[{\"@type\":\"ListItem\",\"position\":1,\"name\":\"Campingplatz C\u00e9vennes\",\"item\":\"https:\/\/www.camping-cevennes.info\/de\/\"},{\"@type\":\"ListItem\",\"position\":2,\"name\":\"Pumptracks in den Cevennen\"}]},{\"@type\":\"WebSite\",\"@id\":\"https:\/\/www.camping-cevennes.info\/de\/#website\",\"url\":\"https:\/\/www.camping-cevennes.info\/de\/\",\"name\":\"Camping Mas de la Cam\",\"description\":\"\",\"publisher\":{\"@id\":\"https:\/\/www.camping-cevennes.info\/de\/#organization\"},\"potentialAction\":[{\"@type\":\"SearchAction\",\"target\":{\"@type\":\"EntryPoint\",\"urlTemplate\":\"https:\/\/www.camping-cevennes.info\/de\/?s={search_term_string}\"},\"query-input\":{\"@type\":\"PropertyValueSpecification\",\"valueRequired\":true,\"valueName\":\"search_term_string\"}}],\"inLanguage\":\"de\"},{\"@type\":\"Organization\",\"@id\":\"https:\/\/www.camping-cevennes.info\/de\/#organization\",\"name\":\"Camping Mas de la Cam\",\"url\":\"https:\/\/www.camping-cevennes.info\/de\/\",\"logo\":{\"@type\":\"ImageObject\",\"inLanguage\":\"de\",\"@id\":\"https:\/\/www.camping-cevennes.info\/de\/#\/schema\/logo\/image\/\",\"url\":\"https:\/\/www.camping-cevennes.info\/wp-content\/uploads\/2022\/09\/logo-camping-mas-de-la-cam-noir-1.png\",\"contentUrl\":\"https:\/\/www.camping-cevennes.info\/wp-content\/uploads\/2022\/09\/logo-camping-mas-de-la-cam-noir-1.png\",\"width\":625,\"height\":190,\"caption\":\"Camping Mas de la Cam\"},\"image\":{\"@id\":\"https:\/\/www.camping-cevennes.info\/de\/#\/schema\/logo\/image\/\"}}]}<\/script>\n<!-- \/ Yoast SEO plugin. -->","yoast_head_json":{"title":"Pumptrack in den Cevennen | Camping mit Pumptrack-Bahnen","robots":{"index":"index","follow":"follow","max-snippet":"max-snippet:-1","max-image-preview":"max-image-preview:large","max-video-preview":"max-video-preview:-1"},"canonical":"https:\/\/www.camping-cevennes.info\/de\/pumptracks-cevennen\/","og_locale":"de_DE","og_type":"article","og_title":"Pumptrack in den Cevennen | Camping mit Pumptrack-Bahnen","og_url":"https:\/\/www.camping-cevennes.info\/de\/pumptracks-cevennen\/","og_site_name":"Camping Mas de la Cam","article_modified_time":"2026-01-15T13:48:34+00:00","og_image":[{"width":1200,"height":379,"url":"https:\/\/www.camping-cevennes.info\/wp-content\/uploads\/2024\/06\/pumptrack-cevennes-4.jpg","type":"image\/jpeg"}],"twitter_card":"summary_large_image","twitter_misc":{"Gesch\u00e4tzte Lesezeit":"5\u00a0Minuten"},"schema":{"@context":"https:\/\/schema.org","@graph":[{"@type":"WebPage","@id":"https:\/\/www.camping-cevennes.info\/de\/pumptracks-cevennen\/","url":"https:\/\/www.camping-cevennes.info\/de\/pumptracks-cevennen\/","name":"Pumptrack in den Cevennen | Camping mit Pumptrack-Bahnen","isPartOf":{"@id":"https:\/\/www.camping-cevennes.info\/de\/#website"},"primaryImageOfPage":{"@id":"https:\/\/www.camping-cevennes.info\/de\/pumptracks-cevennen\/#primaryimage"},"image":{"@id":"https:\/\/www.camping-cevennes.info\/de\/pumptracks-cevennen\/#primaryimage"},"thumbnailUrl":"https:\/\/www.camping-cevennes.info\/wp-content\/uploads\/2024\/06\/pumptrack-cevennes-4.jpg","datePublished":"2022-11-04T09:55:11+00:00","dateModified":"2026-01-15T13:48:34+00:00","breadcrumb":{"@id":"https:\/\/www.camping-cevennes.info\/de\/pumptracks-cevennen\/#breadcrumb"},"inLanguage":"de","potentialAction":[{"@type":"ReadAction","target":["https:\/\/www.camping-cevennes.info\/de\/pumptracks-cevennen\/"]}]},{"@type":"ImageObject","inLanguage":"de","@id":"https:\/\/www.camping-cevennes.info\/de\/pumptracks-cevennen\/#primaryimage","url":"https:\/\/www.camping-cevennes.info\/wp-content\/uploads\/2024\/06\/pumptrack-cevennes-4.jpg","contentUrl":"https:\/\/www.camping-cevennes.info\/wp-content\/uploads\/2024\/06\/pumptrack-cevennes-4.jpg","width":1200,"height":379,"caption":"pumptrack cevennes"},{"@type":"BreadcrumbList","@id":"https:\/\/www.camping-cevennes.info\/de\/pumptracks-cevennen\/#breadcrumb","itemListElement":[{"@type":"ListItem","position":1,"name":"Campingplatz C\u00e9vennes","item":"https:\/\/www.camping-cevennes.info\/de\/"},{"@type":"ListItem","position":2,"name":"Pumptracks in den Cevennen"}]},{"@type":"WebSite","@id":"https:\/\/www.camping-cevennes.info\/de\/#website","url":"https:\/\/www.camping-cevennes.info\/de\/","name":"Camping Mas de la Cam","description":"","publisher":{"@id":"https:\/\/www.camping-cevennes.info\/de\/#organization"},"potentialAction":[{"@type":"SearchAction","target":{"@type":"EntryPoint","urlTemplate":"https:\/\/www.camping-cevennes.info\/de\/?s={search_term_string}"},"query-input":{"@type":"PropertyValueSpecification","valueRequired":true,"valueName":"search_term_string"}}],"inLanguage":"de"},{"@type":"Organization","@id":"https:\/\/www.camping-cevennes.info\/de\/#organization","name":"Camping Mas de la Cam","url":"https:\/\/www.camping-cevennes.info\/de\/","logo":{"@type":"ImageObject","inLanguage":"de","@id":"https:\/\/www.camping-cevennes.info\/de\/#\/schema\/logo\/image\/","url":"https:\/\/www.camping-cevennes.info\/wp-content\/uploads\/2022\/09\/logo-camping-mas-de-la-cam-noir-1.png","contentUrl":"https:\/\/www.camping-cevennes.info\/wp-content\/uploads\/2022\/09\/logo-camping-mas-de-la-cam-noir-1.png","width":625,"height":190,"caption":"Camping Mas de la Cam"},"image":{"@id":"https:\/\/www.camping-cevennes.info\/de\/#\/schema\/logo\/image\/"}}]}},"_links":{"self":[{"href":"https:\/\/www.camping-cevennes.info\/de\/wp-json\/wp\/v2\/pages\/5182","targetHints":{"allow":["GET"]}}],"collection":[{"href":"https:\/\/www.camping-cevennes.info\/de\/wp-json\/wp\/v2\/pages"}],"about":[{"href":"https:\/\/www.camping-cevennes.info\/de\/wp-json\/wp\/v2\/types\/page"}],"author":[{"embeddable":true,"href":"https:\/\/www.camping-cevennes.info\/de\/wp-json\/wp\/v2\/users\/1"}],"replies":[{"embeddable":true,"href":"https:\/\/www.camping-cevennes.info\/de\/wp-json\/wp\/v2\/comments?post=5182"}],"version-history":[{"count":9,"href":"https:\/\/www.camping-cevennes.info\/de\/wp-json\/wp\/v2\/pages\/5182\/revisions"}],"predecessor-version":[{"id":8142,"href":"https:\/\/www.camping-cevennes.info\/de\/wp-json\/wp\/v2\/pages\/5182\/revisions\/8142"}],"wp:featuredmedia":[{"embeddable":true,"href":"https:\/\/www.camping-cevennes.info\/de\/wp-json\/wp\/v2\/media\/7558"}],"wp:attachment":[{"href":"https:\/\/www.camping-cevennes.info\/de\/wp-json\/wp\/v2\/media?parent=5182"}],"wp:term":[{"taxonomy":"sujet","embeddable":true,"href":"https:\/\/www.camping-cevennes.info\/de\/wp-json\/wp\/v2\/sujet?post=5182"}],"curies":[{"name":"wp","href":"https:\/\/api.w.org\/{rel}","templated":true}]}}