{"id":4883,"date":"2022-10-19T16:19:57","date_gmt":"2022-10-19T14:19:57","guid":{"rendered":"https:\/\/www.camping-cevennes.info\/vacances-gard\/camping-uzes\/"},"modified":"2022-11-14T11:14:15","modified_gmt":"2022-11-14T10:14:15","slug":"camping-naehe-duzes","status":"publish","type":"page","link":"https:\/\/www.camping-cevennes.info\/de\/ferien-im-gard\/camping-naehe-duzes\/","title":{"rendered":"Uzes"},"content":{"rendered":"<section id=\"ls-section-block_fe7bd484149271a2cda1abe1f4e4c651\" class=\"ls-section  page-intro has-p-t p-t-14\" >\n        <div class=\"container container--wide\">\n        \n    <\/div>\n<\/section>\n\n<section id=\"ls-section-block_5208f2ea95bead63fe46f115d8f83fe7\" class=\"ls-section  page-one has-p-t p-t-0\" >\n        <div class=\"container container--wide\">\n        \n\n<h1 class=\"ls__heading animated fadeInLeft delay-200ms wp-block-heading\"><span class=\"small\">Campingplatz <\/span><br><span class=\"bold\">Uz\u00e8s<\/span><\/h1>\n\n\n\n<div class=\"wp-block-columns is-layout-flex wp-container-core-columns-is-layout-9d6595d7 wp-block-columns-is-layout-flex\">\n<div class=\"wp-block-column is-vertically-aligned-center is-layout-flow wp-block-column-is-layout-flow\">\n<h2 class=\"ls__heading deco wp-block-heading\">WAS KANN MAN IN UZ\u00c8S UNTERNEHMEN?<\/h2>\n\n\n\n<p class=\"ls-paragraph\">Uz\u00e8s ist mit seinen 8500 Einwohnern einer dieser Orte in Okzitanien, die Besucher aufgrund ihrer Landschaften und seinem Kulturerbe anziehen. Dieser zum Ortsverband Uz\u00e8ge geh\u00f6rende, mit dem Label \u201eVille d\u2018art et histoire\u201c (\u00fcbersetzt: Stadt der Kunst und der Geschichte) ausgezeichnete Ort hat mehrere Schl\u00f6sser, einen wundersch\u00f6nen Geb\u00e4udekomplex (Duch\u00e9 d\u2018Uz\u00e8s), eine romanische Kathedrale (Cath\u00e9drale Saint-Th\u00e9odorit \u2013 Tour Fenestrelle), eine Kirche aus dem 18. Jahrhundert (die Kirche Saint-Etienne), einen Mittelaltergarten sowie r\u00f6mische Ruinen (die Fontaine d\u2018Eure) vorzuweisen.<\/p>\n\n\n\n<figure class=\"wp-block-image size-full animated fadeInRight delay-500ms slow\"><a href=\"https:\/\/www.camping-cevennes.info\/wp-content\/uploads\/2022\/10\/uzes.jpg\"><img decoding=\"async\" width=\"900\" height=\"600\" src=\"https:\/\/www.camping-cevennes.info\/wp-content\/uploads\/2022\/10\/uzes.jpg\" alt=\"uzes\" class=\"wp-image-3103\" srcset=\"https:\/\/www.camping-cevennes.info\/wp-content\/uploads\/2022\/10\/uzes.jpg 900w, https:\/\/www.camping-cevennes.info\/wp-content\/uploads\/2022\/10\/uzes-300x200.jpg 300w, https:\/\/www.camping-cevennes.info\/wp-content\/uploads\/2022\/10\/uzes-768x512.jpg 768w\" sizes=\"(max-width: 900px) 100vw, 900px\" \/><\/a><\/figure>\n<\/div>\n\n\n\n<div class=\"wp-block-column is-vertically-aligned-center is-layout-flow wp-block-column-is-layout-flow\">\n<figure class=\"wp-block-image size-full animated fadeInLeft delay-500ms slow\"><a href=\"https:\/\/www.camping-cevennes.info\/wp-content\/uploads\/2022\/10\/centre-ville-uzes.jpg\"><img decoding=\"async\" width=\"900\" height=\"600\" src=\"https:\/\/www.camping-cevennes.info\/wp-content\/uploads\/2022\/10\/centre-ville-uzes.jpg\" alt=\"centre ville uzes\" class=\"wp-image-3092\" srcset=\"https:\/\/www.camping-cevennes.info\/wp-content\/uploads\/2022\/10\/centre-ville-uzes.jpg 900w, https:\/\/www.camping-cevennes.info\/wp-content\/uploads\/2022\/10\/centre-ville-uzes-300x200.jpg 300w, https:\/\/www.camping-cevennes.info\/wp-content\/uploads\/2022\/10\/centre-ville-uzes-768x512.jpg 768w\" sizes=\"(max-width: 900px) 100vw, 900px\" \/><\/a><\/figure>\n\n\n\n<p class=\"ls-paragraph\">Es gibt hier aber auch ein staatliches Gest\u00fct sowie mehrere Museen, die die Neugierde der Kleinen und Gro\u00dfen wecken werden: das Museum des Rades und der Fahrzeuge, das Bonbonmuseum, das Museum 1900, das Museum Un si\u00e8cle de roulottes f\u00fcr Planwagen, Museum f\u00fcr T\u00f6pferei vom Mittelmeer \u2026 Nehmen Sie sich die Zeit, durch die Gassen oder am Fluss Arzon entlang zu bummeln, sich an der Landschaft des Tals der Eure zu erfreuen und sich eine verdiente Pause in der kleinen Brauerei Meduz zu k\u00f6nnen. In Uz\u00e8s gibt es nur zwei Schritte vom Mus\u00e9e du Bonbon entfernt auch einen Freizeitpark, den Dino Amusement Park.<\/p>\n\n\n\n<p class=\"ls-paragraph addReadMore showlesscontent\">Profitieren Sie von Ihren aktiven Ferien in Saint-Jean-du Gard, um ungew\u00f6hnliche Aktivit\u00e4ten zu machen, beispielsweise Canyoning oder das Besuchen von H\u00f6hlen in den Gorges de l\u2018Ard\u00e8che, sowie, um bemerkenswerte Sehensw\u00fcrdigkeiten wie die Pont du Gard oder dem Bambusgarten von Prafrance zu besichtigen (Bambouseraie d\u2018Anduze).<\/p>\n<\/div>\n<\/div>\n\n\n    <\/div>\n<\/section>\n\n<section id=\"ls-section-block_816dce64f362969e27c9b04f82688df0\" class=\"ls-section  page-two has-m-b m-b-7 has-p-t p-t-0 has-p-b p-b-0\" >\n        <div class=\"container container--wide\">\n        \n\n<h2 class=\"ls__heading has-text-align-center deco-centree wp-block-heading\">Ein 4-Sterne-Campingplatz 60 km von UZ\u00c8S<\/h2>\n\n\n\n<p class=\"ls-paragraph has-text-align-center\">Sicherlich gibt es den Wasserbereich mit seinem gro\u00dfen Au\u00dfenpool ideal f\u00fcr Wassergymnastikkurse und viele andere moderne Einrichtungen, die Spa\u00df und Bewegung w\u00e4hrend der Ferien (Multi-Sportplatz, Volleyball und Petanque, Tennisplatz, Tischtennis, Kinderspielplatz). Die Besonderheit des Cevennen-Campingplatzes Mas de la Cam liegt jedoch in seiner privilegierten Lage: ein bewaldeter Park von 65 Hektar, umgeben von viel Gr\u00fcn am Rande eines Flusses, der seinen Ursprung in den Cevennen hat, dem Gardon. Nehmen Sie Ihre Luftmatratze mit und lassen Sie sich nach einem Tag beim Wandern oder Kajakfahren vom Wasser des Flusses ersch\u00fcttern. Legen Sie sich in Ihrem Solarium auf unserem Solarium am Pool ab und tanken Sie neue Energie, bevor Sie Uz\u00e8s und die anderen sch\u00f6nen D\u00f6rfer des Gard besuchen.<br>Der Campingplatz Gard empf\u00e4ngt alle Urlauber und alle Fahrzeuge, einschlie\u00dflich Caravans und Reisemobile. Traditionelle Camping-Enthusiasten, w\u00e4hlen Sie Ihr Grundst\u00fcck und stellen Sie Ihr Zelt auf Ihrem schattigen Grund auf. Sie k\u00f6nnen, wenn Sie m\u00f6chten, Zugang zu Elektrizit\u00e4t haben (6 und 10 A Steckdosen). Auf der Suche nach mehr Komfort f\u00fcr Ihre Familie? Unsere Ferienh\u00e4user sind f\u00fcr Sie konzipiert. In Stein gebaut und komplett ausgestattet, k\u00f6nnen sie bis zu 6 Personen beherbergen.<\/p>\n\n\n    <\/div>\n<\/section>\n\n<section id=\"ls-section-block_07f68d828cf2b2d798796312878b4424\" class=\"ls-section  parallax-seul has-background-image has-parallax has-m-b m-b-10\" >\n    <div class=\"ls-section__background-image opacity-100\"><img decoding=\"async\" src=\"https:\/\/www.camping-cevennes.info\/wp-content\/uploads\/2022\/11\/cathedral-uzes.jpg\" alt=\"cathedral uzes\"><\/div>    <div class=\"container container--full\">\n        \n    <\/div>\n<\/section>\n\n<section id=\"ls-section-block_57cdd1422421ca5bd4e86738e27f29f6\" class=\"ls-section \" >\n        <div class=\"container container--wide\">\n        \n\n<div id=\"ls-heading ls-titre-div-block_ab7cf7e136a80d743c117a051bea0f6e\" class=\"ls-titre-div deco-centree aligncenter h2-like\" >\n    Entdeckenswertes in der Umgebung des Campingplatzes<\/div>\n\n\n<div id=\"ls-maillage-block_b75afe54f70fa9b40114941af820e724\" class=\"ls-maillage cta-style-normal\" data-rows=\"3\">\n    <div class=\"wp-block-columns\"><div class=\"wp-block-column\">\n\n<a href=\"https:\/\/www.camping-cevennes.info\/de\/ferien-im-gard\/camping-bei-aigues-mortes\/\" target=\"\" rel=\"noopener\" class=\"ls-cta__link\">\n\n\t<div class=\"ls-cta__image\"><img decoding=\"async\" src=\"https:\/\/www.camping-cevennes.info\/wp-content\/uploads\/2022\/10\/porte-aigues-morte-1024x480.jpg\" alt=\"porte aigues morte\"><\/div>\n\t<div class=\"ls-cta__title\">\n\t\tAigues Mortes\t<\/div>\n\n\t\t\n<\/a><\/div><div class=\"wp-block-column\">\n\n<a href=\"https:\/\/www.camping-cevennes.info\/de\/ferien-im-gard\/camping-bei-mialet\/\" target=\"\" rel=\"noopener\" class=\"ls-cta__link\">\n\n\t<div class=\"ls-cta__image\"><img decoding=\"async\" src=\"https:\/\/www.camping-cevennes.info\/wp-content\/uploads\/2022\/11\/tourisme-mialet.jpg\" alt=\"tourisme mialet\"><\/div>\n\t<div class=\"ls-cta__title\">\n\t\tMialet\t<\/div>\n\n\t\t\n<\/a><\/div><div class=\"wp-block-column\">\n\n<a href=\"https:\/\/www.camping-cevennes.info\/de\/ferien-im-gard\/camping-bei-nimes\/\" target=\"\" rel=\"noopener\" class=\"ls-cta__link\">\n\n\t<div class=\"ls-cta__image\"><img decoding=\"async\" src=\"https:\/\/www.camping-cevennes.info\/wp-content\/uploads\/2022\/10\/nimes-cathedrale-1024x480.jpg\" alt=\"nimes cathedrale\"><\/div>\n\t<div class=\"ls-cta__title\">\n\t\tN\u00eemes\t<\/div>\n\n\t\t\n<\/a><\/div><\/div><\/div>\n\n    <\/div>\n<\/section>","protected":false},"excerpt":{"rendered":"","protected":false},"author":1,"featured_media":3101,"parent":4788,"menu_order":0,"comment_status":"closed","ping_status":"closed","template":"","meta":{"_acf_changed":false,"footnotes":""},"sujet":[],"class_list":["post-4883","page","type-page","status-publish","has-post-thumbnail","hentry"],"acf":[],"yoast_head":"<!-- This site is optimized with the Yoast SEO plugin v25.3 - https:\/\/yoast.com\/wordpress\/plugins\/seo\/ -->\n<title>Campingplatz Uzes | Ferienhaus Uz\u00e8s | Urlaub in Uzes am Gard<\/title>\n<meta name=\"description\" content=\"Touristische Aktivit\u00e4ten in Uzes, Orte, die man nicht verpassen sollte, um zu sehen, was man w\u00e4hrend seines Urlaubs in Uzes unternehmen kann\" \/>\n<meta name=\"robots\" content=\"index, follow, max-snippet:-1, max-image-preview:large, max-video-preview:-1\" \/>\n<link rel=\"canonical\" href=\"https:\/\/www.camping-cevennes.info\/de\/ferien-im-gard\/camping-naehe-duzes\/\" \/>\n<meta property=\"og:locale\" content=\"de_DE\" \/>\n<meta property=\"og:type\" content=\"article\" \/>\n<meta property=\"og:title\" content=\"Campingplatz Uzes | Ferienhaus Uz\u00e8s | Urlaub in Uzes am Gard\" \/>\n<meta property=\"og:description\" content=\"Touristische Aktivit\u00e4ten in Uzes, Orte, die man nicht verpassen sollte, um zu sehen, was man w\u00e4hrend seines Urlaubs in Uzes unternehmen kann\" \/>\n<meta property=\"og:url\" content=\"https:\/\/www.camping-cevennes.info\/de\/ferien-im-gard\/camping-naehe-duzes\/\" \/>\n<meta property=\"og:site_name\" content=\"Camping Mas de la Cam\" \/>\n<meta property=\"article:modified_time\" content=\"2022-11-14T10:14:15+00:00\" \/>\n<meta property=\"og:image\" content=\"https:\/\/www.camping-cevennes.info\/wp-content\/uploads\/2022\/10\/uzes-ville-gard.jpg\" \/>\n\t<meta property=\"og:image:width\" content=\"1920\" \/>\n\t<meta property=\"og:image:height\" content=\"900\" \/>\n\t<meta property=\"og:image:type\" content=\"image\/jpeg\" \/>\n<meta name=\"twitter:card\" content=\"summary_large_image\" \/>\n<meta name=\"twitter:label1\" content=\"Gesch\u00e4tzte Lesezeit\" \/>\n\t<meta name=\"twitter:data1\" content=\"3\u00a0Minuten\" \/>\n<script type=\"application\/ld+json\" class=\"yoast-schema-graph\">{\"@context\":\"https:\/\/schema.org\",\"@graph\":[{\"@type\":\"WebPage\",\"@id\":\"https:\/\/www.camping-cevennes.info\/de\/ferien-im-gard\/camping-naehe-duzes\/\",\"url\":\"https:\/\/www.camping-cevennes.info\/de\/ferien-im-gard\/camping-naehe-duzes\/\",\"name\":\"Campingplatz Uzes | Ferienhaus Uz\u00e8s | Urlaub in Uzes am Gard\",\"isPartOf\":{\"@id\":\"https:\/\/www.camping-cevennes.info\/de\/#website\"},\"primaryImageOfPage\":{\"@id\":\"https:\/\/www.camping-cevennes.info\/de\/ferien-im-gard\/camping-naehe-duzes\/#primaryimage\"},\"image\":{\"@id\":\"https:\/\/www.camping-cevennes.info\/de\/ferien-im-gard\/camping-naehe-duzes\/#primaryimage\"},\"thumbnailUrl\":\"https:\/\/www.camping-cevennes.info\/wp-content\/uploads\/2022\/10\/uzes-ville-gard.jpg\",\"datePublished\":\"2022-10-19T14:19:57+00:00\",\"dateModified\":\"2022-11-14T10:14:15+00:00\",\"description\":\"Touristische Aktivit\u00e4ten in Uzes, Orte, die man nicht verpassen sollte, um zu sehen, was man w\u00e4hrend seines Urlaubs in Uzes unternehmen kann\",\"breadcrumb\":{\"@id\":\"https:\/\/www.camping-cevennes.info\/de\/ferien-im-gard\/camping-naehe-duzes\/#breadcrumb\"},\"inLanguage\":\"de\",\"potentialAction\":[{\"@type\":\"ReadAction\",\"target\":[\"https:\/\/www.camping-cevennes.info\/de\/ferien-im-gard\/camping-naehe-duzes\/\"]}]},{\"@type\":\"ImageObject\",\"inLanguage\":\"de\",\"@id\":\"https:\/\/www.camping-cevennes.info\/de\/ferien-im-gard\/camping-naehe-duzes\/#primaryimage\",\"url\":\"https:\/\/www.camping-cevennes.info\/wp-content\/uploads\/2022\/10\/uzes-ville-gard.jpg\",\"contentUrl\":\"https:\/\/www.camping-cevennes.info\/wp-content\/uploads\/2022\/10\/uzes-ville-gard.jpg\",\"width\":1920,\"height\":900,\"caption\":\"uzes ville gard\"},{\"@type\":\"BreadcrumbList\",\"@id\":\"https:\/\/www.camping-cevennes.info\/de\/ferien-im-gard\/camping-naehe-duzes\/#breadcrumb\",\"itemListElement\":[{\"@type\":\"ListItem\",\"position\":1,\"name\":\"Campingplatz C\u00e9vennes\",\"item\":\"https:\/\/www.camping-cevennes.info\/de\/\"},{\"@type\":\"ListItem\",\"position\":2,\"name\":\"Der Gard\",\"item\":\"https:\/\/www.camping-cevennes.info\/de\/ferien-im-gard\/\"},{\"@type\":\"ListItem\",\"position\":3,\"name\":\"Campingplatz in der N\u00e4he von Uzes\"}]},{\"@type\":\"WebSite\",\"@id\":\"https:\/\/www.camping-cevennes.info\/de\/#website\",\"url\":\"https:\/\/www.camping-cevennes.info\/de\/\",\"name\":\"Camping Mas de la Cam\",\"description\":\"\",\"publisher\":{\"@id\":\"https:\/\/www.camping-cevennes.info\/de\/#organization\"},\"potentialAction\":[{\"@type\":\"SearchAction\",\"target\":{\"@type\":\"EntryPoint\",\"urlTemplate\":\"https:\/\/www.camping-cevennes.info\/de\/?s={search_term_string}\"},\"query-input\":{\"@type\":\"PropertyValueSpecification\",\"valueRequired\":true,\"valueName\":\"search_term_string\"}}],\"inLanguage\":\"de\"},{\"@type\":\"Organization\",\"@id\":\"https:\/\/www.camping-cevennes.info\/de\/#organization\",\"name\":\"Camping Mas de la Cam\",\"url\":\"https:\/\/www.camping-cevennes.info\/de\/\",\"logo\":{\"@type\":\"ImageObject\",\"inLanguage\":\"de\",\"@id\":\"https:\/\/www.camping-cevennes.info\/de\/#\/schema\/logo\/image\/\",\"url\":\"https:\/\/www.camping-cevennes.info\/wp-content\/uploads\/2022\/09\/logo-camping-mas-de-la-cam-noir-1.png\",\"contentUrl\":\"https:\/\/www.camping-cevennes.info\/wp-content\/uploads\/2022\/09\/logo-camping-mas-de-la-cam-noir-1.png\",\"width\":625,\"height\":190,\"caption\":\"Camping Mas de la Cam\"},\"image\":{\"@id\":\"https:\/\/www.camping-cevennes.info\/de\/#\/schema\/logo\/image\/\"}}]}<\/script>\n<!-- \/ Yoast SEO plugin. -->","yoast_head_json":{"title":"Campingplatz Uzes | Ferienhaus Uz\u00e8s | Urlaub in Uzes am Gard","description":"Touristische Aktivit\u00e4ten in Uzes, Orte, die man nicht verpassen sollte, um zu sehen, was man w\u00e4hrend seines Urlaubs in Uzes unternehmen kann","robots":{"index":"index","follow":"follow","max-snippet":"max-snippet:-1","max-image-preview":"max-image-preview:large","max-video-preview":"max-video-preview:-1"},"canonical":"https:\/\/www.camping-cevennes.info\/de\/ferien-im-gard\/camping-naehe-duzes\/","og_locale":"de_DE","og_type":"article","og_title":"Campingplatz Uzes | Ferienhaus Uz\u00e8s | Urlaub in Uzes am Gard","og_description":"Touristische Aktivit\u00e4ten in Uzes, Orte, die man nicht verpassen sollte, um zu sehen, was man w\u00e4hrend seines Urlaubs in Uzes unternehmen kann","og_url":"https:\/\/www.camping-cevennes.info\/de\/ferien-im-gard\/camping-naehe-duzes\/","og_site_name":"Camping Mas de la Cam","article_modified_time":"2022-11-14T10:14:15+00:00","og_image":[{"width":1920,"height":900,"url":"https:\/\/www.camping-cevennes.info\/wp-content\/uploads\/2022\/10\/uzes-ville-gard.jpg","type":"image\/jpeg"}],"twitter_card":"summary_large_image","twitter_misc":{"Gesch\u00e4tzte Lesezeit":"3\u00a0Minuten"},"schema":{"@context":"https:\/\/schema.org","@graph":[{"@type":"WebPage","@id":"https:\/\/www.camping-cevennes.info\/de\/ferien-im-gard\/camping-naehe-duzes\/","url":"https:\/\/www.camping-cevennes.info\/de\/ferien-im-gard\/camping-naehe-duzes\/","name":"Campingplatz Uzes | Ferienhaus Uz\u00e8s | Urlaub in Uzes am Gard","isPartOf":{"@id":"https:\/\/www.camping-cevennes.info\/de\/#website"},"primaryImageOfPage":{"@id":"https:\/\/www.camping-cevennes.info\/de\/ferien-im-gard\/camping-naehe-duzes\/#primaryimage"},"image":{"@id":"https:\/\/www.camping-cevennes.info\/de\/ferien-im-gard\/camping-naehe-duzes\/#primaryimage"},"thumbnailUrl":"https:\/\/www.camping-cevennes.info\/wp-content\/uploads\/2022\/10\/uzes-ville-gard.jpg","datePublished":"2022-10-19T14:19:57+00:00","dateModified":"2022-11-14T10:14:15+00:00","description":"Touristische Aktivit\u00e4ten in Uzes, Orte, die man nicht verpassen sollte, um zu sehen, was man w\u00e4hrend seines Urlaubs in Uzes unternehmen kann","breadcrumb":{"@id":"https:\/\/www.camping-cevennes.info\/de\/ferien-im-gard\/camping-naehe-duzes\/#breadcrumb"},"inLanguage":"de","potentialAction":[{"@type":"ReadAction","target":["https:\/\/www.camping-cevennes.info\/de\/ferien-im-gard\/camping-naehe-duzes\/"]}]},{"@type":"ImageObject","inLanguage":"de","@id":"https:\/\/www.camping-cevennes.info\/de\/ferien-im-gard\/camping-naehe-duzes\/#primaryimage","url":"https:\/\/www.camping-cevennes.info\/wp-content\/uploads\/2022\/10\/uzes-ville-gard.jpg","contentUrl":"https:\/\/www.camping-cevennes.info\/wp-content\/uploads\/2022\/10\/uzes-ville-gard.jpg","width":1920,"height":900,"caption":"uzes ville gard"},{"@type":"BreadcrumbList","@id":"https:\/\/www.camping-cevennes.info\/de\/ferien-im-gard\/camping-naehe-duzes\/#breadcrumb","itemListElement":[{"@type":"ListItem","position":1,"name":"Campingplatz C\u00e9vennes","item":"https:\/\/www.camping-cevennes.info\/de\/"},{"@type":"ListItem","position":2,"name":"Der Gard","item":"https:\/\/www.camping-cevennes.info\/de\/ferien-im-gard\/"},{"@type":"ListItem","position":3,"name":"Campingplatz in der N\u00e4he von Uzes"}]},{"@type":"WebSite","@id":"https:\/\/www.camping-cevennes.info\/de\/#website","url":"https:\/\/www.camping-cevennes.info\/de\/","name":"Camping Mas de la Cam","description":"","publisher":{"@id":"https:\/\/www.camping-cevennes.info\/de\/#organization"},"potentialAction":[{"@type":"SearchAction","target":{"@type":"EntryPoint","urlTemplate":"https:\/\/www.camping-cevennes.info\/de\/?s={search_term_string}"},"query-input":{"@type":"PropertyValueSpecification","valueRequired":true,"valueName":"search_term_string"}}],"inLanguage":"de"},{"@type":"Organization","@id":"https:\/\/www.camping-cevennes.info\/de\/#organization","name":"Camping Mas de la Cam","url":"https:\/\/www.camping-cevennes.info\/de\/","logo":{"@type":"ImageObject","inLanguage":"de","@id":"https:\/\/www.camping-cevennes.info\/de\/#\/schema\/logo\/image\/","url":"https:\/\/www.camping-cevennes.info\/wp-content\/uploads\/2022\/09\/logo-camping-mas-de-la-cam-noir-1.png","contentUrl":"https:\/\/www.camping-cevennes.info\/wp-content\/uploads\/2022\/09\/logo-camping-mas-de-la-cam-noir-1.png","width":625,"height":190,"caption":"Camping Mas de la Cam"},"image":{"@id":"https:\/\/www.camping-cevennes.info\/de\/#\/schema\/logo\/image\/"}}]}},"_links":{"self":[{"href":"https:\/\/www.camping-cevennes.info\/de\/wp-json\/wp\/v2\/pages\/4883","targetHints":{"allow":["GET"]}}],"collection":[{"href":"https:\/\/www.camping-cevennes.info\/de\/wp-json\/wp\/v2\/pages"}],"about":[{"href":"https:\/\/www.camping-cevennes.info\/de\/wp-json\/wp\/v2\/types\/page"}],"author":[{"embeddable":true,"href":"https:\/\/www.camping-cevennes.info\/de\/wp-json\/wp\/v2\/users\/1"}],"replies":[{"embeddable":true,"href":"https:\/\/www.camping-cevennes.info\/de\/wp-json\/wp\/v2\/comments?post=4883"}],"version-history":[{"count":5,"href":"https:\/\/www.camping-cevennes.info\/de\/wp-json\/wp\/v2\/pages\/4883\/revisions"}],"predecessor-version":[{"id":5910,"href":"https:\/\/www.camping-cevennes.info\/de\/wp-json\/wp\/v2\/pages\/4883\/revisions\/5910"}],"up":[{"embeddable":true,"href":"https:\/\/www.camping-cevennes.info\/de\/wp-json\/wp\/v2\/pages\/4788"}],"wp:featuredmedia":[{"embeddable":true,"href":"https:\/\/www.camping-cevennes.info\/de\/wp-json\/wp\/v2\/media\/3101"}],"wp:attachment":[{"href":"https:\/\/www.camping-cevennes.info\/de\/wp-json\/wp\/v2\/media?parent=4883"}],"wp:term":[{"taxonomy":"sujet","embeddable":true,"href":"https:\/\/www.camping-cevennes.info\/de\/wp-json\/wp\/v2\/sujet?post=4883"}],"curies":[{"name":"wp","href":"https:\/\/api.w.org\/{rel}","templated":true}]}}