{"id":4880,"date":"2022-10-19T16:34:40","date_gmt":"2022-10-19T14:34:40","guid":{"rendered":"https:\/\/www.camping-cevennes.info\/vacances-gard\/saint-jean-du-gard\/"},"modified":"2022-11-14T11:13:57","modified_gmt":"2022-11-14T10:13:57","slug":"ferien-in-saint-jean-du-gard","status":"publish","type":"page","link":"https:\/\/www.camping-cevennes.info\/de\/ferien-im-gard\/ferien-in-saint-jean-du-gard\/","title":{"rendered":"Saint-Jean-Du-Gard"},"content":{"rendered":"<section id=\"ls-section-block_14b39f2ec337ee5aad764aae75f1373e\" class=\"ls-section  page-intro has-p-t p-t-14\" >\n        <div class=\"container container--wide\">\n        \n\n<div class=\"wp-block-columns columns-parent is-layout-flex wp-container-core-columns-is-layout-9d6595d7 wp-block-columns-is-layout-flex\">\n<div class=\"wp-block-column is-vertically-aligned-center left is-layout-flow wp-block-column-is-layout-flow\">\n<h1 class=\"ls__heading animated fadeInLeft delay-200ms wp-block-heading\"><span class=\"small\">FERIEN IN<\/span><br><span class=\"bold\">Saint-Jean-du-Gard<\/span><\/h1>\n\n\n\n<p class=\"ls-paragraph\">Halten Sie w\u00e4hrend Ihrer Ferien mit der Familie oder unter Freunden im Mas de la Cam, einem 4-Sterne-Campingplatz zu F\u00fc\u00dfen der C\u00e9vennes, in Saint-Jean-du-Gard, die Zeit an. Wir hei\u00dfen sie in unserer Anlage, einem 65 ha gro\u00dfen, baumbestandenen Park am Ufer Flusses Gardon f\u00fcr unvergessliche Ferien gepr\u00e4gt von Entspannung, sportlichen Aktivit\u00e4ten, kulturellen Besichtigung und von unserem Team organisierte Veranstaltungen willkommen.<\/p>\n<\/div>\n\n\n\n<div class=\"wp-block-column is-vertically-aligned-center right is-layout-flow wp-block-column-is-layout-flow\">\n<div class=\"wp-block-columns columns-child is-layout-flex wp-container-core-columns-is-layout-9d6595d7 wp-block-columns-is-layout-flex\">\n<div class=\"wp-block-column is-vertically-aligned-center image-two is-layout-flow wp-block-column-is-layout-flow\">\n<iframe src=\"https:\/\/www.google.com\/maps\/embed?pb=!1m28!1m12!1m3!1d5729.709292359167!2d3.8767559573623656!3d44.106991129702074!2m3!1f0!2f0!3f0!3m2!1i1024!2i768!4f13.1!4m13!3e0!4m5!1s0x12b47164841558ad%3A0x62d813088da27348!2sCamping%20Mas%20de%20la%20Cam%20Saint%20Jean%20du%20Gard%2C%20Saint-Jean-du-Gard!3m2!1d44.112383099999995!2d3.8543309999999997!4m5!1s0x12b4718941d5a91d%3A0x4078821166b3800!2sSaint-Jean-du-Gard!3m2!1d44.10525!2d3.885144!5e0!3m2!1sfr!2sfr!4v1666691522707!5m2!1sfr!2sfr\" width=\"100%\" height=\"450\" style=\"border:0;\" allowfullscreen=\"\" loading=\"lazy\" referrerpolicy=\"no-referrer-when-downgrade\"><\/iframe>\n<\/div>\n<\/div>\n<\/div>\n<\/div>\n\n\n    <\/div>\n<\/section>\n\n<section id=\"ls-section-block_ab8c74f29028b473bdeaaf0fd29e621d\" class=\"ls-section  page-one has-p-t p-t-0\" >\n        <div class=\"container container--wide\">\n        \n\n<div class=\"wp-block-columns is-layout-flex wp-container-core-columns-is-layout-9d6595d7 wp-block-columns-is-layout-flex\">\n<div class=\"wp-block-column is-vertically-aligned-center video is-layout-flow wp-block-column-is-layout-flow\">\n<figure class=\"wp-block-embed is-type-video is-provider-youtube wp-block-embed-youtube wp-embed-aspect-16-9 wp-has-aspect-ratio\"><div class=\"wp-block-embed__wrapper\">\n<iframe loading=\"lazy\" title=\"PHANTOM 4 CEVENNES SAINT JEAN DU GARD\" width=\"500\" height=\"281\" src=\"https:\/\/www.youtube.com\/embed\/fDOB4Td0CYg?feature=oembed\" frameborder=\"0\" allow=\"accelerometer; autoplay; clipboard-write; encrypted-media; gyroscope; picture-in-picture; web-share\" referrerpolicy=\"strict-origin-when-cross-origin\" allowfullscreen><\/iframe>\n<\/div><\/figure>\n<\/div>\n\n\n\n<div class=\"wp-block-column is-layout-flow wp-block-column-is-layout-flow\">\n<h2 class=\"ls__heading deco wp-block-heading\">WAS SIE IN SAINT-JEAN-DU-GARD TUN K\u00d6NNEN<\/h2>\n\n\n\n<p class=\"ls-paragraph\">Willkommen im Gard, in einem der vielen D\u00f6rfer mit Charakter, die Okzitanien zu bieten hat.&nbsp;<a href=\"https:\/\/www.saintjeandugard.fr\/\" target=\"_blank\" rel=\"noreferrer noopener\">Saint-Jean-du-Gard<\/a>, der Ausgangspunkt der ber\u00fchmten Dampfbahn der Cevennen, wird zu Recht als \u201ePerle der Cevennen\u201c bezeichnet. <\/p>\n\n\n\n<p class=\"ls-paragraph\">Und das aus gutem Grund, denn diese Gemeinde mit 2.800 Einwohnern wurde in einer au\u00dfergew\u00f6hnlichen Umgebung am Fu\u00dfe der Berge und am Ufer des Gardon de Saint Jean gebaut. Viele markierte Wanderwege, von 4 bis 8 Stunden, lassen Sie herrliche Panoramen entdecken, darunter der Col St Pierre, der Pic d\u2019Arbousse, der Mont Brion. Der Weg GR70 oder Stevenson f\u00fchrt einige Meter vom Campingplatz entfernt vorbei.<\/p>\n<\/div>\n<\/div>\n\n\n    <\/div>\n<\/section>\n\n<section id=\"ls-section-block_ab8c74f29028b473bdeaaf0fd29e621d\" class=\"ls-section  page-one has-p-t p-t-0\" >\n        <div class=\"container container--wide\">\n        \n\n<div class=\"wp-block-columns is-layout-flex wp-container-core-columns-is-layout-9d6595d7 wp-block-columns-is-layout-flex\">\n<div class=\"wp-block-column is-vertically-aligned-center is-layout-flow wp-block-column-is-layout-flow\">\n<h2 class=\"ls__heading deco wp-block-heading\">BESUCHEN SIE SAINT-JEAN-DU-GARD<\/h2>\n\n\n\n<p class=\"ls-paragraph\">In Saint-Jean-du Gard, ehemals f\u00fcr die Zucht von Seidenraupen und Maulbeerb\u00e4ume bekannt, gibt es mehrere Sehensw\u00fcrdigkeiten, die Sie bei einem Ausflug mit Ihren Kindern oder Freunden besichtigen k\u00f6nnen. W\u00e4hrend Ihres Spazierganges werden Sie an dem Uhrenturm oder auch der Pont Vieux (\u00fcbersetzt: die alte Br\u00fccke), die beide denkmalgesch\u00fctzt sind, dem Tempel der Vereinten protestantischen Kirche Frankreichs, der Kirche der Pfingstkirche und dem Haus des Chevalier d\u2018Algues vorbeikommen. In dem Ort gibt es zudem ein gro\u00dfes Veranstaltungszentrum (Espace Paulhan) mit einer 350 m\u00b2 gro\u00dfen Terrasse, in dem Platz f\u00fcr 1100 Personen ist.<\/p>\n\n\n\n<figure class=\"wp-block-image size-full animated fadeInRight delay-500ms slow\"><a href=\"https:\/\/www.camping-cevennes.info\/wp-content\/uploads\/2022\/11\/tourisme-st-jean-du-gard.jpg\"><img decoding=\"async\" width=\"900\" height=\"600\" src=\"https:\/\/www.camping-cevennes.info\/wp-content\/uploads\/2022\/11\/tourisme-st-jean-du-gard.jpg\" alt=\"tourisme st jean du gard\" class=\"wp-image-4545\" srcset=\"https:\/\/www.camping-cevennes.info\/wp-content\/uploads\/2022\/11\/tourisme-st-jean-du-gard.jpg 900w, https:\/\/www.camping-cevennes.info\/wp-content\/uploads\/2022\/11\/tourisme-st-jean-du-gard-300x200.jpg 300w, https:\/\/www.camping-cevennes.info\/wp-content\/uploads\/2022\/11\/tourisme-st-jean-du-gard-768x512.jpg 768w\" sizes=\"(max-width: 900px) 100vw, 900px\" \/><\/a><\/figure>\n<\/div>\n\n\n\n<div class=\"wp-block-column is-vertically-aligned-center is-layout-flow wp-block-column-is-layout-flow\">\n<figure class=\"wp-block-image size-full animated fadeInLeft delay-500ms slow\"><a href=\"https:\/\/www.camping-cevennes.info\/wp-content\/uploads\/2022\/11\/que-faire-a-st-jean-du-gard.jpg\"><img decoding=\"async\" width=\"900\" height=\"600\" src=\"https:\/\/www.camping-cevennes.info\/wp-content\/uploads\/2022\/11\/que-faire-a-st-jean-du-gard.jpg\" alt=\"que faire a st jean du gard\" class=\"wp-image-4541\" srcset=\"https:\/\/www.camping-cevennes.info\/wp-content\/uploads\/2022\/11\/que-faire-a-st-jean-du-gard.jpg 900w, https:\/\/www.camping-cevennes.info\/wp-content\/uploads\/2022\/11\/que-faire-a-st-jean-du-gard-300x200.jpg 300w, https:\/\/www.camping-cevennes.info\/wp-content\/uploads\/2022\/11\/que-faire-a-st-jean-du-gard-768x512.jpg 768w\" sizes=\"(max-width: 900px) 100vw, 900px\" \/><\/a><\/figure>\n\n\n\n<p class=\"ls-paragraph\">Verlieren Sie sich, wenn es schwierig ist, Ihrem Durst auf Geschichte und Kultur Gen\u00fcge zu tun, in den G\u00e4ngen der Museen dieser Stadt (Mus\u00e9e du D\u00e9sert, Regionalmuseum Mus\u00e9e des Vall\u00e9es C\u00e9venoles) und erfreuen sich der Ansicht der Schl\u00f6sser und Burgen in der Umgebung: Ch\u00e2teau de Cabri\u00e8res, Ch\u00e2teau du Maylet, Ch\u00e2teau de Marcassargues, Ch\u00e2teau de Sueilhes\u2026 wenn Sie Lust auf eine gef\u00fchrte Besichtigung haben, k\u00f6nnen Sie sich an den Verein Sentiers Vagabonds wenden.<\/p>\n<\/div>\n<\/div>\n\n\n    <\/div>\n<\/section>\n\n<section id=\"ls-section-block_c9b12890626ec10185991df86773aac9\" class=\"ls-section \" >\n        <div class=\"container container--wide\">\n        \n\n<div id=\"ls-heading ls-titre-div-block_f5ff0f9ec7e2a15a2553a6017e108dbc\" class=\"ls-titre-div deco-centree aligncenter h2-like\" >\n    Entdecken Sie die St\u00e4dte in der Umgebung des Campingplatzes<\/div>\n\n\n<div id=\"ls-maillage-block_dd9445e866198601d0f5dcf2896c658f\" class=\"ls-maillage cta-style-normal\" data-rows=\"3\">\n    <div class=\"wp-block-columns\"><div class=\"wp-block-column\">\n\n<a href=\"https:\/\/www.camping-cevennes.info\/de\/ferien-im-gard\/camping-bei-mialet\/\" target=\"\" rel=\"noopener\" class=\"ls-cta__link\">\n\n\t<div class=\"ls-cta__image\"><img decoding=\"async\" src=\"https:\/\/www.camping-cevennes.info\/wp-content\/uploads\/2022\/11\/tourisme-mialet.jpg\" alt=\"tourisme mialet\"><\/div>\n\t<div class=\"ls-cta__title\">\n\t\tMialet\t<\/div>\n\n\t\t\n<\/a><\/div><div class=\"wp-block-column\">\n\n<a href=\"https:\/\/www.camping-cevennes.info\/de\/ferien-im-gard\/camping-bei-nimes\/\" target=\"\" rel=\"noopener\" class=\"ls-cta__link\">\n\n\t<div class=\"ls-cta__image\"><img decoding=\"async\" src=\"https:\/\/www.camping-cevennes.info\/wp-content\/uploads\/2022\/10\/nimes-cathedrale-1024x480.jpg\" alt=\"nimes cathedrale\"><\/div>\n\t<div class=\"ls-cta__title\">\n\t\tN\u00eemes\t<\/div>\n\n\t\t\n<\/a><\/div><div class=\"wp-block-column\">\n\n<a href=\"https:\/\/www.camping-cevennes.info\/de\/ferien-im-gard\/camping-naehe-duzes\/\" target=\"\" rel=\"noopener\" class=\"ls-cta__link\">\n\n\t<div class=\"ls-cta__image\"><img decoding=\"async\" src=\"https:\/\/www.camping-cevennes.info\/wp-content\/uploads\/2022\/11\/cathedral-uzes-1024x480.jpg\" alt=\"cathedral uzes\"><\/div>\n\t<div class=\"ls-cta__title\">\n\t\tUzes\t<\/div>\n\n\t\t\n<\/a><\/div><\/div><\/div>\n\n    <\/div>\n<\/section>","protected":false},"excerpt":{"rendered":"","protected":false},"author":1,"featured_media":3080,"parent":4788,"menu_order":0,"comment_status":"closed","ping_status":"closed","template":"","meta":{"_acf_changed":false,"footnotes":""},"sujet":[],"class_list":["post-4880","page","type-page","status-publish","has-post-thumbnail","hentry"],"acf":[],"yoast_head":"<!-- This site is optimized with the Yoast SEO plugin v25.3 - https:\/\/yoast.com\/wordpress\/plugins\/seo\/ -->\n<title>Saint Jean du Gard Feiertage | Touristische Saint Jean du Gard<\/title>\n<meta name=\"description\" content=\"Touristische Aktivit\u00e4ten in Saint Jean du Gard, Orte, die Sie nicht verpassen sollten, um zu sehen, was Sie w\u00e4hrend Ihres Urlaubs in Saint Jean du Gard unternehmen k\u00f6nnen\" \/>\n<meta name=\"robots\" content=\"index, follow, max-snippet:-1, max-image-preview:large, max-video-preview:-1\" \/>\n<link rel=\"canonical\" href=\"https:\/\/www.camping-cevennes.info\/de\/ferien-im-gard\/ferien-in-saint-jean-du-gard\/\" \/>\n<meta property=\"og:locale\" content=\"de_DE\" \/>\n<meta property=\"og:type\" content=\"article\" \/>\n<meta property=\"og:title\" content=\"Saint Jean du Gard Feiertage | Touristische Saint Jean du Gard\" \/>\n<meta property=\"og:description\" content=\"Touristische Aktivit\u00e4ten in Saint Jean du Gard, Orte, die Sie nicht verpassen sollten, um zu sehen, was Sie w\u00e4hrend Ihres Urlaubs in Saint Jean du Gard unternehmen k\u00f6nnen\" \/>\n<meta property=\"og:url\" content=\"https:\/\/www.camping-cevennes.info\/de\/ferien-im-gard\/ferien-in-saint-jean-du-gard\/\" \/>\n<meta property=\"og:site_name\" content=\"Camping Mas de la Cam\" \/>\n<meta property=\"article:modified_time\" content=\"2022-11-14T10:13:57+00:00\" \/>\n<meta property=\"og:image\" content=\"https:\/\/www.camping-cevennes.info\/wp-content\/uploads\/2022\/10\/pont-saint-jean-du-gard.jpg\" \/>\n\t<meta property=\"og:image:width\" content=\"1920\" \/>\n\t<meta property=\"og:image:height\" content=\"900\" \/>\n\t<meta property=\"og:image:type\" content=\"image\/jpeg\" \/>\n<meta name=\"twitter:card\" content=\"summary_large_image\" \/>\n<meta name=\"twitter:label1\" content=\"Gesch\u00e4tzte Lesezeit\" \/>\n\t<meta name=\"twitter:data1\" content=\"3\u00a0Minuten\" \/>\n<script type=\"application\/ld+json\" class=\"yoast-schema-graph\">{\"@context\":\"https:\/\/schema.org\",\"@graph\":[{\"@type\":\"WebPage\",\"@id\":\"https:\/\/www.camping-cevennes.info\/de\/ferien-im-gard\/ferien-in-saint-jean-du-gard\/\",\"url\":\"https:\/\/www.camping-cevennes.info\/de\/ferien-im-gard\/ferien-in-saint-jean-du-gard\/\",\"name\":\"Saint Jean du Gard Feiertage | Touristische Saint Jean du Gard\",\"isPartOf\":{\"@id\":\"https:\/\/www.camping-cevennes.info\/de\/#website\"},\"primaryImageOfPage\":{\"@id\":\"https:\/\/www.camping-cevennes.info\/de\/ferien-im-gard\/ferien-in-saint-jean-du-gard\/#primaryimage\"},\"image\":{\"@id\":\"https:\/\/www.camping-cevennes.info\/de\/ferien-im-gard\/ferien-in-saint-jean-du-gard\/#primaryimage\"},\"thumbnailUrl\":\"https:\/\/www.camping-cevennes.info\/wp-content\/uploads\/2022\/10\/pont-saint-jean-du-gard.jpg\",\"datePublished\":\"2022-10-19T14:34:40+00:00\",\"dateModified\":\"2022-11-14T10:13:57+00:00\",\"description\":\"Touristische Aktivit\u00e4ten in Saint Jean du Gard, Orte, die Sie nicht verpassen sollten, um zu sehen, was Sie w\u00e4hrend Ihres Urlaubs in Saint Jean du Gard unternehmen k\u00f6nnen\",\"breadcrumb\":{\"@id\":\"https:\/\/www.camping-cevennes.info\/de\/ferien-im-gard\/ferien-in-saint-jean-du-gard\/#breadcrumb\"},\"inLanguage\":\"de\",\"potentialAction\":[{\"@type\":\"ReadAction\",\"target\":[\"https:\/\/www.camping-cevennes.info\/de\/ferien-im-gard\/ferien-in-saint-jean-du-gard\/\"]}]},{\"@type\":\"ImageObject\",\"inLanguage\":\"de\",\"@id\":\"https:\/\/www.camping-cevennes.info\/de\/ferien-im-gard\/ferien-in-saint-jean-du-gard\/#primaryimage\",\"url\":\"https:\/\/www.camping-cevennes.info\/wp-content\/uploads\/2022\/10\/pont-saint-jean-du-gard.jpg\",\"contentUrl\":\"https:\/\/www.camping-cevennes.info\/wp-content\/uploads\/2022\/10\/pont-saint-jean-du-gard.jpg\",\"width\":1920,\"height\":900,\"caption\":\"pont saint jean du gard\"},{\"@type\":\"BreadcrumbList\",\"@id\":\"https:\/\/www.camping-cevennes.info\/de\/ferien-im-gard\/ferien-in-saint-jean-du-gard\/#breadcrumb\",\"itemListElement\":[{\"@type\":\"ListItem\",\"position\":1,\"name\":\"Campingplatz C\u00e9vennes\",\"item\":\"https:\/\/www.camping-cevennes.info\/de\/\"},{\"@type\":\"ListItem\",\"position\":2,\"name\":\"Der Gard\",\"item\":\"https:\/\/www.camping-cevennes.info\/de\/ferien-im-gard\/\"},{\"@type\":\"ListItem\",\"position\":3,\"name\":\"Ferien in Saint-Jean-du-Gard\"}]},{\"@type\":\"WebSite\",\"@id\":\"https:\/\/www.camping-cevennes.info\/de\/#website\",\"url\":\"https:\/\/www.camping-cevennes.info\/de\/\",\"name\":\"Camping Mas de la Cam\",\"description\":\"\",\"publisher\":{\"@id\":\"https:\/\/www.camping-cevennes.info\/de\/#organization\"},\"potentialAction\":[{\"@type\":\"SearchAction\",\"target\":{\"@type\":\"EntryPoint\",\"urlTemplate\":\"https:\/\/www.camping-cevennes.info\/de\/?s={search_term_string}\"},\"query-input\":{\"@type\":\"PropertyValueSpecification\",\"valueRequired\":true,\"valueName\":\"search_term_string\"}}],\"inLanguage\":\"de\"},{\"@type\":\"Organization\",\"@id\":\"https:\/\/www.camping-cevennes.info\/de\/#organization\",\"name\":\"Camping Mas de la Cam\",\"url\":\"https:\/\/www.camping-cevennes.info\/de\/\",\"logo\":{\"@type\":\"ImageObject\",\"inLanguage\":\"de\",\"@id\":\"https:\/\/www.camping-cevennes.info\/de\/#\/schema\/logo\/image\/\",\"url\":\"https:\/\/www.camping-cevennes.info\/wp-content\/uploads\/2022\/09\/logo-camping-mas-de-la-cam-noir-1.png\",\"contentUrl\":\"https:\/\/www.camping-cevennes.info\/wp-content\/uploads\/2022\/09\/logo-camping-mas-de-la-cam-noir-1.png\",\"width\":625,\"height\":190,\"caption\":\"Camping Mas de la Cam\"},\"image\":{\"@id\":\"https:\/\/www.camping-cevennes.info\/de\/#\/schema\/logo\/image\/\"}}]}<\/script>\n<!-- \/ Yoast SEO plugin. -->","yoast_head_json":{"title":"Saint Jean du Gard Feiertage | Touristische Saint Jean du Gard","description":"Touristische Aktivit\u00e4ten in Saint Jean du Gard, Orte, die Sie nicht verpassen sollten, um zu sehen, was Sie w\u00e4hrend Ihres Urlaubs in Saint Jean du Gard unternehmen k\u00f6nnen","robots":{"index":"index","follow":"follow","max-snippet":"max-snippet:-1","max-image-preview":"max-image-preview:large","max-video-preview":"max-video-preview:-1"},"canonical":"https:\/\/www.camping-cevennes.info\/de\/ferien-im-gard\/ferien-in-saint-jean-du-gard\/","og_locale":"de_DE","og_type":"article","og_title":"Saint Jean du Gard Feiertage | Touristische Saint Jean du Gard","og_description":"Touristische Aktivit\u00e4ten in Saint Jean du Gard, Orte, die Sie nicht verpassen sollten, um zu sehen, was Sie w\u00e4hrend Ihres Urlaubs in Saint Jean du Gard unternehmen k\u00f6nnen","og_url":"https:\/\/www.camping-cevennes.info\/de\/ferien-im-gard\/ferien-in-saint-jean-du-gard\/","og_site_name":"Camping Mas de la Cam","article_modified_time":"2022-11-14T10:13:57+00:00","og_image":[{"width":1920,"height":900,"url":"https:\/\/www.camping-cevennes.info\/wp-content\/uploads\/2022\/10\/pont-saint-jean-du-gard.jpg","type":"image\/jpeg"}],"twitter_card":"summary_large_image","twitter_misc":{"Gesch\u00e4tzte Lesezeit":"3\u00a0Minuten"},"schema":{"@context":"https:\/\/schema.org","@graph":[{"@type":"WebPage","@id":"https:\/\/www.camping-cevennes.info\/de\/ferien-im-gard\/ferien-in-saint-jean-du-gard\/","url":"https:\/\/www.camping-cevennes.info\/de\/ferien-im-gard\/ferien-in-saint-jean-du-gard\/","name":"Saint Jean du Gard Feiertage | Touristische Saint Jean du Gard","isPartOf":{"@id":"https:\/\/www.camping-cevennes.info\/de\/#website"},"primaryImageOfPage":{"@id":"https:\/\/www.camping-cevennes.info\/de\/ferien-im-gard\/ferien-in-saint-jean-du-gard\/#primaryimage"},"image":{"@id":"https:\/\/www.camping-cevennes.info\/de\/ferien-im-gard\/ferien-in-saint-jean-du-gard\/#primaryimage"},"thumbnailUrl":"https:\/\/www.camping-cevennes.info\/wp-content\/uploads\/2022\/10\/pont-saint-jean-du-gard.jpg","datePublished":"2022-10-19T14:34:40+00:00","dateModified":"2022-11-14T10:13:57+00:00","description":"Touristische Aktivit\u00e4ten in Saint Jean du Gard, Orte, die Sie nicht verpassen sollten, um zu sehen, was Sie w\u00e4hrend Ihres Urlaubs in Saint Jean du Gard unternehmen k\u00f6nnen","breadcrumb":{"@id":"https:\/\/www.camping-cevennes.info\/de\/ferien-im-gard\/ferien-in-saint-jean-du-gard\/#breadcrumb"},"inLanguage":"de","potentialAction":[{"@type":"ReadAction","target":["https:\/\/www.camping-cevennes.info\/de\/ferien-im-gard\/ferien-in-saint-jean-du-gard\/"]}]},{"@type":"ImageObject","inLanguage":"de","@id":"https:\/\/www.camping-cevennes.info\/de\/ferien-im-gard\/ferien-in-saint-jean-du-gard\/#primaryimage","url":"https:\/\/www.camping-cevennes.info\/wp-content\/uploads\/2022\/10\/pont-saint-jean-du-gard.jpg","contentUrl":"https:\/\/www.camping-cevennes.info\/wp-content\/uploads\/2022\/10\/pont-saint-jean-du-gard.jpg","width":1920,"height":900,"caption":"pont saint jean du gard"},{"@type":"BreadcrumbList","@id":"https:\/\/www.camping-cevennes.info\/de\/ferien-im-gard\/ferien-in-saint-jean-du-gard\/#breadcrumb","itemListElement":[{"@type":"ListItem","position":1,"name":"Campingplatz C\u00e9vennes","item":"https:\/\/www.camping-cevennes.info\/de\/"},{"@type":"ListItem","position":2,"name":"Der Gard","item":"https:\/\/www.camping-cevennes.info\/de\/ferien-im-gard\/"},{"@type":"ListItem","position":3,"name":"Ferien in Saint-Jean-du-Gard"}]},{"@type":"WebSite","@id":"https:\/\/www.camping-cevennes.info\/de\/#website","url":"https:\/\/www.camping-cevennes.info\/de\/","name":"Camping Mas de la Cam","description":"","publisher":{"@id":"https:\/\/www.camping-cevennes.info\/de\/#organization"},"potentialAction":[{"@type":"SearchAction","target":{"@type":"EntryPoint","urlTemplate":"https:\/\/www.camping-cevennes.info\/de\/?s={search_term_string}"},"query-input":{"@type":"PropertyValueSpecification","valueRequired":true,"valueName":"search_term_string"}}],"inLanguage":"de"},{"@type":"Organization","@id":"https:\/\/www.camping-cevennes.info\/de\/#organization","name":"Camping Mas de la Cam","url":"https:\/\/www.camping-cevennes.info\/de\/","logo":{"@type":"ImageObject","inLanguage":"de","@id":"https:\/\/www.camping-cevennes.info\/de\/#\/schema\/logo\/image\/","url":"https:\/\/www.camping-cevennes.info\/wp-content\/uploads\/2022\/09\/logo-camping-mas-de-la-cam-noir-1.png","contentUrl":"https:\/\/www.camping-cevennes.info\/wp-content\/uploads\/2022\/09\/logo-camping-mas-de-la-cam-noir-1.png","width":625,"height":190,"caption":"Camping Mas de la Cam"},"image":{"@id":"https:\/\/www.camping-cevennes.info\/de\/#\/schema\/logo\/image\/"}}]}},"_links":{"self":[{"href":"https:\/\/www.camping-cevennes.info\/de\/wp-json\/wp\/v2\/pages\/4880","targetHints":{"allow":["GET"]}}],"collection":[{"href":"https:\/\/www.camping-cevennes.info\/de\/wp-json\/wp\/v2\/pages"}],"about":[{"href":"https:\/\/www.camping-cevennes.info\/de\/wp-json\/wp\/v2\/types\/page"}],"author":[{"embeddable":true,"href":"https:\/\/www.camping-cevennes.info\/de\/wp-json\/wp\/v2\/users\/1"}],"replies":[{"embeddable":true,"href":"https:\/\/www.camping-cevennes.info\/de\/wp-json\/wp\/v2\/comments?post=4880"}],"version-history":[{"count":6,"href":"https:\/\/www.camping-cevennes.info\/de\/wp-json\/wp\/v2\/pages\/4880\/revisions"}],"predecessor-version":[{"id":6026,"href":"https:\/\/www.camping-cevennes.info\/de\/wp-json\/wp\/v2\/pages\/4880\/revisions\/6026"}],"up":[{"embeddable":true,"href":"https:\/\/www.camping-cevennes.info\/de\/wp-json\/wp\/v2\/pages\/4788"}],"wp:featuredmedia":[{"embeddable":true,"href":"https:\/\/www.camping-cevennes.info\/de\/wp-json\/wp\/v2\/media\/3080"}],"wp:attachment":[{"href":"https:\/\/www.camping-cevennes.info\/de\/wp-json\/wp\/v2\/media?parent=4880"}],"wp:term":[{"taxonomy":"sujet","embeddable":true,"href":"https:\/\/www.camping-cevennes.info\/de\/wp-json\/wp\/v2\/sujet?post=4880"}],"curies":[{"name":"wp","href":"https:\/\/api.w.org\/{rel}","templated":true}]}}