{"id":4877,"date":"2022-10-19T16:25:30","date_gmt":"2022-10-19T14:25:30","guid":{"rendered":"https:\/\/www.camping-cevennes.info\/vacances-gard\/camping-nimes\/"},"modified":"2022-11-14T11:12:21","modified_gmt":"2022-11-14T10:12:21","slug":"camping-bei-nimes","status":"publish","type":"page","link":"https:\/\/www.camping-cevennes.info\/de\/ferien-im-gard\/camping-bei-nimes\/","title":{"rendered":"N\u00eemes"},"content":{"rendered":"<section id=\"ls-section-block_98edcea10b1f86cab26618d41c9aca5f\" class=\"ls-section  page-intro has-p-t p-t-14\" >\n        <div class=\"container container--wide\">\n        \n\n<div class=\"wp-block-columns columns-parent is-layout-flex wp-container-core-columns-is-layout-9d6595d7 wp-block-columns-is-layout-flex\">\n<div class=\"wp-block-column is-vertically-aligned-center left is-layout-flow wp-block-column-is-layout-flow\">\n<h1 class=\"ls__heading animated fadeInLeft delay-200ms wp-block-heading\"><span class=\"small\">CAMPINGPLATZ <\/span><br><span class=\"bold\">bei N\u00eemes<\/span><\/h1>\n\n\n\n<p class=\"ls-paragraph\">Sie suchen einen familienfreundlichen Campingplatz in der N\u00e4he von Nimes, der Komfort, Entspannung, ein herzliches Ambiente und eine au\u00dfergew\u00f6hnliche Kulisse vereint? Der Campingplatz Mas de la Cam im Gard, im Herzen der C\u00e9vennes, l\u00e4dt Sie ein, die Freuden des Campingplatz mit der Familie, unter Freunden oder zu zweit kennen zu lernen. Unser baumbestandenes, 65 Hektar gro\u00dfes Gel\u00e4nde am Ufer des Flusses Gardon gef\u00e4llt besonders Freunden des Angelsports, des Badespa\u00dfes im S\u00fc\u00dfwasser und Besuchern, die gekommen sind, um 100 % entspannte Ferien zu genie\u00dfen.<\/p>\n<\/div>\n\n\n\n<div class=\"wp-block-column is-vertically-aligned-center right is-layout-flow wp-block-column-is-layout-flow\">\n<figure class=\"wp-block-image size-full\"><img decoding=\"async\" width=\"900\" height=\"600\" src=\"https:\/\/www.camping-cevennes.info\/wp-content\/uploads\/2022\/10\/piscine-mas-de-la-cam-gard-1.jpg\" alt=\"piscine mas de la cam\" class=\"wp-image-2362\" srcset=\"https:\/\/www.camping-cevennes.info\/wp-content\/uploads\/2022\/10\/piscine-mas-de-la-cam-gard-1.jpg 900w, https:\/\/www.camping-cevennes.info\/wp-content\/uploads\/2022\/10\/piscine-mas-de-la-cam-gard-1-300x200.jpg 300w, https:\/\/www.camping-cevennes.info\/wp-content\/uploads\/2022\/10\/piscine-mas-de-la-cam-gard-1-768x512.jpg 768w\" sizes=\"(max-width: 900px) 100vw, 900px\" \/><\/figure>\n<\/div>\n<\/div>\n\n\n    <\/div>\n<\/section>\n\n<section id=\"ls-section-block_982503a6dffc46ac6b6e84d355895b58\" class=\"ls-section  page-one has-p-t p-t-0\" >\n        <div class=\"container container--wide\">\n        \n\n<div class=\"wp-block-columns is-layout-flex wp-container-core-columns-is-layout-9d6595d7 wp-block-columns-is-layout-flex\">\n<div class=\"wp-block-column is-vertically-aligned-center is-layout-flow wp-block-column-is-layout-flow\">\n<iframe src=\"https:\/\/www.google.com\/maps\/embed?pb=!1m28!1m12!1m3!1d183761.16318625904!2d3.9721089097621682!3d43.974503366867495!2m3!1f0!2f0!3f0!3m2!1i1024!2i768!4f13.1!4m13!3e0!4m5!1s0x12b47164841558ad%3A0x62d813088da27348!2sCamping%20Mas%20de%20la%20Cam%20Saint%20Jean%20du%20Gard%2C%20Saint-Jean-du-Gard!3m2!1d44.112383099999995!2d3.8543309999999997!4m5!1s0x12b42d0bd6e85339%3A0xde88134f9f200c03!2zTsOubWVz!3m2!1d43.836698999999996!2d4.360054!5e0!3m2!1sfr!2sfr!4v1666687294805!5m2!1sfr!2sfr\" width=\"100%\" height=\"450\" style=\"border:0;\" allowfullscreen=\"\" loading=\"lazy\" referrerpolicy=\"no-referrer-when-downgrade\"><\/iframe>\n<\/div>\n\n\n\n<div class=\"wp-block-column is-layout-flow wp-block-column-is-layout-flow\">\n<h2 class=\"ls__heading deco wp-block-heading\">Ein 4-Sterne-Campingplatz 60 km von N\u00ceMES<\/h2>\n\n\n\n<p class=\"ls-paragraph\">Wenn Sie Ihren Urlaub im Gard genie\u00dfen m\u00f6chten, entspannen Sie sich, verbinden Sie sich mit der Natur, entdecken Sie ein einzigartiges kulturelles Erbe und f\u00fchren Sie sportliche Aktivit\u00e4ten, die nicht allt\u00e4glich sind, Campingplatz 4 Sterne Le Mas de la Cam Saint-Jean du-Gard wird Ihren Anforderungen gerecht. Unser Haus bietet ger\u00e4umige Stellpl\u00e4tze von 100 bis 120 m2 f\u00fcr Zelte, Camper und Wohnwagen mit Stromanschluss (6 und 10 A Steckdosen).<\/p>\n\n\n\n<p class=\"ls-paragraph\">M\u00f6chten Sie Ihrem Aufenthalt einen Hauch von Luxus und einen Hauch von Privatsph\u00e4re verleihen? Wenden Sie sich an unsere Ferienh\u00e4user. Sie sind in sch\u00f6nen Steinh\u00e4usern untergebracht und bieten Platz f\u00fcr bis zu 6 Personen. Sie sind komplett ausgestattet. Sie enthalten eine K\u00fcche mit Geschirr, Kochplatten und Ger\u00e4ten (K\u00fchlschrank, Gefrierschrank, Mikrowelle, Kaffeemaschine, Wasserkocher), gem\u00fctliche Zimmer mit Kissen und Decken, ein Badezimmer und ein separates WC.<\/p>\n\n\n\n<p class=\"ls-paragraph addReadMore showlesscontent\"><br>Auf unserem Campingplatz C\u00e9vennes k\u00f6nnen Sie nach einigen Runden in unserem Garten oder auf einer Terrasse in unserem gro\u00dfen Au\u00dfenpool (500 m2) entspannen, der in der Nebensaison teilweise beheizt ist, w\u00e4hrend Ihre Kinder den Fluss Angeln entdecken. Das Hotel verf\u00fcgt auch \u00fcber mehrere moderne Einrichtungen f\u00fcr Sport und Erholung mit der Familie: Multisportplatz, Tischtennis, Petanque, Volleyball, Tennisplatz \u2026<\/p>\n<\/div>\n<\/div>\n\n\n    <\/div>\n<\/section>\n\n<section id=\"ls-section-block_14129939d6f6ac1262e93ed450f5b50e\" class=\"ls-section \" >\n        <div class=\"container container--wide\">\n        \n\n<div class=\"wp-block-columns is-layout-flex wp-container-core-columns-is-layout-9d6595d7 wp-block-columns-is-layout-flex\">\n<div class=\"wp-block-column is-vertically-aligned-center is-layout-flow wp-block-column-is-layout-flow\">\n<h2 class=\"ls__heading deco wp-block-heading\">WAS KANN MAN IN N\u00ceMES UNTERNEHMEN ?<\/h2>\n\n\n\n<p class=\"ls-paragraph\">Wir brauchen nicht zu erw\u00e4hnen, dass der Besuch einer Stadt, die in der antike gegr\u00fcndet wurde, Geschichts-, Kultur- und Arch\u00e4ologiebegeisterte gefallen wird. Das Amphitheater von N\u00eemes, ein Meisterwerk der r\u00f6mischen Baukunst, ist nur der sichtbare Teil eines mit dem Label \u201eVille d\u2018art et histoire\u201c (\u00fcbersetzt: Stadt der Kunst und Geschichte) ausgezeichneten Eisberges.<\/p>\n\n\n\n<figure class=\"wp-block-image size-full animated fadeInRight delay-500ms slow\"><a href=\"https:\/\/www.camping-cevennes.info\/wp-content\/uploads\/2022\/10\/nimes-ville.jpg\"><img decoding=\"async\" width=\"900\" height=\"600\" src=\"https:\/\/www.camping-cevennes.info\/wp-content\/uploads\/2022\/10\/nimes-ville.jpg\" alt=\"nimes ville\" class=\"wp-image-3013\" srcset=\"https:\/\/www.camping-cevennes.info\/wp-content\/uploads\/2022\/10\/nimes-ville.jpg 900w, https:\/\/www.camping-cevennes.info\/wp-content\/uploads\/2022\/10\/nimes-ville-300x200.jpg 300w, https:\/\/www.camping-cevennes.info\/wp-content\/uploads\/2022\/10\/nimes-ville-768x512.jpg 768w\" sizes=\"(max-width: 900px) 100vw, 900px\" \/><\/a><\/figure>\n<\/div>\n\n\n\n<div class=\"wp-block-column is-vertically-aligned-center is-layout-flow wp-block-column-is-layout-flow\">\n<figure class=\"wp-block-image size-full animated fadeInLeft delay-500ms slow\"><a href=\"https:\/\/www.camping-cevennes.info\/wp-content\/uploads\/2022\/10\/arene-de-nimes-1.jpg\"><img decoding=\"async\" width=\"900\" height=\"600\" src=\"https:\/\/www.camping-cevennes.info\/wp-content\/uploads\/2022\/10\/arene-de-nimes-1.jpg\" alt=\"arene de nimes\" class=\"wp-image-4036\" srcset=\"https:\/\/www.camping-cevennes.info\/wp-content\/uploads\/2022\/10\/arene-de-nimes-1.jpg 900w, https:\/\/www.camping-cevennes.info\/wp-content\/uploads\/2022\/10\/arene-de-nimes-1-300x200.jpg 300w, https:\/\/www.camping-cevennes.info\/wp-content\/uploads\/2022\/10\/arene-de-nimes-1-768x512.jpg 768w\" sizes=\"(max-width: 900px) 100vw, 900px\" \/><\/a><\/figure>\n\n\n\n<p class=\"ls-paragraph\">Ihre Erkundungen beginnen h\u00f6chstwahrscheinlich bei den r\u00f6mischen Denkm\u00e4lern wie dem Amphitheater, dem \u201eMaison Carr\u00e9\u201c genannten Tempel, dem Tour Magne, dem Aqu\u00e4dukt oder der Porte de France und der Porte d\u2018Aguste. Zu den r\u00f6mischen Ruinen kommen zudem religi\u00f6se Denkm\u00e4ler (die Kathedrale Notre-Dame-etSaint-Castor, Chapelle Sainte-Eug\u00e9nie, die Kapelle der Jesuiten, die Kirche Saint-Charles, die Kirche Saint-Paul, die Kirche Saint-Baudile, die Kirche Sainte-Perp\u00e9tue-et-F\u00e9licit\u00e9) und historische Geb\u00e4ude wie der Uhrenturm.<\/p>\n<\/div>\n<\/div>\n\n\n    <\/div>\n<\/section>\n\n<section id=\"ls-section-block_2a6b1f08718074f1f820a66975b8d0e0\" class=\"ls-section  has-p-t p-t-0\" >\n        <div class=\"container container--wide\">\n        \n\n<div id=\"ls-heading ls-titre-div-block_8d3109a895bedf28b5812a3054c90b2b\" class=\"ls-titre-div deco-centree aligncenter h2-like\" >\n    Entdecken Sie andere St\u00e4dte in der Umgebung<\/div>\n\n\n<div id=\"ls-maillage-block_87fdd32baed6667661bc73eaecffa4cb\" class=\"ls-maillage cta-style-normal\" data-rows=\"3\">\n    <div class=\"wp-block-columns\"><div class=\"wp-block-column\">\n\n<a href=\"https:\/\/www.camping-cevennes.info\/de\/ferien-im-gard\/camping-in-der-naehe-von-ales\/\" target=\"\" rel=\"noopener\" class=\"ls-cta__link\">\n\n\t<div class=\"ls-cta__image\"><img decoding=\"async\" src=\"https:\/\/www.camping-cevennes.info\/wp-content\/uploads\/2022\/10\/ales-1024x480.jpg\" alt=\"al\u00e8s\"><\/div>\n\t<div class=\"ls-cta__title\">\n\t\tAl\u00e8s\t<\/div>\n\n\t\t\n<\/a><\/div><div class=\"wp-block-column\">\n\n<a href=\"https:\/\/www.camping-cevennes.info\/de\/ferien-im-gard\/camping-naehe-danduze\/\" target=\"\" rel=\"noopener\" class=\"ls-cta__link\">\n\n\t<div class=\"ls-cta__image\"><img decoding=\"async\" src=\"https:\/\/www.camping-cevennes.info\/wp-content\/uploads\/2022\/10\/anduze-1024x480.jpg\" alt=\"anduze\"><\/div>\n\t<div class=\"ls-cta__title\">\n\t\tAnduze\t<\/div>\n\n\t\t\n<\/a><\/div><div class=\"wp-block-column\">\n\n<a href=\"https:\/\/www.camping-cevennes.info\/de\/ferien-im-gard\/camping-bei-mialet\/\" target=\"\" rel=\"noopener\" class=\"ls-cta__link\">\n\n\t<div class=\"ls-cta__image\"><img decoding=\"async\" src=\"https:\/\/www.camping-cevennes.info\/wp-content\/uploads\/2022\/11\/tourisme-mialet.jpg\" alt=\"tourisme mialet\"><\/div>\n\t<div class=\"ls-cta__title\">\n\t\tMialet\t<\/div>\n\n\t\t\n<\/a><\/div><\/div><\/div>\n\n    <\/div>\n<\/section>","protected":false},"excerpt":{"rendered":"","protected":false},"author":1,"featured_media":3019,"parent":4788,"menu_order":0,"comment_status":"closed","ping_status":"closed","template":"","meta":{"_acf_changed":false,"footnotes":""},"sujet":[],"class_list":["post-4877","page","type-page","status-publish","has-post-thumbnail","hentry"],"acf":[],"yoast_head":"<!-- This site is optimized with the Yoast SEO plugin v25.3 - https:\/\/yoast.com\/wordpress\/plugins\/seo\/ -->\n<title>Campingplatz N\u00eemes | Ferienhaus N\u00eemes | Urlaub in Nimes im Gard<\/title>\n<meta name=\"description\" content=\"Touristische Aktivit\u00e4ten in N\u00eemes, Orte, die man nicht verpassen sollte, was man w\u00e4hrend seines Urlaubs in N\u00eemes sehen kann\" \/>\n<meta name=\"robots\" content=\"index, follow, max-snippet:-1, max-image-preview:large, max-video-preview:-1\" \/>\n<link rel=\"canonical\" href=\"https:\/\/www.camping-cevennes.info\/de\/ferien-im-gard\/camping-bei-nimes\/\" \/>\n<meta property=\"og:locale\" content=\"de_DE\" \/>\n<meta property=\"og:type\" content=\"article\" \/>\n<meta property=\"og:title\" content=\"Campingplatz N\u00eemes | Ferienhaus N\u00eemes | Urlaub in Nimes im Gard\" \/>\n<meta property=\"og:description\" content=\"Touristische Aktivit\u00e4ten in N\u00eemes, Orte, die man nicht verpassen sollte, was man w\u00e4hrend seines Urlaubs in N\u00eemes sehen kann\" \/>\n<meta property=\"og:url\" content=\"https:\/\/www.camping-cevennes.info\/de\/ferien-im-gard\/camping-bei-nimes\/\" \/>\n<meta property=\"og:site_name\" content=\"Camping Mas de la Cam\" \/>\n<meta property=\"article:modified_time\" content=\"2022-11-14T10:12:21+00:00\" \/>\n<meta property=\"og:image\" content=\"https:\/\/www.camping-cevennes.info\/wp-content\/uploads\/2022\/10\/nimes-cathedrale.jpg\" \/>\n\t<meta property=\"og:image:width\" content=\"1920\" \/>\n\t<meta property=\"og:image:height\" content=\"900\" \/>\n\t<meta property=\"og:image:type\" content=\"image\/jpeg\" \/>\n<meta name=\"twitter:card\" content=\"summary_large_image\" \/>\n<meta name=\"twitter:label1\" content=\"Gesch\u00e4tzte Lesezeit\" \/>\n\t<meta name=\"twitter:data1\" content=\"3\u00a0Minuten\" \/>\n<script type=\"application\/ld+json\" class=\"yoast-schema-graph\">{\"@context\":\"https:\/\/schema.org\",\"@graph\":[{\"@type\":\"WebPage\",\"@id\":\"https:\/\/www.camping-cevennes.info\/de\/ferien-im-gard\/camping-bei-nimes\/\",\"url\":\"https:\/\/www.camping-cevennes.info\/de\/ferien-im-gard\/camping-bei-nimes\/\",\"name\":\"Campingplatz N\u00eemes | Ferienhaus N\u00eemes | Urlaub in Nimes im Gard\",\"isPartOf\":{\"@id\":\"https:\/\/www.camping-cevennes.info\/de\/#website\"},\"primaryImageOfPage\":{\"@id\":\"https:\/\/www.camping-cevennes.info\/de\/ferien-im-gard\/camping-bei-nimes\/#primaryimage\"},\"image\":{\"@id\":\"https:\/\/www.camping-cevennes.info\/de\/ferien-im-gard\/camping-bei-nimes\/#primaryimage\"},\"thumbnailUrl\":\"https:\/\/www.camping-cevennes.info\/wp-content\/uploads\/2022\/10\/nimes-cathedrale.jpg\",\"datePublished\":\"2022-10-19T14:25:30+00:00\",\"dateModified\":\"2022-11-14T10:12:21+00:00\",\"description\":\"Touristische Aktivit\u00e4ten in N\u00eemes, Orte, die man nicht verpassen sollte, was man w\u00e4hrend seines Urlaubs in N\u00eemes sehen kann\",\"breadcrumb\":{\"@id\":\"https:\/\/www.camping-cevennes.info\/de\/ferien-im-gard\/camping-bei-nimes\/#breadcrumb\"},\"inLanguage\":\"de\",\"potentialAction\":[{\"@type\":\"ReadAction\",\"target\":[\"https:\/\/www.camping-cevennes.info\/de\/ferien-im-gard\/camping-bei-nimes\/\"]}]},{\"@type\":\"ImageObject\",\"inLanguage\":\"de\",\"@id\":\"https:\/\/www.camping-cevennes.info\/de\/ferien-im-gard\/camping-bei-nimes\/#primaryimage\",\"url\":\"https:\/\/www.camping-cevennes.info\/wp-content\/uploads\/2022\/10\/nimes-cathedrale.jpg\",\"contentUrl\":\"https:\/\/www.camping-cevennes.info\/wp-content\/uploads\/2022\/10\/nimes-cathedrale.jpg\",\"width\":1920,\"height\":900,\"caption\":\"nimes cathedrale\"},{\"@type\":\"BreadcrumbList\",\"@id\":\"https:\/\/www.camping-cevennes.info\/de\/ferien-im-gard\/camping-bei-nimes\/#breadcrumb\",\"itemListElement\":[{\"@type\":\"ListItem\",\"position\":1,\"name\":\"Campingplatz C\u00e9vennes\",\"item\":\"https:\/\/www.camping-cevennes.info\/de\/\"},{\"@type\":\"ListItem\",\"position\":2,\"name\":\"Der Gard\",\"item\":\"https:\/\/www.camping-cevennes.info\/de\/ferien-im-gard\/\"},{\"@type\":\"ListItem\",\"position\":3,\"name\":\"Campingplatz bei N\u00eemes\"}]},{\"@type\":\"WebSite\",\"@id\":\"https:\/\/www.camping-cevennes.info\/de\/#website\",\"url\":\"https:\/\/www.camping-cevennes.info\/de\/\",\"name\":\"Camping Mas de la Cam\",\"description\":\"\",\"publisher\":{\"@id\":\"https:\/\/www.camping-cevennes.info\/de\/#organization\"},\"potentialAction\":[{\"@type\":\"SearchAction\",\"target\":{\"@type\":\"EntryPoint\",\"urlTemplate\":\"https:\/\/www.camping-cevennes.info\/de\/?s={search_term_string}\"},\"query-input\":{\"@type\":\"PropertyValueSpecification\",\"valueRequired\":true,\"valueName\":\"search_term_string\"}}],\"inLanguage\":\"de\"},{\"@type\":\"Organization\",\"@id\":\"https:\/\/www.camping-cevennes.info\/de\/#organization\",\"name\":\"Camping Mas de la Cam\",\"url\":\"https:\/\/www.camping-cevennes.info\/de\/\",\"logo\":{\"@type\":\"ImageObject\",\"inLanguage\":\"de\",\"@id\":\"https:\/\/www.camping-cevennes.info\/de\/#\/schema\/logo\/image\/\",\"url\":\"https:\/\/www.camping-cevennes.info\/wp-content\/uploads\/2022\/09\/logo-camping-mas-de-la-cam-noir-1.png\",\"contentUrl\":\"https:\/\/www.camping-cevennes.info\/wp-content\/uploads\/2022\/09\/logo-camping-mas-de-la-cam-noir-1.png\",\"width\":625,\"height\":190,\"caption\":\"Camping Mas de la Cam\"},\"image\":{\"@id\":\"https:\/\/www.camping-cevennes.info\/de\/#\/schema\/logo\/image\/\"}}]}<\/script>\n<!-- \/ Yoast SEO plugin. -->","yoast_head_json":{"title":"Campingplatz N\u00eemes | Ferienhaus N\u00eemes | Urlaub in Nimes im Gard","description":"Touristische Aktivit\u00e4ten in N\u00eemes, Orte, die man nicht verpassen sollte, was man w\u00e4hrend seines Urlaubs in N\u00eemes sehen kann","robots":{"index":"index","follow":"follow","max-snippet":"max-snippet:-1","max-image-preview":"max-image-preview:large","max-video-preview":"max-video-preview:-1"},"canonical":"https:\/\/www.camping-cevennes.info\/de\/ferien-im-gard\/camping-bei-nimes\/","og_locale":"de_DE","og_type":"article","og_title":"Campingplatz N\u00eemes | Ferienhaus N\u00eemes | Urlaub in Nimes im Gard","og_description":"Touristische Aktivit\u00e4ten in N\u00eemes, Orte, die man nicht verpassen sollte, was man w\u00e4hrend seines Urlaubs in N\u00eemes sehen kann","og_url":"https:\/\/www.camping-cevennes.info\/de\/ferien-im-gard\/camping-bei-nimes\/","og_site_name":"Camping Mas de la Cam","article_modified_time":"2022-11-14T10:12:21+00:00","og_image":[{"width":1920,"height":900,"url":"https:\/\/www.camping-cevennes.info\/wp-content\/uploads\/2022\/10\/nimes-cathedrale.jpg","type":"image\/jpeg"}],"twitter_card":"summary_large_image","twitter_misc":{"Gesch\u00e4tzte Lesezeit":"3\u00a0Minuten"},"schema":{"@context":"https:\/\/schema.org","@graph":[{"@type":"WebPage","@id":"https:\/\/www.camping-cevennes.info\/de\/ferien-im-gard\/camping-bei-nimes\/","url":"https:\/\/www.camping-cevennes.info\/de\/ferien-im-gard\/camping-bei-nimes\/","name":"Campingplatz N\u00eemes | Ferienhaus N\u00eemes | Urlaub in Nimes im Gard","isPartOf":{"@id":"https:\/\/www.camping-cevennes.info\/de\/#website"},"primaryImageOfPage":{"@id":"https:\/\/www.camping-cevennes.info\/de\/ferien-im-gard\/camping-bei-nimes\/#primaryimage"},"image":{"@id":"https:\/\/www.camping-cevennes.info\/de\/ferien-im-gard\/camping-bei-nimes\/#primaryimage"},"thumbnailUrl":"https:\/\/www.camping-cevennes.info\/wp-content\/uploads\/2022\/10\/nimes-cathedrale.jpg","datePublished":"2022-10-19T14:25:30+00:00","dateModified":"2022-11-14T10:12:21+00:00","description":"Touristische Aktivit\u00e4ten in N\u00eemes, Orte, die man nicht verpassen sollte, was man w\u00e4hrend seines Urlaubs in N\u00eemes sehen kann","breadcrumb":{"@id":"https:\/\/www.camping-cevennes.info\/de\/ferien-im-gard\/camping-bei-nimes\/#breadcrumb"},"inLanguage":"de","potentialAction":[{"@type":"ReadAction","target":["https:\/\/www.camping-cevennes.info\/de\/ferien-im-gard\/camping-bei-nimes\/"]}]},{"@type":"ImageObject","inLanguage":"de","@id":"https:\/\/www.camping-cevennes.info\/de\/ferien-im-gard\/camping-bei-nimes\/#primaryimage","url":"https:\/\/www.camping-cevennes.info\/wp-content\/uploads\/2022\/10\/nimes-cathedrale.jpg","contentUrl":"https:\/\/www.camping-cevennes.info\/wp-content\/uploads\/2022\/10\/nimes-cathedrale.jpg","width":1920,"height":900,"caption":"nimes cathedrale"},{"@type":"BreadcrumbList","@id":"https:\/\/www.camping-cevennes.info\/de\/ferien-im-gard\/camping-bei-nimes\/#breadcrumb","itemListElement":[{"@type":"ListItem","position":1,"name":"Campingplatz C\u00e9vennes","item":"https:\/\/www.camping-cevennes.info\/de\/"},{"@type":"ListItem","position":2,"name":"Der Gard","item":"https:\/\/www.camping-cevennes.info\/de\/ferien-im-gard\/"},{"@type":"ListItem","position":3,"name":"Campingplatz bei N\u00eemes"}]},{"@type":"WebSite","@id":"https:\/\/www.camping-cevennes.info\/de\/#website","url":"https:\/\/www.camping-cevennes.info\/de\/","name":"Camping Mas de la Cam","description":"","publisher":{"@id":"https:\/\/www.camping-cevennes.info\/de\/#organization"},"potentialAction":[{"@type":"SearchAction","target":{"@type":"EntryPoint","urlTemplate":"https:\/\/www.camping-cevennes.info\/de\/?s={search_term_string}"},"query-input":{"@type":"PropertyValueSpecification","valueRequired":true,"valueName":"search_term_string"}}],"inLanguage":"de"},{"@type":"Organization","@id":"https:\/\/www.camping-cevennes.info\/de\/#organization","name":"Camping Mas de la Cam","url":"https:\/\/www.camping-cevennes.info\/de\/","logo":{"@type":"ImageObject","inLanguage":"de","@id":"https:\/\/www.camping-cevennes.info\/de\/#\/schema\/logo\/image\/","url":"https:\/\/www.camping-cevennes.info\/wp-content\/uploads\/2022\/09\/logo-camping-mas-de-la-cam-noir-1.png","contentUrl":"https:\/\/www.camping-cevennes.info\/wp-content\/uploads\/2022\/09\/logo-camping-mas-de-la-cam-noir-1.png","width":625,"height":190,"caption":"Camping Mas de la Cam"},"image":{"@id":"https:\/\/www.camping-cevennes.info\/de\/#\/schema\/logo\/image\/"}}]}},"_links":{"self":[{"href":"https:\/\/www.camping-cevennes.info\/de\/wp-json\/wp\/v2\/pages\/4877","targetHints":{"allow":["GET"]}}],"collection":[{"href":"https:\/\/www.camping-cevennes.info\/de\/wp-json\/wp\/v2\/pages"}],"about":[{"href":"https:\/\/www.camping-cevennes.info\/de\/wp-json\/wp\/v2\/types\/page"}],"author":[{"embeddable":true,"href":"https:\/\/www.camping-cevennes.info\/de\/wp-json\/wp\/v2\/users\/1"}],"replies":[{"embeddable":true,"href":"https:\/\/www.camping-cevennes.info\/de\/wp-json\/wp\/v2\/comments?post=4877"}],"version-history":[{"count":3,"href":"https:\/\/www.camping-cevennes.info\/de\/wp-json\/wp\/v2\/pages\/4877\/revisions"}],"predecessor-version":[{"id":5366,"href":"https:\/\/www.camping-cevennes.info\/de\/wp-json\/wp\/v2\/pages\/4877\/revisions\/5366"}],"up":[{"embeddable":true,"href":"https:\/\/www.camping-cevennes.info\/de\/wp-json\/wp\/v2\/pages\/4788"}],"wp:featuredmedia":[{"embeddable":true,"href":"https:\/\/www.camping-cevennes.info\/de\/wp-json\/wp\/v2\/media\/3019"}],"wp:attachment":[{"href":"https:\/\/www.camping-cevennes.info\/de\/wp-json\/wp\/v2\/media?parent=4877"}],"wp:term":[{"taxonomy":"sujet","embeddable":true,"href":"https:\/\/www.camping-cevennes.info\/de\/wp-json\/wp\/v2\/sujet?post=4877"}],"curies":[{"name":"wp","href":"https:\/\/api.w.org\/{rel}","templated":true}]}}