{"id":4871,"date":"2022-10-24T11:45:53","date_gmt":"2022-10-24T09:45:53","guid":{"rendered":"https:\/\/www.camping-cevennes.info\/vacances-gard\/camping-mont-aigoual\/"},"modified":"2022-11-14T11:12:06","modified_gmt":"2022-11-14T10:12:06","slug":"camping-beim-mont-aigoual","status":"publish","type":"page","link":"https:\/\/www.camping-cevennes.info\/de\/ferien-im-gard\/camping-beim-mont-aigoual\/","title":{"rendered":"Mont aigoual"},"content":{"rendered":"<section id=\"ls-section-block_f9d48204b1632500a9c58449c5ca2c23\" class=\"ls-section  page-intro has-p-t p-t-14\" >\n        <div class=\"container container--wide\">\n        \n\n<div class=\"wp-block-columns columns-parent is-layout-flex wp-container-core-columns-is-layout-9d6595d7 wp-block-columns-is-layout-flex\">\n<div class=\"wp-block-column is-vertically-aligned-center left is-layout-flow wp-block-column-is-layout-flow\">\n<h1 class=\"ls__heading animated fadeInLeft delay-200ms wp-block-heading\"><span class=\"small\">CAMPINGPLATZ BEIM <\/span><br><span class=\"bold\">Mont-Aigoual<\/span><\/h1>\n\n\n\n<p class=\"ls-paragraph\">Okzitanien ist eine sehr geschichtstr\u00e4chtige Region mit beachtlichen Natur- und Kulturdenkm\u00e4lern. Wenn Sie ein unverf\u00e4lschtes St\u00fcck dieser Region kennenlernen m\u00f6chten, raten wir Ihnen, durch die Tore des Campingplatzes Mas de la Cam, einem wundersch\u00f6nen 4-Sterne-Campingplatz am Ufer des Flusses Gardon (Saint-Jean-du-Gard) in einem 65 Hektar gro\u00dfen, baumbestandenen Park zu treten.<\/p>\n<\/div>\n\n\n\n<div class=\"wp-block-column is-vertically-aligned-center right is-layout-flow wp-block-column-is-layout-flow\">\n<iframe src=\"https:\/\/www.google.com\/maps\/embed?pb=!1m28!1m12!1m3!1d2815500.5994393956!2d0.19011642745417742!3d46.4385452783661!2m3!1f0!2f0!3f0!3m2!1i1024!2i768!4f13.1!4m13!3e0!4m5!1s0x12b47164841558ad%3A0x62d813088da27348!2sCamping%20Mas%20de%20la%20Cam%20Saint%20Jean%20du%20Gard%2C%20Saint-Jean-du-Gard!3m2!1d44.112383099999995!2d3.8543309999999997!4m5!1s0x12b38c59674b14b7%3A0x1579bbffa8a5c9ea!2sObservatoire%20du%20Mont%20Aigoual%2C%20Mont%20Aigoual%2C%2030570%20Val-d'Aigoual!3m2!1d44.121448799999996!2d3.5818228999999997!5e0!3m2!1sfr!2sfr!4v1666686441231!5m2!1sfr!2sfr\" width=\"100%\" height=\"450\" style=\"border:0;\" allowfullscreen=\"\" loading=\"lazy\" referrerpolicy=\"no-referrer-when-downgrade\"><\/iframe>\n<\/div>\n<\/div>\n\n\n    <\/div>\n<\/section>\n\n<section id=\"ls-section-block_7fb7b7bffa6429cfadcfa5479e4730d3\" class=\"ls-section  page-one has-p-t p-t-0\" >\n        <div class=\"container container--wide\">\n        \n\n<div class=\"wp-block-columns is-layout-flex wp-container-core-columns-is-layout-9d6595d7 wp-block-columns-is-layout-flex\">\n<div class=\"wp-block-column is-vertically-aligned-center is-layout-flow wp-block-column-is-layout-flow\">\n<figure class=\"wp-block-image size-full animated fadeInLeft delay-500ms slow\"><a href=\"https:\/\/www.camping-cevennes.info\/wp-content\/uploads\/2022\/10\/mont-aigoual-gard.jpg\"><img decoding=\"async\" width=\"900\" height=\"600\" src=\"https:\/\/www.camping-cevennes.info\/wp-content\/uploads\/2022\/10\/mont-aigoual-gard.jpg\" alt=\"mont aigoual gard\" class=\"wp-image-2971\" srcset=\"https:\/\/www.camping-cevennes.info\/wp-content\/uploads\/2022\/10\/mont-aigoual-gard.jpg 900w, https:\/\/www.camping-cevennes.info\/wp-content\/uploads\/2022\/10\/mont-aigoual-gard-300x200.jpg 300w, https:\/\/www.camping-cevennes.info\/wp-content\/uploads\/2022\/10\/mont-aigoual-gard-768x512.jpg 768w\" sizes=\"(max-width: 900px) 100vw, 900px\" \/><\/a><\/figure>\n<\/div>\n\n\n\n<div class=\"wp-block-column is-vertically-aligned-center is-layout-flow wp-block-column-is-layout-flow\">\n<h2 class=\"ls__heading deco wp-block-heading\">WAS IST IM MONT AIGOUAL ZU TUN?<\/h2>\n\n\n\n<p class=\"ls-paragraph\">Willkommen an der Grenze zwischen Gard und Loz\u00e8re, s\u00fcdlich des Zentralmassivs. Der Mount Aigoual ist mit 1.565 m \u00fcber dem Meeresspiegel der zweite H\u00f6hepunkt der Cevennen, nach dem Mount Loz\u00e8re (1.699 m). Es ist ein ideales Ziel f\u00fcr Naturliebhaber, Wanderer, Radfahrer und au\u00dfergew\u00f6hnliche Naturliebhaber. Der Panoramablick vom Gipfel ist so gro\u00dfartig, dass dort ein meteorologisches Observatorium installiert wurde, das Observatorium des Aigoual.<\/p>\n\n\n\n<p class=\"ls-paragraph\">Da die St\u00e4dte Bassurels und Valleraugue auf einem Plateau gebaut wurden, finden Sie mehrere Wanderwege, die W\u00e4lder durchqueren, W\u00e4lder, die die Camisards und die Maquisards sehr gut kannten. Auf dem Weg sehen Sie den Gipfel des Fageolle, das Signal des Hort de Dieu und das Signal des Aigoual. Der Aufstieg von 4.000 Stufen ist die beliebteste Wanderung. Wenn Sie Valleraugue verlassen, m\u00fcssen Sie steile H\u00fcgel erklimmen, um den Gipfel zu erreichen. Von oben haben Sie einen beeindruckenden Blick auf das Tal, die Grands Causses, den Nationalpark Cevennen und unten die Gipfel der Pyren\u00e4en.<\/p>\n<\/div>\n<\/div>\n\n\n    <\/div>\n<\/section>\n\n<section id=\"ls-section-block_48b10069634bde99ee9fcd10fd740929\" class=\"ls-section  page-two has-m-b m-b-7 has-p-t p-t-0 has-p-b p-b-0\" >\n        <div class=\"container container--wide\">\n        \n\n<p class=\"ls-paragraph has-text-align-center\">Wenn Sie mit kleinen Kindern unterwegs sind, spazieren Sie einfach durch diese bewaldete Umgebung. Wenn Sie nach einem einzigartigen Ort f\u00fcr eine Hochzeit oder ein Jubil\u00e4um suchen, ist das Ch\u00e2teau des Pauses spezialisiert auf die Organisation von Gruppenveranstaltungen.<\/p>\n\n\n\n<p class=\"ls-paragraph has-text-align-center\">An sonnigen Tagen eignet sich der Berg Aigoual ideal f\u00fcr Familienwanderungen und Radtouren (Col de Perjuret, Col de la Lusette). Im Winter verwandelt sich der Berg Aigoual in ein Skigebiet. Prat Peyrot ist das gr\u00f6\u00dfte Skigebiet in den Cevennen. Die meisten Unterk\u00fcnfte befinden sich in Esperou. Wenn Sie den Aigoual-Berg im Winter besuchen m\u00f6chten, erkundigen Sie sich vor der Einnahme nach den Wetterbedingungen des Aigoual-Erholungszentrums (insbesondere Schneest\u00fcrme, Windb\u00f6en und Nebel) Wegen.<\/p>\n\n\n    <\/div>\n<\/section>\n\n<section id=\"ls-section-block_74130f7d6ea2a7e71f94abe58624f4bb\" class=\"ls-section  parallax-seul has-background-image has-parallax has-m-b m-b-10\" >\n    <div class=\"ls-section__background-image opacity-100\"><img decoding=\"async\" src=\"https:\/\/www.camping-cevennes.info\/wp-content\/uploads\/2022\/10\/mont-aigoual.jpg\" alt=\"mont aigoual\"><\/div>    <div class=\"container container--full\">\n        \n    <\/div>\n<\/section>\n\n<section id=\"ls-section-block_683a3dad8f07551941e53b93310e915f\" class=\"ls-section \" >\n        <div class=\"container container--wide\">\n        \n\n<div id=\"ls-heading ls-titre-div-block_efa1b8e7ca0c392ba5c57ef96f942727\" class=\"ls-titre-div deco-centree aligncenter h2-like\" >\n    Entdecken Sie Aktivit\u00e4ten in der N\u00e4he des Campingplatzes<\/div>\n\n\n<div id=\"ls-maillage-block_761e84f9082b8f6577302e621b2dd49d\" class=\"ls-maillage cta-style-normal\" data-rows=\"3\">\n    <div class=\"wp-block-columns\"><div class=\"wp-block-column\">\n\n<a href=\"https:\/\/www.camping-cevennes.info\/de\/ferien-im-gard\/bambouseraie-en-cevennes\/\" target=\"\" rel=\"noopener\" class=\"ls-cta__link\">\n\n\t<div class=\"ls-cta__image\"><img decoding=\"async\" src=\"https:\/\/www.camping-cevennes.info\/wp-content\/uploads\/2022\/10\/bamboo-1024x480.jpg\" alt=\"bamboo\"><\/div>\n\t<div class=\"ls-cta__title\">\n\t\tBambouseraie\t<\/div>\n\n\t\t\n<\/a><\/div><div class=\"wp-block-column\">\n\n<a href=\"https:\/\/www.camping-cevennes.info\/de\/ferien-im-gard\/nationalpark-cevennen\/\" target=\"\" rel=\"noopener\" class=\"ls-cta__link\">\n\n\t<div class=\"ls-cta__image\"><img decoding=\"async\" src=\"https:\/\/www.camping-cevennes.info\/wp-content\/uploads\/2022\/10\/village-cevennes.jpg\" alt=\"village cevennes\"><\/div>\n\t<div class=\"ls-cta__title\">\n\t\tNationalpark der Cevennen\t<\/div>\n\n\t\t\n<\/a><\/div><div class=\"wp-block-column\">\n\n<a href=\"https:\/\/www.camping-cevennes.info\/de\/ferien-im-gard\/camping-bei-der-pont-du-gard\/\" target=\"\" rel=\"noopener\" class=\"ls-cta__link\">\n\n\t<div class=\"ls-cta__image\"><img decoding=\"async\" src=\"https:\/\/www.camping-cevennes.info\/wp-content\/uploads\/2022\/10\/pont-du-gard-1.jpg\" alt=\"pont du gard\"><\/div>\n\t<div class=\"ls-cta__title\">\n\t\tPont du Gard\t<\/div>\n\n\t\t\n<\/a><\/div><\/div><\/div>\n\n    <\/div>\n<\/section>","protected":false},"excerpt":{"rendered":"","protected":false},"author":1,"featured_media":2991,"parent":4788,"menu_order":0,"comment_status":"closed","ping_status":"closed","template":"","meta":{"_acf_changed":false,"footnotes":""},"sujet":[],"class_list":["post-4871","page","type-page","status-publish","has-post-thumbnail","hentry"],"acf":[],"yoast_head":"<!-- This site is optimized with the Yoast SEO plugin v25.3 - https:\/\/yoast.com\/wordpress\/plugins\/seo\/ -->\n<title>Campingplatz Mont Aigoual | Entdecken Sie den Mont Aigoual<\/title>\n<meta name=\"description\" content=\"Touristische Aktivit\u00e4ten am Mont Aigoual, Orte, die man nicht verpassen sollte, was man w\u00e4hrend seines Urlaubs am Mont Aigual sehen kann\" \/>\n<meta name=\"robots\" content=\"index, follow, max-snippet:-1, max-image-preview:large, max-video-preview:-1\" \/>\n<link rel=\"canonical\" href=\"https:\/\/www.camping-cevennes.info\/de\/ferien-im-gard\/camping-beim-mont-aigoual\/\" \/>\n<meta property=\"og:locale\" content=\"de_DE\" \/>\n<meta property=\"og:type\" content=\"article\" \/>\n<meta property=\"og:title\" content=\"Campingplatz Mont Aigoual | Entdecken Sie den Mont Aigoual\" \/>\n<meta property=\"og:description\" content=\"Touristische Aktivit\u00e4ten am Mont Aigoual, Orte, die man nicht verpassen sollte, was man w\u00e4hrend seines Urlaubs am Mont Aigual sehen kann\" \/>\n<meta property=\"og:url\" content=\"https:\/\/www.camping-cevennes.info\/de\/ferien-im-gard\/camping-beim-mont-aigoual\/\" \/>\n<meta property=\"og:site_name\" content=\"Camping Mas de la Cam\" \/>\n<meta property=\"article:modified_time\" content=\"2022-11-14T10:12:06+00:00\" \/>\n<meta property=\"og:image\" content=\"https:\/\/www.camping-cevennes.info\/wp-content\/uploads\/2022\/10\/mont-aigoual-paysage.jpg\" \/>\n\t<meta property=\"og:image:width\" content=\"1920\" \/>\n\t<meta property=\"og:image:height\" content=\"720\" \/>\n\t<meta property=\"og:image:type\" content=\"image\/jpeg\" \/>\n<meta name=\"twitter:card\" content=\"summary_large_image\" \/>\n<meta name=\"twitter:label1\" content=\"Gesch\u00e4tzte Lesezeit\" \/>\n\t<meta name=\"twitter:data1\" content=\"2\u00a0Minuten\" \/>\n<script type=\"application\/ld+json\" class=\"yoast-schema-graph\">{\"@context\":\"https:\/\/schema.org\",\"@graph\":[{\"@type\":\"WebPage\",\"@id\":\"https:\/\/www.camping-cevennes.info\/de\/ferien-im-gard\/camping-beim-mont-aigoual\/\",\"url\":\"https:\/\/www.camping-cevennes.info\/de\/ferien-im-gard\/camping-beim-mont-aigoual\/\",\"name\":\"Campingplatz Mont Aigoual | Entdecken Sie den Mont Aigoual\",\"isPartOf\":{\"@id\":\"https:\/\/www.camping-cevennes.info\/de\/#website\"},\"primaryImageOfPage\":{\"@id\":\"https:\/\/www.camping-cevennes.info\/de\/ferien-im-gard\/camping-beim-mont-aigoual\/#primaryimage\"},\"image\":{\"@id\":\"https:\/\/www.camping-cevennes.info\/de\/ferien-im-gard\/camping-beim-mont-aigoual\/#primaryimage\"},\"thumbnailUrl\":\"https:\/\/www.camping-cevennes.info\/wp-content\/uploads\/2022\/10\/mont-aigoual-paysage.jpg\",\"datePublished\":\"2022-10-24T09:45:53+00:00\",\"dateModified\":\"2022-11-14T10:12:06+00:00\",\"description\":\"Touristische Aktivit\u00e4ten am Mont Aigoual, Orte, die man nicht verpassen sollte, was man w\u00e4hrend seines Urlaubs am Mont Aigual sehen kann\",\"breadcrumb\":{\"@id\":\"https:\/\/www.camping-cevennes.info\/de\/ferien-im-gard\/camping-beim-mont-aigoual\/#breadcrumb\"},\"inLanguage\":\"de\",\"potentialAction\":[{\"@type\":\"ReadAction\",\"target\":[\"https:\/\/www.camping-cevennes.info\/de\/ferien-im-gard\/camping-beim-mont-aigoual\/\"]}]},{\"@type\":\"ImageObject\",\"inLanguage\":\"de\",\"@id\":\"https:\/\/www.camping-cevennes.info\/de\/ferien-im-gard\/camping-beim-mont-aigoual\/#primaryimage\",\"url\":\"https:\/\/www.camping-cevennes.info\/wp-content\/uploads\/2022\/10\/mont-aigoual-paysage.jpg\",\"contentUrl\":\"https:\/\/www.camping-cevennes.info\/wp-content\/uploads\/2022\/10\/mont-aigoual-paysage.jpg\",\"width\":1920,\"height\":720,\"caption\":\"mont aigoual paysage\"},{\"@type\":\"BreadcrumbList\",\"@id\":\"https:\/\/www.camping-cevennes.info\/de\/ferien-im-gard\/camping-beim-mont-aigoual\/#breadcrumb\",\"itemListElement\":[{\"@type\":\"ListItem\",\"position\":1,\"name\":\"Campingplatz C\u00e9vennes\",\"item\":\"https:\/\/www.camping-cevennes.info\/de\/\"},{\"@type\":\"ListItem\",\"position\":2,\"name\":\"Der Gard\",\"item\":\"https:\/\/www.camping-cevennes.info\/de\/ferien-im-gard\/\"},{\"@type\":\"ListItem\",\"position\":3,\"name\":\"Campingplatz beim Mont Aigoual\"}]},{\"@type\":\"WebSite\",\"@id\":\"https:\/\/www.camping-cevennes.info\/de\/#website\",\"url\":\"https:\/\/www.camping-cevennes.info\/de\/\",\"name\":\"Camping Mas de la Cam\",\"description\":\"\",\"publisher\":{\"@id\":\"https:\/\/www.camping-cevennes.info\/de\/#organization\"},\"potentialAction\":[{\"@type\":\"SearchAction\",\"target\":{\"@type\":\"EntryPoint\",\"urlTemplate\":\"https:\/\/www.camping-cevennes.info\/de\/?s={search_term_string}\"},\"query-input\":{\"@type\":\"PropertyValueSpecification\",\"valueRequired\":true,\"valueName\":\"search_term_string\"}}],\"inLanguage\":\"de\"},{\"@type\":\"Organization\",\"@id\":\"https:\/\/www.camping-cevennes.info\/de\/#organization\",\"name\":\"Camping Mas de la Cam\",\"url\":\"https:\/\/www.camping-cevennes.info\/de\/\",\"logo\":{\"@type\":\"ImageObject\",\"inLanguage\":\"de\",\"@id\":\"https:\/\/www.camping-cevennes.info\/de\/#\/schema\/logo\/image\/\",\"url\":\"https:\/\/www.camping-cevennes.info\/wp-content\/uploads\/2022\/09\/logo-camping-mas-de-la-cam-noir-1.png\",\"contentUrl\":\"https:\/\/www.camping-cevennes.info\/wp-content\/uploads\/2022\/09\/logo-camping-mas-de-la-cam-noir-1.png\",\"width\":625,\"height\":190,\"caption\":\"Camping Mas de la Cam\"},\"image\":{\"@id\":\"https:\/\/www.camping-cevennes.info\/de\/#\/schema\/logo\/image\/\"}}]}<\/script>\n<!-- \/ Yoast SEO plugin. -->","yoast_head_json":{"title":"Campingplatz Mont Aigoual | Entdecken Sie den Mont Aigoual","description":"Touristische Aktivit\u00e4ten am Mont Aigoual, Orte, die man nicht verpassen sollte, was man w\u00e4hrend seines Urlaubs am Mont Aigual sehen kann","robots":{"index":"index","follow":"follow","max-snippet":"max-snippet:-1","max-image-preview":"max-image-preview:large","max-video-preview":"max-video-preview:-1"},"canonical":"https:\/\/www.camping-cevennes.info\/de\/ferien-im-gard\/camping-beim-mont-aigoual\/","og_locale":"de_DE","og_type":"article","og_title":"Campingplatz Mont Aigoual | Entdecken Sie den Mont Aigoual","og_description":"Touristische Aktivit\u00e4ten am Mont Aigoual, Orte, die man nicht verpassen sollte, was man w\u00e4hrend seines Urlaubs am Mont Aigual sehen kann","og_url":"https:\/\/www.camping-cevennes.info\/de\/ferien-im-gard\/camping-beim-mont-aigoual\/","og_site_name":"Camping Mas de la Cam","article_modified_time":"2022-11-14T10:12:06+00:00","og_image":[{"width":1920,"height":720,"url":"https:\/\/www.camping-cevennes.info\/wp-content\/uploads\/2022\/10\/mont-aigoual-paysage.jpg","type":"image\/jpeg"}],"twitter_card":"summary_large_image","twitter_misc":{"Gesch\u00e4tzte Lesezeit":"2\u00a0Minuten"},"schema":{"@context":"https:\/\/schema.org","@graph":[{"@type":"WebPage","@id":"https:\/\/www.camping-cevennes.info\/de\/ferien-im-gard\/camping-beim-mont-aigoual\/","url":"https:\/\/www.camping-cevennes.info\/de\/ferien-im-gard\/camping-beim-mont-aigoual\/","name":"Campingplatz Mont Aigoual | Entdecken Sie den Mont Aigoual","isPartOf":{"@id":"https:\/\/www.camping-cevennes.info\/de\/#website"},"primaryImageOfPage":{"@id":"https:\/\/www.camping-cevennes.info\/de\/ferien-im-gard\/camping-beim-mont-aigoual\/#primaryimage"},"image":{"@id":"https:\/\/www.camping-cevennes.info\/de\/ferien-im-gard\/camping-beim-mont-aigoual\/#primaryimage"},"thumbnailUrl":"https:\/\/www.camping-cevennes.info\/wp-content\/uploads\/2022\/10\/mont-aigoual-paysage.jpg","datePublished":"2022-10-24T09:45:53+00:00","dateModified":"2022-11-14T10:12:06+00:00","description":"Touristische Aktivit\u00e4ten am Mont Aigoual, Orte, die man nicht verpassen sollte, was man w\u00e4hrend seines Urlaubs am Mont Aigual sehen kann","breadcrumb":{"@id":"https:\/\/www.camping-cevennes.info\/de\/ferien-im-gard\/camping-beim-mont-aigoual\/#breadcrumb"},"inLanguage":"de","potentialAction":[{"@type":"ReadAction","target":["https:\/\/www.camping-cevennes.info\/de\/ferien-im-gard\/camping-beim-mont-aigoual\/"]}]},{"@type":"ImageObject","inLanguage":"de","@id":"https:\/\/www.camping-cevennes.info\/de\/ferien-im-gard\/camping-beim-mont-aigoual\/#primaryimage","url":"https:\/\/www.camping-cevennes.info\/wp-content\/uploads\/2022\/10\/mont-aigoual-paysage.jpg","contentUrl":"https:\/\/www.camping-cevennes.info\/wp-content\/uploads\/2022\/10\/mont-aigoual-paysage.jpg","width":1920,"height":720,"caption":"mont aigoual paysage"},{"@type":"BreadcrumbList","@id":"https:\/\/www.camping-cevennes.info\/de\/ferien-im-gard\/camping-beim-mont-aigoual\/#breadcrumb","itemListElement":[{"@type":"ListItem","position":1,"name":"Campingplatz C\u00e9vennes","item":"https:\/\/www.camping-cevennes.info\/de\/"},{"@type":"ListItem","position":2,"name":"Der Gard","item":"https:\/\/www.camping-cevennes.info\/de\/ferien-im-gard\/"},{"@type":"ListItem","position":3,"name":"Campingplatz beim Mont Aigoual"}]},{"@type":"WebSite","@id":"https:\/\/www.camping-cevennes.info\/de\/#website","url":"https:\/\/www.camping-cevennes.info\/de\/","name":"Camping Mas de la Cam","description":"","publisher":{"@id":"https:\/\/www.camping-cevennes.info\/de\/#organization"},"potentialAction":[{"@type":"SearchAction","target":{"@type":"EntryPoint","urlTemplate":"https:\/\/www.camping-cevennes.info\/de\/?s={search_term_string}"},"query-input":{"@type":"PropertyValueSpecification","valueRequired":true,"valueName":"search_term_string"}}],"inLanguage":"de"},{"@type":"Organization","@id":"https:\/\/www.camping-cevennes.info\/de\/#organization","name":"Camping Mas de la Cam","url":"https:\/\/www.camping-cevennes.info\/de\/","logo":{"@type":"ImageObject","inLanguage":"de","@id":"https:\/\/www.camping-cevennes.info\/de\/#\/schema\/logo\/image\/","url":"https:\/\/www.camping-cevennes.info\/wp-content\/uploads\/2022\/09\/logo-camping-mas-de-la-cam-noir-1.png","contentUrl":"https:\/\/www.camping-cevennes.info\/wp-content\/uploads\/2022\/09\/logo-camping-mas-de-la-cam-noir-1.png","width":625,"height":190,"caption":"Camping Mas de la Cam"},"image":{"@id":"https:\/\/www.camping-cevennes.info\/de\/#\/schema\/logo\/image\/"}}]}},"_links":{"self":[{"href":"https:\/\/www.camping-cevennes.info\/de\/wp-json\/wp\/v2\/pages\/4871","targetHints":{"allow":["GET"]}}],"collection":[{"href":"https:\/\/www.camping-cevennes.info\/de\/wp-json\/wp\/v2\/pages"}],"about":[{"href":"https:\/\/www.camping-cevennes.info\/de\/wp-json\/wp\/v2\/types\/page"}],"author":[{"embeddable":true,"href":"https:\/\/www.camping-cevennes.info\/de\/wp-json\/wp\/v2\/users\/1"}],"replies":[{"embeddable":true,"href":"https:\/\/www.camping-cevennes.info\/de\/wp-json\/wp\/v2\/comments?post=4871"}],"version-history":[{"count":8,"href":"https:\/\/www.camping-cevennes.info\/de\/wp-json\/wp\/v2\/pages\/4871\/revisions"}],"predecessor-version":[{"id":5361,"href":"https:\/\/www.camping-cevennes.info\/de\/wp-json\/wp\/v2\/pages\/4871\/revisions\/5361"}],"up":[{"embeddable":true,"href":"https:\/\/www.camping-cevennes.info\/de\/wp-json\/wp\/v2\/pages\/4788"}],"wp:featuredmedia":[{"embeddable":true,"href":"https:\/\/www.camping-cevennes.info\/de\/wp-json\/wp\/v2\/media\/2991"}],"wp:attachment":[{"href":"https:\/\/www.camping-cevennes.info\/de\/wp-json\/wp\/v2\/media?parent=4871"}],"wp:term":[{"taxonomy":"sujet","embeddable":true,"href":"https:\/\/www.camping-cevennes.info\/de\/wp-json\/wp\/v2\/sujet?post=4871"}],"curies":[{"name":"wp","href":"https:\/\/api.w.org\/{rel}","templated":true}]}}