{"id":4868,"date":"2022-10-19T15:46:47","date_gmt":"2022-10-19T13:46:47","guid":{"rendered":"https:\/\/www.camping-cevennes.info\/vacances-gard\/camping-mialet\/"},"modified":"2022-11-14T11:11:51","modified_gmt":"2022-11-14T10:11:51","slug":"camping-bei-mialet","status":"publish","type":"page","link":"https:\/\/www.camping-cevennes.info\/de\/ferien-im-gard\/camping-bei-mialet\/","title":{"rendered":"Mialet"},"content":{"rendered":"<section id=\"ls-section-block_e58fae18233b1d4a9f17f1a9f8658f8e\" class=\"ls-section  page-intro has-p-t p-t-14\" >\n        <div class=\"container container--wide\">\n        \n\n<div class=\"wp-block-columns columns-parent is-layout-flex wp-container-core-columns-is-layout-9d6595d7 wp-block-columns-is-layout-flex\">\n<div class=\"wp-block-column is-vertically-aligned-center left is-layout-flow wp-block-column-is-layout-flow\">\n<h1 class=\"ls__heading animated fadeInLeft delay-200ms wp-block-heading\"><span class=\"small\">CAMPINGPLATZ<\/span><br><span class=\"bold\">bei Mialet<\/span><\/h1>\n\n\n\n<p class=\"ls-paragraph\">Stellen Sie sich vor, wie Sie auf Ihrem Liegestuhl am Rande des Swimmingpools mit einem Panoramablick auf die Berge der C\u00e9vennes die Sonne genie\u00dfen. Oder wie Sie ein Bad im Fluss nehmen, nachdem Sie drei P\u00e4sse mit dem Fahrrad bezwungen oder eine Wanderung im Nationalpark der C\u00e9vennes gemacht haben. Lust auf einen Aufenthalt, der Entspannung, Sport und Harmonie mit der Natur vereint? Herzlich willkommen im Gard, auf dem Campingplatz Le Mas de la Cam.<\/p>\n<\/div>\n\n\n\n<div class=\"wp-block-column is-vertically-aligned-center right is-layout-flow wp-block-column-is-layout-flow\">\n<div class=\"wp-block-columns columns-child is-layout-flex wp-container-core-columns-is-layout-9d6595d7 wp-block-columns-is-layout-flex\">\n<div class=\"wp-block-column is-vertically-aligned-center image-two is-layout-flow wp-block-column-is-layout-flow\">\n<iframe src=\"https:\/\/www.google.com\/maps\/embed?pb=!1m28!1m12!1m3!1d22914.915657713882!2d3.881193080231118!3d44.11710422281862!2m3!1f0!2f0!3f0!3m2!1i1024!2i768!4f13.1!4m13!3e0!4m5!1s0x12b47164841558ad%3A0x62d813088da27348!2sCamping%20Mas%20de%20la%20Cam%20Saint%20Jean%20du%20Gard%2C%20Saint-Jean-du-Gard!3m2!1d44.112383099999995!2d3.8543309999999997!4m5!1s0x12b46e6835c7154d%3A0x4078821166b3e50!2sMialet%2C%2030140!3m2!1d44.111007!2d3.943491!5e0!3m2!1sfr!2sfr!4v1666684469256!5m2!1sfr!2sfr\" width=\"600\" height=\"450\" style=\"border:0;\" allowfullscreen=\"\" loading=\"lazy\" referrerpolicy=\"no-referrer-when-downgrade\"><\/iframe>\n<\/div>\n<\/div>\n<\/div>\n<\/div>\n\n\n    <\/div>\n<\/section>\n\n<section id=\"ls-section-block_19eb8ae858723e61bc44c1e87dc4f70c\" class=\"ls-section  page-one has-p-t p-t-0\" >\n        <div class=\"container container--wide\">\n        \n\n<div class=\"wp-block-columns is-layout-flex wp-container-core-columns-is-layout-9d6595d7 wp-block-columns-is-layout-flex\">\n<div class=\"wp-block-column is-vertically-aligned-center is-layout-flow wp-block-column-is-layout-flow\">\n<figure class=\"wp-block-image size-full animated fadeInLeft delay-500ms slow\"><a href=\"https:\/\/www.camping-cevennes.info\/wp-content\/uploads\/2022\/10\/piscine-mialet.jpg\"><img decoding=\"async\" width=\"900\" height=\"600\" src=\"https:\/\/www.camping-cevennes.info\/wp-content\/uploads\/2022\/10\/piscine-mialet.jpg\" alt=\"piscine mialet\" class=\"wp-image-2954\" srcset=\"https:\/\/www.camping-cevennes.info\/wp-content\/uploads\/2022\/10\/piscine-mialet.jpg 900w, https:\/\/www.camping-cevennes.info\/wp-content\/uploads\/2022\/10\/piscine-mialet-300x200.jpg 300w, https:\/\/www.camping-cevennes.info\/wp-content\/uploads\/2022\/10\/piscine-mialet-768x512.jpg 768w\" sizes=\"(max-width: 900px) 100vw, 900px\" \/><\/a><\/figure>\n\n\n\n<p class=\"ls-paragraph\">Spazieren Sie \u00fcber die (denkmalgesch\u00fctzten) Pont des Camisards und Pont des Abarines und legen Sie eine Pause vor der evangelischen Kirche ein, um die Landschaft zu bewundern, die sie hier \u00fcberall umgibt. Wenn Sie sich f\u00fcr Geschichte interessieren, sollten Sie unbedingt das Museum du D\u00e9sert (Mas Soubeyran), ein kleiner Hinweis auf die wichtige Stellung des Protestantismus im Languedoc-Roussillon, besuchen.<\/p>\n<\/div>\n\n\n\n<div class=\"wp-block-column is-vertically-aligned-top is-layout-flow wp-block-column-is-layout-flow\">\n<h2 class=\"ls__heading deco wp-block-heading\">WAS KANNMAN IN MIALET UNTERNEHMEN ?<\/h2>\n\n\n\n<p class=\"ls-paragraph\">W\u00e4hrend Ihrer sportlichen Ferien im Mas de la Cam ist eine kulturelle Pause immer willkommen, um sich ein wenig zu erholen und die Gegend kennen zu lernen. Der kleine Ort Mialet mit seinen 600 Einwohnern befindet sich ungef\u00e4hr 10 Minuten mit dem Auto vom Campingplatz entfernt und ist einen malerisches Dorf, das Sie mit seinen Sehensw\u00fcrdigkeiten und seiner Ruhe \u00fcberraschen wird.<\/p>\n\n\n\n<figure class=\"wp-block-image size-full animated fadeInLeft delay-500ms slow\"><a href=\"https:\/\/www.camping-cevennes.info\/wp-content\/uploads\/2022\/10\/gite-mialet.jpg\"><img decoding=\"async\" width=\"900\" height=\"600\" src=\"https:\/\/www.camping-cevennes.info\/wp-content\/uploads\/2022\/10\/gite-mialet.jpg\" alt=\"gite mialet\" class=\"wp-image-2950\" srcset=\"https:\/\/www.camping-cevennes.info\/wp-content\/uploads\/2022\/10\/gite-mialet.jpg 900w, https:\/\/www.camping-cevennes.info\/wp-content\/uploads\/2022\/10\/gite-mialet-300x200.jpg 300w, https:\/\/www.camping-cevennes.info\/wp-content\/uploads\/2022\/10\/gite-mialet-768x512.jpg 768w\" sizes=\"(max-width: 900px) 100vw, 900px\" \/><\/a><\/figure>\n<\/div>\n<\/div>\n\n\n    <\/div>\n<\/section>\n\n<section id=\"ls-section-block_3570b1b0e32516d11bfc5c91459e5fe8\" class=\"ls-section  page-one has-m-t m-t-6 has-p-t p-t-0\" >\n        <div class=\"container container--wide\">\n        \n\n<div class=\"wp-block-columns is-layout-flex wp-container-core-columns-is-layout-9d6595d7 wp-block-columns-is-layout-flex\">\n<div class=\"wp-block-column is-vertically-aligned-center is-layout-flow wp-block-column-is-layout-flow\">\n<figure class=\"wp-block-image size-full animated fadeInLeft delay-500ms slow\"><a href=\"https:\/\/www.camping-cevennes.info\/wp-content\/uploads\/2022\/11\/activite-mialet.jpg\"><img decoding=\"async\" width=\"900\" height=\"600\" src=\"https:\/\/www.camping-cevennes.info\/wp-content\/uploads\/2022\/11\/activite-mialet.jpg\" alt=\"activite mialet\" class=\"wp-image-4535\" srcset=\"https:\/\/www.camping-cevennes.info\/wp-content\/uploads\/2022\/11\/activite-mialet.jpg 900w, https:\/\/www.camping-cevennes.info\/wp-content\/uploads\/2022\/11\/activite-mialet-300x200.jpg 300w, https:\/\/www.camping-cevennes.info\/wp-content\/uploads\/2022\/11\/activite-mialet-768x512.jpg 768w\" sizes=\"(max-width: 900px) 100vw, 900px\" \/><\/a><\/figure>\n\n\n\n<p class=\"ls-paragraph\">Mialet ist besonders ber\u00fchmt f\u00fcr die H\u00f6hle von Trabuc, eine H\u00f6hle, in der die Camisards w\u00e4hrend des Krieges der Cevennen Zuflucht gesucht haben. Es wird manchmal die \u201e100.000-Soldaten-H\u00f6hle\u201c genannt, weil es au\u00dfergew\u00f6hnliche geologische Formationen beherbergt, eine Vielzahl von Stalagmiten, die mit den Terrakottasoldaten des Mausoleums von Kaiser Qin (China) verglichen werden.<\/p>\n\n\n\n<p class=\"ls-paragraph\">F\u00fcr Familienabenteuer auf dem Land, k\u00f6nnen Sie die Parks von Bagard (Forest Park Baumpark, Fun Leisure Adventures) betreten oder betreten Sie die Welt des Bambusgartens Prafrance, ein au\u00dfergew\u00f6hnlicher botanischer Garten, der als \u201ebemerkenswerter Garten\u201c klassifiziert wird Teil der sch\u00f6nsten G\u00e4rten Frankreichs.<\/p>\n<\/div>\n\n\n\n<div class=\"wp-block-column is-vertically-aligned-center is-layout-flow wp-block-column-is-layout-flow\">\n<h2 class=\"ls__heading deco wp-block-heading\">Ein 4-Sterne-Campingplatz 12 km von Mialt<\/h2>\n\n\n\n<p class=\"ls-paragraph\">Das Le Mas de la Cam befindet sich in einer au\u00dfergew\u00f6hnlichen nat\u00fcrlichen Umgebung im Herzen der Cevennen und am Fluss Gardon. Es ist ein 4-Sterne-Campingplatz in Saint Jean du Gard, der vor allem f\u00fcr Familien, Naturliebhaber und Naturliebhaber geeignet ist Fans von Outdoor-Aktivit\u00e4ten. Unser 65 Hektar gro\u00dfer Park bietet ger\u00e4umige Stellpl\u00e4tze (100 oder 120 m\u00b2) f\u00fcr Zuhause und Zuhause (mit Stromanschluss von 6 oder 10 A).<\/p>\n\n\n\n<p class=\"ls-paragraph\">Bevorzugen Sie den Komfort und die Privatsph\u00e4re von Luxus-Unterk\u00fcnften? Lassen Sie sich von unseren Ferienh\u00e4usern verf\u00fchren, sch\u00f6nen Steinh\u00e4usern, die komplett f\u00fcr bis zu 6 Personen eingerichtet sind. Separate Zimmer mit Kissen und Decken, voll ausgestattete K\u00fcche (Geschirr, Kochplatten, Mikrowelle, K\u00fchlschrank mit Gefrierfach, Kaffeemaschine, Wasserkocher), Balkon, sch\u00f6ne Gartenm\u00f6bel f\u00fcr Familienessen im Gr\u00fcnen: unsere Premium-Gites sind so konzipiert dass Sie sich wie in Ihrem Ferienhaus f\u00fchlen, w\u00e4hrend Sie die Vorteile und Einrichtungen eines 4-Sterne-Campingplatzes genie\u00dfen.<\/p>\n\n\n\n<figure class=\"wp-block-image size-full animated fadeInRight delay-500ms slow\"><a href=\"https:\/\/www.camping-cevennes.info\/wp-content\/uploads\/2022\/10\/grotte-trabuc-mialet.jpg\"><img decoding=\"async\" width=\"900\" height=\"600\" src=\"https:\/\/www.camping-cevennes.info\/wp-content\/uploads\/2022\/10\/grotte-trabuc-mialet.jpg\" alt=\"grotte trabuc mialet\" class=\"wp-image-2958\" srcset=\"https:\/\/www.camping-cevennes.info\/wp-content\/uploads\/2022\/10\/grotte-trabuc-mialet.jpg 900w, https:\/\/www.camping-cevennes.info\/wp-content\/uploads\/2022\/10\/grotte-trabuc-mialet-300x200.jpg 300w, https:\/\/www.camping-cevennes.info\/wp-content\/uploads\/2022\/10\/grotte-trabuc-mialet-768x512.jpg 768w\" sizes=\"(max-width: 900px) 100vw, 900px\" \/><\/a><\/figure>\n<\/div>\n<\/div>\n\n\n    <\/div>\n<\/section>\n\n<section id=\"ls-section-block_4814a40b2c9df786f92e891110836e1f\" class=\"ls-section \" >\n        <div class=\"container container--wide\">\n        \n\n<div id=\"ls-heading ls-titre-div-block_12b2db7fab01f01c2d79da3d2a27858f\" class=\"ls-titre-div deco-centree aligncenter h2-like\" >\n    Weitere St\u00e4dte in der Region, die es zu entdecken gilt<\/div>\n\n\n<div id=\"ls-maillage-block_a4b4b68e77c2fa1bf0691a1c17e0ba7a\" class=\"ls-maillage cta-style-normal\" data-rows=\"3\">\n    <div class=\"wp-block-columns\"><div class=\"wp-block-column\">\n\n<a href=\"https:\/\/www.camping-cevennes.info\/de\/ferien-im-gard\/camping-bei-aigues-mortes\/\" target=\"\" rel=\"noopener\" class=\"ls-cta__link\">\n\n\t<div class=\"ls-cta__image\"><img decoding=\"async\" src=\"https:\/\/www.camping-cevennes.info\/wp-content\/uploads\/2022\/10\/porte-aigues-morte-1024x480.jpg\" alt=\"porte aigues morte\"><\/div>\n\t<div class=\"ls-cta__title\">\n\t\tAigues Mortes\t<\/div>\n\n\t\t\n<\/a><\/div><div class=\"wp-block-column\">\n\n<a href=\"https:\/\/www.camping-cevennes.info\/de\/ferien-im-gard\/camping-naehe-danduze\/\" target=\"\" rel=\"noopener\" class=\"ls-cta__link\">\n\n\t<div class=\"ls-cta__image\"><img decoding=\"async\" src=\"https:\/\/www.camping-cevennes.info\/wp-content\/uploads\/2022\/10\/anduze-1024x480.jpg\" alt=\"anduze\"><\/div>\n\t<div class=\"ls-cta__title\">\n\t\tAnduze\t<\/div>\n\n\t\t\n<\/a><\/div><div class=\"wp-block-column\">\n\n<a href=\"https:\/\/www.camping-cevennes.info\/de\/ferien-im-gard\/camping-naehe-duzes\/\" target=\"\" rel=\"noopener\" class=\"ls-cta__link\">\n\n\t<div class=\"ls-cta__image\"><img decoding=\"async\" src=\"https:\/\/www.camping-cevennes.info\/wp-content\/uploads\/2022\/11\/cathedral-uzes-1024x480.jpg\" alt=\"cathedral uzes\"><\/div>\n\t<div class=\"ls-cta__title\">\n\t\tUzes\t<\/div>\n\n\t\t\n<\/a><\/div><\/div><\/div>\n\n    <\/div>\n<\/section>","protected":false},"excerpt":{"rendered":"","protected":false},"author":1,"featured_media":4528,"parent":4788,"menu_order":0,"comment_status":"closed","ping_status":"closed","template":"","meta":{"_acf_changed":false,"footnotes":""},"sujet":[],"class_list":["post-4868","page","type-page","status-publish","has-post-thumbnail","hentry"],"acf":[],"yoast_head":"<!-- This site is optimized with the Yoast SEO plugin v25.3 - https:\/\/yoast.com\/wordpress\/plugins\/seo\/ -->\n<title>Campingplatz Mialet | Was zu sehen und zu tun in Mialet in den Cevennen ?<\/title>\n<meta name=\"description\" content=\"Urlaub in Mialet: Informieren Sie sich vor Ihrem Aufenthalt in den Cevennen in Mialet \u00fcber alles.\" \/>\n<meta name=\"robots\" content=\"index, follow, max-snippet:-1, max-image-preview:large, max-video-preview:-1\" \/>\n<link rel=\"canonical\" href=\"https:\/\/www.camping-cevennes.info\/de\/ferien-im-gard\/camping-bei-mialet\/\" \/>\n<meta property=\"og:locale\" content=\"de_DE\" \/>\n<meta property=\"og:type\" content=\"article\" \/>\n<meta property=\"og:title\" content=\"Campingplatz Mialet | Was zu sehen und zu tun in Mialet in den Cevennen ?\" \/>\n<meta property=\"og:description\" content=\"Urlaub in Mialet: Informieren Sie sich vor Ihrem Aufenthalt in den Cevennen in Mialet \u00fcber alles.\" \/>\n<meta property=\"og:url\" content=\"https:\/\/www.camping-cevennes.info\/de\/ferien-im-gard\/camping-bei-mialet\/\" \/>\n<meta property=\"og:site_name\" content=\"Camping Mas de la Cam\" \/>\n<meta property=\"article:modified_time\" content=\"2022-11-14T10:11:51+00:00\" \/>\n<meta property=\"og:image\" content=\"https:\/\/www.camping-cevennes.info\/wp-content\/uploads\/2022\/11\/camping-mialet.jpg\" \/>\n\t<meta property=\"og:image:width\" content=\"1900\" \/>\n\t<meta property=\"og:image:height\" content=\"600\" \/>\n\t<meta property=\"og:image:type\" content=\"image\/jpeg\" \/>\n<meta name=\"twitter:card\" content=\"summary_large_image\" \/>\n<meta name=\"twitter:label1\" content=\"Gesch\u00e4tzte Lesezeit\" \/>\n\t<meta name=\"twitter:data1\" content=\"4\u00a0Minuten\" \/>\n<script type=\"application\/ld+json\" class=\"yoast-schema-graph\">{\"@context\":\"https:\/\/schema.org\",\"@graph\":[{\"@type\":\"WebPage\",\"@id\":\"https:\/\/www.camping-cevennes.info\/de\/ferien-im-gard\/camping-bei-mialet\/\",\"url\":\"https:\/\/www.camping-cevennes.info\/de\/ferien-im-gard\/camping-bei-mialet\/\",\"name\":\"Campingplatz Mialet | Was zu sehen und zu tun in Mialet in den Cevennen ?\",\"isPartOf\":{\"@id\":\"https:\/\/www.camping-cevennes.info\/de\/#website\"},\"primaryImageOfPage\":{\"@id\":\"https:\/\/www.camping-cevennes.info\/de\/ferien-im-gard\/camping-bei-mialet\/#primaryimage\"},\"image\":{\"@id\":\"https:\/\/www.camping-cevennes.info\/de\/ferien-im-gard\/camping-bei-mialet\/#primaryimage\"},\"thumbnailUrl\":\"https:\/\/www.camping-cevennes.info\/wp-content\/uploads\/2022\/11\/camping-mialet.jpg\",\"datePublished\":\"2022-10-19T13:46:47+00:00\",\"dateModified\":\"2022-11-14T10:11:51+00:00\",\"description\":\"Urlaub in Mialet: Informieren Sie sich vor Ihrem Aufenthalt in den Cevennen in Mialet \u00fcber alles.\",\"breadcrumb\":{\"@id\":\"https:\/\/www.camping-cevennes.info\/de\/ferien-im-gard\/camping-bei-mialet\/#breadcrumb\"},\"inLanguage\":\"de\",\"potentialAction\":[{\"@type\":\"ReadAction\",\"target\":[\"https:\/\/www.camping-cevennes.info\/de\/ferien-im-gard\/camping-bei-mialet\/\"]}]},{\"@type\":\"ImageObject\",\"inLanguage\":\"de\",\"@id\":\"https:\/\/www.camping-cevennes.info\/de\/ferien-im-gard\/camping-bei-mialet\/#primaryimage\",\"url\":\"https:\/\/www.camping-cevennes.info\/wp-content\/uploads\/2022\/11\/camping-mialet.jpg\",\"contentUrl\":\"https:\/\/www.camping-cevennes.info\/wp-content\/uploads\/2022\/11\/camping-mialet.jpg\",\"width\":1900,\"height\":600,\"caption\":\"camping mialet\"},{\"@type\":\"BreadcrumbList\",\"@id\":\"https:\/\/www.camping-cevennes.info\/de\/ferien-im-gard\/camping-bei-mialet\/#breadcrumb\",\"itemListElement\":[{\"@type\":\"ListItem\",\"position\":1,\"name\":\"Campingplatz C\u00e9vennes\",\"item\":\"https:\/\/www.camping-cevennes.info\/de\/\"},{\"@type\":\"ListItem\",\"position\":2,\"name\":\"Der Gard\",\"item\":\"https:\/\/www.camping-cevennes.info\/de\/ferien-im-gard\/\"},{\"@type\":\"ListItem\",\"position\":3,\"name\":\"Mialet Tourismus\"}]},{\"@type\":\"WebSite\",\"@id\":\"https:\/\/www.camping-cevennes.info\/de\/#website\",\"url\":\"https:\/\/www.camping-cevennes.info\/de\/\",\"name\":\"Camping Mas de la Cam\",\"description\":\"\",\"publisher\":{\"@id\":\"https:\/\/www.camping-cevennes.info\/de\/#organization\"},\"potentialAction\":[{\"@type\":\"SearchAction\",\"target\":{\"@type\":\"EntryPoint\",\"urlTemplate\":\"https:\/\/www.camping-cevennes.info\/de\/?s={search_term_string}\"},\"query-input\":{\"@type\":\"PropertyValueSpecification\",\"valueRequired\":true,\"valueName\":\"search_term_string\"}}],\"inLanguage\":\"de\"},{\"@type\":\"Organization\",\"@id\":\"https:\/\/www.camping-cevennes.info\/de\/#organization\",\"name\":\"Camping Mas de la Cam\",\"url\":\"https:\/\/www.camping-cevennes.info\/de\/\",\"logo\":{\"@type\":\"ImageObject\",\"inLanguage\":\"de\",\"@id\":\"https:\/\/www.camping-cevennes.info\/de\/#\/schema\/logo\/image\/\",\"url\":\"https:\/\/www.camping-cevennes.info\/wp-content\/uploads\/2022\/09\/logo-camping-mas-de-la-cam-noir-1.png\",\"contentUrl\":\"https:\/\/www.camping-cevennes.info\/wp-content\/uploads\/2022\/09\/logo-camping-mas-de-la-cam-noir-1.png\",\"width\":625,\"height\":190,\"caption\":\"Camping Mas de la Cam\"},\"image\":{\"@id\":\"https:\/\/www.camping-cevennes.info\/de\/#\/schema\/logo\/image\/\"}}]}<\/script>\n<!-- \/ Yoast SEO plugin. -->","yoast_head_json":{"title":"Campingplatz Mialet | Was zu sehen und zu tun in Mialet in den Cevennen ?","description":"Urlaub in Mialet: Informieren Sie sich vor Ihrem Aufenthalt in den Cevennen in Mialet \u00fcber alles.","robots":{"index":"index","follow":"follow","max-snippet":"max-snippet:-1","max-image-preview":"max-image-preview:large","max-video-preview":"max-video-preview:-1"},"canonical":"https:\/\/www.camping-cevennes.info\/de\/ferien-im-gard\/camping-bei-mialet\/","og_locale":"de_DE","og_type":"article","og_title":"Campingplatz Mialet | Was zu sehen und zu tun in Mialet in den Cevennen ?","og_description":"Urlaub in Mialet: Informieren Sie sich vor Ihrem Aufenthalt in den Cevennen in Mialet \u00fcber alles.","og_url":"https:\/\/www.camping-cevennes.info\/de\/ferien-im-gard\/camping-bei-mialet\/","og_site_name":"Camping Mas de la Cam","article_modified_time":"2022-11-14T10:11:51+00:00","og_image":[{"width":1900,"height":600,"url":"https:\/\/www.camping-cevennes.info\/wp-content\/uploads\/2022\/11\/camping-mialet.jpg","type":"image\/jpeg"}],"twitter_card":"summary_large_image","twitter_misc":{"Gesch\u00e4tzte Lesezeit":"4\u00a0Minuten"},"schema":{"@context":"https:\/\/schema.org","@graph":[{"@type":"WebPage","@id":"https:\/\/www.camping-cevennes.info\/de\/ferien-im-gard\/camping-bei-mialet\/","url":"https:\/\/www.camping-cevennes.info\/de\/ferien-im-gard\/camping-bei-mialet\/","name":"Campingplatz Mialet | Was zu sehen und zu tun in Mialet in den Cevennen ?","isPartOf":{"@id":"https:\/\/www.camping-cevennes.info\/de\/#website"},"primaryImageOfPage":{"@id":"https:\/\/www.camping-cevennes.info\/de\/ferien-im-gard\/camping-bei-mialet\/#primaryimage"},"image":{"@id":"https:\/\/www.camping-cevennes.info\/de\/ferien-im-gard\/camping-bei-mialet\/#primaryimage"},"thumbnailUrl":"https:\/\/www.camping-cevennes.info\/wp-content\/uploads\/2022\/11\/camping-mialet.jpg","datePublished":"2022-10-19T13:46:47+00:00","dateModified":"2022-11-14T10:11:51+00:00","description":"Urlaub in Mialet: Informieren Sie sich vor Ihrem Aufenthalt in den Cevennen in Mialet \u00fcber alles.","breadcrumb":{"@id":"https:\/\/www.camping-cevennes.info\/de\/ferien-im-gard\/camping-bei-mialet\/#breadcrumb"},"inLanguage":"de","potentialAction":[{"@type":"ReadAction","target":["https:\/\/www.camping-cevennes.info\/de\/ferien-im-gard\/camping-bei-mialet\/"]}]},{"@type":"ImageObject","inLanguage":"de","@id":"https:\/\/www.camping-cevennes.info\/de\/ferien-im-gard\/camping-bei-mialet\/#primaryimage","url":"https:\/\/www.camping-cevennes.info\/wp-content\/uploads\/2022\/11\/camping-mialet.jpg","contentUrl":"https:\/\/www.camping-cevennes.info\/wp-content\/uploads\/2022\/11\/camping-mialet.jpg","width":1900,"height":600,"caption":"camping mialet"},{"@type":"BreadcrumbList","@id":"https:\/\/www.camping-cevennes.info\/de\/ferien-im-gard\/camping-bei-mialet\/#breadcrumb","itemListElement":[{"@type":"ListItem","position":1,"name":"Campingplatz C\u00e9vennes","item":"https:\/\/www.camping-cevennes.info\/de\/"},{"@type":"ListItem","position":2,"name":"Der Gard","item":"https:\/\/www.camping-cevennes.info\/de\/ferien-im-gard\/"},{"@type":"ListItem","position":3,"name":"Mialet Tourismus"}]},{"@type":"WebSite","@id":"https:\/\/www.camping-cevennes.info\/de\/#website","url":"https:\/\/www.camping-cevennes.info\/de\/","name":"Camping Mas de la Cam","description":"","publisher":{"@id":"https:\/\/www.camping-cevennes.info\/de\/#organization"},"potentialAction":[{"@type":"SearchAction","target":{"@type":"EntryPoint","urlTemplate":"https:\/\/www.camping-cevennes.info\/de\/?s={search_term_string}"},"query-input":{"@type":"PropertyValueSpecification","valueRequired":true,"valueName":"search_term_string"}}],"inLanguage":"de"},{"@type":"Organization","@id":"https:\/\/www.camping-cevennes.info\/de\/#organization","name":"Camping Mas de la Cam","url":"https:\/\/www.camping-cevennes.info\/de\/","logo":{"@type":"ImageObject","inLanguage":"de","@id":"https:\/\/www.camping-cevennes.info\/de\/#\/schema\/logo\/image\/","url":"https:\/\/www.camping-cevennes.info\/wp-content\/uploads\/2022\/09\/logo-camping-mas-de-la-cam-noir-1.png","contentUrl":"https:\/\/www.camping-cevennes.info\/wp-content\/uploads\/2022\/09\/logo-camping-mas-de-la-cam-noir-1.png","width":625,"height":190,"caption":"Camping Mas de la Cam"},"image":{"@id":"https:\/\/www.camping-cevennes.info\/de\/#\/schema\/logo\/image\/"}}]}},"_links":{"self":[{"href":"https:\/\/www.camping-cevennes.info\/de\/wp-json\/wp\/v2\/pages\/4868","targetHints":{"allow":["GET"]}}],"collection":[{"href":"https:\/\/www.camping-cevennes.info\/de\/wp-json\/wp\/v2\/pages"}],"about":[{"href":"https:\/\/www.camping-cevennes.info\/de\/wp-json\/wp\/v2\/types\/page"}],"author":[{"embeddable":true,"href":"https:\/\/www.camping-cevennes.info\/de\/wp-json\/wp\/v2\/users\/1"}],"replies":[{"embeddable":true,"href":"https:\/\/www.camping-cevennes.info\/de\/wp-json\/wp\/v2\/comments?post=4868"}],"version-history":[{"count":5,"href":"https:\/\/www.camping-cevennes.info\/de\/wp-json\/wp\/v2\/pages\/4868\/revisions"}],"predecessor-version":[{"id":6025,"href":"https:\/\/www.camping-cevennes.info\/de\/wp-json\/wp\/v2\/pages\/4868\/revisions\/6025"}],"up":[{"embeddable":true,"href":"https:\/\/www.camping-cevennes.info\/de\/wp-json\/wp\/v2\/pages\/4788"}],"wp:featuredmedia":[{"embeddable":true,"href":"https:\/\/www.camping-cevennes.info\/de\/wp-json\/wp\/v2\/media\/4528"}],"wp:attachment":[{"href":"https:\/\/www.camping-cevennes.info\/de\/wp-json\/wp\/v2\/media?parent=4868"}],"wp:term":[{"taxonomy":"sujet","embeddable":true,"href":"https:\/\/www.camping-cevennes.info\/de\/wp-json\/wp\/v2\/sujet?post=4868"}],"curies":[{"name":"wp","href":"https:\/\/api.w.org\/{rel}","templated":true}]}}