{"id":4859,"date":"2022-10-19T16:50:32","date_gmt":"2022-10-19T14:50:32","guid":{"rendered":"https:\/\/www.camping-cevennes.info\/vacances-gard\/camping-gorges-du-tarn\/"},"modified":"2022-11-14T11:10:39","modified_gmt":"2022-11-14T10:10:39","slug":"camping-in-den-schluchten-des-tarn","status":"publish","type":"page","link":"https:\/\/www.camping-cevennes.info\/de\/ferien-im-gard\/camping-in-den-schluchten-des-tarn\/","title":{"rendered":"Gorges du Tarn"},"content":{"rendered":"<section id=\"ls-section-block_76c5e5b28cc6775bdaa3066cee370c5a\" class=\"ls-section  page-intro has-p-t p-t-14\" >\n        <div class=\"container container--wide\">\n        \n\n<div class=\"wp-block-columns columns-parent is-layout-flex wp-container-core-columns-is-layout-9d6595d7 wp-block-columns-is-layout-flex\">\n<div class=\"wp-block-column is-vertically-aligned-center left is-layout-flow wp-block-column-is-layout-flow\">\n<h1 class=\"ls__heading animated fadeInLeft delay-200ms wp-block-heading\"><span class=\"small\">CAMPINGPLATZ IN DEN <\/span><br><span class=\"bold\">SCHLUCHTEN DES TARN<\/span><\/h1>\n\n\n\n<p class=\"ls-paragraph\">Der 4-Sterne-Campingplatz le Mas de la Cam im Herzen der C\u00e9vennes liegt am Ufer des Flusses Le Gardon in einer au\u00dfergew\u00f6hnlichen Naturkulisse. Ob sie jetzt einen schattigen Stellplatz oder eine Luxusunterkunft suchen, die Modernit\u00e4t und Tradition vereint: Dieser familienfreundliche Campingplatz ist das ideale Reiseziel f\u00fcr einen entspannten Aufenthalt 100 % Natur in Okzitanien.<\/p>\n<\/div>\n\n\n\n<div class=\"wp-block-column is-vertically-aligned-center right is-layout-flow wp-block-column-is-layout-flow\">\n<iframe src=\"https:\/\/www.google.com\/maps\/embed?pb=!1m28!1m12!1m3!1d188380.08358297992!2d3.532055049951304!3d44.214380782148744!2m3!1f0!2f0!3f0!3m2!1i1024!2i768!4f13.1!4m13!3e0!4m5!1s0x12b471649f944325%3A0x75353720ffe2581!2sMas%20de%20la%20Cam%2C%20Saint-Jean-du-Gard!3m2!1d44.112027999999995!2d3.8540129999999997!4m5!1s0x12b3afbcb6d7121d%3A0x72266d9dc5024a5c!2sGorges%20du%20Tarn%2C%2048150%20Saint-Pierre-des-Tripiers!3m2!1d44.230241899999996!2d3.2342!5e0!3m2!1sfr!2sfr!4v1666621692253!5m2!1sfr!2sfr\" width=\"600\" height=\"100%\" style=\"border:0;\" allowfullscreen=\"\" loading=\"lazy\" referrerpolicy=\"no-referrer-when-downgrade\"><\/iframe>\n<\/div>\n<\/div>\n\n\n    <\/div>\n<\/section>\n\n<section id=\"ls-section-block_bf4dcf3fa7437b96f6dcd58a99c0330f\" class=\"ls-section  page-one has-m-t m-t-6 has-p-t p-t-0\" >\n        <div class=\"container container--wide\">\n        \n\n<div class=\"wp-block-columns is-layout-flex wp-container-core-columns-is-layout-9d6595d7 wp-block-columns-is-layout-flex\">\n<div class=\"wp-block-column is-vertically-aligned-center is-layout-flow wp-block-column-is-layout-flow\">\n<figure class=\"wp-block-embed is-type-video is-provider-youtube wp-block-embed-youtube wp-embed-aspect-16-9 wp-has-aspect-ratio\"><div class=\"wp-block-embed__wrapper\">\n<iframe loading=\"lazy\" title=\"GORGES DU TARN \/ Loz\u00e8re - [4K drone footage]\" width=\"500\" height=\"281\" src=\"https:\/\/www.youtube.com\/embed\/NefcwAX5zkk?feature=oembed\" frameborder=\"0\" allow=\"accelerometer; autoplay; clipboard-write; encrypted-media; gyroscope; picture-in-picture; web-share\" referrerpolicy=\"strict-origin-when-cross-origin\" allowfullscreen><\/iframe>\n<\/div><\/figure>\n\n\n\n<p class=\"ls-paragraph\">In unserer Anlage gibt es gro\u00dfz\u00fcgige, 100 oder 120 m\u00b2 gro\u00dfe Camping-Stellpl\u00e4tze f\u00fcr Zelte, Wohn- oder Campingwagen (mit Stromanschluss) sowie wundersch\u00f6ne, voll eingerichtete Unterk\u00fcnfte in Steingeb\u00e4uden, die Platz f\u00fcr bis zu 6 Personen bieten. Einige haben sogar einen eigenen Garten, in dem Sie fr\u00fchst\u00fccken oder einen Grillabend mit der ganzen Familie, unter Freunden oder zu zweit vorbereiten k\u00f6nnen.<\/p>\n<\/div>\n\n\n\n<div class=\"wp-block-column is-vertically-aligned-center is-layout-flow wp-block-column-is-layout-flow\">\n<h2 class=\"ls__heading deco wp-block-heading\">4-STERNE-CAMPINGPLATZ IN DEN SCHLUCHTEN DES TARN<\/h2>\n\n\n\n<p class=\"ls-paragraph\">Herzlich willkommen im Mas de la Cam, einem Freilufthotel, das die Besonderheit hat, Luxus-Leistungen ohne Vermietung von Mobilheimen anzubieten. Sie k\u00f6nnen sich Ihrer Familie in einem 65 Hektar gro\u00dfen, baumbestandenen Park mit einer atemberaubenden Aussicht auf die Berge der C\u00e9vennes entspannen oder aber zu Fu\u00df oder mit dem Fahrrad die Natur- und Kultursch\u00e4tze des okzitanischen Hinterlandes besichtigen.<\/p>\n\n\n\n<figure class=\"wp-block-image size-full animated fadeInRight delay-500ms slow\"><a href=\"https:\/\/www.camping-cevennes.info\/wp-content\/uploads\/2022\/10\/gites-cevennes.jpg\"><img decoding=\"async\" width=\"900\" height=\"600\" src=\"https:\/\/www.camping-cevennes.info\/wp-content\/uploads\/2022\/10\/gites-cevennes.jpg\" alt=\"gite camping gore tarnaise\" class=\"wp-image-1862\" srcset=\"https:\/\/www.camping-cevennes.info\/wp-content\/uploads\/2022\/10\/gites-cevennes.jpg 900w, https:\/\/www.camping-cevennes.info\/wp-content\/uploads\/2022\/10\/gites-cevennes-300x200.jpg 300w, https:\/\/www.camping-cevennes.info\/wp-content\/uploads\/2022\/10\/gites-cevennes-768x512.jpg 768w\" sizes=\"(max-width: 900px) 100vw, 900px\" \/><\/a><\/figure>\n<\/div>\n<\/div>\n\n\n    <\/div>\n<\/section>\n\n<section id=\"ls-section-block_d9f8423660cc407aafdf4c7cee615955\" class=\"ls-section  page-one has-p-t p-t-0\" >\n        <div class=\"container container--wide\">\n        \n\n<div class=\"wp-block-columns is-layout-flex wp-container-core-columns-is-layout-9d6595d7 wp-block-columns-is-layout-flex\">\n<div class=\"wp-block-column is-vertically-aligned-center is-layout-flow wp-block-column-is-layout-flow\">\n<figure class=\"wp-block-image size-full animated fadeInLeft delay-500ms slow\"><a href=\"https:\/\/www.camping-cevennes.info\/wp-content\/uploads\/2022\/10\/camping-gorge-du-tarn.jpg\"><img decoding=\"async\" width=\"900\" height=\"600\" src=\"https:\/\/www.camping-cevennes.info\/wp-content\/uploads\/2022\/10\/camping-gorge-du-tarn.jpg\" alt=\"camping gorge du tarn\" class=\"wp-image-2877\" srcset=\"https:\/\/www.camping-cevennes.info\/wp-content\/uploads\/2022\/10\/camping-gorge-du-tarn.jpg 900w, https:\/\/www.camping-cevennes.info\/wp-content\/uploads\/2022\/10\/camping-gorge-du-tarn-300x200.jpg 300w, https:\/\/www.camping-cevennes.info\/wp-content\/uploads\/2022\/10\/camping-gorge-du-tarn-768x512.jpg 768w\" sizes=\"(max-width: 900px) 100vw, 900px\" \/><\/a><\/figure>\n<\/div>\n\n\n\n<div class=\"wp-block-column is-vertically-aligned-center is-layout-flow wp-block-column-is-layout-flow\">\n<h2 class=\"ls__heading deco wp-block-heading\">Was tun in den Schluchten von Tarn?<\/h2>\n\n\n\n<p class=\"ls-paragraph\">Die weltber\u00fchmten Schluchten des Tarn bezeichnen einen herrlichen Canyon, der zwischen den Gemeinden Rozier und Quezac am Fluss gegraben wurde. Sie befinden sich in Loz\u00e8re, k\u00f6nnen aber vom Aveyron aus gesehen werden. Sie sind ein fabelhaftes Naturgebiet zum Wandern, Kanufahren, Klettern, Schwimmen und H\u00f6hlenwandern. Vom Sublime Point aus haben Sie einen atemberaubenden Blick auf den Canyon, der Ihre Anstrengungen w\u00e4hrend des Aufstiegs belohnt. Mehrere andere Aussichtspunkte und ungew\u00f6hnliche Orte erlauben es, dieses Wunder der Natur, insbesondere die Meerenge, den Zirkus von St. Ch\u00e9ly-von-Tarn, den Zirkus von Baumes und den Zirkus von Pougnadoirs, voll zu sch\u00e4tzen. Die Loz\u00e8re ist voll von anderen au\u00dfergew\u00f6hnlichen Naturst\u00e4tten wie der Aven Armand und der Dargilan H\u00f6hle, sowie Parks und Museen f\u00fcr Natur und Arch\u00e4ologie (Haus der Geier, \u00d6komuseum von Mont Loz\u00e8re, arch\u00e4ologisches Museum von Banassac).<\/p>\n\n\n\n<p class=\"ls-paragraph addReadMore showlesscontent\">Die Schluchten des Tarn sind sowohl ein nat\u00fcrlicher als auch ein kultureller Ort von gro\u00dfem Wert. Entlang der Schlucht kann man auf den H\u00f6hen der kleinen Burgen sehen, die den D\u00f6rfern der Grands Causses und Occitanie wie Sainte-Enimie (Schloss Castelbouc), La Mal\u00e8ne und Hauterives einen besonderen Reiz verleihen.<\/p>\n<\/div>\n<\/div>\n\n\n    <\/div>\n<\/section>\n\n<section id=\"ls-section-block_b9bfba105cb0ae4845b2647e770e5c14\" class=\"ls-section \" >\n        <div class=\"container container--wide\">\n        \n\n<div id=\"ls-heading ls-titre-div-block_9e5c8afca0ca7bd36028acb9b6e84f90\" class=\"ls-titre-div deco-centree aligncenter h2-like\" >\n    Entdecken Sie weitere Aktivit\u00e4ten in der Umgebung<\/div>\n\n\n<div id=\"ls-maillage-block_46a50f50a89ebc209c9b265b69b0b669\" class=\"ls-maillage cta-style-normal\" data-rows=\"3\">\n    <div class=\"wp-block-columns\"><div class=\"wp-block-column\">\n\n<a href=\"https:\/\/www.camping-cevennes.info\/de\/ferien-im-gard\/bambouseraie-en-cevennes\/\" target=\"\" rel=\"noopener\" class=\"ls-cta__link\">\n\n\t<div class=\"ls-cta__image\"><img decoding=\"async\" src=\"https:\/\/www.camping-cevennes.info\/wp-content\/uploads\/2022\/10\/bamboo-1024x480.jpg\" alt=\"bamboo\"><\/div>\n\t<div class=\"ls-cta__title\">\n\t\tBambouseraie\t<\/div>\n\n\t\t\n<\/a><\/div><div class=\"wp-block-column\">\n\n<a href=\"https:\/\/www.camping-cevennes.info\/de\/ferien-im-gard\/camping-in-den-gorges-de-lardeche\/\" target=\"\" rel=\"noopener\" class=\"ls-cta__link\">\n\n\t<div class=\"ls-cta__image\"><img decoding=\"async\" src=\"https:\/\/www.camping-cevennes.info\/wp-content\/uploads\/2022\/10\/gorges-ardeche.jpg\" alt=\"gorge ardeche kayak\"><\/div>\n\t<div class=\"ls-cta__title\">\n\t\tSchluchten des Ard\u00e8che\t<\/div>\n\n\t\t\n<\/a><\/div><div class=\"wp-block-column\">\n\n<a href=\"https:\/\/www.camping-cevennes.info\/de\/ferien-im-gard\/camping-beim-mont-aigoual\/\" target=\"\" rel=\"noopener\" class=\"ls-cta__link\">\n\n\t<div class=\"ls-cta__image\"><img decoding=\"async\" src=\"https:\/\/www.camping-cevennes.info\/wp-content\/uploads\/2022\/10\/mont-aigoual-gard.jpg\" alt=\"mont aigoual gard\"><\/div>\n\t<div class=\"ls-cta__title\">\n\t\tMont aigoual\t<\/div>\n\n\t\t\n<\/a><\/div><\/div><\/div>\n\n    <\/div>\n<\/section>","protected":false},"excerpt":{"rendered":"","protected":false},"author":1,"featured_media":4205,"parent":4788,"menu_order":0,"comment_status":"closed","ping_status":"closed","template":"","meta":{"_acf_changed":false,"footnotes":""},"sujet":[],"class_list":["post-4859","page","type-page","status-publish","has-post-thumbnail","hentry"],"acf":[],"yoast_head":"<!-- This site is optimized with the Yoast SEO plugin v25.3 - https:\/\/yoast.com\/wordpress\/plugins\/seo\/ -->\n<title>Campingplatz Schluchten des Tarn | Ferienhaus Schluchten des Tarn<\/title>\n<meta name=\"description\" content=\"Lassen Sie sich von den Schluchten des Tarn f\u00fcr Ihren n\u00e4chsten Campingurlaub am Gard verf\u00fchren\" \/>\n<meta name=\"robots\" content=\"index, follow, max-snippet:-1, max-image-preview:large, max-video-preview:-1\" \/>\n<link rel=\"canonical\" href=\"https:\/\/www.camping-cevennes.info\/de\/ferien-im-gard\/camping-in-den-schluchten-des-tarn\/\" \/>\n<meta property=\"og:locale\" content=\"de_DE\" \/>\n<meta property=\"og:type\" content=\"article\" \/>\n<meta property=\"og:title\" content=\"Campingplatz Schluchten des Tarn | Ferienhaus Schluchten des Tarn\" \/>\n<meta property=\"og:description\" content=\"Lassen Sie sich von den Schluchten des Tarn f\u00fcr Ihren n\u00e4chsten Campingurlaub am Gard verf\u00fchren\" \/>\n<meta property=\"og:url\" content=\"https:\/\/www.camping-cevennes.info\/de\/ferien-im-gard\/camping-in-den-schluchten-des-tarn\/\" \/>\n<meta property=\"og:site_name\" content=\"Camping Mas de la Cam\" \/>\n<meta property=\"article:modified_time\" content=\"2022-11-14T10:10:39+00:00\" \/>\n<meta property=\"og:image\" content=\"https:\/\/www.camping-cevennes.info\/wp-content\/uploads\/2022\/11\/gorge-du-tarn.jpg\" \/>\n\t<meta property=\"og:image:width\" content=\"1920\" \/>\n\t<meta property=\"og:image:height\" content=\"900\" \/>\n\t<meta property=\"og:image:type\" content=\"image\/jpeg\" \/>\n<meta name=\"twitter:card\" content=\"summary_large_image\" \/>\n<meta name=\"twitter:label1\" content=\"Gesch\u00e4tzte Lesezeit\" \/>\n\t<meta name=\"twitter:data1\" content=\"3\u00a0Minuten\" \/>\n<script type=\"application\/ld+json\" class=\"yoast-schema-graph\">{\"@context\":\"https:\/\/schema.org\",\"@graph\":[{\"@type\":\"WebPage\",\"@id\":\"https:\/\/www.camping-cevennes.info\/de\/ferien-im-gard\/camping-in-den-schluchten-des-tarn\/\",\"url\":\"https:\/\/www.camping-cevennes.info\/de\/ferien-im-gard\/camping-in-den-schluchten-des-tarn\/\",\"name\":\"Campingplatz Schluchten des Tarn | Ferienhaus Schluchten des Tarn\",\"isPartOf\":{\"@id\":\"https:\/\/www.camping-cevennes.info\/de\/#website\"},\"primaryImageOfPage\":{\"@id\":\"https:\/\/www.camping-cevennes.info\/de\/ferien-im-gard\/camping-in-den-schluchten-des-tarn\/#primaryimage\"},\"image\":{\"@id\":\"https:\/\/www.camping-cevennes.info\/de\/ferien-im-gard\/camping-in-den-schluchten-des-tarn\/#primaryimage\"},\"thumbnailUrl\":\"https:\/\/www.camping-cevennes.info\/wp-content\/uploads\/2022\/11\/gorge-du-tarn.jpg\",\"datePublished\":\"2022-10-19T14:50:32+00:00\",\"dateModified\":\"2022-11-14T10:10:39+00:00\",\"description\":\"Lassen Sie sich von den Schluchten des Tarn f\u00fcr Ihren n\u00e4chsten Campingurlaub am Gard verf\u00fchren\",\"breadcrumb\":{\"@id\":\"https:\/\/www.camping-cevennes.info\/de\/ferien-im-gard\/camping-in-den-schluchten-des-tarn\/#breadcrumb\"},\"inLanguage\":\"de\",\"potentialAction\":[{\"@type\":\"ReadAction\",\"target\":[\"https:\/\/www.camping-cevennes.info\/de\/ferien-im-gard\/camping-in-den-schluchten-des-tarn\/\"]}]},{\"@type\":\"ImageObject\",\"inLanguage\":\"de\",\"@id\":\"https:\/\/www.camping-cevennes.info\/de\/ferien-im-gard\/camping-in-den-schluchten-des-tarn\/#primaryimage\",\"url\":\"https:\/\/www.camping-cevennes.info\/wp-content\/uploads\/2022\/11\/gorge-du-tarn.jpg\",\"contentUrl\":\"https:\/\/www.camping-cevennes.info\/wp-content\/uploads\/2022\/11\/gorge-du-tarn.jpg\",\"width\":1920,\"height\":900,\"caption\":\"gorge du tarn\"},{\"@type\":\"BreadcrumbList\",\"@id\":\"https:\/\/www.camping-cevennes.info\/de\/ferien-im-gard\/camping-in-den-schluchten-des-tarn\/#breadcrumb\",\"itemListElement\":[{\"@type\":\"ListItem\",\"position\":1,\"name\":\"Campingplatz C\u00e9vennes\",\"item\":\"https:\/\/www.camping-cevennes.info\/de\/\"},{\"@type\":\"ListItem\",\"position\":2,\"name\":\"Der Gard\",\"item\":\"https:\/\/www.camping-cevennes.info\/de\/ferien-im-gard\/\"},{\"@type\":\"ListItem\",\"position\":3,\"name\":\"Campingplatz in den Schluchten des Tarn\"}]},{\"@type\":\"WebSite\",\"@id\":\"https:\/\/www.camping-cevennes.info\/de\/#website\",\"url\":\"https:\/\/www.camping-cevennes.info\/de\/\",\"name\":\"Camping Mas de la Cam\",\"description\":\"\",\"publisher\":{\"@id\":\"https:\/\/www.camping-cevennes.info\/de\/#organization\"},\"potentialAction\":[{\"@type\":\"SearchAction\",\"target\":{\"@type\":\"EntryPoint\",\"urlTemplate\":\"https:\/\/www.camping-cevennes.info\/de\/?s={search_term_string}\"},\"query-input\":{\"@type\":\"PropertyValueSpecification\",\"valueRequired\":true,\"valueName\":\"search_term_string\"}}],\"inLanguage\":\"de\"},{\"@type\":\"Organization\",\"@id\":\"https:\/\/www.camping-cevennes.info\/de\/#organization\",\"name\":\"Camping Mas de la Cam\",\"url\":\"https:\/\/www.camping-cevennes.info\/de\/\",\"logo\":{\"@type\":\"ImageObject\",\"inLanguage\":\"de\",\"@id\":\"https:\/\/www.camping-cevennes.info\/de\/#\/schema\/logo\/image\/\",\"url\":\"https:\/\/www.camping-cevennes.info\/wp-content\/uploads\/2022\/09\/logo-camping-mas-de-la-cam-noir-1.png\",\"contentUrl\":\"https:\/\/www.camping-cevennes.info\/wp-content\/uploads\/2022\/09\/logo-camping-mas-de-la-cam-noir-1.png\",\"width\":625,\"height\":190,\"caption\":\"Camping Mas de la Cam\"},\"image\":{\"@id\":\"https:\/\/www.camping-cevennes.info\/de\/#\/schema\/logo\/image\/\"}}]}<\/script>\n<!-- \/ Yoast SEO plugin. -->","yoast_head_json":{"title":"Campingplatz Schluchten des Tarn | Ferienhaus Schluchten des Tarn","description":"Lassen Sie sich von den Schluchten des Tarn f\u00fcr Ihren n\u00e4chsten Campingurlaub am Gard verf\u00fchren","robots":{"index":"index","follow":"follow","max-snippet":"max-snippet:-1","max-image-preview":"max-image-preview:large","max-video-preview":"max-video-preview:-1"},"canonical":"https:\/\/www.camping-cevennes.info\/de\/ferien-im-gard\/camping-in-den-schluchten-des-tarn\/","og_locale":"de_DE","og_type":"article","og_title":"Campingplatz Schluchten des Tarn | Ferienhaus Schluchten des Tarn","og_description":"Lassen Sie sich von den Schluchten des Tarn f\u00fcr Ihren n\u00e4chsten Campingurlaub am Gard verf\u00fchren","og_url":"https:\/\/www.camping-cevennes.info\/de\/ferien-im-gard\/camping-in-den-schluchten-des-tarn\/","og_site_name":"Camping Mas de la Cam","article_modified_time":"2022-11-14T10:10:39+00:00","og_image":[{"width":1920,"height":900,"url":"https:\/\/www.camping-cevennes.info\/wp-content\/uploads\/2022\/11\/gorge-du-tarn.jpg","type":"image\/jpeg"}],"twitter_card":"summary_large_image","twitter_misc":{"Gesch\u00e4tzte Lesezeit":"3\u00a0Minuten"},"schema":{"@context":"https:\/\/schema.org","@graph":[{"@type":"WebPage","@id":"https:\/\/www.camping-cevennes.info\/de\/ferien-im-gard\/camping-in-den-schluchten-des-tarn\/","url":"https:\/\/www.camping-cevennes.info\/de\/ferien-im-gard\/camping-in-den-schluchten-des-tarn\/","name":"Campingplatz Schluchten des Tarn | Ferienhaus Schluchten des Tarn","isPartOf":{"@id":"https:\/\/www.camping-cevennes.info\/de\/#website"},"primaryImageOfPage":{"@id":"https:\/\/www.camping-cevennes.info\/de\/ferien-im-gard\/camping-in-den-schluchten-des-tarn\/#primaryimage"},"image":{"@id":"https:\/\/www.camping-cevennes.info\/de\/ferien-im-gard\/camping-in-den-schluchten-des-tarn\/#primaryimage"},"thumbnailUrl":"https:\/\/www.camping-cevennes.info\/wp-content\/uploads\/2022\/11\/gorge-du-tarn.jpg","datePublished":"2022-10-19T14:50:32+00:00","dateModified":"2022-11-14T10:10:39+00:00","description":"Lassen Sie sich von den Schluchten des Tarn f\u00fcr Ihren n\u00e4chsten Campingurlaub am Gard verf\u00fchren","breadcrumb":{"@id":"https:\/\/www.camping-cevennes.info\/de\/ferien-im-gard\/camping-in-den-schluchten-des-tarn\/#breadcrumb"},"inLanguage":"de","potentialAction":[{"@type":"ReadAction","target":["https:\/\/www.camping-cevennes.info\/de\/ferien-im-gard\/camping-in-den-schluchten-des-tarn\/"]}]},{"@type":"ImageObject","inLanguage":"de","@id":"https:\/\/www.camping-cevennes.info\/de\/ferien-im-gard\/camping-in-den-schluchten-des-tarn\/#primaryimage","url":"https:\/\/www.camping-cevennes.info\/wp-content\/uploads\/2022\/11\/gorge-du-tarn.jpg","contentUrl":"https:\/\/www.camping-cevennes.info\/wp-content\/uploads\/2022\/11\/gorge-du-tarn.jpg","width":1920,"height":900,"caption":"gorge du tarn"},{"@type":"BreadcrumbList","@id":"https:\/\/www.camping-cevennes.info\/de\/ferien-im-gard\/camping-in-den-schluchten-des-tarn\/#breadcrumb","itemListElement":[{"@type":"ListItem","position":1,"name":"Campingplatz C\u00e9vennes","item":"https:\/\/www.camping-cevennes.info\/de\/"},{"@type":"ListItem","position":2,"name":"Der Gard","item":"https:\/\/www.camping-cevennes.info\/de\/ferien-im-gard\/"},{"@type":"ListItem","position":3,"name":"Campingplatz in den Schluchten des Tarn"}]},{"@type":"WebSite","@id":"https:\/\/www.camping-cevennes.info\/de\/#website","url":"https:\/\/www.camping-cevennes.info\/de\/","name":"Camping Mas de la Cam","description":"","publisher":{"@id":"https:\/\/www.camping-cevennes.info\/de\/#organization"},"potentialAction":[{"@type":"SearchAction","target":{"@type":"EntryPoint","urlTemplate":"https:\/\/www.camping-cevennes.info\/de\/?s={search_term_string}"},"query-input":{"@type":"PropertyValueSpecification","valueRequired":true,"valueName":"search_term_string"}}],"inLanguage":"de"},{"@type":"Organization","@id":"https:\/\/www.camping-cevennes.info\/de\/#organization","name":"Camping Mas de la Cam","url":"https:\/\/www.camping-cevennes.info\/de\/","logo":{"@type":"ImageObject","inLanguage":"de","@id":"https:\/\/www.camping-cevennes.info\/de\/#\/schema\/logo\/image\/","url":"https:\/\/www.camping-cevennes.info\/wp-content\/uploads\/2022\/09\/logo-camping-mas-de-la-cam-noir-1.png","contentUrl":"https:\/\/www.camping-cevennes.info\/wp-content\/uploads\/2022\/09\/logo-camping-mas-de-la-cam-noir-1.png","width":625,"height":190,"caption":"Camping Mas de la Cam"},"image":{"@id":"https:\/\/www.camping-cevennes.info\/de\/#\/schema\/logo\/image\/"}}]}},"_links":{"self":[{"href":"https:\/\/www.camping-cevennes.info\/de\/wp-json\/wp\/v2\/pages\/4859","targetHints":{"allow":["GET"]}}],"collection":[{"href":"https:\/\/www.camping-cevennes.info\/de\/wp-json\/wp\/v2\/pages"}],"about":[{"href":"https:\/\/www.camping-cevennes.info\/de\/wp-json\/wp\/v2\/types\/page"}],"author":[{"embeddable":true,"href":"https:\/\/www.camping-cevennes.info\/de\/wp-json\/wp\/v2\/users\/1"}],"replies":[{"embeddable":true,"href":"https:\/\/www.camping-cevennes.info\/de\/wp-json\/wp\/v2\/comments?post=4859"}],"version-history":[{"count":5,"href":"https:\/\/www.camping-cevennes.info\/de\/wp-json\/wp\/v2\/pages\/4859\/revisions"}],"predecessor-version":[{"id":6024,"href":"https:\/\/www.camping-cevennes.info\/de\/wp-json\/wp\/v2\/pages\/4859\/revisions\/6024"}],"up":[{"embeddable":true,"href":"https:\/\/www.camping-cevennes.info\/de\/wp-json\/wp\/v2\/pages\/4788"}],"wp:featuredmedia":[{"embeddable":true,"href":"https:\/\/www.camping-cevennes.info\/de\/wp-json\/wp\/v2\/media\/4205"}],"wp:attachment":[{"href":"https:\/\/www.camping-cevennes.info\/de\/wp-json\/wp\/v2\/media?parent=4859"}],"wp:term":[{"taxonomy":"sujet","embeddable":true,"href":"https:\/\/www.camping-cevennes.info\/de\/wp-json\/wp\/v2\/sujet?post=4859"}],"curies":[{"name":"wp","href":"https:\/\/api.w.org\/{rel}","templated":true}]}}