{"id":4856,"date":"2022-10-24T11:29:37","date_gmt":"2022-10-24T09:29:37","guid":{"rendered":"https:\/\/www.camping-cevennes.info\/vacances-gard\/camping-gorges-de-lardeche\/"},"modified":"2022-11-14T11:08:19","modified_gmt":"2022-11-14T10:08:19","slug":"camping-in-den-gorges-de-lardeche","status":"publish","type":"page","link":"https:\/\/www.camping-cevennes.info\/de\/ferien-im-gard\/camping-in-den-gorges-de-lardeche\/","title":{"rendered":"Gorges de l&#8217;Ard\u00e8che"},"content":{"rendered":"<section id=\"ls-section-block_9a33b81f59ca210ff1920c9b32fd55a2\" class=\"ls-section  page-intro has-p-t p-t-14\" >\n        <div class=\"container container--wide\">\n        \n\n<div class=\"wp-block-columns columns-parent is-layout-flex wp-container-core-columns-is-layout-9d6595d7 wp-block-columns-is-layout-flex\">\n<div class=\"wp-block-column is-vertically-aligned-center left is-layout-flow wp-block-column-is-layout-flow\">\n<h1 class=\"ls__heading animated fadeInLeft delay-200ms wp-block-heading\"><span class=\"small\">CAMPINGPLATZ IN DEN <\/span><br><span class=\"bold\">SCHLUCHTEN DES ARD\u00c8CHE<\/span><\/h1>\n\n\n\n<p class=\"ls-paragraph\">Lust darauf, das Hinterland Okzitaniens und die C\u00e9vennes einmal anders kennen zu lernen? Der 4-Sterne-Campingplatz Mas de la Cam in Saint-Jean-du-Gard bietet Stellpl\u00e4tze und Ferienwohnungen f\u00fcr alle Profile und Budgets. Mit der Familie, unter Freunden oder zu zweit: Entdecken Sie die versteckten Sch\u00e4tze des Gard von diesem Freilufthotel aus, nur 2 Schritte von einem atemberaubenden Canyon, den Schluchten der Ardeche, entfernt.<\/p>\n<\/div>\n\n\n\n<div class=\"wp-block-column is-vertically-aligned-center right is-layout-flow wp-block-column-is-layout-flow\">\n<iframe src=\"https:\/\/www.google.com\/maps\/embed?pb=!1m28!1m12!1m3!1d517782.2343000452!2d3.768052984567009!3d44.19945039518597!2m3!1f0!2f0!3f0!3m2!1i1024!2i768!4f13.1!4m13!3e0!4m5!1s0x12b471649f944325%3A0x75353720ffe2581!2sMas%20de%20la%20Cam%2C%20Saint-Jean-du-Gard!3m2!1d44.112027999999995!2d3.8540129999999997!4m5!1s0x12b5072bd12aaa75%3A0xe184468a54f82966!2sR%C3%A9serve%20Naturelle%20Nationale%20des%20Gorges%20de%20l'Ard%C3%A8che%2C%20Le%20Village%2C%2007700%20Saint-Rem%C3%A8ze!3m2!1d44.3649796!2d4.4439364999999995!5e0!3m2!1sfr!2sfr!4v1666623321176!5m2!1sfr!2sfr\" width=\"100%\" height=\"450\" style=\"border:0;\" allowfullscreen=\"\" loading=\"lazy\" referrerpolicy=\"no-referrer-when-downgrade\"><\/iframe>\n<\/div>\n<\/div>\n\n\n    <\/div>\n<\/section>\n\n<section id=\"ls-section-block_ff76c507c4c64401ac6de3aa32ed6a56\" class=\"ls-section  page-one has-p-t p-t-0\" >\n        <div class=\"container container--wide\">\n        \n\n<div class=\"wp-block-columns is-layout-flex wp-container-core-columns-is-layout-9d6595d7 wp-block-columns-is-layout-flex\">\n<div class=\"wp-block-column is-vertically-aligned-center is-layout-flow wp-block-column-is-layout-flow\">\n<figure class=\"wp-block-image size-full animated fadeInLeft delay-500ms slow\"><a href=\"https:\/\/www.camping-cevennes.info\/wp-content\/uploads\/2022\/10\/gorges-ardeche.jpg\"><img decoding=\"async\" width=\"900\" height=\"600\" src=\"https:\/\/www.camping-cevennes.info\/wp-content\/uploads\/2022\/10\/gorges-ardeche.jpg\" alt=\"gorge ardeche kayak\" class=\"wp-image-2909\" srcset=\"https:\/\/www.camping-cevennes.info\/wp-content\/uploads\/2022\/10\/gorges-ardeche.jpg 900w, https:\/\/www.camping-cevennes.info\/wp-content\/uploads\/2022\/10\/gorges-ardeche-300x200.jpg 300w, https:\/\/www.camping-cevennes.info\/wp-content\/uploads\/2022\/10\/gorges-ardeche-768x512.jpg 768w\" sizes=\"(max-width: 900px) 100vw, 900px\" \/><\/a><\/figure>\n\n\n\n<p class=\"ls-paragraph\">Die Schluchten der Ardeche sind ein Naturschutzgebiet. Von den Gipfeln aus haben Sie eine wundersch\u00f6ne Aussicht \u00fcber die C\u00e9vennes. Nehmen Sie sich die Zeit, mit Ihren Kindern oder Freunden au\u00dfergew\u00f6hnliche Landschaften wie den Cirque de la Madelaine (ein Talkessel), den Balcon des Templiers, die Pont du Diable (\u00fcbersetzt: Br\u00fccke des Teufels), die Wasserf\u00e4lle von Sautadet, den Ray-Pic-Wasserfall und die Steilh\u00e4nge des Garn zu erkunden. In dem Tal gibt es zahlreiche bildh\u00fcbsche D\u00f6rfer, die sie zwischen zwei Aktivit\u00e4ten besichtigen k\u00f6nnen: Salavas, Saint-Rem\u00e8ze, Bidon, Labastide-de-Virac, Saint-Marcel-d\u2019Ard\u00e8che\u2026 <\/p>\n\n\n\n<p class=\"ls-paragraph\">F\u00fcr einen unvergesslichen Familienausflug sollten Sie daran denken, den Besuch der Cit\u00e9 de la Pr\u00e9histoire in Aven d\u2018Orgnac (ein der Urgeschichte gewidmeter Freizeitpark) in Aven d\u2018Orgnac in Ihr Besichtigungsprogramm aufzunehmen.<\/p>\n<\/div>\n\n\n\n<div class=\"wp-block-column is-vertically-aligned-center is-layout-flow wp-block-column-is-layout-flow\">\n<h2 class=\"ls__heading deco wp-block-heading\">WAS KANN MAN IN DEN SCHLUCHTEN DER ARDECHE UNTERNEHMEN?<\/h2>\n\n\n\n<p class=\"ls-paragraph\">Der Name \u201eSchluchten der Ardeche\u201c bezeichnet einen wundersch\u00f6nen, ungef\u00e4hr 30 km langen Canyon mit einem Fluss mit zahlreichen Windungen und mit so interessanten Sehensw\u00fcrdigkeiten wie dem Pont d\u2018Arc (Vallon-Pont-d\u2018Arc), der mit ihrem erstaunlichen Kalkbogen die ber\u00fchmteste von ihnen ist. In diesem Naturgebiet, dass nicht weit von der Pont du Gard entfernt zwischen Chames (Sauze) und Saint-Martin-d\u2018Ard\u00e8che liegt, gibt es mehrere Grotten (die Grotte Chauvet, die Grotte Saint-Marcel, die Grotte de la Madeleine sowie die Grotte de la Cocali\u00e8re). Hierhin kommen jedes Jahr Anh\u00e4nger von Wanderungen, Bungeejumping, Kanu und Kajak (die Strecke h\u00e4lt mehrere Stromschnellen f\u00fcr Sie bereit), Klettern und H\u00f6hlenforschung.<\/p>\n\n\n\n<figure class=\"wp-block-image size-full animated fadeInRight delay-500ms slow\"><a href=\"https:\/\/www.camping-cevennes.info\/wp-content\/uploads\/2022\/10\/gorge-de-lardeche.jpg\"><img decoding=\"async\" width=\"900\" height=\"600\" src=\"https:\/\/www.camping-cevennes.info\/wp-content\/uploads\/2022\/10\/gorge-de-lardeche.jpg\" alt=\"gorge de l'ardeche\" class=\"wp-image-2904\" srcset=\"https:\/\/www.camping-cevennes.info\/wp-content\/uploads\/2022\/10\/gorge-de-lardeche.jpg 900w, https:\/\/www.camping-cevennes.info\/wp-content\/uploads\/2022\/10\/gorge-de-lardeche-300x200.jpg 300w, https:\/\/www.camping-cevennes.info\/wp-content\/uploads\/2022\/10\/gorge-de-lardeche-768x512.jpg 768w\" sizes=\"(max-width: 900px) 100vw, 900px\" \/><\/a><\/figure>\n<\/div>\n<\/div>\n\n\n    <\/div>\n<\/section>\n\n<section id=\"ls-section-block_0ea2dd1dfc07a3b00d36900fc414c46a\" class=\"ls-section \" >\n        <div class=\"container container--wide\">\n        \n\n<div id=\"ls-heading ls-titre-div-block_c945c0618075a1466fbdbf87f1352fe2\" class=\"ls-titre-div deco-centree aligncenter h2-like\" >\n    Entdecken Sie die Aktivit\u00e4ten in der Umgebung des Campingplatzes<\/div>\n\n\n<div id=\"ls-maillage-block_170117bf3fd7346db4fb0a8d1a01513e\" class=\"ls-maillage cta-style-normal\" data-rows=\"3\">\n    <div class=\"wp-block-columns\"><div class=\"wp-block-column\">\n\n<a href=\"https:\/\/www.camping-cevennes.info\/de\/ferien-im-gard\/bambouseraie-en-cevennes\/\" target=\"\" rel=\"noopener\" class=\"ls-cta__link\">\n\n\t<div class=\"ls-cta__image\"><img decoding=\"async\" src=\"https:\/\/www.camping-cevennes.info\/wp-content\/uploads\/2022\/10\/bamboo-1024x480.jpg\" alt=\"bamboo\"><\/div>\n\t<div class=\"ls-cta__title\">\n\t\tBambouseraie\t<\/div>\n\n\t\t\n<\/a><\/div><div class=\"wp-block-column\">\n\n<a href=\"https:\/\/www.camping-cevennes.info\/de\/ferien-im-gard\/camping-in-den-schluchten-des-tarn\/\" target=\"\" rel=\"noopener\" class=\"ls-cta__link\">\n\n\t<div class=\"ls-cta__image\"><img decoding=\"async\" src=\"https:\/\/www.camping-cevennes.info\/wp-content\/uploads\/2022\/11\/gorge-du-tarn-1024x480.jpg\" alt=\"gorge du tarn\"><\/div>\n\t<div class=\"ls-cta__title\">\n\t\tGorges du Tarn\t<\/div>\n\n\t\t\n<\/a><\/div><div class=\"wp-block-column\">\n\n<a href=\"https:\/\/www.camping-cevennes.info\/de\/ferien-im-gard\/camping-bei-der-pont-du-gard\/\" target=\"\" rel=\"noopener\" class=\"ls-cta__link\">\n\n\t<div class=\"ls-cta__image\"><img decoding=\"async\" src=\"https:\/\/www.camping-cevennes.info\/wp-content\/uploads\/2022\/10\/pont-du-gard-1.jpg\" alt=\"pont du gard\"><\/div>\n\t<div class=\"ls-cta__title\">\n\t\tPont du Gard\t<\/div>\n\n\t\t\n<\/a><\/div><\/div><\/div>\n\n    <\/div>\n<\/section>","protected":false},"excerpt":{"rendered":"","protected":false},"author":1,"featured_media":3196,"parent":4788,"menu_order":0,"comment_status":"closed","ping_status":"closed","template":"","meta":{"_acf_changed":false,"footnotes":""},"sujet":[],"class_list":["post-4856","page","type-page","status-publish","has-post-thumbnail","hentry"],"acf":[],"yoast_head":"<!-- This site is optimized with the Yoast SEO plugin v25.3 - https:\/\/yoast.com\/wordpress\/plugins\/seo\/ -->\n<title>Campingplatz Schluchten der Ardeche | Ferien in den Schluchten der Ardeche<\/title>\n<meta name=\"description\" content=\"Touristische Aktivit\u00e4ten in den Schluchten der Ardeche, Orte, die man nicht verpassen sollte, was man in seinen Ferien in der N\u00e4he der Schluchten der Ardeche sehen kann\" \/>\n<meta name=\"robots\" content=\"index, follow, max-snippet:-1, max-image-preview:large, max-video-preview:-1\" \/>\n<link rel=\"canonical\" href=\"https:\/\/www.camping-cevennes.info\/de\/ferien-im-gard\/camping-in-den-gorges-de-lardeche\/\" \/>\n<meta property=\"og:locale\" content=\"de_DE\" \/>\n<meta property=\"og:type\" content=\"article\" \/>\n<meta property=\"og:title\" content=\"Campingplatz Schluchten der Ardeche | Ferien in den Schluchten der Ardeche\" \/>\n<meta property=\"og:description\" content=\"Touristische Aktivit\u00e4ten in den Schluchten der Ardeche, Orte, die man nicht verpassen sollte, was man in seinen Ferien in der N\u00e4he der Schluchten der Ardeche sehen kann\" \/>\n<meta property=\"og:url\" content=\"https:\/\/www.camping-cevennes.info\/de\/ferien-im-gard\/camping-in-den-gorges-de-lardeche\/\" \/>\n<meta property=\"og:site_name\" content=\"Camping Mas de la Cam\" \/>\n<meta property=\"article:modified_time\" content=\"2022-11-14T10:08:19+00:00\" \/>\n<meta property=\"og:image\" content=\"https:\/\/www.camping-cevennes.info\/wp-content\/uploads\/2022\/11\/gorge-de-lardeche.jpg\" \/>\n\t<meta property=\"og:image:width\" content=\"1920\" \/>\n\t<meta property=\"og:image:height\" content=\"900\" \/>\n\t<meta property=\"og:image:type\" content=\"image\/jpeg\" \/>\n<meta name=\"twitter:card\" content=\"summary_large_image\" \/>\n<meta name=\"twitter:label1\" content=\"Gesch\u00e4tzte Lesezeit\" \/>\n\t<meta name=\"twitter:data1\" content=\"2\u00a0Minuten\" \/>\n<script type=\"application\/ld+json\" class=\"yoast-schema-graph\">{\"@context\":\"https:\/\/schema.org\",\"@graph\":[{\"@type\":\"WebPage\",\"@id\":\"https:\/\/www.camping-cevennes.info\/de\/ferien-im-gard\/camping-in-den-gorges-de-lardeche\/\",\"url\":\"https:\/\/www.camping-cevennes.info\/de\/ferien-im-gard\/camping-in-den-gorges-de-lardeche\/\",\"name\":\"Campingplatz Schluchten der Ardeche | Ferien in den Schluchten der Ardeche\",\"isPartOf\":{\"@id\":\"https:\/\/www.camping-cevennes.info\/de\/#website\"},\"primaryImageOfPage\":{\"@id\":\"https:\/\/www.camping-cevennes.info\/de\/ferien-im-gard\/camping-in-den-gorges-de-lardeche\/#primaryimage\"},\"image\":{\"@id\":\"https:\/\/www.camping-cevennes.info\/de\/ferien-im-gard\/camping-in-den-gorges-de-lardeche\/#primaryimage\"},\"thumbnailUrl\":\"https:\/\/www.camping-cevennes.info\/wp-content\/uploads\/2022\/10\/gorges-du-gardon.jpg\",\"datePublished\":\"2022-10-24T09:29:37+00:00\",\"dateModified\":\"2022-11-14T10:08:19+00:00\",\"description\":\"Touristische Aktivit\u00e4ten in den Schluchten der Ardeche, Orte, die man nicht verpassen sollte, was man in seinen Ferien in der N\u00e4he der Schluchten der Ardeche sehen kann\",\"breadcrumb\":{\"@id\":\"https:\/\/www.camping-cevennes.info\/de\/ferien-im-gard\/camping-in-den-gorges-de-lardeche\/#breadcrumb\"},\"inLanguage\":\"de\",\"potentialAction\":[{\"@type\":\"ReadAction\",\"target\":[\"https:\/\/www.camping-cevennes.info\/de\/ferien-im-gard\/camping-in-den-gorges-de-lardeche\/\"]}]},{\"@type\":\"ImageObject\",\"inLanguage\":\"de\",\"@id\":\"https:\/\/www.camping-cevennes.info\/de\/ferien-im-gard\/camping-in-den-gorges-de-lardeche\/#primaryimage\",\"url\":\"https:\/\/www.camping-cevennes.info\/wp-content\/uploads\/2022\/10\/gorges-du-gardon.jpg\",\"contentUrl\":\"https:\/\/www.camping-cevennes.info\/wp-content\/uploads\/2022\/10\/gorges-du-gardon.jpg\",\"width\":900,\"height\":600,\"caption\":\"gorges du gardon\"},{\"@type\":\"BreadcrumbList\",\"@id\":\"https:\/\/www.camping-cevennes.info\/de\/ferien-im-gard\/camping-in-den-gorges-de-lardeche\/#breadcrumb\",\"itemListElement\":[{\"@type\":\"ListItem\",\"position\":1,\"name\":\"Campingplatz C\u00e9vennes\",\"item\":\"https:\/\/www.camping-cevennes.info\/de\/\"},{\"@type\":\"ListItem\",\"position\":2,\"name\":\"Der Gard\",\"item\":\"https:\/\/www.camping-cevennes.info\/de\/ferien-im-gard\/\"},{\"@type\":\"ListItem\",\"position\":3,\"name\":\"Campingplatz in den Schluchten des Ard\u00e8che\"}]},{\"@type\":\"WebSite\",\"@id\":\"https:\/\/www.camping-cevennes.info\/de\/#website\",\"url\":\"https:\/\/www.camping-cevennes.info\/de\/\",\"name\":\"Camping Mas de la Cam\",\"description\":\"\",\"publisher\":{\"@id\":\"https:\/\/www.camping-cevennes.info\/de\/#organization\"},\"potentialAction\":[{\"@type\":\"SearchAction\",\"target\":{\"@type\":\"EntryPoint\",\"urlTemplate\":\"https:\/\/www.camping-cevennes.info\/de\/?s={search_term_string}\"},\"query-input\":{\"@type\":\"PropertyValueSpecification\",\"valueRequired\":true,\"valueName\":\"search_term_string\"}}],\"inLanguage\":\"de\"},{\"@type\":\"Organization\",\"@id\":\"https:\/\/www.camping-cevennes.info\/de\/#organization\",\"name\":\"Camping Mas de la Cam\",\"url\":\"https:\/\/www.camping-cevennes.info\/de\/\",\"logo\":{\"@type\":\"ImageObject\",\"inLanguage\":\"de\",\"@id\":\"https:\/\/www.camping-cevennes.info\/de\/#\/schema\/logo\/image\/\",\"url\":\"https:\/\/www.camping-cevennes.info\/wp-content\/uploads\/2022\/09\/logo-camping-mas-de-la-cam-noir-1.png\",\"contentUrl\":\"https:\/\/www.camping-cevennes.info\/wp-content\/uploads\/2022\/09\/logo-camping-mas-de-la-cam-noir-1.png\",\"width\":625,\"height\":190,\"caption\":\"Camping Mas de la Cam\"},\"image\":{\"@id\":\"https:\/\/www.camping-cevennes.info\/de\/#\/schema\/logo\/image\/\"}}]}<\/script>\n<!-- \/ Yoast SEO plugin. -->","yoast_head_json":{"title":"Campingplatz Schluchten der Ardeche | Ferien in den Schluchten der Ardeche","description":"Touristische Aktivit\u00e4ten in den Schluchten der Ardeche, Orte, die man nicht verpassen sollte, was man in seinen Ferien in der N\u00e4he der Schluchten der Ardeche sehen kann","robots":{"index":"index","follow":"follow","max-snippet":"max-snippet:-1","max-image-preview":"max-image-preview:large","max-video-preview":"max-video-preview:-1"},"canonical":"https:\/\/www.camping-cevennes.info\/de\/ferien-im-gard\/camping-in-den-gorges-de-lardeche\/","og_locale":"de_DE","og_type":"article","og_title":"Campingplatz Schluchten der Ardeche | Ferien in den Schluchten der Ardeche","og_description":"Touristische Aktivit\u00e4ten in den Schluchten der Ardeche, Orte, die man nicht verpassen sollte, was man in seinen Ferien in der N\u00e4he der Schluchten der Ardeche sehen kann","og_url":"https:\/\/www.camping-cevennes.info\/de\/ferien-im-gard\/camping-in-den-gorges-de-lardeche\/","og_site_name":"Camping Mas de la Cam","article_modified_time":"2022-11-14T10:08:19+00:00","og_image":[{"width":1920,"height":900,"url":"https:\/\/www.camping-cevennes.info\/wp-content\/uploads\/2022\/11\/gorge-de-lardeche.jpg","type":"image\/jpeg"}],"twitter_card":"summary_large_image","twitter_misc":{"Gesch\u00e4tzte Lesezeit":"2\u00a0Minuten"},"schema":{"@context":"https:\/\/schema.org","@graph":[{"@type":"WebPage","@id":"https:\/\/www.camping-cevennes.info\/de\/ferien-im-gard\/camping-in-den-gorges-de-lardeche\/","url":"https:\/\/www.camping-cevennes.info\/de\/ferien-im-gard\/camping-in-den-gorges-de-lardeche\/","name":"Campingplatz Schluchten der Ardeche | Ferien in den Schluchten der Ardeche","isPartOf":{"@id":"https:\/\/www.camping-cevennes.info\/de\/#website"},"primaryImageOfPage":{"@id":"https:\/\/www.camping-cevennes.info\/de\/ferien-im-gard\/camping-in-den-gorges-de-lardeche\/#primaryimage"},"image":{"@id":"https:\/\/www.camping-cevennes.info\/de\/ferien-im-gard\/camping-in-den-gorges-de-lardeche\/#primaryimage"},"thumbnailUrl":"https:\/\/www.camping-cevennes.info\/wp-content\/uploads\/2022\/10\/gorges-du-gardon.jpg","datePublished":"2022-10-24T09:29:37+00:00","dateModified":"2022-11-14T10:08:19+00:00","description":"Touristische Aktivit\u00e4ten in den Schluchten der Ardeche, Orte, die man nicht verpassen sollte, was man in seinen Ferien in der N\u00e4he der Schluchten der Ardeche sehen kann","breadcrumb":{"@id":"https:\/\/www.camping-cevennes.info\/de\/ferien-im-gard\/camping-in-den-gorges-de-lardeche\/#breadcrumb"},"inLanguage":"de","potentialAction":[{"@type":"ReadAction","target":["https:\/\/www.camping-cevennes.info\/de\/ferien-im-gard\/camping-in-den-gorges-de-lardeche\/"]}]},{"@type":"ImageObject","inLanguage":"de","@id":"https:\/\/www.camping-cevennes.info\/de\/ferien-im-gard\/camping-in-den-gorges-de-lardeche\/#primaryimage","url":"https:\/\/www.camping-cevennes.info\/wp-content\/uploads\/2022\/10\/gorges-du-gardon.jpg","contentUrl":"https:\/\/www.camping-cevennes.info\/wp-content\/uploads\/2022\/10\/gorges-du-gardon.jpg","width":900,"height":600,"caption":"gorges du gardon"},{"@type":"BreadcrumbList","@id":"https:\/\/www.camping-cevennes.info\/de\/ferien-im-gard\/camping-in-den-gorges-de-lardeche\/#breadcrumb","itemListElement":[{"@type":"ListItem","position":1,"name":"Campingplatz C\u00e9vennes","item":"https:\/\/www.camping-cevennes.info\/de\/"},{"@type":"ListItem","position":2,"name":"Der Gard","item":"https:\/\/www.camping-cevennes.info\/de\/ferien-im-gard\/"},{"@type":"ListItem","position":3,"name":"Campingplatz in den Schluchten des Ard\u00e8che"}]},{"@type":"WebSite","@id":"https:\/\/www.camping-cevennes.info\/de\/#website","url":"https:\/\/www.camping-cevennes.info\/de\/","name":"Camping Mas de la Cam","description":"","publisher":{"@id":"https:\/\/www.camping-cevennes.info\/de\/#organization"},"potentialAction":[{"@type":"SearchAction","target":{"@type":"EntryPoint","urlTemplate":"https:\/\/www.camping-cevennes.info\/de\/?s={search_term_string}"},"query-input":{"@type":"PropertyValueSpecification","valueRequired":true,"valueName":"search_term_string"}}],"inLanguage":"de"},{"@type":"Organization","@id":"https:\/\/www.camping-cevennes.info\/de\/#organization","name":"Camping Mas de la Cam","url":"https:\/\/www.camping-cevennes.info\/de\/","logo":{"@type":"ImageObject","inLanguage":"de","@id":"https:\/\/www.camping-cevennes.info\/de\/#\/schema\/logo\/image\/","url":"https:\/\/www.camping-cevennes.info\/wp-content\/uploads\/2022\/09\/logo-camping-mas-de-la-cam-noir-1.png","contentUrl":"https:\/\/www.camping-cevennes.info\/wp-content\/uploads\/2022\/09\/logo-camping-mas-de-la-cam-noir-1.png","width":625,"height":190,"caption":"Camping Mas de la Cam"},"image":{"@id":"https:\/\/www.camping-cevennes.info\/de\/#\/schema\/logo\/image\/"}}]}},"_links":{"self":[{"href":"https:\/\/www.camping-cevennes.info\/de\/wp-json\/wp\/v2\/pages\/4856","targetHints":{"allow":["GET"]}}],"collection":[{"href":"https:\/\/www.camping-cevennes.info\/de\/wp-json\/wp\/v2\/pages"}],"about":[{"href":"https:\/\/www.camping-cevennes.info\/de\/wp-json\/wp\/v2\/types\/page"}],"author":[{"embeddable":true,"href":"https:\/\/www.camping-cevennes.info\/de\/wp-json\/wp\/v2\/users\/1"}],"replies":[{"embeddable":true,"href":"https:\/\/www.camping-cevennes.info\/de\/wp-json\/wp\/v2\/comments?post=4856"}],"version-history":[{"count":8,"href":"https:\/\/www.camping-cevennes.info\/de\/wp-json\/wp\/v2\/pages\/4856\/revisions"}],"predecessor-version":[{"id":5333,"href":"https:\/\/www.camping-cevennes.info\/de\/wp-json\/wp\/v2\/pages\/4856\/revisions\/5333"}],"up":[{"embeddable":true,"href":"https:\/\/www.camping-cevennes.info\/de\/wp-json\/wp\/v2\/pages\/4788"}],"wp:featuredmedia":[{"embeddable":true,"href":"https:\/\/www.camping-cevennes.info\/de\/wp-json\/wp\/v2\/media\/3196"}],"wp:attachment":[{"href":"https:\/\/www.camping-cevennes.info\/de\/wp-json\/wp\/v2\/media?parent=4856"}],"wp:term":[{"taxonomy":"sujet","embeddable":true,"href":"https:\/\/www.camping-cevennes.info\/de\/wp-json\/wp\/v2\/sujet?post=4856"}],"curies":[{"name":"wp","href":"https:\/\/api.w.org\/{rel}","templated":true}]}}