{"id":4853,"date":"2022-10-24T12:21:44","date_gmt":"2022-10-24T10:21:44","guid":{"rendered":"https:\/\/www.camping-cevennes.info\/vacances-gard\/vacances-gard-bambouseraie\/"},"modified":"2022-11-14T11:08:01","modified_gmt":"2022-11-14T10:08:01","slug":"bambouseraie-en-cevennes","status":"publish","type":"page","link":"https:\/\/www.camping-cevennes.info\/de\/ferien-im-gard\/bambouseraie-en-cevennes\/","title":{"rendered":"Bambouseraie"},"content":{"rendered":"<section id=\"ls-section-block_9be71c8274571150b0a61700e0934cca\" class=\"ls-section  page-intro has-p-t p-t-14\" >\n        <div class=\"container container--wide\">\n        \n\n<div class=\"wp-block-columns columns-parent is-layout-flex wp-container-core-columns-is-layout-9d6595d7 wp-block-columns-is-layout-flex\">\n<div class=\"wp-block-column is-vertically-aligned-center left is-layout-flow wp-block-column-is-layout-flow\">\n<h1 class=\"ls__heading animated fadeInLeft delay-200ms wp-block-heading\"><span class=\"small\">Bambouseraie <\/span><br>EN C\u00c9VENNen<\/h1>\n\n\n\n<p class=\"ls-paragraph\">Der \u00d6kotourismus ist ein hervorragendes Mittel, um Kindern den Schutz der Natur und nachhaltigen Tourismus n\u00e4herzubringen. Der Bambusgarten \u201eLa Bambouseraie en C\u00e9vennes\u201c in G\u00e9n\u00e9rargues im Departement Gard ist ein au\u00dfergew\u00f6hnlicher exotischer Garten, der sich auf einer Fl\u00e4che von 15.000 m\u00b2 ausdehnt. Dieses mit dem Label \u201eJardin remarquable\u201c ausgezeichnete, denkmalgesch\u00fctzte riesige Pflanzenuniversum wurde 1856 von einem Liebhaber der Botanik angelegt und ist sowohl f\u00fcr Kinder, f\u00fcr die ganz Kleinen, sowie f\u00fcr den Gesch\u00e4ftstourismus geeignet. Verlieren Sie sich mit der Familie von der Allee der Mammutb\u00e4ume aus hin zum Tal der Drachen in diesem von Ger\u00fcchen \u00fcberfluteten floralen Labyrinth.<\/p>\n<\/div>\n\n\n\n<div class=\"wp-block-column is-vertically-aligned-center right is-layout-flow wp-block-column-is-layout-flow\">\n<iframe src=\"https:\/\/www.google.com\/maps\/embed?pb=!1m28!1m12!1m3!1d77128.85186935558!2d3.9212580200213636!3d44.076787498346484!2m3!1f0!2f0!3f0!3m2!1i1024!2i768!4f13.1!4m13!3e0!4m5!1s0x12b47164841558ad%3A0x62d813088da27348!2sCamping%20Mas%20de%20la%20Cam%20Saint%20Jean%20du%20Gard%2C%20Saint-Jean-du-Gard!3m2!1d44.112383099999995!2d3.8543309999999997!4m5!1s0x12b46c7cb7d87edd%3A0x54cd54a65192537!2sLa%20Bambouseraie%20en%20C%C3%A9vennes%2C%20Montsauve%2C%20G%C3%A9n%C3%A9rargues!3m2!1d44.0711222!2d3.9812833!5e0!3m2!1sfr!2sfr!4v1666620036141!5m2!1sfr!2sfr\" width=\"100\" height=\"450\" style=\"border:0;\" allowfullscreen=\"\" loading=\"lazy\" referrerpolicy=\"no-referrer-when-downgrade\"><\/iframe>\n<\/div>\n<\/div>\n\n\n    <\/div>\n<\/section>\n\n<section id=\"ls-section-block_56b480acf9fb17e3585b71694b986d75\" class=\"ls-section  page-one has-p-t p-t-0\" >\n        <div class=\"container container--wide\">\n        \n\n<div class=\"wp-block-columns is-layout-flex wp-container-core-columns-is-layout-9d6595d7 wp-block-columns-is-layout-flex\">\n<div class=\"wp-block-column is-vertically-aligned-center is-layout-flow wp-block-column-is-layout-flow\">\n<figure class=\"wp-block-image size-full animated fadeInLeft delay-500ms slow\"><a href=\"https:\/\/www.camping-cevennes.info\/wp-content\/uploads\/2022\/10\/bambouseraie-cevennes.jpg\"><img decoding=\"async\" width=\"900\" height=\"600\" src=\"https:\/\/www.camping-cevennes.info\/wp-content\/uploads\/2022\/10\/bambouseraie-cevennes.jpg\" alt=\"bambouseraie cevennes\" class=\"wp-image-2858\" srcset=\"https:\/\/www.camping-cevennes.info\/wp-content\/uploads\/2022\/10\/bambouseraie-cevennes.jpg 900w, https:\/\/www.camping-cevennes.info\/wp-content\/uploads\/2022\/10\/bambouseraie-cevennes-300x200.jpg 300w, https:\/\/www.camping-cevennes.info\/wp-content\/uploads\/2022\/10\/bambouseraie-cevennes-768x512.jpg 768w\" sizes=\"(max-width: 900px) 100vw, 900px\" \/><\/a><\/figure>\n<\/div>\n\n\n\n<div class=\"wp-block-column is-layout-flow wp-block-column-is-layout-flow\">\n<h2 class=\"ls__heading deco wp-block-heading\">DIE BAMBOUSERAIE DE PRAFRANCE \u2013 EINER DER SCH\u00d6NSTEN G\u00c4RTEN FRANKREICHS<\/h2>\n\n\n\n<p class=\"ls-paragraph\">Jawohl, eine Bambouseraie ist ein Bambuswald. Nein, Bambusplanzen sind keine B\u00e4ume, sondern hohe Gr\u00e4ser. Dies ist nur ein kleiner Einblick in das, was sie bei Ihrem Besuch in der Bambouseraie en C\u00e9vennes lernen k\u00f6nnen. Besuchen Sie den botanischen Garten und genie\u00dfen Sie die Ruhe am Fu\u00dfe der gro\u00dfen Eiche, der Zypressen, des Ginkgo oder der riesigen Magnolia. Entdecken Sie die atemberaubend angelegten Bereiche wie den japanisch inspirierten Pavillon des Phoenix, die Allee der chinesischen Palmen, das laotische Dorf, der \u201eSerres Mazel\u201c genannten Gew\u00e4chsh\u00e4user und den Garten der Bassins d\u2018Eug\u00e8ne. W\u00e4hrend ihres Spaziergangs durch diesen gesch\u00fctzten Bereich werden sie die Gelegenheit erhalten, Pflanzen zu sehen, die Sie vielleicht noch nie gesehen haben \u2013 vor allem die wundersch\u00f6nen Kamelien und die Lotusblumen, Wahrzeichen des asiatischen Kontinents.<\/p>\n<\/div>\n<\/div>\n\n\n    <\/div>\n<\/section>\n\n<section id=\"ls-section-block_56b480acf9fb17e3585b71694b986d75\" class=\"ls-section  page-one has-p-t p-t-0\" >\n        <div class=\"container container--wide\">\n        \n\n<div class=\"wp-block-columns is-layout-flex wp-container-core-columns-is-layout-9d6595d7 wp-block-columns-is-layout-flex\">\n<div class=\"wp-block-column is-vertically-aligned-center is-layout-flow wp-block-column-is-layout-flow\">\n<h2 class=\"ls__heading deco wp-block-heading\">EIN RAUM, DER F\u00dcR ALLE BESUCHER GEDACHT IST<\/h2>\n\n\n\n<p class=\"ls-paragraph\">Nachdem Sie den Botanischen Garten und die Landschaft entdeckt haben, f\u00fchlen Sie sich so Zen, dass Sie Ihre Kinder nicht leugnen k\u00f6nnen. Lassen Sie sie in ihre Entspannung, spielerische Garten spielen, und geben ihnen ein Gaming-Notebook, so dass sie in die Gartenwege wagen. Die Menagerie erm\u00f6glicht es ihnen, sich den Tieren des Parks zu n\u00e4hern. Andere Dienste angeboten werden, zu den Eltern Kinderwagen zugreifen, Flaschenw\u00e4rmer, Babyver\u00e4ndernd, Mikrowelle \u2026 Die Bamboo Cevennen bietet auch die Vermietung von Raum f\u00fcr Geburtstagsfeiern oder gesch\u00e4ftliche Veranstaltungen (Konferenzen, Seminare, Galas).<\/p>\n\n\n\n<figure class=\"wp-block-image size-full animated fadeInRight delay-500ms slow\"><a href=\"https:\/\/www.camping-cevennes.info\/wp-content\/uploads\/2022\/10\/arc-bambouseraie.jpg\"><img decoding=\"async\" width=\"900\" height=\"600\" src=\"https:\/\/www.camping-cevennes.info\/wp-content\/uploads\/2022\/10\/arc-bambouseraie.jpg\" alt=\"parc bambouseraie\" class=\"wp-image-2864\" srcset=\"https:\/\/www.camping-cevennes.info\/wp-content\/uploads\/2022\/10\/arc-bambouseraie.jpg 900w, https:\/\/www.camping-cevennes.info\/wp-content\/uploads\/2022\/10\/arc-bambouseraie-300x200.jpg 300w, https:\/\/www.camping-cevennes.info\/wp-content\/uploads\/2022\/10\/arc-bambouseraie-768x512.jpg 768w\" sizes=\"(max-width: 900px) 100vw, 900px\" \/><\/a><\/figure>\n<\/div>\n\n\n\n<div class=\"wp-block-column is-vertically-aligned-center is-layout-flow wp-block-column-is-layout-flow\">\n<figure class=\"wp-block-image size-full animated fadeInLeft delay-500ms slow\"><a href=\"https:\/\/www.camping-cevennes.info\/wp-content\/uploads\/2022\/10\/banbouseraie-anduze.jpg\"><img decoding=\"async\" width=\"900\" height=\"600\" src=\"https:\/\/www.camping-cevennes.info\/wp-content\/uploads\/2022\/10\/banbouseraie-anduze.jpg\" alt=\"bambouseraie anduze\" class=\"wp-image-2854\" srcset=\"https:\/\/www.camping-cevennes.info\/wp-content\/uploads\/2022\/10\/banbouseraie-anduze.jpg 900w, https:\/\/www.camping-cevennes.info\/wp-content\/uploads\/2022\/10\/banbouseraie-anduze-300x200.jpg 300w, https:\/\/www.camping-cevennes.info\/wp-content\/uploads\/2022\/10\/banbouseraie-anduze-768x512.jpg 768w\" sizes=\"(max-width: 900px) 100vw, 900px\" \/><\/a><\/figure>\n\n\n\n<p class=\"ls-paragraph\">Gut zu wissen : La Bambouseraie en C\u00e9vennes ist von Februar bis November f\u00fcr die \u00d6ffentlichkeit zug\u00e4nglich. Der Fr\u00fchling ist die ideale Zeit, um die Blumen bl\u00fchen zu sehen, und zu Fu\u00df im Freien in den G\u00e4rten und Wald.<br>Schauen Sie sich die&nbsp;<a href=\"http:\/\/www.bambouseraie.fr\/en\" target=\"_blank\" rel=\"noreferrer noopener nofollow\">offiziellen Website des Bambus&nbsp;<\/a>.<\/p>\n<\/div>\n<\/div>\n\n\n    <\/div>\n<\/section>\n\n<section id=\"ls-section-block_75d5135f36a508d7dd8bb2e9979bbaec\" class=\"ls-section \" >\n        <div class=\"container container--wide\">\n        \n\n<div id=\"ls-heading ls-titre-div-block_c1547d952bbe070fb1bb35fec328c513\" class=\"ls-titre-div deco-centree aligncenter h2-like\" >\n    Entdecken Sie weitere Aktivit\u00e4ten in der Umgebung<\/div>\n\n\n<div id=\"ls-maillage-block_32ba425fcad39b5c4147232a8d7df3be\" class=\"ls-maillage cta-style-normal\" data-rows=\"3\">\n    <div class=\"wp-block-columns\"><div class=\"wp-block-column\">\n\n<a href=\"https:\/\/www.camping-cevennes.info\/de\/ferien-im-gard\/nationalpark-cevennen\/\" target=\"\" rel=\"noopener\" class=\"ls-cta__link\">\n\n\t<div class=\"ls-cta__image\"><img decoding=\"async\" src=\"https:\/\/www.camping-cevennes.info\/wp-content\/uploads\/2022\/10\/village-cevennes.jpg\" alt=\"village cevennes\"><\/div>\n\t<div class=\"ls-cta__title\">\n\t\tNationalpark der Cevennen\t<\/div>\n\n\t\t\n<\/a><\/div><div class=\"wp-block-column\">\n\n<a href=\"https:\/\/www.camping-cevennes.info\/de\/ferien-im-gard\/camping-beim-mont-aigoual\/\" target=\"\" rel=\"noopener\" class=\"ls-cta__link\">\n\n\t<div class=\"ls-cta__image\"><img decoding=\"async\" src=\"https:\/\/www.camping-cevennes.info\/wp-content\/uploads\/2022\/10\/mont-aigoual-gard.jpg\" alt=\"mont aigoual gard\"><\/div>\n\t<div class=\"ls-cta__title\">\n\t\tMont aigoual\t<\/div>\n\n\t\t\n<\/a><\/div><div class=\"wp-block-column\">\n\n<a href=\"https:\/\/www.camping-cevennes.info\/de\/ferien-im-gard\/camping-bei-der-pont-du-gard\/\" target=\"\" rel=\"noopener\" class=\"ls-cta__link\">\n\n\t<div class=\"ls-cta__image\"><img decoding=\"async\" src=\"https:\/\/www.camping-cevennes.info\/wp-content\/uploads\/2022\/10\/pont-du-gard-1.jpg\" alt=\"pont du gard\"><\/div>\n\t<div class=\"ls-cta__title\">\n\t\tPont du Gard\t<\/div>\n\n\t\t\n<\/a><\/div><\/div><\/div>\n\n    <\/div>\n<\/section>","protected":false},"excerpt":{"rendered":"","protected":false},"author":1,"featured_media":2853,"parent":4788,"menu_order":0,"comment_status":"closed","ping_status":"closed","template":"","meta":{"_acf_changed":false,"footnotes":""},"sujet":[],"class_list":["post-4853","page","type-page","status-publish","has-post-thumbnail","hentry"],"acf":[],"yoast_head":"<!-- This site is optimized with the Yoast SEO plugin v25.3 - https:\/\/yoast.com\/wordpress\/plugins\/seo\/ -->\n<title>Ferien im Gard | Entdecken Sie die Bambusplantage von Prafrance<\/title>\n<meta name=\"description\" content=\"Touristische Aktivit\u00e4ten in Bambouseraie, Orte, die man nicht verpassen sollte, um zu sehen, was man w\u00e4hrend seines Urlaubs in Bambouseraie unternehmen kann\" \/>\n<meta name=\"robots\" content=\"index, follow, max-snippet:-1, max-image-preview:large, max-video-preview:-1\" \/>\n<link rel=\"canonical\" href=\"https:\/\/www.camping-cevennes.info\/de\/ferien-im-gard\/bambouseraie-en-cevennes\/\" \/>\n<meta property=\"og:locale\" content=\"de_DE\" \/>\n<meta property=\"og:type\" content=\"article\" \/>\n<meta property=\"og:title\" content=\"Ferien im Gard | Entdecken Sie die Bambusplantage von Prafrance\" \/>\n<meta property=\"og:description\" content=\"Touristische Aktivit\u00e4ten in Bambouseraie, Orte, die man nicht verpassen sollte, um zu sehen, was man w\u00e4hrend seines Urlaubs in Bambouseraie unternehmen kann\" \/>\n<meta property=\"og:url\" content=\"https:\/\/www.camping-cevennes.info\/de\/ferien-im-gard\/bambouseraie-en-cevennes\/\" \/>\n<meta property=\"og:site_name\" content=\"Camping Mas de la Cam\" \/>\n<meta property=\"article:modified_time\" content=\"2022-11-14T10:08:01+00:00\" \/>\n<meta property=\"og:image\" content=\"https:\/\/www.camping-cevennes.info\/wp-content\/uploads\/2022\/10\/bamboo.jpg\" \/>\n\t<meta property=\"og:image:width\" content=\"1920\" \/>\n\t<meta property=\"og:image:height\" content=\"900\" \/>\n\t<meta property=\"og:image:type\" content=\"image\/jpeg\" \/>\n<meta name=\"twitter:card\" content=\"summary_large_image\" \/>\n<meta name=\"twitter:label1\" content=\"Gesch\u00e4tzte Lesezeit\" \/>\n\t<meta name=\"twitter:data1\" content=\"3\u00a0Minuten\" \/>\n<script type=\"application\/ld+json\" class=\"yoast-schema-graph\">{\"@context\":\"https:\/\/schema.org\",\"@graph\":[{\"@type\":\"WebPage\",\"@id\":\"https:\/\/www.camping-cevennes.info\/de\/ferien-im-gard\/bambouseraie-en-cevennes\/\",\"url\":\"https:\/\/www.camping-cevennes.info\/de\/ferien-im-gard\/bambouseraie-en-cevennes\/\",\"name\":\"Ferien im Gard | Entdecken Sie die Bambusplantage von Prafrance\",\"isPartOf\":{\"@id\":\"https:\/\/www.camping-cevennes.info\/de\/#website\"},\"primaryImageOfPage\":{\"@id\":\"https:\/\/www.camping-cevennes.info\/de\/ferien-im-gard\/bambouseraie-en-cevennes\/#primaryimage\"},\"image\":{\"@id\":\"https:\/\/www.camping-cevennes.info\/de\/ferien-im-gard\/bambouseraie-en-cevennes\/#primaryimage\"},\"thumbnailUrl\":\"https:\/\/www.camping-cevennes.info\/wp-content\/uploads\/2022\/10\/bamboo.jpg\",\"datePublished\":\"2022-10-24T10:21:44+00:00\",\"dateModified\":\"2022-11-14T10:08:01+00:00\",\"description\":\"Touristische Aktivit\u00e4ten in Bambouseraie, Orte, die man nicht verpassen sollte, um zu sehen, was man w\u00e4hrend seines Urlaubs in Bambouseraie unternehmen kann\",\"breadcrumb\":{\"@id\":\"https:\/\/www.camping-cevennes.info\/de\/ferien-im-gard\/bambouseraie-en-cevennes\/#breadcrumb\"},\"inLanguage\":\"de\",\"potentialAction\":[{\"@type\":\"ReadAction\",\"target\":[\"https:\/\/www.camping-cevennes.info\/de\/ferien-im-gard\/bambouseraie-en-cevennes\/\"]}]},{\"@type\":\"ImageObject\",\"inLanguage\":\"de\",\"@id\":\"https:\/\/www.camping-cevennes.info\/de\/ferien-im-gard\/bambouseraie-en-cevennes\/#primaryimage\",\"url\":\"https:\/\/www.camping-cevennes.info\/wp-content\/uploads\/2022\/10\/bamboo.jpg\",\"contentUrl\":\"https:\/\/www.camping-cevennes.info\/wp-content\/uploads\/2022\/10\/bamboo.jpg\",\"width\":1920,\"height\":900,\"caption\":\"bamboo\"},{\"@type\":\"BreadcrumbList\",\"@id\":\"https:\/\/www.camping-cevennes.info\/de\/ferien-im-gard\/bambouseraie-en-cevennes\/#breadcrumb\",\"itemListElement\":[{\"@type\":\"ListItem\",\"position\":1,\"name\":\"Campingplatz C\u00e9vennes\",\"item\":\"https:\/\/www.camping-cevennes.info\/de\/\"},{\"@type\":\"ListItem\",\"position\":2,\"name\":\"Der Gard\",\"item\":\"https:\/\/www.camping-cevennes.info\/de\/ferien-im-gard\/\"},{\"@type\":\"ListItem\",\"position\":3,\"name\":\"Bambouseraie en C\u00e9vennes\"}]},{\"@type\":\"WebSite\",\"@id\":\"https:\/\/www.camping-cevennes.info\/de\/#website\",\"url\":\"https:\/\/www.camping-cevennes.info\/de\/\",\"name\":\"Camping Mas de la Cam\",\"description\":\"\",\"publisher\":{\"@id\":\"https:\/\/www.camping-cevennes.info\/de\/#organization\"},\"potentialAction\":[{\"@type\":\"SearchAction\",\"target\":{\"@type\":\"EntryPoint\",\"urlTemplate\":\"https:\/\/www.camping-cevennes.info\/de\/?s={search_term_string}\"},\"query-input\":{\"@type\":\"PropertyValueSpecification\",\"valueRequired\":true,\"valueName\":\"search_term_string\"}}],\"inLanguage\":\"de\"},{\"@type\":\"Organization\",\"@id\":\"https:\/\/www.camping-cevennes.info\/de\/#organization\",\"name\":\"Camping Mas de la Cam\",\"url\":\"https:\/\/www.camping-cevennes.info\/de\/\",\"logo\":{\"@type\":\"ImageObject\",\"inLanguage\":\"de\",\"@id\":\"https:\/\/www.camping-cevennes.info\/de\/#\/schema\/logo\/image\/\",\"url\":\"https:\/\/www.camping-cevennes.info\/wp-content\/uploads\/2022\/09\/logo-camping-mas-de-la-cam-noir-1.png\",\"contentUrl\":\"https:\/\/www.camping-cevennes.info\/wp-content\/uploads\/2022\/09\/logo-camping-mas-de-la-cam-noir-1.png\",\"width\":625,\"height\":190,\"caption\":\"Camping Mas de la Cam\"},\"image\":{\"@id\":\"https:\/\/www.camping-cevennes.info\/de\/#\/schema\/logo\/image\/\"}}]}<\/script>\n<!-- \/ Yoast SEO plugin. -->","yoast_head_json":{"title":"Ferien im Gard | Entdecken Sie die Bambusplantage von Prafrance","description":"Touristische Aktivit\u00e4ten in Bambouseraie, Orte, die man nicht verpassen sollte, um zu sehen, was man w\u00e4hrend seines Urlaubs in Bambouseraie unternehmen kann","robots":{"index":"index","follow":"follow","max-snippet":"max-snippet:-1","max-image-preview":"max-image-preview:large","max-video-preview":"max-video-preview:-1"},"canonical":"https:\/\/www.camping-cevennes.info\/de\/ferien-im-gard\/bambouseraie-en-cevennes\/","og_locale":"de_DE","og_type":"article","og_title":"Ferien im Gard | Entdecken Sie die Bambusplantage von Prafrance","og_description":"Touristische Aktivit\u00e4ten in Bambouseraie, Orte, die man nicht verpassen sollte, um zu sehen, was man w\u00e4hrend seines Urlaubs in Bambouseraie unternehmen kann","og_url":"https:\/\/www.camping-cevennes.info\/de\/ferien-im-gard\/bambouseraie-en-cevennes\/","og_site_name":"Camping Mas de la Cam","article_modified_time":"2022-11-14T10:08:01+00:00","og_image":[{"width":1920,"height":900,"url":"https:\/\/www.camping-cevennes.info\/wp-content\/uploads\/2022\/10\/bamboo.jpg","type":"image\/jpeg"}],"twitter_card":"summary_large_image","twitter_misc":{"Gesch\u00e4tzte Lesezeit":"3\u00a0Minuten"},"schema":{"@context":"https:\/\/schema.org","@graph":[{"@type":"WebPage","@id":"https:\/\/www.camping-cevennes.info\/de\/ferien-im-gard\/bambouseraie-en-cevennes\/","url":"https:\/\/www.camping-cevennes.info\/de\/ferien-im-gard\/bambouseraie-en-cevennes\/","name":"Ferien im Gard | Entdecken Sie die Bambusplantage von Prafrance","isPartOf":{"@id":"https:\/\/www.camping-cevennes.info\/de\/#website"},"primaryImageOfPage":{"@id":"https:\/\/www.camping-cevennes.info\/de\/ferien-im-gard\/bambouseraie-en-cevennes\/#primaryimage"},"image":{"@id":"https:\/\/www.camping-cevennes.info\/de\/ferien-im-gard\/bambouseraie-en-cevennes\/#primaryimage"},"thumbnailUrl":"https:\/\/www.camping-cevennes.info\/wp-content\/uploads\/2022\/10\/bamboo.jpg","datePublished":"2022-10-24T10:21:44+00:00","dateModified":"2022-11-14T10:08:01+00:00","description":"Touristische Aktivit\u00e4ten in Bambouseraie, Orte, die man nicht verpassen sollte, um zu sehen, was man w\u00e4hrend seines Urlaubs in Bambouseraie unternehmen kann","breadcrumb":{"@id":"https:\/\/www.camping-cevennes.info\/de\/ferien-im-gard\/bambouseraie-en-cevennes\/#breadcrumb"},"inLanguage":"de","potentialAction":[{"@type":"ReadAction","target":["https:\/\/www.camping-cevennes.info\/de\/ferien-im-gard\/bambouseraie-en-cevennes\/"]}]},{"@type":"ImageObject","inLanguage":"de","@id":"https:\/\/www.camping-cevennes.info\/de\/ferien-im-gard\/bambouseraie-en-cevennes\/#primaryimage","url":"https:\/\/www.camping-cevennes.info\/wp-content\/uploads\/2022\/10\/bamboo.jpg","contentUrl":"https:\/\/www.camping-cevennes.info\/wp-content\/uploads\/2022\/10\/bamboo.jpg","width":1920,"height":900,"caption":"bamboo"},{"@type":"BreadcrumbList","@id":"https:\/\/www.camping-cevennes.info\/de\/ferien-im-gard\/bambouseraie-en-cevennes\/#breadcrumb","itemListElement":[{"@type":"ListItem","position":1,"name":"Campingplatz C\u00e9vennes","item":"https:\/\/www.camping-cevennes.info\/de\/"},{"@type":"ListItem","position":2,"name":"Der Gard","item":"https:\/\/www.camping-cevennes.info\/de\/ferien-im-gard\/"},{"@type":"ListItem","position":3,"name":"Bambouseraie en C\u00e9vennes"}]},{"@type":"WebSite","@id":"https:\/\/www.camping-cevennes.info\/de\/#website","url":"https:\/\/www.camping-cevennes.info\/de\/","name":"Camping Mas de la Cam","description":"","publisher":{"@id":"https:\/\/www.camping-cevennes.info\/de\/#organization"},"potentialAction":[{"@type":"SearchAction","target":{"@type":"EntryPoint","urlTemplate":"https:\/\/www.camping-cevennes.info\/de\/?s={search_term_string}"},"query-input":{"@type":"PropertyValueSpecification","valueRequired":true,"valueName":"search_term_string"}}],"inLanguage":"de"},{"@type":"Organization","@id":"https:\/\/www.camping-cevennes.info\/de\/#organization","name":"Camping Mas de la Cam","url":"https:\/\/www.camping-cevennes.info\/de\/","logo":{"@type":"ImageObject","inLanguage":"de","@id":"https:\/\/www.camping-cevennes.info\/de\/#\/schema\/logo\/image\/","url":"https:\/\/www.camping-cevennes.info\/wp-content\/uploads\/2022\/09\/logo-camping-mas-de-la-cam-noir-1.png","contentUrl":"https:\/\/www.camping-cevennes.info\/wp-content\/uploads\/2022\/09\/logo-camping-mas-de-la-cam-noir-1.png","width":625,"height":190,"caption":"Camping Mas de la Cam"},"image":{"@id":"https:\/\/www.camping-cevennes.info\/de\/#\/schema\/logo\/image\/"}}]}},"_links":{"self":[{"href":"https:\/\/www.camping-cevennes.info\/de\/wp-json\/wp\/v2\/pages\/4853","targetHints":{"allow":["GET"]}}],"collection":[{"href":"https:\/\/www.camping-cevennes.info\/de\/wp-json\/wp\/v2\/pages"}],"about":[{"href":"https:\/\/www.camping-cevennes.info\/de\/wp-json\/wp\/v2\/types\/page"}],"author":[{"embeddable":true,"href":"https:\/\/www.camping-cevennes.info\/de\/wp-json\/wp\/v2\/users\/1"}],"replies":[{"embeddable":true,"href":"https:\/\/www.camping-cevennes.info\/de\/wp-json\/wp\/v2\/comments?post=4853"}],"version-history":[{"count":7,"href":"https:\/\/www.camping-cevennes.info\/de\/wp-json\/wp\/v2\/pages\/4853\/revisions"}],"predecessor-version":[{"id":6022,"href":"https:\/\/www.camping-cevennes.info\/de\/wp-json\/wp\/v2\/pages\/4853\/revisions\/6022"}],"up":[{"embeddable":true,"href":"https:\/\/www.camping-cevennes.info\/de\/wp-json\/wp\/v2\/pages\/4788"}],"wp:featuredmedia":[{"embeddable":true,"href":"https:\/\/www.camping-cevennes.info\/de\/wp-json\/wp\/v2\/media\/2853"}],"wp:attachment":[{"href":"https:\/\/www.camping-cevennes.info\/de\/wp-json\/wp\/v2\/media?parent=4853"}],"wp:term":[{"taxonomy":"sujet","embeddable":true,"href":"https:\/\/www.camping-cevennes.info\/de\/wp-json\/wp\/v2\/sujet?post=4853"}],"curies":[{"name":"wp","href":"https:\/\/api.w.org\/{rel}","templated":true}]}}