{"id":4850,"date":"2022-10-19T16:05:45","date_gmt":"2022-10-19T14:05:45","guid":{"rendered":"https:\/\/www.camping-cevennes.info\/vacances-gard\/camping-anduze\/"},"modified":"2022-11-14T11:07:26","modified_gmt":"2022-11-14T10:07:26","slug":"camping-naehe-danduze","status":"publish","type":"page","link":"https:\/\/www.camping-cevennes.info\/de\/ferien-im-gard\/camping-naehe-danduze\/","title":{"rendered":"Anduze"},"content":{"rendered":"<section id=\"ls-section-block_824acbbd375110498816a72ea494af37\" class=\"ls-section  page-intro has-p-t p-t-14\" >\n        <div class=\"container container--wide\">\n        \n\n<div class=\"wp-block-columns columns-parent is-layout-flex wp-container-core-columns-is-layout-9d6595d7 wp-block-columns-is-layout-flex\">\n<div class=\"wp-block-column is-vertically-aligned-center left is-layout-flow wp-block-column-is-layout-flow\">\n<h1 class=\"ls__heading animated fadeInLeft delay-200ms wp-block-heading\"><span class=\"small\">CAMPINGPLATZ IN DER<\/span><br><span class=\"bold\">N\u00c4HE VON ANDUZE<\/span><\/h1>\n\n\n\n<p class=\"ls-paragraph\">Wenn Sie nach einem hochwertigen Campingplatz in den C\u00e9vennes? Der Mas de la Cam hei\u00dft sie in einem atemberaubenden, 65 Hektar gro\u00dfen Naturgebiet am Ufer des Flusses Le Gardon willkommen. <\/p>\n\n\n\n<p class=\"ls-paragraph\">Schwimmbad mit Wasserspielger\u00e4ten, Tischtennisplatten, Sportplatz, Volleyballplatz, P\u00e9tanqueplatz, Tennisplatz, P\u00e4sse, die es zu bezwingen gilt, f\u00fcr begeisterte Radfahrer, kilometerlange Wanderwege: der Campingplatz Le Mas de la Cam in Saint-Jean-du-Gard garantiert Ihnen entspannte und sportliche Ferien in einem geselligen Ambiente.<\/p>\n<\/div>\n\n\n\n<div class=\"wp-block-column is-vertically-aligned-center right is-layout-flow wp-block-column-is-layout-flow\">\n<div class=\"wp-block-columns columns-child is-layout-flex wp-container-core-columns-is-layout-9d6595d7 wp-block-columns-is-layout-flex\">\n<div class=\"wp-block-column is-vertically-aligned-center image-two is-layout-flow wp-block-column-is-layout-flow\">\n<iframe src=\"https:\/\/www.google.com\/maps\/embed?pb=!1m28!1m12!1m3!1d109205.24067284896!2d3.956647022186202!3d44.00699485283742!2m3!1f0!2f0!3f0!3m2!1i1024!2i768!4f13.1!4m13!3e0!4m5!1s0x12b47164841558ad%3A0x62d813088da27348!2sCamping%20Mas%20de%20la%20Cam%20Saint%20Jean%20du%20Gard%2C%20Saint-Jean-du-Gard!3m2!1d44.112383099999995!2d3.8543309999999997!4m5!1s0x12b46c906a2e4665%3A0x4078821166b4800!2sAnduze%2C%2030140!3m2!1d44.053385999999996!2d3.98651!5e0!3m2!1sfr!2sfr!4v1666618746423!5m2!1sfr!2sfr\" width=\"600\" height=\"450\" style=\"border:0;\" allowfullscreen=\"\" loading=\"lazy\" referrerpolicy=\"no-referrer-when-downgrade\"><\/iframe>\n<\/div>\n<\/div>\n<\/div>\n<\/div>\n\n\n    <\/div>\n<\/section>\n\n<section id=\"ls-section-block_37519add9f75d1dd5fdf5aaf100d7df4\" class=\"ls-section  page-one has-m-t m-t-9 has-p-t p-t-0\" >\n        <div class=\"container container--wide\">\n        \n\n<div class=\"wp-block-columns is-layout-flex wp-container-core-columns-is-layout-9d6595d7 wp-block-columns-is-layout-flex\">\n<div class=\"wp-block-column is-vertically-aligned-center is-layout-flow wp-block-column-is-layout-flow\">\n<figure class=\"wp-block-image size-full animated fadeInLeft delay-500ms slow\"><a href=\"https:\/\/www.camping-cevennes.info\/wp-content\/uploads\/2022\/10\/ville-anduze.jpg\"><img decoding=\"async\" width=\"900\" height=\"600\" src=\"https:\/\/www.camping-cevennes.info\/wp-content\/uploads\/2022\/10\/ville-anduze.jpg\" alt=\"ville anduze\" class=\"wp-image-2842\" srcset=\"https:\/\/www.camping-cevennes.info\/wp-content\/uploads\/2022\/10\/ville-anduze.jpg 900w, https:\/\/www.camping-cevennes.info\/wp-content\/uploads\/2022\/10\/ville-anduze-300x200.jpg 300w, https:\/\/www.camping-cevennes.info\/wp-content\/uploads\/2022\/10\/ville-anduze-768x512.jpg 768w\" sizes=\"(max-width: 900px) 100vw, 900px\" \/><\/a><\/figure>\n\n\n\n<p class=\"ls-paragraph\">Gehen Sie mit leisen Schritten in die Gassen und begr\u00fc\u00dfen Sie die Einwohner, die Sie willkommen hei\u00dfen. Sie werden schnell zum Uhrenturm gelangen, der Sie aus seinen 22 m H\u00f6he beobachtet, einer der Wahrzeichen dieses 14. Jahrhundert erbauten Dorfes. Anschlie\u00dfend gibt es noch weitere interessante Sehensw\u00fcrdigkeiten wie die Kirche Saint-Etienne, den Grand Temple, den Turm P\u00e9z\u00e8ne, das Ch\u00e2teu Neuf, die Kasernen und den Meridien zu entdecken. Anduze hat die Besonderheit, mehrere Springbrunnen zu besitzen, wie zum Beispiel die Fontaine de la Pagode, der man ihren orientalischen Einfluss ansehen kann. Wenn Sie Lust auf Nervenkitzel mit der ganzen Familie haben, k\u00f6nnen Sie zum H\u00e4ngeseilgarten Forest Parc oder dem Freizeitpark Fun Loisirs Aventure de Bagard weiterfahren. Nervenkitzel garantiert!<\/p>\n<\/div>\n\n\n\n<div class=\"wp-block-column is-vertically-aligned-center is-layout-flow wp-block-column-is-layout-flow\">\n<h2 class=\"ls__heading deco wp-block-heading\">WAS KANN MAN IN ANDUZE UNTERNEHMEN ?<\/h2>\n\n\n\n<p class=\"ls-paragraph\">W\u00e4hrend der Sommersaison ist es sicherlich einer der originellsten Arten, sich nach Anduze zu begeben, mit der Dampfeisenbahn \u201eTrain \u00e0 Vapeur des C\u00e9vennes\u201c (TVC) zu fahren. Von ihrem Sitz aus haben Sie eine atemberaubende Sicht auf den Gardon bevor sie in dem Ort mit seinen 3400 Einwohnern am Tore der C\u00e9vennes ankommen.<\/p>\n\n\n\n<p class=\"ls-paragraph\">Nehmen Sie den Ort in sich auf, nachdem sie aus dem Zug gestiegen sind. Versuchen Sie gar nicht erst, Zeit zu sparen oder aufzuholen. Nehmen Sie sie einfach oder lassen Sie sie einfach angehalten.<\/p>\n\n\n\n<figure class=\"wp-block-image size-full animated fadeInRight delay-500ms slow\"><a href=\"https:\/\/www.camping-cevennes.info\/wp-content\/uploads\/2022\/10\/train-anduze.jpg\"><img decoding=\"async\" width=\"900\" height=\"600\" src=\"https:\/\/www.camping-cevennes.info\/wp-content\/uploads\/2022\/10\/train-anduze.jpg\" alt=\"train anduze\" class=\"wp-image-2834\" srcset=\"https:\/\/www.camping-cevennes.info\/wp-content\/uploads\/2022\/10\/train-anduze.jpg 900w, https:\/\/www.camping-cevennes.info\/wp-content\/uploads\/2022\/10\/train-anduze-300x200.jpg 300w, https:\/\/www.camping-cevennes.info\/wp-content\/uploads\/2022\/10\/train-anduze-768x512.jpg 768w\" sizes=\"(max-width: 900px) 100vw, 900px\" \/><\/a><\/figure>\n<\/div>\n<\/div>\n\n\n    <\/div>\n<\/section>\n\n<section id=\"ls-section-block_0b09b0022e5b1af41671c356b53ee01b\" class=\"ls-section \" >\n        <div class=\"container container--wide\">\n        \n\n<div id=\"ls-heading ls-titre-div-block_f696ebcf13ae48ae943f95489d1c0b42\" class=\"ls-titre-div deco-centree aligncenter h2-like\" >\n    Entdecken Sie die St\u00e4dte in der Umgebung<\/div>\n\n\n<div id=\"ls-maillage-block_df9f368f916913fb8c269095033a5e0e\" class=\"ls-maillage cta-style-normal\" data-rows=\"3\">\n    <div class=\"wp-block-columns\"><div class=\"wp-block-column\">\n\n<a href=\"https:\/\/www.camping-cevennes.info\/de\/ferien-im-gard\/camping-bei-nimes\/\" target=\"\" rel=\"noopener\" class=\"ls-cta__link\">\n\n\t<div class=\"ls-cta__image\"><img decoding=\"async\" src=\"https:\/\/www.camping-cevennes.info\/wp-content\/uploads\/2022\/10\/nimes-cathedrale-1024x480.jpg\" alt=\"nimes cathedrale\"><\/div>\n\t<div class=\"ls-cta__title\">\n\t\tN\u00eemes\t<\/div>\n\n\t\t\n<\/a><\/div><div class=\"wp-block-column\">\n\n<a href=\"https:\/\/www.camping-cevennes.info\/de\/ferien-im-gard\/ferien-in-saint-jean-du-gard\/\" target=\"\" rel=\"noopener\" class=\"ls-cta__link\">\n\n\t<div class=\"ls-cta__image\"><img decoding=\"async\" src=\"https:\/\/www.camping-cevennes.info\/wp-content\/uploads\/2022\/10\/pont-saint-jean-du-gard-1-1024x480.jpg\" alt=\"pont saint jean du gard\"><\/div>\n\t<div class=\"ls-cta__title\">\n\t\tSaint-Jean-Du-Gard\t<\/div>\n\n\t\t\n<\/a><\/div><div class=\"wp-block-column\">\n\n<a href=\"https:\/\/www.camping-cevennes.info\/de\/ferien-im-gard\/camping-naehe-duzes\/\" target=\"\" rel=\"noopener\" class=\"ls-cta__link\">\n\n\t<div class=\"ls-cta__image\"><img decoding=\"async\" src=\"https:\/\/www.camping-cevennes.info\/wp-content\/uploads\/2022\/11\/cathedral-uzes-1024x480.jpg\" alt=\"cathedral uzes\"><\/div>\n\t<div class=\"ls-cta__title\">\n\t\tUzes\t<\/div>\n\n\t\t\n<\/a><\/div><\/div><\/div>\n\n    <\/div>\n<\/section>","protected":false},"excerpt":{"rendered":"","protected":false},"author":1,"featured_media":2829,"parent":4788,"menu_order":0,"comment_status":"closed","ping_status":"closed","template":"","meta":{"_acf_changed":false,"footnotes":""},"sujet":[],"class_list":["post-4850","page","type-page","status-publish","has-post-thumbnail","hentry"],"acf":[],"yoast_head":"<!-- This site is optimized with the Yoast SEO plugin v25.3 - https:\/\/yoast.com\/wordpress\/plugins\/seo\/ -->\n<title>Campingplatz Anduze | Was kann man in Anduze in den C\u00e9vennes ?<\/title>\n<meta name=\"description\" content=\"Touristische Ferien in Auduze: Informieren Sie sich vor Ihrem Aufenthalt in den Cevennen in Anduze \u00fcber alles.\" \/>\n<meta name=\"robots\" content=\"index, follow, max-snippet:-1, max-image-preview:large, max-video-preview:-1\" \/>\n<link rel=\"canonical\" href=\"https:\/\/www.camping-cevennes.info\/de\/ferien-im-gard\/camping-naehe-danduze\/\" \/>\n<meta property=\"og:locale\" content=\"de_DE\" \/>\n<meta property=\"og:type\" content=\"article\" \/>\n<meta property=\"og:title\" content=\"Campingplatz Anduze | Was kann man in Anduze in den C\u00e9vennes ?\" \/>\n<meta property=\"og:description\" content=\"Touristische Ferien in Auduze: Informieren Sie sich vor Ihrem Aufenthalt in den Cevennen in Anduze \u00fcber alles.\" \/>\n<meta property=\"og:url\" content=\"https:\/\/www.camping-cevennes.info\/de\/ferien-im-gard\/camping-naehe-danduze\/\" \/>\n<meta property=\"og:site_name\" content=\"Camping Mas de la Cam\" \/>\n<meta property=\"article:modified_time\" content=\"2022-11-14T10:07:26+00:00\" \/>\n<meta property=\"og:image\" content=\"https:\/\/www.camping-cevennes.info\/wp-content\/uploads\/2022\/10\/anduze-train-touristique.jpg\" \/>\n\t<meta property=\"og:image:width\" content=\"1920\" \/>\n\t<meta property=\"og:image:height\" content=\"900\" \/>\n\t<meta property=\"og:image:type\" content=\"image\/jpeg\" \/>\n<meta name=\"twitter:card\" content=\"summary_large_image\" \/>\n<meta name=\"twitter:label1\" content=\"Gesch\u00e4tzte Lesezeit\" \/>\n\t<meta name=\"twitter:data1\" content=\"2\u00a0Minuten\" \/>\n<script type=\"application\/ld+json\" class=\"yoast-schema-graph\">{\"@context\":\"https:\/\/schema.org\",\"@graph\":[{\"@type\":\"WebPage\",\"@id\":\"https:\/\/www.camping-cevennes.info\/de\/ferien-im-gard\/camping-naehe-danduze\/\",\"url\":\"https:\/\/www.camping-cevennes.info\/de\/ferien-im-gard\/camping-naehe-danduze\/\",\"name\":\"Campingplatz Anduze | Was kann man in Anduze in den C\u00e9vennes ?\",\"isPartOf\":{\"@id\":\"https:\/\/www.camping-cevennes.info\/de\/#website\"},\"primaryImageOfPage\":{\"@id\":\"https:\/\/www.camping-cevennes.info\/de\/ferien-im-gard\/camping-naehe-danduze\/#primaryimage\"},\"image\":{\"@id\":\"https:\/\/www.camping-cevennes.info\/de\/ferien-im-gard\/camping-naehe-danduze\/#primaryimage\"},\"thumbnailUrl\":\"https:\/\/www.camping-cevennes.info\/wp-content\/uploads\/2022\/10\/anduze-train-touristique.jpg\",\"datePublished\":\"2022-10-19T14:05:45+00:00\",\"dateModified\":\"2022-11-14T10:07:26+00:00\",\"description\":\"Touristische Ferien in Auduze: Informieren Sie sich vor Ihrem Aufenthalt in den Cevennen in Anduze \u00fcber alles.\",\"breadcrumb\":{\"@id\":\"https:\/\/www.camping-cevennes.info\/de\/ferien-im-gard\/camping-naehe-danduze\/#breadcrumb\"},\"inLanguage\":\"de\",\"potentialAction\":[{\"@type\":\"ReadAction\",\"target\":[\"https:\/\/www.camping-cevennes.info\/de\/ferien-im-gard\/camping-naehe-danduze\/\"]}]},{\"@type\":\"ImageObject\",\"inLanguage\":\"de\",\"@id\":\"https:\/\/www.camping-cevennes.info\/de\/ferien-im-gard\/camping-naehe-danduze\/#primaryimage\",\"url\":\"https:\/\/www.camping-cevennes.info\/wp-content\/uploads\/2022\/10\/anduze-train-touristique.jpg\",\"contentUrl\":\"https:\/\/www.camping-cevennes.info\/wp-content\/uploads\/2022\/10\/anduze-train-touristique.jpg\",\"width\":1920,\"height\":900,\"caption\":\"anduze train touristique\"},{\"@type\":\"BreadcrumbList\",\"@id\":\"https:\/\/www.camping-cevennes.info\/de\/ferien-im-gard\/camping-naehe-danduze\/#breadcrumb\",\"itemListElement\":[{\"@type\":\"ListItem\",\"position\":1,\"name\":\"Campingplatz C\u00e9vennes\",\"item\":\"https:\/\/www.camping-cevennes.info\/de\/\"},{\"@type\":\"ListItem\",\"position\":2,\"name\":\"Der Gard\",\"item\":\"https:\/\/www.camping-cevennes.info\/de\/ferien-im-gard\/\"},{\"@type\":\"ListItem\",\"position\":3,\"name\":\"Anduze Tourismus\"}]},{\"@type\":\"WebSite\",\"@id\":\"https:\/\/www.camping-cevennes.info\/de\/#website\",\"url\":\"https:\/\/www.camping-cevennes.info\/de\/\",\"name\":\"Camping Mas de la Cam\",\"description\":\"\",\"publisher\":{\"@id\":\"https:\/\/www.camping-cevennes.info\/de\/#organization\"},\"potentialAction\":[{\"@type\":\"SearchAction\",\"target\":{\"@type\":\"EntryPoint\",\"urlTemplate\":\"https:\/\/www.camping-cevennes.info\/de\/?s={search_term_string}\"},\"query-input\":{\"@type\":\"PropertyValueSpecification\",\"valueRequired\":true,\"valueName\":\"search_term_string\"}}],\"inLanguage\":\"de\"},{\"@type\":\"Organization\",\"@id\":\"https:\/\/www.camping-cevennes.info\/de\/#organization\",\"name\":\"Camping Mas de la Cam\",\"url\":\"https:\/\/www.camping-cevennes.info\/de\/\",\"logo\":{\"@type\":\"ImageObject\",\"inLanguage\":\"de\",\"@id\":\"https:\/\/www.camping-cevennes.info\/de\/#\/schema\/logo\/image\/\",\"url\":\"https:\/\/www.camping-cevennes.info\/wp-content\/uploads\/2022\/09\/logo-camping-mas-de-la-cam-noir-1.png\",\"contentUrl\":\"https:\/\/www.camping-cevennes.info\/wp-content\/uploads\/2022\/09\/logo-camping-mas-de-la-cam-noir-1.png\",\"width\":625,\"height\":190,\"caption\":\"Camping Mas de la Cam\"},\"image\":{\"@id\":\"https:\/\/www.camping-cevennes.info\/de\/#\/schema\/logo\/image\/\"}}]}<\/script>\n<!-- \/ Yoast SEO plugin. -->","yoast_head_json":{"title":"Campingplatz Anduze | Was kann man in Anduze in den C\u00e9vennes ?","description":"Touristische Ferien in Auduze: Informieren Sie sich vor Ihrem Aufenthalt in den Cevennen in Anduze \u00fcber alles.","robots":{"index":"index","follow":"follow","max-snippet":"max-snippet:-1","max-image-preview":"max-image-preview:large","max-video-preview":"max-video-preview:-1"},"canonical":"https:\/\/www.camping-cevennes.info\/de\/ferien-im-gard\/camping-naehe-danduze\/","og_locale":"de_DE","og_type":"article","og_title":"Campingplatz Anduze | Was kann man in Anduze in den C\u00e9vennes ?","og_description":"Touristische Ferien in Auduze: Informieren Sie sich vor Ihrem Aufenthalt in den Cevennen in Anduze \u00fcber alles.","og_url":"https:\/\/www.camping-cevennes.info\/de\/ferien-im-gard\/camping-naehe-danduze\/","og_site_name":"Camping Mas de la Cam","article_modified_time":"2022-11-14T10:07:26+00:00","og_image":[{"width":1920,"height":900,"url":"https:\/\/www.camping-cevennes.info\/wp-content\/uploads\/2022\/10\/anduze-train-touristique.jpg","type":"image\/jpeg"}],"twitter_card":"summary_large_image","twitter_misc":{"Gesch\u00e4tzte Lesezeit":"2\u00a0Minuten"},"schema":{"@context":"https:\/\/schema.org","@graph":[{"@type":"WebPage","@id":"https:\/\/www.camping-cevennes.info\/de\/ferien-im-gard\/camping-naehe-danduze\/","url":"https:\/\/www.camping-cevennes.info\/de\/ferien-im-gard\/camping-naehe-danduze\/","name":"Campingplatz Anduze | Was kann man in Anduze in den C\u00e9vennes ?","isPartOf":{"@id":"https:\/\/www.camping-cevennes.info\/de\/#website"},"primaryImageOfPage":{"@id":"https:\/\/www.camping-cevennes.info\/de\/ferien-im-gard\/camping-naehe-danduze\/#primaryimage"},"image":{"@id":"https:\/\/www.camping-cevennes.info\/de\/ferien-im-gard\/camping-naehe-danduze\/#primaryimage"},"thumbnailUrl":"https:\/\/www.camping-cevennes.info\/wp-content\/uploads\/2022\/10\/anduze-train-touristique.jpg","datePublished":"2022-10-19T14:05:45+00:00","dateModified":"2022-11-14T10:07:26+00:00","description":"Touristische Ferien in Auduze: Informieren Sie sich vor Ihrem Aufenthalt in den Cevennen in Anduze \u00fcber alles.","breadcrumb":{"@id":"https:\/\/www.camping-cevennes.info\/de\/ferien-im-gard\/camping-naehe-danduze\/#breadcrumb"},"inLanguage":"de","potentialAction":[{"@type":"ReadAction","target":["https:\/\/www.camping-cevennes.info\/de\/ferien-im-gard\/camping-naehe-danduze\/"]}]},{"@type":"ImageObject","inLanguage":"de","@id":"https:\/\/www.camping-cevennes.info\/de\/ferien-im-gard\/camping-naehe-danduze\/#primaryimage","url":"https:\/\/www.camping-cevennes.info\/wp-content\/uploads\/2022\/10\/anduze-train-touristique.jpg","contentUrl":"https:\/\/www.camping-cevennes.info\/wp-content\/uploads\/2022\/10\/anduze-train-touristique.jpg","width":1920,"height":900,"caption":"anduze train touristique"},{"@type":"BreadcrumbList","@id":"https:\/\/www.camping-cevennes.info\/de\/ferien-im-gard\/camping-naehe-danduze\/#breadcrumb","itemListElement":[{"@type":"ListItem","position":1,"name":"Campingplatz C\u00e9vennes","item":"https:\/\/www.camping-cevennes.info\/de\/"},{"@type":"ListItem","position":2,"name":"Der Gard","item":"https:\/\/www.camping-cevennes.info\/de\/ferien-im-gard\/"},{"@type":"ListItem","position":3,"name":"Anduze Tourismus"}]},{"@type":"WebSite","@id":"https:\/\/www.camping-cevennes.info\/de\/#website","url":"https:\/\/www.camping-cevennes.info\/de\/","name":"Camping Mas de la Cam","description":"","publisher":{"@id":"https:\/\/www.camping-cevennes.info\/de\/#organization"},"potentialAction":[{"@type":"SearchAction","target":{"@type":"EntryPoint","urlTemplate":"https:\/\/www.camping-cevennes.info\/de\/?s={search_term_string}"},"query-input":{"@type":"PropertyValueSpecification","valueRequired":true,"valueName":"search_term_string"}}],"inLanguage":"de"},{"@type":"Organization","@id":"https:\/\/www.camping-cevennes.info\/de\/#organization","name":"Camping Mas de la Cam","url":"https:\/\/www.camping-cevennes.info\/de\/","logo":{"@type":"ImageObject","inLanguage":"de","@id":"https:\/\/www.camping-cevennes.info\/de\/#\/schema\/logo\/image\/","url":"https:\/\/www.camping-cevennes.info\/wp-content\/uploads\/2022\/09\/logo-camping-mas-de-la-cam-noir-1.png","contentUrl":"https:\/\/www.camping-cevennes.info\/wp-content\/uploads\/2022\/09\/logo-camping-mas-de-la-cam-noir-1.png","width":625,"height":190,"caption":"Camping Mas de la Cam"},"image":{"@id":"https:\/\/www.camping-cevennes.info\/de\/#\/schema\/logo\/image\/"}}]}},"_links":{"self":[{"href":"https:\/\/www.camping-cevennes.info\/de\/wp-json\/wp\/v2\/pages\/4850","targetHints":{"allow":["GET"]}}],"collection":[{"href":"https:\/\/www.camping-cevennes.info\/de\/wp-json\/wp\/v2\/pages"}],"about":[{"href":"https:\/\/www.camping-cevennes.info\/de\/wp-json\/wp\/v2\/types\/page"}],"author":[{"embeddable":true,"href":"https:\/\/www.camping-cevennes.info\/de\/wp-json\/wp\/v2\/users\/1"}],"replies":[{"embeddable":true,"href":"https:\/\/www.camping-cevennes.info\/de\/wp-json\/wp\/v2\/comments?post=4850"}],"version-history":[{"count":8,"href":"https:\/\/www.camping-cevennes.info\/de\/wp-json\/wp\/v2\/pages\/4850\/revisions"}],"predecessor-version":[{"id":6021,"href":"https:\/\/www.camping-cevennes.info\/de\/wp-json\/wp\/v2\/pages\/4850\/revisions\/6021"}],"up":[{"embeddable":true,"href":"https:\/\/www.camping-cevennes.info\/de\/wp-json\/wp\/v2\/pages\/4788"}],"wp:featuredmedia":[{"embeddable":true,"href":"https:\/\/www.camping-cevennes.info\/de\/wp-json\/wp\/v2\/media\/2829"}],"wp:attachment":[{"href":"https:\/\/www.camping-cevennes.info\/de\/wp-json\/wp\/v2\/media?parent=4850"}],"wp:term":[{"taxonomy":"sujet","embeddable":true,"href":"https:\/\/www.camping-cevennes.info\/de\/wp-json\/wp\/v2\/sujet?post=4850"}],"curies":[{"name":"wp","href":"https:\/\/api.w.org\/{rel}","templated":true}]}}