{"id":4793,"date":"2022-10-19T15:33:41","date_gmt":"2022-10-19T13:33:41","guid":{"rendered":"https:\/\/www.camping-cevennes.info\/vacances-gard\/camping-aigues-mortes\/"},"modified":"2022-11-09T09:39:00","modified_gmt":"2022-11-09T08:39:00","slug":"camping-bei-aigues-mortes","status":"publish","type":"page","link":"https:\/\/www.camping-cevennes.info\/de\/ferien-im-gard\/camping-bei-aigues-mortes\/","title":{"rendered":"Aigues Mortes"},"content":{"rendered":"<section id=\"ls-section-block_bb85ed7457c1ad45c5201f8a078d9c4b\" class=\"ls-section  page-intro has-p-t p-t-14\" >\n        <div class=\"container container--wide\">\n        \n\n<div class=\"wp-block-columns columns-parent is-layout-flex wp-container-core-columns-is-layout-9d6595d7 wp-block-columns-is-layout-flex\">\n<div class=\"wp-block-column is-vertically-aligned-center left is-layout-flow wp-block-column-is-layout-flow\">\n<h1 class=\"ls__heading animated fadeInLeft delay-200ms wp-block-heading\"><span class=\"small\">CAMPINGPLATZ BEI <\/span><br><span class=\"bold\">Aigues-Mortes<\/span><\/h1>\n\n\n\n<p class=\"ls-paragraph\">Der Campingplatz Mas de la Cam im Departement Gard in der N\u00e4he der Loz\u00e8re und dem Nationalpark der C\u00e9vennes hei\u00dft Sie in einer au\u00dfergew\u00f6hnlich sch\u00f6ne Naturkulisse bekommen. Buchen Sie ab sofort Ihren Stellplatz f\u00fcr Wohn- und Campingwagen oder Ihre Ferienwohnung, damit Sie unvergessliche Ferien mit der Familie, unter Freunden oder zu zweit im okzitanischen Hinterland, ein kleines St\u00fcck Paradies im Languedoc-Roussillon, verbringen k\u00f6nnen.<\/p>\n<\/div>\n\n\n\n<div class=\"wp-block-column is-vertically-aligned-center right is-layout-flow wp-block-column-is-layout-flow\">\n<div class=\"wp-block-columns columns-child is-layout-flex wp-container-core-columns-is-layout-9d6595d7 wp-block-columns-is-layout-flex\">\n<div class=\"wp-block-column image-two is-layout-flow wp-block-column-is-layout-flow\">\n<iframe src=\"https:\/\/www.google.com\/maps\/embed?pb=!1m28!1m12!1m3!1d368347.2004402409!2d3.818568692850127!3d43.84105875941318!2m3!1f0!2f0!3f0!3m2!1i1024!2i768!4f13.1!4m13!3e0!4m5!1s0x12b47164841558ad%3A0x62d813088da27348!2sCamping%20Mas%20de%20la%20Cam%20Saint%20Jean%20du%20Gard%2C%20Saint-Jean-du-Gard!3m2!1d44.112383099999995!2d3.8543309999999997!4m5!1s0x12b690b7992e6105%3A0x4078821166b4870!2s30220%20Aigues-Mortes!3m2!1d43.567172!2d4.1925869!5e0!3m2!1sfr!2sfr!4v1666612419197!5m2!1sfr!2sfr\" width=\"600\" height=\"450\" style=\"border:0;\" allowfullscreen=\"\" loading=\"lazy\" referrerpolicy=\"no-referrer-when-downgrade\"><\/iframe>\n<\/div>\n<\/div>\n<\/div>\n<\/div>\n\n\n    <\/div>\n<\/section>\n\n<section id=\"ls-section-block_5307448e4579ae24d1f3ed661b8d11af\" class=\"ls-section  page-one has-p-t p-t-0\" >\n        <div class=\"container container--wide\">\n        \n\n<div class=\"wp-block-columns is-layout-flex wp-container-core-columns-is-layout-9d6595d7 wp-block-columns-is-layout-flex\">\n<div class=\"wp-block-column is-vertically-aligned-center is-layout-flow wp-block-column-is-layout-flow\">\n<figure class=\"wp-block-image size-full animated fadeInLeft delay-500ms slow\"><a href=\"https:\/\/www.camping-cevennes.info\/wp-content\/uploads\/2022\/10\/aigues-mortes.jpg\"><img decoding=\"async\" width=\"900\" height=\"600\" src=\"https:\/\/www.camping-cevennes.info\/wp-content\/uploads\/2022\/10\/aigues-mortes.jpg\" alt=\"aigues mortes\" class=\"wp-image-2822\" srcset=\"https:\/\/www.camping-cevennes.info\/wp-content\/uploads\/2022\/10\/aigues-mortes.jpg 900w, https:\/\/www.camping-cevennes.info\/wp-content\/uploads\/2022\/10\/aigues-mortes-300x200.jpg 300w, https:\/\/www.camping-cevennes.info\/wp-content\/uploads\/2022\/10\/aigues-mortes-768x512.jpg 768w\" sizes=\"(max-width: 900px) 100vw, 900px\" \/><\/a><\/figure>\n\n\n\n<p class=\"ls-paragraph\">Folgen Sie den Spuren des Fantasiepferdes Lou Drap\u00e9 und legen Sie eine Feinschmeckerpause ein, in der Sie auf dem Place Saint-Louis eine leckere Fougasse (mediterranes Fladenbrot) verspeisen. Der Salzgarten von Aigues-Mortes ist in Europa einzigartig in seiner Art und er\u00f6ffnet Ihnen alle Geheimnisse der Salzgewinnung. In der Stadt gibt es mehrere originelle Museen wie das \u00d6komuseum \u201eMaison Grand Site de France\u201c und die \u201eTrains du Colorado\u201c (\u00fcbersetzt: Z\u00fcge des Colorado), ein unterhaltsamer und didaktischer Ort, wo Kinder pr\u00e4chtige Dampflokomotiven bestaunen k\u00f6nnen.<\/p>\n<\/div>\n\n\n\n<div class=\"wp-block-column is-layout-flow wp-block-column-is-layout-flow\">\n<h2 class=\"ls__heading deco wp-block-heading\">WAS KANN MAN IN AIGUES-MORTES UNTERNEHMEN ?<\/h2>\n\n\n\n<p class=\"ls-paragraph\">Aigues-Mortes (8400 Einwohner) in der kleinen Camargue am Mittelmeer fasziniert mit seinen sehr gut erhaltenen, von der UNESCO in die Liste der Weltkulturerbe aufgenommenen Wehrmauern sowie seinen Kulturdenkm\u00e4lern, die an die bewegte Geschichte des Ortes erinnern. Gehen Sie durch eine seiner monumentalen Tore (Porte des Cordeliers, Porte Saint-Antoine, Porte des Galions, Porte de la Reine, Porte de la Gardette, Porte de l\u2018Organeau), um in das Zentrum des Ortes zu gelangen. Nehmen Sie sich die Zeit, die Kirche Notre-Dame-des-Sablons, die Chapelle des P\u00e9nitents Gris, die Chapelle des P\u00e9nitents Blancs, den Tour de la Marine, den Tour de Constance und den Tour Carbonni\u00e8re zu besichtigen.<\/p>\n\n\n\n<figure class=\"wp-block-image size-full animated fadeInRight delay-500ms slow\"><a href=\"https:\/\/www.camping-cevennes.info\/wp-content\/uploads\/2022\/10\/gite-famille.jpg\"><img decoding=\"async\" width=\"900\" height=\"600\" src=\"https:\/\/www.camping-cevennes.info\/wp-content\/uploads\/2022\/10\/gite-famille.jpg\" alt=\"gite famille\" class=\"wp-image-2035\" srcset=\"https:\/\/www.camping-cevennes.info\/wp-content\/uploads\/2022\/10\/gite-famille.jpg 900w, https:\/\/www.camping-cevennes.info\/wp-content\/uploads\/2022\/10\/gite-famille-300x200.jpg 300w, https:\/\/www.camping-cevennes.info\/wp-content\/uploads\/2022\/10\/gite-famille-768x512.jpg 768w\" sizes=\"(max-width: 900px) 100vw, 900px\" \/><\/a><\/figure>\n<\/div>\n<\/div>\n\n\n    <\/div>\n<\/section>\n\n<section id=\"ls-section-block_c622891f1566001b6cf34e637f9a4880\" class=\"ls-section \" >\n        <div class=\"container container--wide\">\n        \n\n<div id=\"ls-heading ls-titre-div-block_488bfc8f8ab9308e8507e41a7ff55cbb\" class=\"ls-titre-div deco-centree aligncenter h2-like\" >\n    Entdecken Sie andere St\u00e4dte in der Umgebung<\/div>\n\n\n<div id=\"ls-maillage-block_93de54e6932eb33c821a275c7a4bebda\" class=\"ls-maillage cta-style-normal\" data-rows=\"3\">\n    <div class=\"wp-block-columns\"><div class=\"wp-block-column\">\n\n<a href=\"https:\/\/www.camping-cevennes.info\/de\/ferien-im-gard\/camping-in-der-naehe-von-ales\/\" target=\"\" rel=\"noopener\" class=\"ls-cta__link\">\n\n\t<div class=\"ls-cta__image\"><img decoding=\"async\" src=\"https:\/\/www.camping-cevennes.info\/wp-content\/uploads\/2022\/10\/ales-1024x480.jpg\" alt=\"al\u00e8s\"><\/div>\n\t<div class=\"ls-cta__title\">\n\t\tAl\u00e8s\t<\/div>\n\n\t\t\n<\/a><\/div><div class=\"wp-block-column\">\n\n<a href=\"https:\/\/www.camping-cevennes.info\/de\/ferien-im-gard\/camping-naehe-danduze\/\" target=\"\" rel=\"noopener\" class=\"ls-cta__link\">\n\n\t<div class=\"ls-cta__image\"><img decoding=\"async\" src=\"https:\/\/www.camping-cevennes.info\/wp-content\/uploads\/2022\/10\/anduze-1024x480.jpg\" alt=\"anduze\"><\/div>\n\t<div class=\"ls-cta__title\">\n\t\tAnduze\t<\/div>\n\n\t\t\n<\/a><\/div><div class=\"wp-block-column\">\n\n<a href=\"https:\/\/www.camping-cevennes.info\/de\/ferien-im-gard\/camping-bei-mialet\/\" target=\"\" rel=\"noopener\" class=\"ls-cta__link\">\n\n\t<div class=\"ls-cta__image\"><img decoding=\"async\" src=\"https:\/\/www.camping-cevennes.info\/wp-content\/uploads\/2022\/11\/tourisme-mialet.jpg\" alt=\"tourisme mialet\"><\/div>\n\t<div class=\"ls-cta__title\">\n\t\tMialet\t<\/div>\n\n\t\t\n<\/a><\/div><\/div><\/div>\n\n    <\/div>\n<\/section>","protected":false},"excerpt":{"rendered":"","protected":false},"author":1,"featured_media":3753,"parent":4788,"menu_order":0,"comment_status":"closed","ping_status":"closed","template":"","meta":{"_acf_changed":false,"footnotes":""},"sujet":[],"class_list":["post-4793","page","type-page","status-publish","has-post-thumbnail","hentry"],"acf":[],"yoast_head":"<!-- This site is optimized with the Yoast SEO plugin v25.3 - https:\/\/yoast.com\/wordpress\/plugins\/seo\/ -->\n<title>Campingplatz Aigues Mortes | Ferienwohnung Aigues Mortes<\/title>\n<meta name=\"description\" content=\"Touristische Aktivit\u00e4ten in Aigues Mortes, Orte, die Sie nicht verpassen sollten, um zu sehen, was zu tun ist in Aigues Mortes\" \/>\n<meta name=\"robots\" content=\"index, follow, max-snippet:-1, max-image-preview:large, max-video-preview:-1\" \/>\n<link rel=\"canonical\" href=\"https:\/\/www.camping-cevennes.info\/de\/ferien-im-gard\/camping-bei-aigues-mortes\/\" \/>\n<meta property=\"og:locale\" content=\"de_DE\" \/>\n<meta property=\"og:type\" content=\"article\" \/>\n<meta property=\"og:title\" content=\"Campingplatz Aigues Mortes | Ferienwohnung Aigues Mortes\" \/>\n<meta property=\"og:description\" content=\"Touristische Aktivit\u00e4ten in Aigues Mortes, Orte, die Sie nicht verpassen sollten, um zu sehen, was zu tun ist in Aigues Mortes\" \/>\n<meta property=\"og:url\" content=\"https:\/\/www.camping-cevennes.info\/de\/ferien-im-gard\/camping-bei-aigues-mortes\/\" \/>\n<meta property=\"og:site_name\" content=\"Camping Mas de la Cam\" \/>\n<meta property=\"article:modified_time\" content=\"2022-11-09T08:39:00+00:00\" \/>\n<meta property=\"og:image\" content=\"https:\/\/www.camping-cevennes.info\/wp-content\/uploads\/2022\/10\/camping-aigues-mortes.jpg\" \/>\n\t<meta property=\"og:image:width\" content=\"1920\" \/>\n\t<meta property=\"og:image:height\" content=\"600\" \/>\n\t<meta property=\"og:image:type\" content=\"image\/jpeg\" \/>\n<meta name=\"twitter:card\" content=\"summary_large_image\" \/>\n<meta name=\"twitter:label1\" content=\"Gesch\u00e4tzte Lesezeit\" \/>\n\t<meta name=\"twitter:data1\" content=\"2\u00a0Minuten\" \/>\n<script type=\"application\/ld+json\" class=\"yoast-schema-graph\">{\"@context\":\"https:\/\/schema.org\",\"@graph\":[{\"@type\":\"WebPage\",\"@id\":\"https:\/\/www.camping-cevennes.info\/de\/ferien-im-gard\/camping-bei-aigues-mortes\/\",\"url\":\"https:\/\/www.camping-cevennes.info\/de\/ferien-im-gard\/camping-bei-aigues-mortes\/\",\"name\":\"Campingplatz Aigues Mortes | Ferienwohnung Aigues Mortes\",\"isPartOf\":{\"@id\":\"https:\/\/www.camping-cevennes.info\/de\/#website\"},\"primaryImageOfPage\":{\"@id\":\"https:\/\/www.camping-cevennes.info\/de\/ferien-im-gard\/camping-bei-aigues-mortes\/#primaryimage\"},\"image\":{\"@id\":\"https:\/\/www.camping-cevennes.info\/de\/ferien-im-gard\/camping-bei-aigues-mortes\/#primaryimage\"},\"thumbnailUrl\":\"https:\/\/www.camping-cevennes.info\/wp-content\/uploads\/2022\/10\/camping-aigues-mortes.jpg\",\"datePublished\":\"2022-10-19T13:33:41+00:00\",\"dateModified\":\"2022-11-09T08:39:00+00:00\",\"description\":\"Touristische Aktivit\u00e4ten in Aigues Mortes, Orte, die Sie nicht verpassen sollten, um zu sehen, was zu tun ist in Aigues Mortes\",\"breadcrumb\":{\"@id\":\"https:\/\/www.camping-cevennes.info\/de\/ferien-im-gard\/camping-bei-aigues-mortes\/#breadcrumb\"},\"inLanguage\":\"de\",\"potentialAction\":[{\"@type\":\"ReadAction\",\"target\":[\"https:\/\/www.camping-cevennes.info\/de\/ferien-im-gard\/camping-bei-aigues-mortes\/\"]}]},{\"@type\":\"ImageObject\",\"inLanguage\":\"de\",\"@id\":\"https:\/\/www.camping-cevennes.info\/de\/ferien-im-gard\/camping-bei-aigues-mortes\/#primaryimage\",\"url\":\"https:\/\/www.camping-cevennes.info\/wp-content\/uploads\/2022\/10\/camping-aigues-mortes.jpg\",\"contentUrl\":\"https:\/\/www.camping-cevennes.info\/wp-content\/uploads\/2022\/10\/camping-aigues-mortes.jpg\",\"width\":1920,\"height\":600,\"caption\":\"camping aigues mortes\"},{\"@type\":\"BreadcrumbList\",\"@id\":\"https:\/\/www.camping-cevennes.info\/de\/ferien-im-gard\/camping-bei-aigues-mortes\/#breadcrumb\",\"itemListElement\":[{\"@type\":\"ListItem\",\"position\":1,\"name\":\"Campingplatz C\u00e9vennes\",\"item\":\"https:\/\/www.camping-cevennes.info\/de\/\"},{\"@type\":\"ListItem\",\"position\":2,\"name\":\"Der Gard\",\"item\":\"https:\/\/www.camping-cevennes.info\/de\/ferien-im-gard\/\"},{\"@type\":\"ListItem\",\"position\":3,\"name\":\"Campingplatz bei Aigues-Mortes\"}]},{\"@type\":\"WebSite\",\"@id\":\"https:\/\/www.camping-cevennes.info\/de\/#website\",\"url\":\"https:\/\/www.camping-cevennes.info\/de\/\",\"name\":\"Camping Mas de la Cam\",\"description\":\"\",\"publisher\":{\"@id\":\"https:\/\/www.camping-cevennes.info\/de\/#organization\"},\"potentialAction\":[{\"@type\":\"SearchAction\",\"target\":{\"@type\":\"EntryPoint\",\"urlTemplate\":\"https:\/\/www.camping-cevennes.info\/de\/?s={search_term_string}\"},\"query-input\":{\"@type\":\"PropertyValueSpecification\",\"valueRequired\":true,\"valueName\":\"search_term_string\"}}],\"inLanguage\":\"de\"},{\"@type\":\"Organization\",\"@id\":\"https:\/\/www.camping-cevennes.info\/de\/#organization\",\"name\":\"Camping Mas de la Cam\",\"url\":\"https:\/\/www.camping-cevennes.info\/de\/\",\"logo\":{\"@type\":\"ImageObject\",\"inLanguage\":\"de\",\"@id\":\"https:\/\/www.camping-cevennes.info\/de\/#\/schema\/logo\/image\/\",\"url\":\"https:\/\/www.camping-cevennes.info\/wp-content\/uploads\/2022\/09\/logo-camping-mas-de-la-cam-noir-1.png\",\"contentUrl\":\"https:\/\/www.camping-cevennes.info\/wp-content\/uploads\/2022\/09\/logo-camping-mas-de-la-cam-noir-1.png\",\"width\":625,\"height\":190,\"caption\":\"Camping Mas de la Cam\"},\"image\":{\"@id\":\"https:\/\/www.camping-cevennes.info\/de\/#\/schema\/logo\/image\/\"}}]}<\/script>\n<!-- \/ Yoast SEO plugin. -->","yoast_head_json":{"title":"Campingplatz Aigues Mortes | Ferienwohnung Aigues Mortes","description":"Touristische Aktivit\u00e4ten in Aigues Mortes, Orte, die Sie nicht verpassen sollten, um zu sehen, was zu tun ist in Aigues Mortes","robots":{"index":"index","follow":"follow","max-snippet":"max-snippet:-1","max-image-preview":"max-image-preview:large","max-video-preview":"max-video-preview:-1"},"canonical":"https:\/\/www.camping-cevennes.info\/de\/ferien-im-gard\/camping-bei-aigues-mortes\/","og_locale":"de_DE","og_type":"article","og_title":"Campingplatz Aigues Mortes | Ferienwohnung Aigues Mortes","og_description":"Touristische Aktivit\u00e4ten in Aigues Mortes, Orte, die Sie nicht verpassen sollten, um zu sehen, was zu tun ist in Aigues Mortes","og_url":"https:\/\/www.camping-cevennes.info\/de\/ferien-im-gard\/camping-bei-aigues-mortes\/","og_site_name":"Camping Mas de la Cam","article_modified_time":"2022-11-09T08:39:00+00:00","og_image":[{"width":1920,"height":600,"url":"https:\/\/www.camping-cevennes.info\/wp-content\/uploads\/2022\/10\/camping-aigues-mortes.jpg","type":"image\/jpeg"}],"twitter_card":"summary_large_image","twitter_misc":{"Gesch\u00e4tzte Lesezeit":"2\u00a0Minuten"},"schema":{"@context":"https:\/\/schema.org","@graph":[{"@type":"WebPage","@id":"https:\/\/www.camping-cevennes.info\/de\/ferien-im-gard\/camping-bei-aigues-mortes\/","url":"https:\/\/www.camping-cevennes.info\/de\/ferien-im-gard\/camping-bei-aigues-mortes\/","name":"Campingplatz Aigues Mortes | Ferienwohnung Aigues Mortes","isPartOf":{"@id":"https:\/\/www.camping-cevennes.info\/de\/#website"},"primaryImageOfPage":{"@id":"https:\/\/www.camping-cevennes.info\/de\/ferien-im-gard\/camping-bei-aigues-mortes\/#primaryimage"},"image":{"@id":"https:\/\/www.camping-cevennes.info\/de\/ferien-im-gard\/camping-bei-aigues-mortes\/#primaryimage"},"thumbnailUrl":"https:\/\/www.camping-cevennes.info\/wp-content\/uploads\/2022\/10\/camping-aigues-mortes.jpg","datePublished":"2022-10-19T13:33:41+00:00","dateModified":"2022-11-09T08:39:00+00:00","description":"Touristische Aktivit\u00e4ten in Aigues Mortes, Orte, die Sie nicht verpassen sollten, um zu sehen, was zu tun ist in Aigues Mortes","breadcrumb":{"@id":"https:\/\/www.camping-cevennes.info\/de\/ferien-im-gard\/camping-bei-aigues-mortes\/#breadcrumb"},"inLanguage":"de","potentialAction":[{"@type":"ReadAction","target":["https:\/\/www.camping-cevennes.info\/de\/ferien-im-gard\/camping-bei-aigues-mortes\/"]}]},{"@type":"ImageObject","inLanguage":"de","@id":"https:\/\/www.camping-cevennes.info\/de\/ferien-im-gard\/camping-bei-aigues-mortes\/#primaryimage","url":"https:\/\/www.camping-cevennes.info\/wp-content\/uploads\/2022\/10\/camping-aigues-mortes.jpg","contentUrl":"https:\/\/www.camping-cevennes.info\/wp-content\/uploads\/2022\/10\/camping-aigues-mortes.jpg","width":1920,"height":600,"caption":"camping aigues mortes"},{"@type":"BreadcrumbList","@id":"https:\/\/www.camping-cevennes.info\/de\/ferien-im-gard\/camping-bei-aigues-mortes\/#breadcrumb","itemListElement":[{"@type":"ListItem","position":1,"name":"Campingplatz C\u00e9vennes","item":"https:\/\/www.camping-cevennes.info\/de\/"},{"@type":"ListItem","position":2,"name":"Der Gard","item":"https:\/\/www.camping-cevennes.info\/de\/ferien-im-gard\/"},{"@type":"ListItem","position":3,"name":"Campingplatz bei Aigues-Mortes"}]},{"@type":"WebSite","@id":"https:\/\/www.camping-cevennes.info\/de\/#website","url":"https:\/\/www.camping-cevennes.info\/de\/","name":"Camping Mas de la Cam","description":"","publisher":{"@id":"https:\/\/www.camping-cevennes.info\/de\/#organization"},"potentialAction":[{"@type":"SearchAction","target":{"@type":"EntryPoint","urlTemplate":"https:\/\/www.camping-cevennes.info\/de\/?s={search_term_string}"},"query-input":{"@type":"PropertyValueSpecification","valueRequired":true,"valueName":"search_term_string"}}],"inLanguage":"de"},{"@type":"Organization","@id":"https:\/\/www.camping-cevennes.info\/de\/#organization","name":"Camping Mas de la Cam","url":"https:\/\/www.camping-cevennes.info\/de\/","logo":{"@type":"ImageObject","inLanguage":"de","@id":"https:\/\/www.camping-cevennes.info\/de\/#\/schema\/logo\/image\/","url":"https:\/\/www.camping-cevennes.info\/wp-content\/uploads\/2022\/09\/logo-camping-mas-de-la-cam-noir-1.png","contentUrl":"https:\/\/www.camping-cevennes.info\/wp-content\/uploads\/2022\/09\/logo-camping-mas-de-la-cam-noir-1.png","width":625,"height":190,"caption":"Camping Mas de la Cam"},"image":{"@id":"https:\/\/www.camping-cevennes.info\/de\/#\/schema\/logo\/image\/"}}]}},"_links":{"self":[{"href":"https:\/\/www.camping-cevennes.info\/de\/wp-json\/wp\/v2\/pages\/4793","targetHints":{"allow":["GET"]}}],"collection":[{"href":"https:\/\/www.camping-cevennes.info\/de\/wp-json\/wp\/v2\/pages"}],"about":[{"href":"https:\/\/www.camping-cevennes.info\/de\/wp-json\/wp\/v2\/types\/page"}],"author":[{"embeddable":true,"href":"https:\/\/www.camping-cevennes.info\/de\/wp-json\/wp\/v2\/users\/1"}],"replies":[{"embeddable":true,"href":"https:\/\/www.camping-cevennes.info\/de\/wp-json\/wp\/v2\/comments?post=4793"}],"version-history":[{"count":4,"href":"https:\/\/www.camping-cevennes.info\/de\/wp-json\/wp\/v2\/pages\/4793\/revisions"}],"predecessor-version":[{"id":5302,"href":"https:\/\/www.camping-cevennes.info\/de\/wp-json\/wp\/v2\/pages\/4793\/revisions\/5302"}],"up":[{"embeddable":true,"href":"https:\/\/www.camping-cevennes.info\/de\/wp-json\/wp\/v2\/pages\/4788"}],"wp:featuredmedia":[{"embeddable":true,"href":"https:\/\/www.camping-cevennes.info\/de\/wp-json\/wp\/v2\/media\/3753"}],"wp:attachment":[{"href":"https:\/\/www.camping-cevennes.info\/de\/wp-json\/wp\/v2\/media?parent=4793"}],"wp:term":[{"taxonomy":"sujet","embeddable":true,"href":"https:\/\/www.camping-cevennes.info\/de\/wp-json\/wp\/v2\/sujet?post=4793"}],"curies":[{"name":"wp","href":"https:\/\/api.w.org\/{rel}","templated":true}]}}