{"id":4788,"date":"2022-10-19T14:54:51","date_gmt":"2022-10-19T12:54:51","guid":{"rendered":"https:\/\/www.camping-cevennes.info\/vacances-gard\/"},"modified":"2022-11-09T09:57:37","modified_gmt":"2022-11-09T08:57:37","slug":"ferien-im-gard","status":"publish","type":"page","link":"https:\/\/www.camping-cevennes.info\/de\/ferien-im-gard\/","title":{"rendered":"Gard"},"content":{"rendered":"<section id=\"ls-section-block_b253d015470934d735d0286bdd3374b7\" class=\"ls-section  page-intro has-p-t p-t-14\" >\n        <div class=\"container container--wide\">\n        \n\n<h1 class=\"ls__heading deco-h1 animated fadeInLeft delay-200ms wp-block-heading\">FERIEN<br>IM GARD<\/h1>\n\n\n\n<div class=\"wp-block-columns columns-parent is-layout-flex wp-container-core-columns-is-layout-9d6595d7 wp-block-columns-is-layout-flex\">\n<div class=\"wp-block-column left is-layout-flow wp-block-column-is-layout-flow\">\n<h2 class=\"ls__heading deco wp-block-heading\">Was zu sehen, was im Gard zu tun<\/h2>\n\n\n\n<p class=\"ls-paragraph\">Hinweis f\u00fcr Naturliebhaber: von den Bergen bis zum Meer, der Gard enth\u00e4lt sch\u00f6ne Landschaften. Wenn Sie nur ein paar Tage haben, empfehlen wir Ihnen die drei Standorte in das Netzwerk der Gro\u00dfen Seiten Frankreichs geh\u00f6ren, zu besuchen: die ber\u00fchmte Pont du Gard (altes Denkmal am meisten besuchten in Frankreich, ein UNESCO Kulturerbe) zu die Navacelles (a fab Canyon von 300 m Tiefe) und Gard Camargue mit seinen S\u00fcmpfen und Erbe als die Tour Carbonni\u00e8re Aigues Mortes in der N\u00e4he des Tarn,.<\/p>\n\n\n\n<p class=\"ls-paragraph\">Das Dekor ist gepflanzt: es liegt an Ihnen, der Schauspieler Ihres Urlaubs auf dem Campingplatz Mas de la Cam in Saint-Jean-du-Gard zu sein. Von der Besteigung des Monte Aigoual bis zu Spazierg\u00e4ngen an den Sandstr\u00e4nden erwarten Sie im Gard zahlreiche Wanderungen und Ausritte. Holen Sie sich das Verdon-Rafting oder Canyoning, ein Boot mieten in Le Grau-du-Roi f\u00fcr einen Angelausflug, erkunden Sie die H\u00f6hlen der Cevennen und sich einer 4\u00d74 Safari in der Camargue ab. In der N\u00e4he des Campingplatzes k\u00f6nnen Sie viele andere Outdoor-Aktivit\u00e4ten aus\u00fcben: Klettern, Kanufahren, Ultraleichtflugzeug, Mountainbiken, Angeln \u2026<\/p>\n<\/div>\n\n\n\n<div class=\"wp-block-column is-vertically-aligned-center right is-layout-flow wp-block-column-is-layout-flow\">\n<figure class=\"wp-block-embed is-type-video is-provider-youtube wp-block-embed-youtube wp-embed-aspect-16-9 wp-has-aspect-ratio\"><div class=\"wp-block-embed__wrapper\">\n<iframe loading=\"lazy\" title=\"Bienvenue dans le Gard!\" width=\"500\" height=\"281\" src=\"https:\/\/www.youtube.com\/embed\/skHeZKWf_vc?feature=oembed\" frameborder=\"0\" allow=\"accelerometer; autoplay; clipboard-write; encrypted-media; gyroscope; picture-in-picture; web-share\" referrerpolicy=\"strict-origin-when-cross-origin\" allowfullscreen><\/iframe>\n<\/div><\/figure>\n<\/div>\n<\/div>\n\n\n    <\/div>\n<\/section>\n\n<section id=\"ls-section-block_b1d0b7363e284937f4e1368736d03b90\" class=\"ls-section  has-p-t p-t-0\" >\n        <div class=\"container container--wide\">\n        \n<div id=\"ls-maillage-block_120aef29f0c4de462bd517133ca02a67\" class=\"ls-maillage cta-style-normal\" data-rows=\"4\">\n    <div class=\"wp-block-columns\"><div class=\"wp-block-column\">\n\n<a href=\"https:\/\/www.camping-cevennes.info\/de\/ferien-im-gard\/camping-bei-aigues-mortes\/\" target=\"\" rel=\"noopener\" class=\"ls-cta__link\">\n\n\t<div class=\"ls-cta__image\"><img decoding=\"async\" src=\"https:\/\/www.camping-cevennes.info\/wp-content\/uploads\/2022\/10\/porte-aigues-morte-1024x480.jpg\" alt=\"porte aigues morte\"><\/div>\n\t<div class=\"ls-cta__title\">\n\t\tAigues Mortes\t<\/div>\n\n\t\t\n<\/a><\/div><div class=\"wp-block-column\">\n\n<a href=\"https:\/\/www.camping-cevennes.info\/de\/ferien-im-gard\/camping-in-der-naehe-von-ales\/\" target=\"\" rel=\"noopener\" class=\"ls-cta__link\">\n\n\t<div class=\"ls-cta__image\"><img decoding=\"async\" src=\"https:\/\/www.camping-cevennes.info\/wp-content\/uploads\/2022\/10\/ales-1024x480.jpg\" alt=\"al\u00e8s\"><\/div>\n\t<div class=\"ls-cta__title\">\n\t\tAl\u00e8s\t<\/div>\n\n\t\t\n<\/a><\/div><div class=\"wp-block-column\">\n\n<a href=\"https:\/\/www.camping-cevennes.info\/de\/ferien-im-gard\/camping-naehe-danduze\/\" target=\"\" rel=\"noopener\" class=\"ls-cta__link\">\n\n\t<div class=\"ls-cta__image\"><img decoding=\"async\" src=\"https:\/\/www.camping-cevennes.info\/wp-content\/uploads\/2022\/10\/anduze-1024x480.jpg\" alt=\"anduze\"><\/div>\n\t<div class=\"ls-cta__title\">\n\t\tAnduze\t<\/div>\n\n\t\t\n<\/a><\/div><div class=\"wp-block-column\">\n\n<a href=\"https:\/\/www.camping-cevennes.info\/de\/ferien-im-gard\/camping-bei-mialet\/\" target=\"\" rel=\"noopener\" class=\"ls-cta__link\">\n\n\t<div class=\"ls-cta__image\"><img decoding=\"async\" src=\"https:\/\/www.camping-cevennes.info\/wp-content\/uploads\/2022\/11\/tourisme-mialet.jpg\" alt=\"tourisme mialet\"><\/div>\n\t<div class=\"ls-cta__title\">\n\t\tMialet\t<\/div>\n\n\t\t\n<\/a><\/div><\/div><div class=\"wp-block-columns\"><div class=\"wp-block-column\">\n\n<a href=\"https:\/\/www.camping-cevennes.info\/de\/ferien-im-gard\/camping-bei-nimes\/\" target=\"\" rel=\"noopener\" class=\"ls-cta__link\">\n\n\t<div class=\"ls-cta__image\"><img decoding=\"async\" src=\"https:\/\/www.camping-cevennes.info\/wp-content\/uploads\/2022\/10\/nimes-cathedrale-1024x480.jpg\" alt=\"nimes cathedrale\"><\/div>\n\t<div class=\"ls-cta__title\">\n\t\tN\u00eemes\t<\/div>\n\n\t\t\n<\/a><\/div><div class=\"wp-block-column\">\n\n<a href=\"https:\/\/www.camping-cevennes.info\/de\/ferien-im-gard\/ferien-in-saint-jean-du-gard\/\" target=\"\" rel=\"noopener\" class=\"ls-cta__link\">\n\n\t<div class=\"ls-cta__image\"><img decoding=\"async\" src=\"https:\/\/www.camping-cevennes.info\/wp-content\/uploads\/2022\/10\/pont-saint-jean-du-gard-1-1024x480.jpg\" alt=\"pont saint jean du gard\"><\/div>\n\t<div class=\"ls-cta__title\">\n\t\tSaint-Jean-Du-Gard\t<\/div>\n\n\t\t\n<\/a><\/div><div class=\"wp-block-column\">\n\n<a href=\"https:\/\/www.camping-cevennes.info\/de\/ferien-im-gard\/camping-naehe-duzes\/\" target=\"\" rel=\"noopener\" class=\"ls-cta__link\">\n\n\t<div class=\"ls-cta__image\"><img decoding=\"async\" src=\"https:\/\/www.camping-cevennes.info\/wp-content\/uploads\/2022\/11\/cathedral-uzes-1024x480.jpg\" alt=\"cathedral uzes\"><\/div>\n\t<div class=\"ls-cta__title\">\n\t\tUzes\t<\/div>\n\n\t\t\n<\/a><\/div><\/div>\n\n    <\/div>\n<\/section>\n\n<section id=\"ls-section-block_b253d015470934d735d0286bdd3374b7\" class=\"ls-section  page-intro has-p-t p-t-14\" >\n        <div class=\"container container--wide\">\n        \n\n<div class=\"wp-block-columns columns-parent is-layout-flex wp-container-core-columns-is-layout-9d6595d7 wp-block-columns-is-layout-flex\">\n<div class=\"wp-block-column left is-layout-flow wp-block-column-is-layout-flow\">\n<h2 class=\"ls__heading deco wp-block-heading\">Besuchen Sie die Gard<\/h2>\n\n\n\n<p class=\"ls-paragraph\">Es gibt viele M\u00f6glichkeiten, die Gard zu entdecken. Wenn Sie sich f\u00fcr das kulturelle Erbe begeistern, wird Ihre Reise wahrscheinlich in N\u00eemes, einer bimillennial-Stadt, beginnen. Sie k\u00f6nnen die Architektur der Stierkampfarena, den Magne-Turm, das quadratische Haus und den Tempel von Diane bewundern. Sie werden dann am mythischen Pont du Gard und der Abtei Saint-Gilles, einem weiteren UNESCO-Weltkulturerbe, anhalten.<\/p>\n\n\n\n<p class=\"ls-paragraph\">Haben Sie viel von den Augen gehabt? Setzen Sie Ihre Zeitreise fort, indem Sie C\u00e8ze, La Roque-sur-C\u00e8ze, Lussan und Aigu\u00e8ze besuchen, 4 Gemeinden, die zu den sch\u00f6nsten D\u00f6rfern Frankreichs geh\u00f6ren. Die Abteilung ist \u00fcbers\u00e4t mit alten mittelalterlichen St\u00e4dten, die sehr gut erhalten sind, wie Barjac und V\u00e9z\u00e9nobres, und pr\u00e4chtigen Schl\u00f6ssern (Cheylard von aujac, montalet, Castellas, Rousse, Gaujac, Sommi\u00e8res).<\/p>\n\n\n\n<p class=\"ls-paragraph\">Nehmen Sie sich schlie\u00dflich die Zeit, sich in den Gassen des Mus\u00e9e C\u00e9venol (Vigan), der Museumsbibliothek Pierre-Andr\u00e9-Benoit (Al\u00e8s), des visiatoms de Marcoule (Chusclan) und des vinopanorama (Calvisson) zu verlieren. Wenn Sie mit Kindern im Gard wohnen, planen Sie einen halben Tag im Seaquarium des Grau-du-Roi.<\/p>\n\n\n\n<p class=\"ls-paragraph addReadMore showlesscontent\">Zwischen Bergp\u00e4ssen und tiefen T\u00e4lern und Schluchten, da wo sich die Fl\u00fcsse tief in den Schiefer gegraben haben, teilen sich Kastanienb\u00e4ume, gr\u00fcne Eichen und Str\u00e4ucher eine reiche historische Vergangenheit. Die Panoramastra\u00dfe \u201eCorniche des C\u00e9vennes\u201c, die Schluchten des Tarn und der Jonte, der Berg Aigoual, der Viadukt von Millau, das Kalkplateau Causse M\u00e9jean, die Karsth\u00f6hle \u201eAb\u00eeme de Barambiau\u201c, das Kesseltal Cirque de Navacelles und all die kleinen D\u00f6rfer mit seinen noch urspr\u00fcnglichen H\u00e4usern.<br><br>Die tief eingeschrittenen T\u00e4ler der C\u00e9vennes bergen ein unendlichen Reichtum: Eine von Schiefer, Granit oder Kalkstein und Kastanienw\u00e4ldern gepr\u00e4gte, einzigartige Landschaft. Der Nationalpark der C\u00e9vennes beherbergt auf nur 3200 km\u00b2 die H\u00e4lfte der in Frankreich vorkommenden Pflanzen- und Tierarten.<\/p>\n<\/div>\n\n\n\n<div class=\"wp-block-column is-vertically-aligned-center right is-layout-flow wp-block-column-is-layout-flow\">\n<figure class=\"wp-block-image size-full\"><img decoding=\"async\" width=\"900\" height=\"600\" src=\"https:\/\/www.camping-cevennes.info\/wp-content\/uploads\/2022\/10\/marais-camargue.jpg\" alt=\"marais camargue\" class=\"wp-image-3544\" srcset=\"https:\/\/www.camping-cevennes.info\/wp-content\/uploads\/2022\/10\/marais-camargue.jpg 900w, https:\/\/www.camping-cevennes.info\/wp-content\/uploads\/2022\/10\/marais-camargue-300x200.jpg 300w, https:\/\/www.camping-cevennes.info\/wp-content\/uploads\/2022\/10\/marais-camargue-768x512.jpg 768w\" sizes=\"(max-width: 900px) 100vw, 900px\" \/><\/figure>\n<\/div>\n<\/div>\n\n\n    <\/div>\n<\/section>\n\n<section id=\"ls-section-block_7ac678f2b3d4e7d11a30b63ed698e6fb\" class=\"ls-section \" >\n        <div class=\"container container--wide\">\n        \n<div id=\"ls-maillage-block_460a335a2ddbf61f709390efea23919c\" class=\"ls-maillage cta-style-normal\" data-rows=\"4\">\n    <div class=\"wp-block-columns\"><div class=\"wp-block-column\">\n\n<a href=\"https:\/\/www.camping-cevennes.info\/de\/ferien-im-gard\/bambouseraie-en-cevennes\/\" target=\"\" rel=\"noopener\" class=\"ls-cta__link\">\n\n\t<div class=\"ls-cta__image\"><img decoding=\"async\" src=\"https:\/\/www.camping-cevennes.info\/wp-content\/uploads\/2022\/10\/bamboo-1024x480.jpg\" alt=\"bamboo\"><\/div>\n\t<div class=\"ls-cta__title\">\n\t\tBambouseraie\t<\/div>\n\n\t\t\n<\/a><\/div><div class=\"wp-block-column\">\n\n<a href=\"https:\/\/www.camping-cevennes.info\/de\/ferien-im-gard\/camping-in-den-gorges-de-lardeche\/\" target=\"\" rel=\"noopener\" class=\"ls-cta__link\">\n\n\t<div class=\"ls-cta__image\"><img decoding=\"async\" src=\"https:\/\/www.camping-cevennes.info\/wp-content\/uploads\/2022\/10\/gorges-ardeche.jpg\" alt=\"gorge ardeche kayak\"><\/div>\n\t<div class=\"ls-cta__title\">\n\t\tSchluchten des Ard\u00e8che\t<\/div>\n\n\t\t\n<\/a><\/div><div class=\"wp-block-column\">\n\n<a href=\"https:\/\/www.camping-cevennes.info\/de\/ferien-im-gard\/camping-in-den-schluchten-des-tarn\/\" target=\"\" rel=\"noopener\" class=\"ls-cta__link\">\n\n\t<div class=\"ls-cta__image\"><img decoding=\"async\" src=\"https:\/\/www.camping-cevennes.info\/wp-content\/uploads\/2022\/11\/gorge-du-tarn-1024x480.jpg\" alt=\"gorge du tarn\"><\/div>\n\t<div class=\"ls-cta__title\">\n\t\tGorges du Tarn\t<\/div>\n\n\t\t\n<\/a><\/div><div class=\"wp-block-column\">\n\n<a href=\"https:\/\/www.camping-cevennes.info\/de\/ferien-im-gard\/nationalpark-cevennen\/\" target=\"\" rel=\"noopener\" class=\"ls-cta__link\">\n\n\t<div class=\"ls-cta__image\"><img decoding=\"async\" src=\"https:\/\/www.camping-cevennes.info\/wp-content\/uploads\/2022\/10\/village-cevennes.jpg\" alt=\"village cevennes\"><\/div>\n\t<div class=\"ls-cta__title\">\n\t\tNationalpark der Cevennen\t<\/div>\n\n\t\t\n<\/a><\/div><\/div><div class=\"wp-block-columns\"><div class=\"wp-block-column\">\n\n<a href=\"https:\/\/www.camping-cevennes.info\/de\/ferien-im-gard\/urlaub-cevennes\/\" target=\"\" rel=\"noopener\" class=\"ls-cta__link\">\n\n\t<div class=\"ls-cta__image\"><img decoding=\"async\" src=\"https:\/\/www.camping-cevennes.info\/wp-content\/uploads\/2022\/10\/cevennes-montagne.jpg\" alt=\"cevennes montagne\"><\/div>\n\t<div class=\"ls-cta__title\">\n\t\tLes C\u00e9vennes\t<\/div>\n\n\t\t\n<\/a><\/div><div class=\"wp-block-column\">\n\n<a href=\"https:\/\/www.camping-cevennes.info\/de\/ferien-im-gard\/camping-beim-mont-aigoual\/\" target=\"\" rel=\"noopener\" class=\"ls-cta__link\">\n\n\t<div class=\"ls-cta__image\"><img decoding=\"async\" src=\"https:\/\/www.camping-cevennes.info\/wp-content\/uploads\/2022\/10\/mont-aigoual-gard.jpg\" alt=\"mont aigoual gard\"><\/div>\n\t<div class=\"ls-cta__title\">\n\t\tMont aigoual\t<\/div>\n\n\t\t\n<\/a><\/div><div class=\"wp-block-column\">\n\n<a href=\"https:\/\/www.camping-cevennes.info\/de\/ferien-im-gard\/camping-bei-der-pont-du-gard\/\" target=\"\" rel=\"noopener\" class=\"ls-cta__link\">\n\n\t<div class=\"ls-cta__image\"><img decoding=\"async\" src=\"https:\/\/www.camping-cevennes.info\/wp-content\/uploads\/2022\/10\/pont-du-gard-1.jpg\" alt=\"pont du gard\"><\/div>\n\t<div class=\"ls-cta__title\">\n\t\tPont du Gard\t<\/div>\n\n\t\t\n<\/a><\/div><\/div>\n\n    <\/div>\n<\/section>","protected":false},"excerpt":{"rendered":"","protected":false},"author":1,"featured_media":3028,"parent":0,"menu_order":0,"comment_status":"closed","ping_status":"closed","template":"","meta":{"_acf_changed":false,"footnotes":""},"sujet":[],"class_list":["post-4788","page","type-page","status-publish","has-post-thumbnail","hentry"],"acf":[],"yoast_head":"<!-- This site is optimized with the Yoast SEO plugin v25.3 - https:\/\/yoast.com\/wordpress\/plugins\/seo\/ -->\n<title>Ferien im Gard | Was kann man am Gard in Okzitanien sehen und tun?<\/title>\n<meta name=\"description\" content=\"Besuchen Sie den Gard bei Ihrem n\u00e4chsten Aufenthalt auf dem Campingplatz Cevennen Infos.\" \/>\n<meta name=\"robots\" content=\"index, follow, max-snippet:-1, max-image-preview:large, max-video-preview:-1\" \/>\n<link rel=\"canonical\" href=\"https:\/\/www.camping-cevennes.info\/de\/ferien-im-gard\/\" \/>\n<meta property=\"og:locale\" content=\"de_DE\" \/>\n<meta property=\"og:type\" content=\"article\" \/>\n<meta property=\"og:title\" content=\"Ferien im Gard | Was kann man am Gard in Okzitanien sehen und tun?\" \/>\n<meta property=\"og:description\" content=\"Besuchen Sie den Gard bei Ihrem n\u00e4chsten Aufenthalt auf dem Campingplatz Cevennen Infos.\" \/>\n<meta property=\"og:url\" content=\"https:\/\/www.camping-cevennes.info\/de\/ferien-im-gard\/\" \/>\n<meta property=\"og:site_name\" content=\"Camping Mas de la Cam\" \/>\n<meta property=\"article:modified_time\" content=\"2022-11-09T08:57:37+00:00\" \/>\n<meta property=\"og:image\" content=\"https:\/\/www.camping-cevennes.info\/wp-content\/uploads\/2022\/10\/pont-du-gard.jpg\" \/>\n\t<meta property=\"og:image:width\" content=\"1920\" \/>\n\t<meta property=\"og:image:height\" content=\"900\" \/>\n\t<meta property=\"og:image:type\" content=\"image\/jpeg\" \/>\n<meta name=\"twitter:card\" content=\"summary_large_image\" \/>\n<meta name=\"twitter:label1\" content=\"Gesch\u00e4tzte Lesezeit\" \/>\n\t<meta name=\"twitter:data1\" content=\"3\u00a0Minuten\" \/>\n<script type=\"application\/ld+json\" class=\"yoast-schema-graph\">{\"@context\":\"https:\/\/schema.org\",\"@graph\":[{\"@type\":\"WebPage\",\"@id\":\"https:\/\/www.camping-cevennes.info\/de\/ferien-im-gard\/\",\"url\":\"https:\/\/www.camping-cevennes.info\/de\/ferien-im-gard\/\",\"name\":\"Ferien im Gard | Was kann man am Gard in Okzitanien sehen und tun?\",\"isPartOf\":{\"@id\":\"https:\/\/www.camping-cevennes.info\/de\/#website\"},\"primaryImageOfPage\":{\"@id\":\"https:\/\/www.camping-cevennes.info\/de\/ferien-im-gard\/#primaryimage\"},\"image\":{\"@id\":\"https:\/\/www.camping-cevennes.info\/de\/ferien-im-gard\/#primaryimage\"},\"thumbnailUrl\":\"https:\/\/www.camping-cevennes.info\/wp-content\/uploads\/2022\/10\/pont-du-gard.jpg\",\"datePublished\":\"2022-10-19T12:54:51+00:00\",\"dateModified\":\"2022-11-09T08:57:37+00:00\",\"description\":\"Besuchen Sie den Gard bei Ihrem n\u00e4chsten Aufenthalt auf dem Campingplatz Cevennen Infos.\",\"breadcrumb\":{\"@id\":\"https:\/\/www.camping-cevennes.info\/de\/ferien-im-gard\/#breadcrumb\"},\"inLanguage\":\"de\",\"potentialAction\":[{\"@type\":\"ReadAction\",\"target\":[\"https:\/\/www.camping-cevennes.info\/de\/ferien-im-gard\/\"]}]},{\"@type\":\"ImageObject\",\"inLanguage\":\"de\",\"@id\":\"https:\/\/www.camping-cevennes.info\/de\/ferien-im-gard\/#primaryimage\",\"url\":\"https:\/\/www.camping-cevennes.info\/wp-content\/uploads\/2022\/10\/pont-du-gard.jpg\",\"contentUrl\":\"https:\/\/www.camping-cevennes.info\/wp-content\/uploads\/2022\/10\/pont-du-gard.jpg\",\"width\":1920,\"height\":900,\"caption\":\"pont du gard\"},{\"@type\":\"BreadcrumbList\",\"@id\":\"https:\/\/www.camping-cevennes.info\/de\/ferien-im-gard\/#breadcrumb\",\"itemListElement\":[{\"@type\":\"ListItem\",\"position\":1,\"name\":\"Campingplatz C\u00e9vennes\",\"item\":\"https:\/\/www.camping-cevennes.info\/de\/\"},{\"@type\":\"ListItem\",\"position\":2,\"name\":\"Der Gard\"}]},{\"@type\":\"WebSite\",\"@id\":\"https:\/\/www.camping-cevennes.info\/de\/#website\",\"url\":\"https:\/\/www.camping-cevennes.info\/de\/\",\"name\":\"Camping Mas de la Cam\",\"description\":\"\",\"publisher\":{\"@id\":\"https:\/\/www.camping-cevennes.info\/de\/#organization\"},\"potentialAction\":[{\"@type\":\"SearchAction\",\"target\":{\"@type\":\"EntryPoint\",\"urlTemplate\":\"https:\/\/www.camping-cevennes.info\/de\/?s={search_term_string}\"},\"query-input\":{\"@type\":\"PropertyValueSpecification\",\"valueRequired\":true,\"valueName\":\"search_term_string\"}}],\"inLanguage\":\"de\"},{\"@type\":\"Organization\",\"@id\":\"https:\/\/www.camping-cevennes.info\/de\/#organization\",\"name\":\"Camping Mas de la Cam\",\"url\":\"https:\/\/www.camping-cevennes.info\/de\/\",\"logo\":{\"@type\":\"ImageObject\",\"inLanguage\":\"de\",\"@id\":\"https:\/\/www.camping-cevennes.info\/de\/#\/schema\/logo\/image\/\",\"url\":\"https:\/\/www.camping-cevennes.info\/wp-content\/uploads\/2022\/09\/logo-camping-mas-de-la-cam-noir-1.png\",\"contentUrl\":\"https:\/\/www.camping-cevennes.info\/wp-content\/uploads\/2022\/09\/logo-camping-mas-de-la-cam-noir-1.png\",\"width\":625,\"height\":190,\"caption\":\"Camping Mas de la Cam\"},\"image\":{\"@id\":\"https:\/\/www.camping-cevennes.info\/de\/#\/schema\/logo\/image\/\"}}]}<\/script>\n<!-- \/ Yoast SEO plugin. -->","yoast_head_json":{"title":"Ferien im Gard | Was kann man am Gard in Okzitanien sehen und tun?","description":"Besuchen Sie den Gard bei Ihrem n\u00e4chsten Aufenthalt auf dem Campingplatz Cevennen Infos.","robots":{"index":"index","follow":"follow","max-snippet":"max-snippet:-1","max-image-preview":"max-image-preview:large","max-video-preview":"max-video-preview:-1"},"canonical":"https:\/\/www.camping-cevennes.info\/de\/ferien-im-gard\/","og_locale":"de_DE","og_type":"article","og_title":"Ferien im Gard | Was kann man am Gard in Okzitanien sehen und tun?","og_description":"Besuchen Sie den Gard bei Ihrem n\u00e4chsten Aufenthalt auf dem Campingplatz Cevennen Infos.","og_url":"https:\/\/www.camping-cevennes.info\/de\/ferien-im-gard\/","og_site_name":"Camping Mas de la Cam","article_modified_time":"2022-11-09T08:57:37+00:00","og_image":[{"width":1920,"height":900,"url":"https:\/\/www.camping-cevennes.info\/wp-content\/uploads\/2022\/10\/pont-du-gard.jpg","type":"image\/jpeg"}],"twitter_card":"summary_large_image","twitter_misc":{"Gesch\u00e4tzte Lesezeit":"3\u00a0Minuten"},"schema":{"@context":"https:\/\/schema.org","@graph":[{"@type":"WebPage","@id":"https:\/\/www.camping-cevennes.info\/de\/ferien-im-gard\/","url":"https:\/\/www.camping-cevennes.info\/de\/ferien-im-gard\/","name":"Ferien im Gard | Was kann man am Gard in Okzitanien sehen und tun?","isPartOf":{"@id":"https:\/\/www.camping-cevennes.info\/de\/#website"},"primaryImageOfPage":{"@id":"https:\/\/www.camping-cevennes.info\/de\/ferien-im-gard\/#primaryimage"},"image":{"@id":"https:\/\/www.camping-cevennes.info\/de\/ferien-im-gard\/#primaryimage"},"thumbnailUrl":"https:\/\/www.camping-cevennes.info\/wp-content\/uploads\/2022\/10\/pont-du-gard.jpg","datePublished":"2022-10-19T12:54:51+00:00","dateModified":"2022-11-09T08:57:37+00:00","description":"Besuchen Sie den Gard bei Ihrem n\u00e4chsten Aufenthalt auf dem Campingplatz Cevennen Infos.","breadcrumb":{"@id":"https:\/\/www.camping-cevennes.info\/de\/ferien-im-gard\/#breadcrumb"},"inLanguage":"de","potentialAction":[{"@type":"ReadAction","target":["https:\/\/www.camping-cevennes.info\/de\/ferien-im-gard\/"]}]},{"@type":"ImageObject","inLanguage":"de","@id":"https:\/\/www.camping-cevennes.info\/de\/ferien-im-gard\/#primaryimage","url":"https:\/\/www.camping-cevennes.info\/wp-content\/uploads\/2022\/10\/pont-du-gard.jpg","contentUrl":"https:\/\/www.camping-cevennes.info\/wp-content\/uploads\/2022\/10\/pont-du-gard.jpg","width":1920,"height":900,"caption":"pont du gard"},{"@type":"BreadcrumbList","@id":"https:\/\/www.camping-cevennes.info\/de\/ferien-im-gard\/#breadcrumb","itemListElement":[{"@type":"ListItem","position":1,"name":"Campingplatz C\u00e9vennes","item":"https:\/\/www.camping-cevennes.info\/de\/"},{"@type":"ListItem","position":2,"name":"Der Gard"}]},{"@type":"WebSite","@id":"https:\/\/www.camping-cevennes.info\/de\/#website","url":"https:\/\/www.camping-cevennes.info\/de\/","name":"Camping Mas de la Cam","description":"","publisher":{"@id":"https:\/\/www.camping-cevennes.info\/de\/#organization"},"potentialAction":[{"@type":"SearchAction","target":{"@type":"EntryPoint","urlTemplate":"https:\/\/www.camping-cevennes.info\/de\/?s={search_term_string}"},"query-input":{"@type":"PropertyValueSpecification","valueRequired":true,"valueName":"search_term_string"}}],"inLanguage":"de"},{"@type":"Organization","@id":"https:\/\/www.camping-cevennes.info\/de\/#organization","name":"Camping Mas de la Cam","url":"https:\/\/www.camping-cevennes.info\/de\/","logo":{"@type":"ImageObject","inLanguage":"de","@id":"https:\/\/www.camping-cevennes.info\/de\/#\/schema\/logo\/image\/","url":"https:\/\/www.camping-cevennes.info\/wp-content\/uploads\/2022\/09\/logo-camping-mas-de-la-cam-noir-1.png","contentUrl":"https:\/\/www.camping-cevennes.info\/wp-content\/uploads\/2022\/09\/logo-camping-mas-de-la-cam-noir-1.png","width":625,"height":190,"caption":"Camping Mas de la Cam"},"image":{"@id":"https:\/\/www.camping-cevennes.info\/de\/#\/schema\/logo\/image\/"}}]}},"_links":{"self":[{"href":"https:\/\/www.camping-cevennes.info\/de\/wp-json\/wp\/v2\/pages\/4788","targetHints":{"allow":["GET"]}}],"collection":[{"href":"https:\/\/www.camping-cevennes.info\/de\/wp-json\/wp\/v2\/pages"}],"about":[{"href":"https:\/\/www.camping-cevennes.info\/de\/wp-json\/wp\/v2\/types\/page"}],"author":[{"embeddable":true,"href":"https:\/\/www.camping-cevennes.info\/de\/wp-json\/wp\/v2\/users\/1"}],"replies":[{"embeddable":true,"href":"https:\/\/www.camping-cevennes.info\/de\/wp-json\/wp\/v2\/comments?post=4788"}],"version-history":[{"count":2,"href":"https:\/\/www.camping-cevennes.info\/de\/wp-json\/wp\/v2\/pages\/4788\/revisions"}],"predecessor-version":[{"id":5297,"href":"https:\/\/www.camping-cevennes.info\/de\/wp-json\/wp\/v2\/pages\/4788\/revisions\/5297"}],"wp:featuredmedia":[{"embeddable":true,"href":"https:\/\/www.camping-cevennes.info\/de\/wp-json\/wp\/v2\/media\/3028"}],"wp:attachment":[{"href":"https:\/\/www.camping-cevennes.info\/de\/wp-json\/wp\/v2\/media?parent=4788"}],"wp:term":[{"taxonomy":"sujet","embeddable":true,"href":"https:\/\/www.camping-cevennes.info\/de\/wp-json\/wp\/v2\/sujet?post=4788"}],"curies":[{"name":"wp","href":"https:\/\/api.w.org\/{rel}","templated":true}]}}